{"id":52,"date":"2018-11-15T12:23:20","date_gmt":"2018-11-15T12:23:20","guid":{"rendered":"http:\/\/sites.exeter.ac.uk\/bioresilience\/?page_id=52"},"modified":"2023-09-14T14:43:52","modified_gmt":"2023-09-14T14:43:52","slug":"people","status":"publish","type":"page","link":"https:\/\/sites.exeter.ac.uk\/bioresilience\/people\/","title":{"rendered":"People"},"content":{"rendered":"\n<h2 class=\"wp-block-heading\">UK-based investigators<\/h2>\n\n\n\n<div class=\"wp-block-columns is-layout-flex wp-container-core-columns-is-layout-1 wp-block-columns-is-layout-flex\">\n<div class=\"wp-block-column is-layout-flow wp-block-column-is-layout-flow\"><div class=\"wp-block-image\">\n<figure class=\"aligncenter size-full\"><img loading=\"lazy\" decoding=\"async\" width=\"172\" height=\"230\" src=\"https:\/\/sites.exeter.ac.uk\/bioresilience\/wp-content\/uploads\/sites\/271\/2018\/11\/Ted_Feldpausch-e1576837994894.jpg\" alt=\"\" class=\"wp-image-902\"\/><figcaption class=\"wp-element-caption\"><a href=\"http:\/\/geography.exeter.ac.uk\/staff\/index.php?web_id=Ted_Feldpausch&amp;tab=profile\">Ted R. Feldpausch<\/a><br>Principal Investigator<\/figcaption><\/figure><\/div><\/div>\n\n\n\n<div class=\"wp-block-column is-layout-flow wp-block-column-is-layout-flow\"><div class=\"wp-block-image\">\n<figure class=\"aligncenter size-full\"><img loading=\"lazy\" decoding=\"async\" width=\"173\" height=\"230\" src=\"https:\/\/sites.exeter.ac.uk\/bioresilience\/wp-content\/uploads\/sites\/271\/2018\/11\/Dunia_Urrego-e1576838286244.jpg\" alt=\"\" class=\"wp-image-903\"\/><figcaption class=\"wp-element-caption\"><a href=\"http:\/\/geography.exeter.ac.uk\/staff\/index.php?web_id=Dunia_Urrego\">Dunia H. Urrego<\/a><br>Principal Investigator<\/figcaption><\/figure><\/div><\/div>\n\n\n\n<div class=\"wp-block-column is-layout-flow wp-block-column-is-layout-flow\"><div class=\"wp-block-image\">\n<figure class=\"aligncenter size-medium is-resized\"><img loading=\"lazy\" decoding=\"async\" src=\"https:\/\/sites.exeter.ac.uk\/bioresilience\/wp-content\/uploads\/sites\/271\/2018\/11\/Naomi_Millner-e1576838925563-225x300.jpeg\" alt=\"\" class=\"wp-image-905\" width=\"169\" height=\"225\" srcset=\"https:\/\/sites.exeter.ac.uk\/bioresilience\/wp-content\/uploads\/sites\/271\/2018\/11\/Naomi_Millner-e1576838925563-225x300.jpeg 225w, https:\/\/sites.exeter.ac.uk\/bioresilience\/wp-content\/uploads\/sites\/271\/2018\/11\/Naomi_Millner-e1576838925563-767x1024.jpeg 767w, https:\/\/sites.exeter.ac.uk\/bioresilience\/wp-content\/uploads\/sites\/271\/2018\/11\/Naomi_Millner-e1576838925563-768x1025.jpeg 768w, https:\/\/sites.exeter.ac.uk\/bioresilience\/wp-content\/uploads\/sites\/271\/2018\/11\/Naomi_Millner-e1576838925563-1151x1536.jpeg 1151w, https:\/\/sites.exeter.ac.uk\/bioresilience\/wp-content\/uploads\/sites\/271\/2018\/11\/Naomi_Millner-e1576838925563-1534x2048.jpeg 1534w, https:\/\/sites.exeter.ac.uk\/bioresilience\/wp-content\/uploads\/sites\/271\/2018\/11\/Naomi_Millner-e1576838925563-scaled.jpeg 1918w\" sizes=\"(max-width: 169px) 100vw, 169px\" \/><figcaption class=\"wp-element-caption\"><a href=\"http:\/\/www.bris.ac.uk\/geography\/people\/naomi-r-millner\/\">Naomi Millner<\/a><br>co-Investigator<\/figcaption><\/figure><\/div><\/div>\n<\/div>\n\n\n\n<div class=\"wp-block-columns is-layout-flex wp-container-core-columns-is-layout-2 wp-block-columns-is-layout-flex\">\n<div class=\"wp-block-column is-layout-flow wp-block-column-is-layout-flow\"><div class=\"wp-block-image\">\n<figure class=\"aligncenter size-full\"><img loading=\"lazy\" decoding=\"async\" width=\"172\" height=\"230\" src=\"https:\/\/sites.exeter.ac.uk\/bioresilience\/wp-content\/uploads\/sites\/271\/2018\/11\/Toby_Pennington-e1576838994186.jpg\" alt=\"\" class=\"wp-image-904\"\/><figcaption class=\"wp-element-caption\"><a href=\"https:\/\/geography.exeter.ac.uk\/staff\/index.php?web_id=Toby_Pennington\">Toby Pennington<\/a><br>co-Investigator<\/figcaption><\/figure><\/div><\/div>\n\n\n\n<div class=\"wp-block-column is-layout-flow wp-block-column-is-layout-flow\"><div class=\"wp-block-image\">\n<figure class=\"aligncenter size-medium is-resized\"><img loading=\"lazy\" decoding=\"async\" src=\"https:\/\/sites.exeter.ac.uk\/bioresilience\/wp-content\/uploads\/sites\/271\/2018\/11\/cropped-cropped-Screen-Shot-2018-11-08-at-23.31.10-300x300.png\" alt=\"\" class=\"wp-image-532\" width=\"225\" height=\"225\" srcset=\"https:\/\/sites.exeter.ac.uk\/bioresilience\/wp-content\/uploads\/sites\/271\/2018\/11\/cropped-cropped-Screen-Shot-2018-11-08-at-23.31.10-300x300.png 300w, https:\/\/sites.exeter.ac.uk\/bioresilience\/wp-content\/uploads\/sites\/271\/2018\/11\/cropped-cropped-Screen-Shot-2018-11-08-at-23.31.10-150x150.png 150w, https:\/\/sites.exeter.ac.uk\/bioresilience\/wp-content\/uploads\/sites\/271\/2018\/11\/cropped-cropped-Screen-Shot-2018-11-08-at-23.31.10.png 512w\" sizes=\"(max-width: 225px) 100vw, 225px\" \/><figcaption class=\"wp-element-caption\"><a href=\"https:\/\/geography.exeter.ac.uk\/staff\/index.php?web_id=Lina_Mercado\">Lina Mercado<\/a><br>co-Investigator<\/figcaption><\/figure><\/div><\/div>\n\n\n\n<div class=\"wp-block-column is-layout-flow wp-block-column-is-layout-flow\"><\/div>\n<\/div>\n\n\n\n<h2 class=\"wp-block-heading\">Postdoctoral Researchers<\/h2>\n\n\n\n<div class=\"wp-block-columns is-layout-flex wp-container-core-columns-is-layout-3 wp-block-columns-is-layout-flex\">\n<div class=\"wp-block-column is-layout-flow wp-block-column-is-layout-flow\"><div class=\"wp-block-image\">\n<figure class=\"aligncenter size-full\"><img loading=\"lazy\" decoding=\"async\" width=\"768\" height=\"1024\" src=\"https:\/\/sites.exeter.ac.uk\/bioresilience\/wp-content\/uploads\/sites\/271\/2018\/11\/Julieth_Serrano-e1576758344394-768x1024-1.jpg\" alt=\"\" class=\"wp-image-917\" srcset=\"https:\/\/sites.exeter.ac.uk\/bioresilience\/wp-content\/uploads\/sites\/271\/2018\/11\/Julieth_Serrano-e1576758344394-768x1024-1.jpg 768w, https:\/\/sites.exeter.ac.uk\/bioresilience\/wp-content\/uploads\/sites\/271\/2018\/11\/Julieth_Serrano-e1576758344394-768x1024-1-225x300.jpg 225w\" sizes=\"(max-width: 768px) 100vw, 768px\" \/><figcaption class=\"wp-element-caption\">Julieth Serrano<\/figcaption><\/figure><\/div><\/div>\n\n\n\n<div class=\"wp-block-column is-layout-flow wp-block-column-is-layout-flow\"><div class=\"wp-block-image\">\n<figure class=\"aligncenter size-large\"><img loading=\"lazy\" decoding=\"async\" width=\"768\" height=\"1024\" src=\"https:\/\/sites.exeter.ac.uk\/bioresilience\/wp-content\/uploads\/sites\/271\/2018\/11\/Screenshot-2020-01-07-at-10.44.59-e1578394050986-768x1024.png\" alt=\"\" class=\"wp-image-933\" srcset=\"https:\/\/sites.exeter.ac.uk\/bioresilience\/wp-content\/uploads\/sites\/271\/2018\/11\/Screenshot-2020-01-07-at-10.44.59-e1578394050986-768x1024.png 768w, https:\/\/sites.exeter.ac.uk\/bioresilience\/wp-content\/uploads\/sites\/271\/2018\/11\/Screenshot-2020-01-07-at-10.44.59-e1578394050986-225x300.png 225w, https:\/\/sites.exeter.ac.uk\/bioresilience\/wp-content\/uploads\/sites\/271\/2018\/11\/Screenshot-2020-01-07-at-10.44.59-e1578394050986.png 1085w\" sizes=\"(max-width: 768px) 100vw, 768px\" \/><figcaption class=\"wp-element-caption\">Felipe Franco-Gaviria<\/figcaption><\/figure><\/div><\/div>\n\n\n\n<div class=\"wp-block-column is-layout-flow wp-block-column-is-layout-flow\"><div class=\"wp-block-image\">\n<figure class=\"aligncenter size-full\"><img loading=\"lazy\" decoding=\"async\" width=\"446\" height=\"201\" src=\"https:\/\/sites.exeter.ac.uk\/bioresilience\/wp-content\/uploads\/sites\/271\/2018\/11\/cropped-Screen-Shot-2018-11-08-at-23.31.10.png\" alt=\"\" class=\"wp-image-17\" srcset=\"https:\/\/sites.exeter.ac.uk\/bioresilience\/wp-content\/uploads\/sites\/271\/2018\/11\/cropped-Screen-Shot-2018-11-08-at-23.31.10.png 446w, https:\/\/sites.exeter.ac.uk\/bioresilience\/wp-content\/uploads\/sites\/271\/2018\/11\/cropped-Screen-Shot-2018-11-08-at-23.31.10-300x135.png 300w\" sizes=\"(max-width: 446px) 100vw, 446px\" \/><figcaption class=\"wp-element-caption\">M\u00f3nica Amador<\/figcaption><\/figure><\/div><\/div>\n<\/div>\n\n\n\n<h2 class=\"wp-block-heading\">Colombia-based Investigators<\/h2>\n\n\n\n<p><a href=\"https:\/\/www.urosario.edu.co\/Profesores\/Listado-de-profesores\/R\/Richardson-James-Edward\/\">James Edward Richardson<\/a><\/p>\n\n\n\n<p><a href=\"http:\/\/www.docentes.unal.edu.co\/darmenterasp\/\">Dolors Armenteras Pascual<\/a><\/p>\n\n\n\n<p><a href=\"http:\/\/scienti.colciencias.gov.co:8081\/cvlac\/visualizador\/generarCurriculoCv.do?cod_rh=0001483782\">Olga.L.Hernandez Manrique<\/a><\/p>\n\n\n\n<p>Carmen Rosa Montes Pulido<\/p>\n\n\n\n<p><a href=\"https:\/\/ciencias.medellin.unal.edu.co\/index.php\/component\/teachers?option=com_teachers&amp;escuela=Escuela%20de%20Biociencias&amp;letra=V&amp;correo=cavelasq@unal.edu.co\">Cesar Velasquez<\/a><\/p>\n\n\n\n<p>Beatriz Eugenia Salgado Negret<\/p>\n\n\n\n<p>Natalia Norden<\/p>\n\n\n\n<p>Nicola Clerici<\/p>\n\n\n\n<p>Juan Manuel Roberto Posada Hostettler<\/p>\n\n\n\n<p>Ana Bel\u00e9n Hurtado-M&nbsp;<\/p>\n\n\n\n<p>Ana Aldana<\/p>\n\n\n\n<p>Pablo Stevenson<\/p>\n\n\n\n<p><a href=\"https:\/\/www.researchgate.net\/profile\/Andres_Avella_M\">Andr\u00e9s Avella<\/a><\/p>\n\n\n\n<p>Rene Lopez<\/p>\n\n\n\n<p>Esteban Alvarez-D\u00e1vila<\/p>\n\n\n\n<h2 class=\"wp-block-heading\">Other Collaborators<\/h2>\n\n\n\n<p><a href=\"https:\/\/research.jcu.edu.au\/portfolio\/michael.bird\">Michael Bird<\/a>, James Cook University<\/p>\n\n\n\n<p><a href=\"http:\/\/chrono.qub.ac.uk\/blaauw\/\">Maarten Blaauw<\/a>, Queen&#8217;s University Belfast<\/p>\n\n\n\n<p><a href=\"http:\/\/www.seilafernandezarconada.net\/\">Seila&nbsp;Fern\u00e1ndez Arconada<\/a>, Artist Researcher<\/p>\n\n\n\n<h2 class=\"wp-block-heading\">Students<\/h2>\n\n\n\n<p>Ismael Garc\u00eda-Espinoza, MSc student, Universidad Nacional de Colombia<\/p>\n\n\n\n<p>Maria Fernanda Batista Morales, PhD student, Universidad del Rosario, Colombia<\/p>\n\n\n\n<p>Maria Alejandra Molina Berbeo, MSc in Geom\u00e1tica, Universidad Nacional de Colombia<\/p>\n\n\n\n<p>Melissa Jimenez Rodriguez, BSc student,&nbsp;Universidad Nacional de Colombia<\/p>\n\n\n\n<h2 class=\"wp-block-heading\">Collaborating Institutions<\/h2>\n\n\n\n<p><a href=\"https:\/\/www.exeter.ac.uk\/\">University of Exeter, UK<\/a><\/p>\n\n\n\n<p><a href=\"https:\/\/www.bristol.ac.uk\/\">University of Bristol, UK<\/a><\/p>\n\n\n\n<p>Universidad Nacional de Colombia, Colombia<\/p>\n\n\n\n<p>Instituto de Investigaci\u00f3n de Recursos Biol\u00f3gicos Alexander von Humboldt (IAvH), Colombia<\/p>\n\n\n\n<p>Universidad Nacional Abierta y a Distancia UNAD de Colombia<\/p>\n\n\n\n<p>Royal Botanic Garden Edinburgh<\/p>\n\n\n\n<p>Universidad Distrital Francisco Jos\u00e9 de Caldas<\/p>\n\n\n\n<p><a href=\"https:\/\/www.urosario.edu.co\/\">Universidad del Rosario<\/a><\/p>\n\n\n\n<p>Universidad de los Andes<\/p>\n\n\n\n<h2 class=\"wp-block-heading\">Related ColombiaBio Projects<\/h2>\n\n\n\n<p><a href=\"https:\/\/porelparamo.org\/\">Por El Paramo<\/a><\/p>\n\n\n\n<p><a href=\"https:\/\/paraguas.ceh.ac.uk\/\">Paraguas<\/a><\/p>\n","protected":false},"excerpt":{"rendered":"<p>UK-based investigators Postdoctoral Researchers Colombia-based Investigators James Edward Richardson Dolors Armenteras Pascual Olga.L.Hernandez Manrique Carmen Rosa Montes Pulido Cesar Velasquez Beatriz Eugenia Salgado Negret Natalia Norden Nicola Clerici Juan Manuel Roberto Posada Hostettler Ana Bel\u00e9n Hurtado-M&nbsp; Ana Aldana Pablo Stevenson Andr\u00e9s Avella Rene Lopez Esteban Alvarez-D\u00e1vila Other Collaborators Michael Bird, James Cook University Maarten Blaauw, [&hellip;]<\/p>\n","protected":false},"author":1,"featured_media":0,"parent":0,"menu_order":0,"comment_status":"closed","ping_status":"closed","template":"page-sidebar-boxed-feature-img.php","meta":{"_acf_changed":false,"footnotes":""},"categories":[],"tags":[],"acf":[],"yoast_head":"<!-- This site is optimized with the Yoast SEO plugin v23.0 - https:\/\/yoast.com\/wordpress\/plugins\/seo\/ -->\n<title>People - BioResilience - Colombia<\/title>\n<meta name=\"robots\" content=\"index, follow, max-snippet:-1, max-image-preview:large, max-video-preview:-1\" \/>\n<link rel=\"canonical\" href=\"https:\/\/sites.exeter.ac.uk\/bioresilience\/people\/\" \/>\n<meta property=\"og:locale\" content=\"en_US\" \/>\n<meta property=\"og:type\" content=\"article\" \/>\n<meta property=\"og:title\" content=\"People - BioResilience - Colombia\" \/>\n<meta property=\"og:description\" content=\"UK-based investigators Postdoctoral Researchers Colombia-based Investigators James Edward Richardson Dolors Armenteras Pascual Olga.L.Hernandez Manrique Carmen Rosa Montes Pulido Cesar Velasquez Beatriz Eugenia Salgado Negret Natalia Norden Nicola Clerici Juan Manuel Roberto Posada Hostettler Ana Bel\u00e9n Hurtado-M&nbsp; Ana Aldana Pablo Stevenson Andr\u00e9s Avella Rene Lopez Esteban Alvarez-D\u00e1vila Other Collaborators Michael Bird, James Cook University Maarten Blaauw, [&hellip;]\" \/>\n<meta property=\"og:url\" content=\"https:\/\/sites.exeter.ac.uk\/bioresilience\/people\/\" \/>\n<meta property=\"og:site_name\" content=\"BioResilience - Colombia\" \/>\n<meta property=\"article:modified_time\" content=\"2023-09-14T14:43:52+00:00\" \/>\n<meta property=\"og:image\" content=\"https:\/\/sites.exeter.ac.uk\/bioresilience\/wp-content\/uploads\/sites\/271\/2018\/11\/Ted_Feldpausch-e1576837994894.jpg\" \/>\n<meta name=\"twitter:card\" content=\"summary_large_image\" \/>\n<meta name=\"twitter:label1\" content=\"Est. reading time\" \/>\n\t<meta name=\"twitter:data1\" content=\"1 minute\" \/>\n<script type=\"application\/ld+json\" class=\"yoast-schema-graph\">{\"@context\":\"https:\/\/schema.org\",\"@graph\":[{\"@type\":\"WebPage\",\"@id\":\"https:\/\/sites.exeter.ac.uk\/bioresilience\/people\/\",\"url\":\"https:\/\/sites.exeter.ac.uk\/bioresilience\/people\/\",\"name\":\"People - BioResilience - Colombia\",\"isPartOf\":{\"@id\":\"https:\/\/sites.exeter.ac.uk\/bioresilience\/#website\"},\"primaryImageOfPage\":{\"@id\":\"https:\/\/sites.exeter.ac.uk\/bioresilience\/people\/#primaryimage\"},\"image\":{\"@id\":\"https:\/\/sites.exeter.ac.uk\/bioresilience\/people\/#primaryimage\"},\"thumbnailUrl\":\"https:\/\/sites.exeter.ac.uk\/bioresilience\/wp-content\/uploads\/sites\/271\/2018\/11\/Ted_Feldpausch-e1576837994894.jpg\",\"datePublished\":\"2018-11-15T12:23:20+00:00\",\"dateModified\":\"2023-09-14T14:43:52+00:00\",\"breadcrumb\":{\"@id\":\"https:\/\/sites.exeter.ac.uk\/bioresilience\/people\/#breadcrumb\"},\"inLanguage\":\"en-US\",\"potentialAction\":[{\"@type\":\"ReadAction\",\"target\":[\"https:\/\/sites.exeter.ac.uk\/bioresilience\/people\/\"]}]},{\"@type\":\"ImageObject\",\"inLanguage\":\"en-US\",\"@id\":\"https:\/\/sites.exeter.ac.uk\/bioresilience\/people\/#primaryimage\",\"url\":\"https:\/\/sites.exeter.ac.uk\/bioresilience\/wp-content\/uploads\/sites\/271\/2018\/11\/Ted_Feldpausch-e1576837994894.jpg\",\"contentUrl\":\"https:\/\/sites.exeter.ac.uk\/bioresilience\/wp-content\/uploads\/sites\/271\/2018\/11\/Ted_Feldpausch-e1576837994894.jpg\",\"width\":172,\"height\":230},{\"@type\":\"BreadcrumbList\",\"@id\":\"https:\/\/sites.exeter.ac.uk\/bioresilience\/people\/#breadcrumb\",\"itemListElement\":[{\"@type\":\"ListItem\",\"position\":1,\"name\":\"Home\",\"item\":\"https:\/\/sites.exeter.ac.uk\/bioresilience\/\"},{\"@type\":\"ListItem\",\"position\":2,\"name\":\"People\"}]},{\"@type\":\"WebSite\",\"@id\":\"https:\/\/sites.exeter.ac.uk\/bioresilience\/#website\",\"url\":\"https:\/\/sites.exeter.ac.uk\/bioresilience\/\",\"name\":\"BioResilience - Colombia\",\"description\":\"Biodiversity resilience and ecosystem services in post-conflict socio-ecological systems\",\"potentialAction\":[{\"@type\":\"SearchAction\",\"target\":{\"@type\":\"EntryPoint\",\"urlTemplate\":\"https:\/\/sites.exeter.ac.uk\/bioresilience\/?s={search_term_string}\"},\"query-input\":\"required name=search_term_string\"}],\"inLanguage\":\"en-US\"}]}<\/script>\n<!-- \/ Yoast SEO plugin. -->","yoast_head_json":{"title":"People - BioResilience - Colombia","robots":{"index":"index","follow":"follow","max-snippet":"max-snippet:-1","max-image-preview":"max-image-preview:large","max-video-preview":"max-video-preview:-1"},"canonical":"https:\/\/sites.exeter.ac.uk\/bioresilience\/people\/","og_locale":"en_US","og_type":"article","og_title":"People - BioResilience - Colombia","og_description":"UK-based investigators Postdoctoral Researchers Colombia-based Investigators James Edward Richardson Dolors Armenteras Pascual Olga.L.Hernandez Manrique Carmen Rosa Montes Pulido Cesar Velasquez Beatriz Eugenia Salgado Negret Natalia Norden Nicola Clerici Juan Manuel Roberto Posada Hostettler Ana Bel\u00e9n Hurtado-M&nbsp; Ana Aldana Pablo Stevenson Andr\u00e9s Avella Rene Lopez Esteban Alvarez-D\u00e1vila Other Collaborators Michael Bird, James Cook University Maarten Blaauw, [&hellip;]","og_url":"https:\/\/sites.exeter.ac.uk\/bioresilience\/people\/","og_site_name":"BioResilience - Colombia","article_modified_time":"2023-09-14T14:43:52+00:00","og_image":[{"url":"https:\/\/sites.exeter.ac.uk\/bioresilience\/wp-content\/uploads\/sites\/271\/2018\/11\/Ted_Feldpausch-e1576837994894.jpg"}],"twitter_card":"summary_large_image","twitter_misc":{"Est. reading time":"1 minute"},"schema":{"@context":"https:\/\/schema.org","@graph":[{"@type":"WebPage","@id":"https:\/\/sites.exeter.ac.uk\/bioresilience\/people\/","url":"https:\/\/sites.exeter.ac.uk\/bioresilience\/people\/","name":"People - BioResilience - Colombia","isPartOf":{"@id":"https:\/\/sites.exeter.ac.uk\/bioresilience\/#website"},"primaryImageOfPage":{"@id":"https:\/\/sites.exeter.ac.uk\/bioresilience\/people\/#primaryimage"},"image":{"@id":"https:\/\/sites.exeter.ac.uk\/bioresilience\/people\/#primaryimage"},"thumbnailUrl":"https:\/\/sites.exeter.ac.uk\/bioresilience\/wp-content\/uploads\/sites\/271\/2018\/11\/Ted_Feldpausch-e1576837994894.jpg","datePublished":"2018-11-15T12:23:20+00:00","dateModified":"2023-09-14T14:43:52+00:00","breadcrumb":{"@id":"https:\/\/sites.exeter.ac.uk\/bioresilience\/people\/#breadcrumb"},"inLanguage":"en-US","potentialAction":[{"@type":"ReadAction","target":["https:\/\/sites.exeter.ac.uk\/bioresilience\/people\/"]}]},{"@type":"ImageObject","inLanguage":"en-US","@id":"https:\/\/sites.exeter.ac.uk\/bioresilience\/people\/#primaryimage","url":"https:\/\/sites.exeter.ac.uk\/bioresilience\/wp-content\/uploads\/sites\/271\/2018\/11\/Ted_Feldpausch-e1576837994894.jpg","contentUrl":"https:\/\/sites.exeter.ac.uk\/bioresilience\/wp-content\/uploads\/sites\/271\/2018\/11\/Ted_Feldpausch-e1576837994894.jpg","width":172,"height":230},{"@type":"BreadcrumbList","@id":"https:\/\/sites.exeter.ac.uk\/bioresilience\/people\/#breadcrumb","itemListElement":[{"@type":"ListItem","position":1,"name":"Home","item":"https:\/\/sites.exeter.ac.uk\/bioresilience\/"},{"@type":"ListItem","position":2,"name":"People"}]},{"@type":"WebSite","@id":"https:\/\/sites.exeter.ac.uk\/bioresilience\/#website","url":"https:\/\/sites.exeter.ac.uk\/bioresilience\/","name":"BioResilience - Colombia","description":"Biodiversity resilience and ecosystem services in post-conflict socio-ecological systems","potentialAction":[{"@type":"SearchAction","target":{"@type":"EntryPoint","urlTemplate":"https:\/\/sites.exeter.ac.uk\/bioresilience\/?s={search_term_string}"},"query-input":"required name=search_term_string"}],"inLanguage":"en-US"}]}},"jetpack_sharing_enabled":true,"_links":{"self":[{"href":"https:\/\/sites.exeter.ac.uk\/bioresilience\/wp-json\/wp\/v2\/pages\/52"}],"collection":[{"href":"https:\/\/sites.exeter.ac.uk\/bioresilience\/wp-json\/wp\/v2\/pages"}],"about":[{"href":"https:\/\/sites.exeter.ac.uk\/bioresilience\/wp-json\/wp\/v2\/types\/page"}],"author":[{"embeddable":true,"href":"https:\/\/sites.exeter.ac.uk\/bioresilience\/wp-json\/wp\/v2\/users\/1"}],"replies":[{"embeddable":true,"href":"https:\/\/sites.exeter.ac.uk\/bioresilience\/wp-json\/wp\/v2\/comments?post=52"}],"version-history":[{"count":2,"href":"https:\/\/sites.exeter.ac.uk\/bioresilience\/wp-json\/wp\/v2\/pages\/52\/revisions"}],"predecessor-version":[{"id":1517,"href":"https:\/\/sites.exeter.ac.uk\/bioresilience\/wp-json\/wp\/v2\/pages\/52\/revisions\/1517"}],"wp:attachment":[{"href":"https:\/\/sites.exeter.ac.uk\/bioresilience\/wp-json\/wp\/v2\/media?parent=52"}],"wp:term":[{"taxonomy":"category","embeddable":true,"href":"https:\/\/sites.exeter.ac.uk\/bioresilience\/wp-json\/wp\/v2\/categories?post=52"},{"taxonomy":"post_tag","embeddable":true,"href":"https:\/\/sites.exeter.ac.uk\/bioresilience\/wp-json\/wp\/v2\/tags?post=52"}],"curies":[{"name":"wp","href":"https:\/\/api.w.org\/{rel}","templated":true}]}}