{"id":1235,"date":"2025-06-03T08:23:33","date_gmt":"2025-06-03T08:23:33","guid":{"rendered":"https:\/\/sites.exeter.ac.uk\/bmc-bamc2025\/?page_id=1235"},"modified":"2025-06-12T20:37:06","modified_gmt":"2025-06-12T20:37:06","slug":"local-restaurants","status":"publish","type":"page","link":"https:\/\/sites.exeter.ac.uk\/bmc-bamc2025\/local-restaurants\/","title":{"rendered":"Local Restaurants"},"content":{"rendered":"\n<p>There is a wide range of restaurants, pubs and bars in central Exeter. Here are some ideas to get you started.<\/p>\n\n\n\n<p><strong>1. Harry\u2019s Restaurant<\/strong><\/p>\n\n\n\n<ul>\n<li><strong>Cuisine<\/strong>: American \/ Comfort Food<\/li>\n\n\n\n<li><strong>Location<\/strong>: Longbrook Street<\/li>\n\n\n\n<li><strong>Walk Time<\/strong>: ~15 minutes<\/li>\n\n\n\n<li><strong>Why Go<\/strong>: Popular for juicy burgers, ribs, and rich desserts in a cosy&nbsp;setting.<\/li>\n<\/ul>\n\n\n\n<p><strong>2. Dinosaur Caf\u00e9<\/strong><\/p>\n\n\n\n<ul>\n<li><strong>Cuisine<\/strong>: Turkish \/ Mediterranean<\/li>\n\n\n\n<li><strong>Location<\/strong>: New North Road<\/li>\n\n\n\n<li><strong>Walk Time<\/strong>: ~10 minutes<\/li>\n\n\n\n<li><strong>Why Go<\/strong>: Hidden gem serving home-cooked Turkish meals, vegetarian-friendly.<\/li>\n<\/ul>\n\n\n\n<p><strong>3. iFood Thai Taste<\/strong><\/p>\n\n\n\n<ul>\n<li><strong>Cuisine<\/strong>: Thai<\/li>\n\n\n\n<li><strong>Location<\/strong>: Sidwell Street<\/li>\n\n\n\n<li><strong>Walk Time<\/strong>: ~14 minutes<\/li>\n\n\n\n<li><strong>Why Go<\/strong>: Casual, affordable Thai dishes with bold flavours&nbsp;and fast service.<\/li>\n<\/ul>\n\n\n\n<p><strong>4. Pho Exeter<\/strong><\/p>\n\n\n\n<ul>\n<li><strong>Cuisine<\/strong>: Vietnamese<\/li>\n\n\n\n<li><strong>Location<\/strong>: Queen Street (Guildhall Shopping Centre)<\/li>\n\n\n\n<li><strong>Walk Time<\/strong>: ~16 minutes<\/li>\n\n\n\n<li><strong>Why Go<\/strong>: Famous for its steaming bowls of pho and street-style sides.<\/li>\n<\/ul>\n\n\n\n<p><strong>5. Stage<\/strong><\/p>\n\n\n\n<ul>\n<li><strong>Cuisine<\/strong>: Modern British (Tasting Menu)<\/li>\n\n\n\n<li><strong>Location<\/strong>: Richmond Road<\/li>\n\n\n\n<li><strong>Walk Time<\/strong>: ~18 minutes<\/li>\n\n\n\n<li><strong>Why Go<\/strong>: Inventive and seasonal tasting menus \u2014 perfect for foodies.<\/li>\n<\/ul>\n\n\n\n<p><strong>6. Tyepyedong<\/strong><\/p>\n\n\n\n<ul>\n<li><strong>Cuisine<\/strong>: Korean \/ Asian Fusion<\/li>\n\n\n\n<li><strong>Location<\/strong>: Sidwell Street<\/li>\n\n\n\n<li><strong>Walk Time<\/strong>: ~14 minutes<\/li>\n\n\n\n<li><strong>Why Go<\/strong>: Well-loved student favourite&nbsp;for Korean noodles and spicy rice bowls.<\/li>\n<\/ul>\n\n\n\n<p><strong>7. C\u00f4te Brasserie<\/strong><\/p>\n\n\n\n<ul>\n<li><strong>Cuisine<\/strong>: French<\/li>\n\n\n\n<li><strong>Location<\/strong>: Cathedral Yard<\/li>\n\n\n\n<li><strong>Walk Time<\/strong>: ~20 minutes<\/li>\n\n\n\n<li><strong>Why Go<\/strong>: Elegant but casual brasserie fare\u2014think steak frites and cr\u00e8me br\u00fbl\u00e9e.<\/li>\n<\/ul>\n\n\n\n<p><strong>8. The Little Drop of Poison<\/strong><\/p>\n\n\n\n<ul>\n<li><strong>Cuisine<\/strong>: Spanish Tapas<\/li>\n\n\n\n<li><strong>Location<\/strong>: Fore Street<\/li>\n\n\n\n<li><strong>Walk Time<\/strong>: ~22 minutes<\/li>\n\n\n\n<li><strong>Why Go<\/strong>: Intimate spot for craft cocktails and creative Spanish small plates.<\/li>\n<\/ul>\n\n\n\n<p><strong>9. Hub Box<\/strong><\/p>\n\n\n\n<ul>\n<li><strong>Cuisine<\/strong>: Burgers \/ Cornish Street Food<\/li>\n\n\n\n<li><strong>Location<\/strong>: Catherine Street<\/li>\n\n\n\n<li><strong>Walk Time<\/strong>: ~20 minutes<\/li>\n\n\n\n<li><strong>Why Go<\/strong>: Trendy venue known for gourmet burgers and loaded fries with flair.<\/li>\n<\/ul>\n\n\n\n<p><strong>10. Pasha<\/strong><\/p>\n\n\n\n<ul>\n<li><strong>Cuisine<\/strong>: Indian<\/li>\n\n\n\n<li><strong>Location<\/strong>: South Street<\/li>\n\n\n\n<li><strong>Walk Time<\/strong>: ~22 minutes<\/li>\n\n\n\n<li><strong>Why Go<\/strong>: Elegant and authentic Indian dishes with standout vegetarian options.<\/li>\n<\/ul>\n","protected":false},"excerpt":{"rendered":"<p>There is a wide range of restaurants, pubs and bars in central Exeter. Here are some ideas to get you started. 1. Harry\u2019s Restaurant 2. Dinosaur Caf\u00e9 3. iFood Thai Taste 4. Pho Exeter 5. Stage 6. Tyepyedong 7. C\u00f4te Brasserie 8. The Little Drop of Poison 9. Hub Box 10. Pasha<\/p>\n","protected":false},"author":2141,"featured_media":0,"parent":0,"menu_order":0,"comment_status":"closed","ping_status":"closed","template":"page-sidebar-boxed-feature-img.php","meta":{"_acf_changed":false,"footnotes":""},"categories":[],"tags":[],"acf":[],"yoast_head":"<!-- This site is optimized with the Yoast SEO plugin v23.0 - https:\/\/yoast.com\/wordpress\/plugins\/seo\/ -->\n<title>Local Restaurants - BMC-BAMC 2025<\/title>\n<meta name=\"robots\" content=\"index, follow, max-snippet:-1, max-image-preview:large, max-video-preview:-1\" \/>\n<link rel=\"canonical\" href=\"https:\/\/sites.exeter.ac.uk\/bmc-bamc2025\/local-restaurants\/\" \/>\n<meta property=\"og:locale\" content=\"en_US\" \/>\n<meta property=\"og:type\" content=\"article\" \/>\n<meta property=\"og:title\" content=\"Local Restaurants - BMC-BAMC 2025\" \/>\n<meta property=\"og:description\" content=\"There is a wide range of restaurants, pubs and bars in central Exeter. Here are some ideas to get you started. 1. Harry\u2019s Restaurant 2. Dinosaur Caf\u00e9 3. iFood Thai Taste 4. Pho Exeter 5. Stage 6. Tyepyedong 7. C\u00f4te Brasserie 8. The Little Drop of Poison 9. Hub Box 10. Pasha\" \/>\n<meta property=\"og:url\" content=\"https:\/\/sites.exeter.ac.uk\/bmc-bamc2025\/local-restaurants\/\" \/>\n<meta property=\"og:site_name\" content=\"BMC-BAMC 2025\" \/>\n<meta property=\"article:modified_time\" content=\"2025-06-12T20:37:06+00:00\" \/>\n<meta name=\"twitter:card\" content=\"summary_large_image\" \/>\n<meta name=\"twitter:label1\" content=\"Est. reading time\" \/>\n\t<meta name=\"twitter:data1\" content=\"2 minutes\" \/>\n<script type=\"application\/ld+json\" class=\"yoast-schema-graph\">{\"@context\":\"https:\/\/schema.org\",\"@graph\":[{\"@type\":\"WebPage\",\"@id\":\"https:\/\/sites.exeter.ac.uk\/bmc-bamc2025\/local-restaurants\/\",\"url\":\"https:\/\/sites.exeter.ac.uk\/bmc-bamc2025\/local-restaurants\/\",\"name\":\"Local Restaurants - BMC-BAMC 2025\",\"isPartOf\":{\"@id\":\"https:\/\/sites.exeter.ac.uk\/bmc-bamc2025\/#website\"},\"datePublished\":\"2025-06-03T08:23:33+00:00\",\"dateModified\":\"2025-06-12T20:37:06+00:00\",\"breadcrumb\":{\"@id\":\"https:\/\/sites.exeter.ac.uk\/bmc-bamc2025\/local-restaurants\/#breadcrumb\"},\"inLanguage\":\"en-US\",\"potentialAction\":[{\"@type\":\"ReadAction\",\"target\":[\"https:\/\/sites.exeter.ac.uk\/bmc-bamc2025\/local-restaurants\/\"]}]},{\"@type\":\"BreadcrumbList\",\"@id\":\"https:\/\/sites.exeter.ac.uk\/bmc-bamc2025\/local-restaurants\/#breadcrumb\",\"itemListElement\":[{\"@type\":\"ListItem\",\"position\":1,\"name\":\"Home\",\"item\":\"https:\/\/sites.exeter.ac.uk\/bmc-bamc2025\/\"},{\"@type\":\"ListItem\",\"position\":2,\"name\":\"Local Restaurants\"}]},{\"@type\":\"WebSite\",\"@id\":\"https:\/\/sites.exeter.ac.uk\/bmc-bamc2025\/#website\",\"url\":\"https:\/\/sites.exeter.ac.uk\/bmc-bamc2025\/\",\"name\":\"BMC-BAMC 2025\",\"description\":\"\",\"potentialAction\":[{\"@type\":\"SearchAction\",\"target\":{\"@type\":\"EntryPoint\",\"urlTemplate\":\"https:\/\/sites.exeter.ac.uk\/bmc-bamc2025\/?s={search_term_string}\"},\"query-input\":\"required name=search_term_string\"}],\"inLanguage\":\"en-US\"}]}<\/script>\n<!-- \/ Yoast SEO plugin. -->","yoast_head_json":{"title":"Local Restaurants - BMC-BAMC 2025","robots":{"index":"index","follow":"follow","max-snippet":"max-snippet:-1","max-image-preview":"max-image-preview:large","max-video-preview":"max-video-preview:-1"},"canonical":"https:\/\/sites.exeter.ac.uk\/bmc-bamc2025\/local-restaurants\/","og_locale":"en_US","og_type":"article","og_title":"Local Restaurants - BMC-BAMC 2025","og_description":"There is a wide range of restaurants, pubs and bars in central Exeter. Here are some ideas to get you started. 1. Harry\u2019s Restaurant 2. Dinosaur Caf\u00e9 3. iFood Thai Taste 4. Pho Exeter 5. Stage 6. Tyepyedong 7. C\u00f4te Brasserie 8. The Little Drop of Poison 9. Hub Box 10. Pasha","og_url":"https:\/\/sites.exeter.ac.uk\/bmc-bamc2025\/local-restaurants\/","og_site_name":"BMC-BAMC 2025","article_modified_time":"2025-06-12T20:37:06+00:00","twitter_card":"summary_large_image","twitter_misc":{"Est. reading time":"2 minutes"},"schema":{"@context":"https:\/\/schema.org","@graph":[{"@type":"WebPage","@id":"https:\/\/sites.exeter.ac.uk\/bmc-bamc2025\/local-restaurants\/","url":"https:\/\/sites.exeter.ac.uk\/bmc-bamc2025\/local-restaurants\/","name":"Local Restaurants - BMC-BAMC 2025","isPartOf":{"@id":"https:\/\/sites.exeter.ac.uk\/bmc-bamc2025\/#website"},"datePublished":"2025-06-03T08:23:33+00:00","dateModified":"2025-06-12T20:37:06+00:00","breadcrumb":{"@id":"https:\/\/sites.exeter.ac.uk\/bmc-bamc2025\/local-restaurants\/#breadcrumb"},"inLanguage":"en-US","potentialAction":[{"@type":"ReadAction","target":["https:\/\/sites.exeter.ac.uk\/bmc-bamc2025\/local-restaurants\/"]}]},{"@type":"BreadcrumbList","@id":"https:\/\/sites.exeter.ac.uk\/bmc-bamc2025\/local-restaurants\/#breadcrumb","itemListElement":[{"@type":"ListItem","position":1,"name":"Home","item":"https:\/\/sites.exeter.ac.uk\/bmc-bamc2025\/"},{"@type":"ListItem","position":2,"name":"Local Restaurants"}]},{"@type":"WebSite","@id":"https:\/\/sites.exeter.ac.uk\/bmc-bamc2025\/#website","url":"https:\/\/sites.exeter.ac.uk\/bmc-bamc2025\/","name":"BMC-BAMC 2025","description":"","potentialAction":[{"@type":"SearchAction","target":{"@type":"EntryPoint","urlTemplate":"https:\/\/sites.exeter.ac.uk\/bmc-bamc2025\/?s={search_term_string}"},"query-input":"required name=search_term_string"}],"inLanguage":"en-US"}]}},"jetpack_sharing_enabled":true,"_links":{"self":[{"href":"https:\/\/sites.exeter.ac.uk\/bmc-bamc2025\/wp-json\/wp\/v2\/pages\/1235"}],"collection":[{"href":"https:\/\/sites.exeter.ac.uk\/bmc-bamc2025\/wp-json\/wp\/v2\/pages"}],"about":[{"href":"https:\/\/sites.exeter.ac.uk\/bmc-bamc2025\/wp-json\/wp\/v2\/types\/page"}],"author":[{"embeddable":true,"href":"https:\/\/sites.exeter.ac.uk\/bmc-bamc2025\/wp-json\/wp\/v2\/users\/2141"}],"replies":[{"embeddable":true,"href":"https:\/\/sites.exeter.ac.uk\/bmc-bamc2025\/wp-json\/wp\/v2\/comments?post=1235"}],"version-history":[{"count":2,"href":"https:\/\/sites.exeter.ac.uk\/bmc-bamc2025\/wp-json\/wp\/v2\/pages\/1235\/revisions"}],"predecessor-version":[{"id":1461,"href":"https:\/\/sites.exeter.ac.uk\/bmc-bamc2025\/wp-json\/wp\/v2\/pages\/1235\/revisions\/1461"}],"wp:attachment":[{"href":"https:\/\/sites.exeter.ac.uk\/bmc-bamc2025\/wp-json\/wp\/v2\/media?parent=1235"}],"wp:term":[{"taxonomy":"category","embeddable":true,"href":"https:\/\/sites.exeter.ac.uk\/bmc-bamc2025\/wp-json\/wp\/v2\/categories?post=1235"},{"taxonomy":"post_tag","embeddable":true,"href":"https:\/\/sites.exeter.ac.uk\/bmc-bamc2025\/wp-json\/wp\/v2\/tags?post=1235"}],"curies":[{"name":"wp","href":"https:\/\/api.w.org\/{rel}","templated":true}]}}