{"id":85,"date":"2023-04-13T15:03:59","date_gmt":"2023-04-13T15:03:59","guid":{"rendered":"https:\/\/sites.exeter.ac.uk\/changes\/?page_id=85"},"modified":"2023-10-12T09:02:32","modified_gmt":"2023-10-12T09:02:32","slug":"commissioner-study","status":"publish","type":"page","link":"https:\/\/sites.exeter.ac.uk\/changes\/commissioner-study\/","title":{"rendered":"Commissioner Study"},"content":{"rendered":"\n<div class=\"wp-block-columns is-layout-flex wp-container-core-columns-is-layout-1 wp-block-columns-is-layout-flex\">\n<div class=\"wp-block-column is-layout-flow wp-block-column-is-layout-flow\" style=\"flex-basis:66.66%\">\n<p>Our commissioner study is aiming to <strong>develop a better understanding of commissioners&#8217; experiences of commissioning services to prevent and address child and adolescent mental health problems<\/strong>. To do this, we are speaking to commissioners about how they develop an understanding of child and adolescent mental health needs and their approach to planning and adapting services for child and adolescent mental health. <\/p>\n\n\n\n<p>The findings will be used to help facilitate discussions around how we can improve resources to better support commissioners in their roles moving forward. The findings will also be shared with key stakeholders and used to improve services for children and young people.<\/p>\n\n\n\n<h2 class=\"wp-block-heading\">We are no longer looking for participants. <\/h2>\n\n\n\n<p class=\"has-light-green-cyan-background-color has-background\">We recently finished interviewing commissioners about their views and we&#8217;re analysing the results. We would like to thank everyone who took the time to share with us. We look forward to sharing the findings soon!<\/p>\n\n\n\n<div class=\"wp-block-buttons is-layout-flex wp-block-buttons-is-layout-flex\">\n<div class=\"wp-block-button\"><a class=\"wp-block-button__link wp-element-button\" href=\"https:\/\/sites.exeter.ac.uk\/changes\/wp-content\/uploads\/sites\/163\/2023\/04\/Participant-information-leaflet-v2.0-110423.pdf\" target=\"_blank\" rel=\"noreferrer noopener\">E-mail us to express an interest in hearing about the results from this study<\/a><\/div>\n<\/div>\n<\/div>\n\n\n\n<div class=\"wp-block-column is-layout-flow wp-block-column-is-layout-flow\" style=\"flex-basis:33.33%\">\n<figure class=\"wp-block-embed is-type-rich is-provider-twitter wp-block-embed-twitter\"><div class=\"wp-block-embed__wrapper\">\n<a class=\"twitter-timeline\" data-width=\"500\" data-height=\"750\" data-dnt=\"true\" href=\"https:\/\/twitter.com\/commissionerUoE?ref_src=twsrc%5Etfw\">Tweets by commissionerUoE<\/a><script async src=\"https:\/\/platform.twitter.com\/widgets.js\" charset=\"utf-8\"><\/script>\n<\/div><\/figure>\n<\/div>\n<\/div>\n\n\n\n<div style=\"height:100px\" aria-hidden=\"true\" class=\"wp-block-spacer\"><\/div>\n\n\n\n<p class=\"has-small-font-size\">Photo by <a href=\"https:\/\/www.pexels.com\/photo\/pink-background-with-speech-bubble-1111369\/\" target=\"_blank\" rel=\"noreferrer noopener\">Miguel \u00c1. Padri\u00f1\u00e1n<\/a><\/p>\n","protected":false},"excerpt":{"rendered":"<p>Our commissioner study is aiming to develop a better understanding of commissioners&#8217; experiences of commissioning services to prevent and address child and adolescent mental health problems. To do this, we are speaking to commissioners about how they develop an understanding of child and adolescent mental health needs and their approach to planning and adapting services [&hellip;]<\/p>\n","protected":false},"author":481,"featured_media":287,"parent":0,"menu_order":0,"comment_status":"closed","ping_status":"closed","template":"page-boxed-feature-img.php","meta":{"_acf_changed":false,"footnotes":""},"categories":[],"tags":[],"acf":[],"yoast_head":"<!-- This site is optimized with the Yoast SEO plugin v23.0 - https:\/\/yoast.com\/wordpress\/plugins\/seo\/ -->\n<title>Commissioner Study - CHANGES<\/title>\n<meta name=\"robots\" content=\"index, follow, max-snippet:-1, max-image-preview:large, max-video-preview:-1\" \/>\n<link rel=\"canonical\" href=\"https:\/\/sites.exeter.ac.uk\/changes\/commissioner-study\/\" \/>\n<meta property=\"og:locale\" content=\"en_US\" \/>\n<meta property=\"og:type\" content=\"article\" \/>\n<meta property=\"og:title\" content=\"Commissioner Study - CHANGES\" \/>\n<meta property=\"og:description\" content=\"Our commissioner study is aiming to develop a better understanding of commissioners&#8217; experiences of commissioning services to prevent and address child and adolescent mental health problems. To do this, we are speaking to commissioners about how they develop an understanding of child and adolescent mental health needs and their approach to planning and adapting services [&hellip;]\" \/>\n<meta property=\"og:url\" content=\"https:\/\/sites.exeter.ac.uk\/changes\/commissioner-study\/\" \/>\n<meta property=\"og:site_name\" content=\"CHANGES\" \/>\n<meta property=\"article:modified_time\" content=\"2023-10-12T09:02:32+00:00\" \/>\n<meta property=\"og:image\" content=\"https:\/\/sites.exeter.ac.uk\/changes\/wp-content\/uploads\/sites\/163\/2023\/04\/pexels-miguel-a-padrinan-1111369.jpg\" \/>\n\t<meta property=\"og:image:width\" content=\"1200\" \/>\n\t<meta property=\"og:image:height\" content=\"798\" \/>\n\t<meta property=\"og:image:type\" content=\"image\/jpeg\" \/>\n<meta name=\"twitter:card\" content=\"summary_large_image\" \/>\n<meta name=\"twitter:label1\" content=\"Est. reading time\" \/>\n\t<meta name=\"twitter:data1\" content=\"1 minute\" \/>\n<script type=\"application\/ld+json\" class=\"yoast-schema-graph\">{\"@context\":\"https:\/\/schema.org\",\"@graph\":[{\"@type\":\"WebPage\",\"@id\":\"https:\/\/sites.exeter.ac.uk\/changes\/commissioner-study\/\",\"url\":\"https:\/\/sites.exeter.ac.uk\/changes\/commissioner-study\/\",\"name\":\"Commissioner Study - CHANGES\",\"isPartOf\":{\"@id\":\"https:\/\/sites.exeter.ac.uk\/changes\/#website\"},\"primaryImageOfPage\":{\"@id\":\"https:\/\/sites.exeter.ac.uk\/changes\/commissioner-study\/#primaryimage\"},\"image\":{\"@id\":\"https:\/\/sites.exeter.ac.uk\/changes\/commissioner-study\/#primaryimage\"},\"thumbnailUrl\":\"https:\/\/sites.exeter.ac.uk\/changes\/wp-content\/uploads\/sites\/163\/2023\/04\/pexels-miguel-a-padrinan-1111369.jpg\",\"datePublished\":\"2023-04-13T15:03:59+00:00\",\"dateModified\":\"2023-10-12T09:02:32+00:00\",\"breadcrumb\":{\"@id\":\"https:\/\/sites.exeter.ac.uk\/changes\/commissioner-study\/#breadcrumb\"},\"inLanguage\":\"en-US\",\"potentialAction\":[{\"@type\":\"ReadAction\",\"target\":[\"https:\/\/sites.exeter.ac.uk\/changes\/commissioner-study\/\"]}]},{\"@type\":\"ImageObject\",\"inLanguage\":\"en-US\",\"@id\":\"https:\/\/sites.exeter.ac.uk\/changes\/commissioner-study\/#primaryimage\",\"url\":\"https:\/\/sites.exeter.ac.uk\/changes\/wp-content\/uploads\/sites\/163\/2023\/04\/pexels-miguel-a-padrinan-1111369.jpg\",\"contentUrl\":\"https:\/\/sites.exeter.ac.uk\/changes\/wp-content\/uploads\/sites\/163\/2023\/04\/pexels-miguel-a-padrinan-1111369.jpg\",\"width\":1200,\"height\":798},{\"@type\":\"BreadcrumbList\",\"@id\":\"https:\/\/sites.exeter.ac.uk\/changes\/commissioner-study\/#breadcrumb\",\"itemListElement\":[{\"@type\":\"ListItem\",\"position\":1,\"name\":\"Home\",\"item\":\"https:\/\/sites.exeter.ac.uk\/changes\/\"},{\"@type\":\"ListItem\",\"position\":2,\"name\":\"Commissioner Study\"}]},{\"@type\":\"WebSite\",\"@id\":\"https:\/\/sites.exeter.ac.uk\/changes\/#website\",\"url\":\"https:\/\/sites.exeter.ac.uk\/changes\/\",\"name\":\"CHANGES\",\"description\":\"Child and adolescent mental health: Understanding trends over time and need for services\",\"potentialAction\":[{\"@type\":\"SearchAction\",\"target\":{\"@type\":\"EntryPoint\",\"urlTemplate\":\"https:\/\/sites.exeter.ac.uk\/changes\/?s={search_term_string}\"},\"query-input\":\"required name=search_term_string\"}],\"inLanguage\":\"en-US\"}]}<\/script>\n<!-- \/ Yoast SEO plugin. -->","yoast_head_json":{"title":"Commissioner Study - CHANGES","robots":{"index":"index","follow":"follow","max-snippet":"max-snippet:-1","max-image-preview":"max-image-preview:large","max-video-preview":"max-video-preview:-1"},"canonical":"https:\/\/sites.exeter.ac.uk\/changes\/commissioner-study\/","og_locale":"en_US","og_type":"article","og_title":"Commissioner Study - CHANGES","og_description":"Our commissioner study is aiming to develop a better understanding of commissioners&#8217; experiences of commissioning services to prevent and address child and adolescent mental health problems. To do this, we are speaking to commissioners about how they develop an understanding of child and adolescent mental health needs and their approach to planning and adapting services [&hellip;]","og_url":"https:\/\/sites.exeter.ac.uk\/changes\/commissioner-study\/","og_site_name":"CHANGES","article_modified_time":"2023-10-12T09:02:32+00:00","og_image":[{"width":1200,"height":798,"url":"https:\/\/sites.exeter.ac.uk\/changes\/wp-content\/uploads\/sites\/163\/2023\/04\/pexels-miguel-a-padrinan-1111369.jpg","type":"image\/jpeg"}],"twitter_card":"summary_large_image","twitter_misc":{"Est. reading time":"1 minute"},"schema":{"@context":"https:\/\/schema.org","@graph":[{"@type":"WebPage","@id":"https:\/\/sites.exeter.ac.uk\/changes\/commissioner-study\/","url":"https:\/\/sites.exeter.ac.uk\/changes\/commissioner-study\/","name":"Commissioner Study - CHANGES","isPartOf":{"@id":"https:\/\/sites.exeter.ac.uk\/changes\/#website"},"primaryImageOfPage":{"@id":"https:\/\/sites.exeter.ac.uk\/changes\/commissioner-study\/#primaryimage"},"image":{"@id":"https:\/\/sites.exeter.ac.uk\/changes\/commissioner-study\/#primaryimage"},"thumbnailUrl":"https:\/\/sites.exeter.ac.uk\/changes\/wp-content\/uploads\/sites\/163\/2023\/04\/pexels-miguel-a-padrinan-1111369.jpg","datePublished":"2023-04-13T15:03:59+00:00","dateModified":"2023-10-12T09:02:32+00:00","breadcrumb":{"@id":"https:\/\/sites.exeter.ac.uk\/changes\/commissioner-study\/#breadcrumb"},"inLanguage":"en-US","potentialAction":[{"@type":"ReadAction","target":["https:\/\/sites.exeter.ac.uk\/changes\/commissioner-study\/"]}]},{"@type":"ImageObject","inLanguage":"en-US","@id":"https:\/\/sites.exeter.ac.uk\/changes\/commissioner-study\/#primaryimage","url":"https:\/\/sites.exeter.ac.uk\/changes\/wp-content\/uploads\/sites\/163\/2023\/04\/pexels-miguel-a-padrinan-1111369.jpg","contentUrl":"https:\/\/sites.exeter.ac.uk\/changes\/wp-content\/uploads\/sites\/163\/2023\/04\/pexels-miguel-a-padrinan-1111369.jpg","width":1200,"height":798},{"@type":"BreadcrumbList","@id":"https:\/\/sites.exeter.ac.uk\/changes\/commissioner-study\/#breadcrumb","itemListElement":[{"@type":"ListItem","position":1,"name":"Home","item":"https:\/\/sites.exeter.ac.uk\/changes\/"},{"@type":"ListItem","position":2,"name":"Commissioner Study"}]},{"@type":"WebSite","@id":"https:\/\/sites.exeter.ac.uk\/changes\/#website","url":"https:\/\/sites.exeter.ac.uk\/changes\/","name":"CHANGES","description":"Child and adolescent mental health: Understanding trends over time and need for services","potentialAction":[{"@type":"SearchAction","target":{"@type":"EntryPoint","urlTemplate":"https:\/\/sites.exeter.ac.uk\/changes\/?s={search_term_string}"},"query-input":"required name=search_term_string"}],"inLanguage":"en-US"}]}},"jetpack_sharing_enabled":true,"_links":{"self":[{"href":"https:\/\/sites.exeter.ac.uk\/changes\/wp-json\/wp\/v2\/pages\/85"}],"collection":[{"href":"https:\/\/sites.exeter.ac.uk\/changes\/wp-json\/wp\/v2\/pages"}],"about":[{"href":"https:\/\/sites.exeter.ac.uk\/changes\/wp-json\/wp\/v2\/types\/page"}],"author":[{"embeddable":true,"href":"https:\/\/sites.exeter.ac.uk\/changes\/wp-json\/wp\/v2\/users\/481"}],"replies":[{"embeddable":true,"href":"https:\/\/sites.exeter.ac.uk\/changes\/wp-json\/wp\/v2\/comments?post=85"}],"version-history":[{"count":30,"href":"https:\/\/sites.exeter.ac.uk\/changes\/wp-json\/wp\/v2\/pages\/85\/revisions"}],"predecessor-version":[{"id":693,"href":"https:\/\/sites.exeter.ac.uk\/changes\/wp-json\/wp\/v2\/pages\/85\/revisions\/693"}],"wp:featuredmedia":[{"embeddable":true,"href":"https:\/\/sites.exeter.ac.uk\/changes\/wp-json\/wp\/v2\/media\/287"}],"wp:attachment":[{"href":"https:\/\/sites.exeter.ac.uk\/changes\/wp-json\/wp\/v2\/media?parent=85"}],"wp:term":[{"taxonomy":"category","embeddable":true,"href":"https:\/\/sites.exeter.ac.uk\/changes\/wp-json\/wp\/v2\/categories?post=85"},{"taxonomy":"post_tag","embeddable":true,"href":"https:\/\/sites.exeter.ac.uk\/changes\/wp-json\/wp\/v2\/tags?post=85"}],"curies":[{"name":"wp","href":"https:\/\/api.w.org\/{rel}","templated":true}]}}