{"id":44,"date":"2020-02-04T13:06:44","date_gmt":"2020-02-04T12:06:44","guid":{"rendered":"http:\/\/blogs.exeter.ac.uk\/diplab\/?page_id=44"},"modified":"2025-01-20T12:09:23","modified_gmt":"2025-01-20T12:09:23","slug":"lab-members","status":"publish","type":"page","link":"https:\/\/sites.exeter.ac.uk\/diplab\/lab-members\/","title":{"rendered":"Lab Members"},"content":{"rendered":"<header class=\"entry-header\">\n<h1 class=\"entry-title\"><span style=\"font-size: 16px\"><a href=\"https:\/\/psychology.exeter.ac.uk\/staff\/profile\/index.php?web_id=Adam_Rutland\" target=\"_blank\" rel=\"noopener\"><strong>Professor Adam Rutland\u00a0\u00a0<\/strong><\/a><\/span><em style=\"font-size: 16px\"><strong>\u2013 DIP Lab Director<\/strong><\/em><\/h1>\n<\/header>\n<div class=\"entry-content\">\n<p class=\"entry-title\"><a href=\"https:\/\/psychology.exeter.ac.uk\/staff\/profile\/index.php?web_id=Adam_Rutland\" target=\"_blank\" rel=\"noopener\"><strong><img loading=\"lazy\" decoding=\"async\" class=\"wp-image-193 alignleft\" src=\"https:\/\/sites.exeter.ac.uk\/diplab\/wp-content\/uploads\/sites\/581\/2020\/02\/nxjwsjso-e1572735034212-300x300.jpeg\" alt=\"\" width=\"176\" height=\"176\" srcset=\"https:\/\/sites.exeter.ac.uk\/diplab\/wp-content\/uploads\/sites\/581\/2020\/02\/nxjwsjso-e1572735034212-300x300.jpeg 300w, https:\/\/sites.exeter.ac.uk\/diplab\/wp-content\/uploads\/sites\/581\/2020\/02\/nxjwsjso-e1572735034212-150x150.jpeg 150w, https:\/\/sites.exeter.ac.uk\/diplab\/wp-content\/uploads\/sites\/581\/2020\/02\/nxjwsjso-e1572735034212.jpeg 372w\" sizes=\"(max-width: 176px) 100vw, 176px\" \/><\/strong><\/a><\/p>\n<p>Adam\u2019s research focuses\u00a0generally on\u00a0social-cognitive development. His areas of\u00a0expertise in a developmental context are:\u00a0Prejudice, intergroup processes and relationships, social reasoning and morality; Peer exclusion, rejection, group dynamics and victimization; Cross-group friendships, intergroup attitudes, psychological well being; Interventions\u00a0to reduce prejudice, intergroup contact; Children\u2019s acculturation, ethnic and national identification. <a href=\"mailto:a.rutland@exeter.ac.uk\" target=\"_blank\" rel=\"noopener\">a.rutland@exeter.ac.uk<\/a><\/p>\n<\/div>\n<p>&nbsp;<\/p>\n<p>&nbsp;<\/p>\n<p>&nbsp;<\/p>\n<div class=\"entry-content\">\n<p><strong>Dr Ay\u015fe \u015eule Y\u00fcksel <em>\u2013 Postdoctoral Research Associate &amp; DIPlab Manager<\/em><\/strong><\/p>\n<p><img loading=\"lazy\" decoding=\"async\" class=\" wp-image-188 alignleft\" src=\"https:\/\/sites.exeter.ac.uk\/diplab\/wp-content\/uploads\/sites\/581\/2020\/02\/ayse.jpg\" alt=\"\" width=\"165\" height=\"165\" srcset=\"https:\/\/sites.exeter.ac.uk\/diplab\/wp-content\/uploads\/sites\/581\/2020\/02\/ayse.jpg 213w, https:\/\/sites.exeter.ac.uk\/diplab\/wp-content\/uploads\/sites\/581\/2020\/02\/ayse-150x150.jpg 150w\" sizes=\"(max-width: 165px) 100vw, 165px\" \/>Dr Ay\u015fe \u015eule Y\u00fcksel is a postdoctoral research associate on the ESRC Bystander Project at the University of Exeter and manages the activities and administration of the lab. She completed her PhD in social developmental psychology at the University of Exeter. Ayse holds a Masters from UCL, Institute of Education and a Masters from Istanbul University. She is interested in exploring mechanisms promoting prosocial behaviour and social inclusion in educational settings. Her research focuses on children and adolescents\u2019 behavioural and hypothetical reactions as bystanders to bullying and social exclusion in intergroup and intragroup peer group contexts. She particularly examines how intergroup factors such as group membership, group norms, stereotypes and social-moral reasoning influence school-aged young people\u2019s evaluations of and actual bystander reactions to bullying and social exclusion.<\/p>\n<p><a href=\"mailto:l.mcguire@exeter.ac.uk\" target=\"_blank\" rel=\"noopener\">ay294@exeter.ac.uk<\/a><\/p>\n<p>&nbsp;<\/p>\n<\/div>\n<p><strong>Dr Tracey Anne Warren &#8211; <em>Postdoctoral Research Associate<\/em><\/strong><\/p>\n<p><img loading=\"lazy\" decoding=\"async\" class=\" wp-image-621 alignleft\" src=\"https:\/\/sites.exeter.ac.uk\/diplab\/wp-content\/uploads\/sites\/581\/2022\/06\/traceyphoto-245x300.jpg\" alt=\"\" width=\"162\" height=\"198\" srcset=\"https:\/\/sites.exeter.ac.uk\/diplab\/wp-content\/uploads\/sites\/581\/2022\/06\/traceyphoto-245x300.jpg 245w, https:\/\/sites.exeter.ac.uk\/diplab\/wp-content\/uploads\/sites\/581\/2022\/06\/traceyphoto.jpg 260w\" sizes=\"(max-width: 162px) 100vw, 162px\" \/>Dr Tracey Anne Warren has had over 30 years\u2019 experience across the primary and special education sector in the UK and internationally as a teacher, leader and founding director of a private special needs centre in the UAE. She is currently a postdoctoral research associate on the ESRC Bystander Project at the University of Exeter. She completed her EdD in special needs and inclusive education at the University of Exeter spotlighting parents and their perspectives on inclusive education in private schools in Dubai. She is interested in participatory research focusing on inclusion, diversity and equity in education and enjoys her time researching in schools, talking with parents and other stakeholders about their experiences within the education sector.<\/p>\n<p><a href=\"mailto:l.mcguire@exeter.ac.uk\" target=\"_blank\" rel=\"noopener\">t.a.warren@exeter.ac.uk<\/a><\/p>\n<p>&nbsp;<\/p>\n<p>&nbsp;<\/p>\n<p><strong>Dr Mengya Zhao &#8211; <em>Postdoctoral Research Fellow<\/em><\/strong><\/p>\n<p><img loading=\"lazy\" decoding=\"async\" class=\"wp-image-323 alignleft\" src=\"https:\/\/sites.exeter.ac.uk\/diplab\/wp-content\/uploads\/sites\/581\/2020\/02\/profile-277x300.jpg\" alt=\"\" width=\"170\" height=\"184\" srcset=\"https:\/\/sites.exeter.ac.uk\/diplab\/wp-content\/uploads\/sites\/581\/2020\/02\/profile-277x300.jpg 277w, https:\/\/sites.exeter.ac.uk\/diplab\/wp-content\/uploads\/sites\/581\/2020\/02\/profile-947x1024.jpg 947w, https:\/\/sites.exeter.ac.uk\/diplab\/wp-content\/uploads\/sites\/581\/2020\/02\/profile-768x831.jpg 768w, https:\/\/sites.exeter.ac.uk\/diplab\/wp-content\/uploads\/sites\/581\/2020\/02\/profile.jpg 1079w\" sizes=\"(max-width: 170px) 100vw, 170px\" \/>Mengya is currently working as a research fellow on the STEM Teens Project. She is specifically interested in how psychosocial factors (e.g., parenting, self-compassion, self-esteem, peer relationships) affect mental health in children and young people, as well as how cultural differences can influence child development and mental health. She has used a wide variety of quantitative methods (e.g., cross-sectional survey, longitudinal data analysis) and qualitative methods (e.g., focus groups, interviews) in her research. Her work has proposed a conceptual model of depression from a developmental and culturally-informed perspective, which she hopes will be able to guide assessment and intervention in support of parents and young people.<\/p>\n<p><a href=\"mailto:l.mcguire@exeter.ac.uk\" target=\"_blank\" rel=\"noopener\"><span class=\"\">mz311@exeter.ac.uk<\/span><\/a><\/p>\n<p>&nbsp;<\/p>\n<p>&nbsp;<\/p>\n<div class=\"entry-content\">\n<div>\n<p><strong><a href=\"http:\/\/psychology.exeter.ac.uk\/staff\/profile\/index.php?web_id=Luke_McGuire\" target=\"_blank\" rel=\"noopener\">Dr Luke McGuire<\/a> <em>\u2013<\/em><\/strong><em><strong>\u00a0Lecturer<\/strong><\/em><\/p>\n<\/div>\n<div><img loading=\"lazy\" decoding=\"async\" class=\" wp-image-158 alignleft\" src=\"https:\/\/sites.exeter.ac.uk\/diplab\/wp-content\/uploads\/sites\/581\/2020\/02\/Headshot-LM-274x300.png\" alt=\"\" width=\"170\" height=\"186\" srcset=\"https:\/\/sites.exeter.ac.uk\/diplab\/wp-content\/uploads\/sites\/581\/2020\/02\/Headshot-LM-274x300.png 274w, https:\/\/sites.exeter.ac.uk\/diplab\/wp-content\/uploads\/sites\/581\/2020\/02\/Headshot-LM-935x1024.png 935w, https:\/\/sites.exeter.ac.uk\/diplab\/wp-content\/uploads\/sites\/581\/2020\/02\/Headshot-LM-768x841.png 768w, https:\/\/sites.exeter.ac.uk\/diplab\/wp-content\/uploads\/sites\/581\/2020\/02\/Headshot-LM-1403x1536.png 1403w, https:\/\/sites.exeter.ac.uk\/diplab\/wp-content\/uploads\/sites\/581\/2020\/02\/Headshot-LM.png 1716w\" sizes=\"(max-width: 170px) 100vw, 170px\" \/><\/div>\n<p>Luke\u2019s research explores social and moral development in\u00a0middle childhood and adolescence. His areas of expertise include how resource allocation is influenced by social norms and group processes; STEM learning and gender stereotyping; peer inclusion and exclusion based on gender identity, as well as children\u2019s attitudes to environmental and animal rights as moral issues.<\/p>\n<p><a href=\"mailto:l.mcguire@exeter.ac.uk\" target=\"_blank\" rel=\"noopener\">l.mcguire@exeter.ac.uk<\/a><\/p>\n<\/div>\n<p>&nbsp;<\/p>\n<p>&nbsp;<\/p>\n<p>&nbsp;<\/p>\n<p><strong>Fidelia Law<em> \u2013 Final year PhD <\/em><\/strong><em><strong>Student<\/strong><\/em><\/p>\n<p><img loading=\"lazy\" decoding=\"async\" class=\"wp-image-190 alignleft\" src=\"https:\/\/sites.exeter.ac.uk\/diplab\/wp-content\/uploads\/sites\/581\/2020\/02\/fidelia-298x300.jpg\" alt=\"\" width=\"168\" height=\"169\" srcset=\"https:\/\/sites.exeter.ac.uk\/diplab\/wp-content\/uploads\/sites\/581\/2020\/02\/fidelia-298x300.jpg 298w, https:\/\/sites.exeter.ac.uk\/diplab\/wp-content\/uploads\/sites\/581\/2020\/02\/fidelia-150x150.jpg 150w, https:\/\/sites.exeter.ac.uk\/diplab\/wp-content\/uploads\/sites\/581\/2020\/02\/fidelia.jpg 380w\" sizes=\"(max-width: 168px) 100vw, 168px\" \/>Fidelia\u2019s research explores young people&#8217;s engagement, motivation and gender stereotypes in science, technology, engineering &amp; mathematics (STEM). Her current research specifically focuses on informal science learning sites such as science centres and museums. She is in her final year of her PhD and her work is funded by the Wellcome Trust Science Learning+ project research grant. She holds an MA in International Development and Education from Newcastle University and has conducted research exploring the educational and occupational aspirations of children living in poverty in Accra, Ghana. Besides working on her research, she also works as a teaching assistant at the university.<\/p>\n<p><a href=\"mailto:fl322@exeter.ac.uk\" target=\"_blank\" rel=\"noopener\">fl322<span class=\"\"><span class=\"\">@<\/span>exeter.ac.uk<\/span><\/a><\/p>\n<p>&nbsp;<\/p>\n<p><strong>Aqsa Farooq \u2013<em> Final year <\/em><\/strong><em><strong>PhD Student<\/strong><\/em><\/p>\n<p><img loading=\"lazy\" decoding=\"async\" class=\"wp-image-187 alignleft\" src=\"https:\/\/sites.exeter.ac.uk\/diplab\/wp-content\/uploads\/sites\/581\/2020\/02\/aqsa-e1572734125367-300x300.jpg\" alt=\"\" width=\"170\" height=\"170\" srcset=\"https:\/\/sites.exeter.ac.uk\/diplab\/wp-content\/uploads\/sites\/581\/2020\/02\/aqsa-e1572734125367-300x300.jpg 300w, https:\/\/sites.exeter.ac.uk\/diplab\/wp-content\/uploads\/sites\/581\/2020\/02\/aqsa-e1572734125367-150x150.jpg 150w, https:\/\/sites.exeter.ac.uk\/diplab\/wp-content\/uploads\/sites\/581\/2020\/02\/aqsa-e1572734125367.jpg 380w\" sizes=\"(max-width: 170px) 100vw, 170px\" \/>Aqsa\u2019s research focuses on children and adolescent\u2019s moral decision making in intergroup contexts, specifically when outgroup and ingroup members spread misinformation. She is interested in investigating if the group membership of the individual spreading misinformation influences children and adolescent\u2019s moral evaluations. She is also exploring whether norms that induce a mindset of thinking critically about information can influence children and adolescents&#8217; support of group members who spread misinformation and group members who support misinformers. Aqsa is a second year PhD student and holds a Masters in Applied Social Psychology from Royal Holloway, University of London.<\/p>\n<p><a href=\"mailto:af560@exeter.ac.uk\" target=\"_blank\" rel=\"noopener\">af560@exeter.ac.uk<\/a><\/p>\n<p>&nbsp;<\/p>\n<p><a href=\"https:\/\/psychology.exeter.ac.uk\/staff\/profile\/index.php?web_id=Eirini_Argyri\" target=\"_blank\" rel=\"noopener\"><strong>Eirini Ketzitzidou Argyri<\/strong><\/a><em><strong> \u2013 1st year PhD Student<\/strong><\/em><\/p>\n<div class=\"entry-content\">\n<p><img loading=\"lazy\" decoding=\"async\" class=\" wp-image-258 alignleft\" src=\"https:\/\/sites.exeter.ac.uk\/diplab\/wp-content\/uploads\/sites\/581\/2020\/02\/Eirini-Ketzitzidou-Argyri-300x284.jpeg\" alt=\"\" width=\"178\" height=\"169\" srcset=\"https:\/\/sites.exeter.ac.uk\/diplab\/wp-content\/uploads\/sites\/581\/2020\/02\/Eirini-Ketzitzidou-Argyri-300x284.jpeg 300w, https:\/\/sites.exeter.ac.uk\/diplab\/wp-content\/uploads\/sites\/581\/2020\/02\/Eirini-Ketzitzidou-Argyri-1024x971.jpeg 1024w, https:\/\/sites.exeter.ac.uk\/diplab\/wp-content\/uploads\/sites\/581\/2020\/02\/Eirini-Ketzitzidou-Argyri-768x728.jpeg 768w, https:\/\/sites.exeter.ac.uk\/diplab\/wp-content\/uploads\/sites\/581\/2020\/02\/Eirini-Ketzitzidou-Argyri-1536x1456.jpeg 1536w, https:\/\/sites.exeter.ac.uk\/diplab\/wp-content\/uploads\/sites\/581\/2020\/02\/Eirini-Ketzitzidou-Argyri.jpeg 1582w\" sizes=\"(max-width: 178px) 100vw, 178px\" \/>Eirini is doing her PhD in the Department of Psychology, University of Exeter. She also works as a Graduate Research Assistant on the Bystander project. The project investigates the development of norms across childhood and adolescence, looking at children\u2019s and adolescents\u2019 evaluations of and reasoning about the challenging of social exclusion. Eirini is interested in understanding the cognitive and emotional mechanisms behind prejudice, perspective change, and open-mindedness. Her philosophical psychological novel &#8216;To Pithano&#8217;, is an exploration of the subjective nature of our perceived reality, presenting memory and dreams as storytellers, and was published in Greece in 2014. She holds a MSc in Psychology of Education from UCL and a Degree in Philosophy, Education &amp; Psychology, from the University of Ioannina, Greece.<\/p>\n<p><a href=\"mailto:e.k.argyri@exeter.ac.uk\" target=\"_blank\" rel=\"noopener\">e.k.argyri@exeter.ac.uk<\/a><\/p>\n<p>&nbsp;<\/p>\n<\/div>\n<p><strong>Daniel Jones &#8211; <em>Research Assistant<\/em><\/strong><\/p>\n<p><img loading=\"lazy\" decoding=\"async\" class=\"wp-image-291 alignleft\" src=\"https:\/\/sites.exeter.ac.uk\/diplab\/wp-content\/uploads\/sites\/581\/2020\/02\/IMG_20211107_163922-272x300.jpg\" alt=\"\" width=\"170\" height=\"188\" srcset=\"https:\/\/sites.exeter.ac.uk\/diplab\/wp-content\/uploads\/sites\/581\/2020\/02\/IMG_20211107_163922-272x300.jpg 272w, https:\/\/sites.exeter.ac.uk\/diplab\/wp-content\/uploads\/sites\/581\/2020\/02\/IMG_20211107_163922.jpg 736w\" sizes=\"(max-width: 170px) 100vw, 170px\" \/>Daniel is a 3rd year placement student from Cardiff University currently working as a research assistant in the DIP Lab. He is interested in all aspects of developmental and social psychology, and is assisting with multiple projects involving STEM learning, misinformation, and intergroup exclusion.<\/p>\n<p><a href=\"mailto:d.jones7@exeter.ac.uk\">d.jones7@exeter.ac.uk<\/a><\/p>\n<p>&nbsp;<\/p>\n<p>&nbsp;<\/p>\n<p>&nbsp;<\/p>\n<p>&nbsp;<\/p>\n<p><strong>Eva McCabe &#8211; <em>Research Assistant<\/em><\/strong><\/p>\n<p>Eva is a 3rd year placement student from Cardiff University currently working as a research assistant in the DIP Lab. She is interested in all aspects of developmental psychology as well as a keen interest in neuropsychology. She is assisting with multiple projects this academic year involving STEM learning, misinformation, and intergroup exclusion.<\/p>\n<p><a href=\"mailto:e.mccabe@exeter.ac.uk\">e.mccabe@exeter.ac.uk<\/a><\/p>\n<p>&nbsp;<\/p>\n","protected":false},"excerpt":{"rendered":"<p>Professor Adam Rutland\u00a0\u00a0\u2013 DIP Lab Director Adam\u2019s research focuses\u00a0generally on\u00a0social-cognitive development. His areas of\u00a0expertise in a developmental context are:\u00a0Prejudice, intergroup processes and relationships, social reasoning and morality; Peer exclusion, rejection, group dynamics and victimization; Cross-group friendships, intergroup attitudes, psychological well being; Interventions\u00a0to reduce prejudice, intergroup contact; Children\u2019s acculturation, ethnic and national identification. a.rutland@exeter.ac.uk &nbsp; &nbsp; [&hellip;]<\/p>\n","protected":false},"author":1,"featured_media":0,"parent":0,"menu_order":0,"comment_status":"closed","ping_status":"closed","template":"page-sidebar-boxed-feature-img.php","meta":{"_acf_changed":false,"footnotes":""},"categories":[],"tags":[],"acf":[],"yoast_head":"<!-- This site is optimized with the Yoast SEO plugin v23.0 - https:\/\/yoast.com\/wordpress\/plugins\/seo\/ -->\n<title>Lab Members - Developmental Intergroup Processes (DIP) lab<\/title>\n<meta name=\"robots\" content=\"index, follow, max-snippet:-1, max-image-preview:large, max-video-preview:-1\" \/>\n<link rel=\"canonical\" href=\"https:\/\/sites.exeter.ac.uk\/diplab\/lab-members\/\" \/>\n<meta property=\"og:locale\" content=\"en_US\" \/>\n<meta property=\"og:type\" content=\"article\" \/>\n<meta property=\"og:title\" content=\"Lab Members - Developmental Intergroup Processes (DIP) lab\" \/>\n<meta property=\"og:description\" content=\"Professor Adam Rutland\u00a0\u00a0\u2013 DIP Lab Director Adam\u2019s research focuses\u00a0generally on\u00a0social-cognitive development. His areas of\u00a0expertise in a developmental context are:\u00a0Prejudice, intergroup processes and relationships, social reasoning and morality; Peer exclusion, rejection, group dynamics and victimization; Cross-group friendships, intergroup attitudes, psychological well being; Interventions\u00a0to reduce prejudice, intergroup contact; Children\u2019s acculturation, ethnic and national identification. a.rutland@exeter.ac.uk &nbsp; &nbsp; [&hellip;]\" \/>\n<meta property=\"og:url\" content=\"https:\/\/sites.exeter.ac.uk\/diplab\/lab-members\/\" \/>\n<meta property=\"og:site_name\" content=\"Developmental Intergroup Processes (DIP) lab\" \/>\n<meta property=\"article:modified_time\" content=\"2025-01-20T12:09:23+00:00\" \/>\n<meta property=\"og:image\" content=\"https:\/\/sites.exeter.ac.uk\/diplab\/wp-content\/uploads\/sites\/581\/2020\/02\/nxjwsjso-e1572735034212-300x300.jpeg\" \/>\n<meta name=\"twitter:card\" content=\"summary_large_image\" \/>\n<meta name=\"twitter:label1\" content=\"Est. reading time\" \/>\n\t<meta name=\"twitter:data1\" content=\"6 minutes\" \/>\n<script type=\"application\/ld+json\" class=\"yoast-schema-graph\">{\"@context\":\"https:\/\/schema.org\",\"@graph\":[{\"@type\":\"WebPage\",\"@id\":\"https:\/\/sites.exeter.ac.uk\/diplab\/lab-members\/\",\"url\":\"https:\/\/sites.exeter.ac.uk\/diplab\/lab-members\/\",\"name\":\"Lab Members - Developmental Intergroup Processes (DIP) lab\",\"isPartOf\":{\"@id\":\"https:\/\/sites.exeter.ac.uk\/diplab\/#website\"},\"primaryImageOfPage\":{\"@id\":\"https:\/\/sites.exeter.ac.uk\/diplab\/lab-members\/#primaryimage\"},\"image\":{\"@id\":\"https:\/\/sites.exeter.ac.uk\/diplab\/lab-members\/#primaryimage\"},\"thumbnailUrl\":\"https:\/\/sites.exeter.ac.uk\/diplab\/wp-content\/uploads\/sites\/581\/2020\/02\/nxjwsjso-e1572735034212-300x300.jpeg\",\"datePublished\":\"2020-02-04T12:06:44+00:00\",\"dateModified\":\"2025-01-20T12:09:23+00:00\",\"breadcrumb\":{\"@id\":\"https:\/\/sites.exeter.ac.uk\/diplab\/lab-members\/#breadcrumb\"},\"inLanguage\":\"en-US\",\"potentialAction\":[{\"@type\":\"ReadAction\",\"target\":[\"https:\/\/sites.exeter.ac.uk\/diplab\/lab-members\/\"]}]},{\"@type\":\"ImageObject\",\"inLanguage\":\"en-US\",\"@id\":\"https:\/\/sites.exeter.ac.uk\/diplab\/lab-members\/#primaryimage\",\"url\":\"https:\/\/sites.exeter.ac.uk\/diplab\/wp-content\/uploads\/sites\/581\/2020\/02\/nxjwsjso-e1572735034212.jpeg\",\"contentUrl\":\"https:\/\/sites.exeter.ac.uk\/diplab\/wp-content\/uploads\/sites\/581\/2020\/02\/nxjwsjso-e1572735034212.jpeg\",\"width\":372,\"height\":372},{\"@type\":\"BreadcrumbList\",\"@id\":\"https:\/\/sites.exeter.ac.uk\/diplab\/lab-members\/#breadcrumb\",\"itemListElement\":[{\"@type\":\"ListItem\",\"position\":1,\"name\":\"Home\",\"item\":\"https:\/\/sites.exeter.ac.uk\/diplab\/\"},{\"@type\":\"ListItem\",\"position\":2,\"name\":\"Lab Members\"}]},{\"@type\":\"WebSite\",\"@id\":\"https:\/\/sites.exeter.ac.uk\/diplab\/#website\",\"url\":\"https:\/\/sites.exeter.ac.uk\/diplab\/\",\"name\":\"Developmental Intergroup Processes (DIP) lab\",\"description\":\"\",\"potentialAction\":[{\"@type\":\"SearchAction\",\"target\":{\"@type\":\"EntryPoint\",\"urlTemplate\":\"https:\/\/sites.exeter.ac.uk\/diplab\/?s={search_term_string}\"},\"query-input\":\"required name=search_term_string\"}],\"inLanguage\":\"en-US\"}]}<\/script>\n<!-- \/ Yoast SEO plugin. -->","yoast_head_json":{"title":"Lab Members - Developmental Intergroup Processes (DIP) lab","robots":{"index":"index","follow":"follow","max-snippet":"max-snippet:-1","max-image-preview":"max-image-preview:large","max-video-preview":"max-video-preview:-1"},"canonical":"https:\/\/sites.exeter.ac.uk\/diplab\/lab-members\/","og_locale":"en_US","og_type":"article","og_title":"Lab Members - Developmental Intergroup Processes (DIP) lab","og_description":"Professor Adam Rutland\u00a0\u00a0\u2013 DIP Lab Director Adam\u2019s research focuses\u00a0generally on\u00a0social-cognitive development. His areas of\u00a0expertise in a developmental context are:\u00a0Prejudice, intergroup processes and relationships, social reasoning and morality; Peer exclusion, rejection, group dynamics and victimization; Cross-group friendships, intergroup attitudes, psychological well being; Interventions\u00a0to reduce prejudice, intergroup contact; Children\u2019s acculturation, ethnic and national identification. a.rutland@exeter.ac.uk &nbsp; &nbsp; [&hellip;]","og_url":"https:\/\/sites.exeter.ac.uk\/diplab\/lab-members\/","og_site_name":"Developmental Intergroup Processes (DIP) lab","article_modified_time":"2025-01-20T12:09:23+00:00","og_image":[{"url":"https:\/\/sites.exeter.ac.uk\/diplab\/wp-content\/uploads\/sites\/581\/2020\/02\/nxjwsjso-e1572735034212-300x300.jpeg"}],"twitter_card":"summary_large_image","twitter_misc":{"Est. reading time":"6 minutes"},"schema":{"@context":"https:\/\/schema.org","@graph":[{"@type":"WebPage","@id":"https:\/\/sites.exeter.ac.uk\/diplab\/lab-members\/","url":"https:\/\/sites.exeter.ac.uk\/diplab\/lab-members\/","name":"Lab Members - Developmental Intergroup Processes (DIP) lab","isPartOf":{"@id":"https:\/\/sites.exeter.ac.uk\/diplab\/#website"},"primaryImageOfPage":{"@id":"https:\/\/sites.exeter.ac.uk\/diplab\/lab-members\/#primaryimage"},"image":{"@id":"https:\/\/sites.exeter.ac.uk\/diplab\/lab-members\/#primaryimage"},"thumbnailUrl":"https:\/\/sites.exeter.ac.uk\/diplab\/wp-content\/uploads\/sites\/581\/2020\/02\/nxjwsjso-e1572735034212-300x300.jpeg","datePublished":"2020-02-04T12:06:44+00:00","dateModified":"2025-01-20T12:09:23+00:00","breadcrumb":{"@id":"https:\/\/sites.exeter.ac.uk\/diplab\/lab-members\/#breadcrumb"},"inLanguage":"en-US","potentialAction":[{"@type":"ReadAction","target":["https:\/\/sites.exeter.ac.uk\/diplab\/lab-members\/"]}]},{"@type":"ImageObject","inLanguage":"en-US","@id":"https:\/\/sites.exeter.ac.uk\/diplab\/lab-members\/#primaryimage","url":"https:\/\/sites.exeter.ac.uk\/diplab\/wp-content\/uploads\/sites\/581\/2020\/02\/nxjwsjso-e1572735034212.jpeg","contentUrl":"https:\/\/sites.exeter.ac.uk\/diplab\/wp-content\/uploads\/sites\/581\/2020\/02\/nxjwsjso-e1572735034212.jpeg","width":372,"height":372},{"@type":"BreadcrumbList","@id":"https:\/\/sites.exeter.ac.uk\/diplab\/lab-members\/#breadcrumb","itemListElement":[{"@type":"ListItem","position":1,"name":"Home","item":"https:\/\/sites.exeter.ac.uk\/diplab\/"},{"@type":"ListItem","position":2,"name":"Lab Members"}]},{"@type":"WebSite","@id":"https:\/\/sites.exeter.ac.uk\/diplab\/#website","url":"https:\/\/sites.exeter.ac.uk\/diplab\/","name":"Developmental Intergroup Processes (DIP) lab","description":"","potentialAction":[{"@type":"SearchAction","target":{"@type":"EntryPoint","urlTemplate":"https:\/\/sites.exeter.ac.uk\/diplab\/?s={search_term_string}"},"query-input":"required name=search_term_string"}],"inLanguage":"en-US"}]}},"jetpack_sharing_enabled":true,"_links":{"self":[{"href":"https:\/\/sites.exeter.ac.uk\/diplab\/wp-json\/wp\/v2\/pages\/44"}],"collection":[{"href":"https:\/\/sites.exeter.ac.uk\/diplab\/wp-json\/wp\/v2\/pages"}],"about":[{"href":"https:\/\/sites.exeter.ac.uk\/diplab\/wp-json\/wp\/v2\/types\/page"}],"author":[{"embeddable":true,"href":"https:\/\/sites.exeter.ac.uk\/diplab\/wp-json\/wp\/v2\/users\/1"}],"replies":[{"embeddable":true,"href":"https:\/\/sites.exeter.ac.uk\/diplab\/wp-json\/wp\/v2\/comments?post=44"}],"version-history":[{"count":1,"href":"https:\/\/sites.exeter.ac.uk\/diplab\/wp-json\/wp\/v2\/pages\/44\/revisions"}],"predecessor-version":[{"id":805,"href":"https:\/\/sites.exeter.ac.uk\/diplab\/wp-json\/wp\/v2\/pages\/44\/revisions\/805"}],"wp:attachment":[{"href":"https:\/\/sites.exeter.ac.uk\/diplab\/wp-json\/wp\/v2\/media?parent=44"}],"wp:term":[{"taxonomy":"category","embeddable":true,"href":"https:\/\/sites.exeter.ac.uk\/diplab\/wp-json\/wp\/v2\/categories?post=44"},{"taxonomy":"post_tag","embeddable":true,"href":"https:\/\/sites.exeter.ac.uk\/diplab\/wp-json\/wp\/v2\/tags?post=44"}],"curies":[{"name":"wp","href":"https:\/\/api.w.org\/{rel}","templated":true}]}}