{"id":76,"date":"2020-02-06T21:25:43","date_gmt":"2020-02-06T20:25:43","guid":{"rendered":"http:\/\/blogs.exeter.ac.uk\/diplab\/?page_id=76"},"modified":"2025-01-20T12:04:36","modified_gmt":"2025-01-20T12:04:36","slug":"lab-alumni","status":"publish","type":"page","link":"https:\/\/sites.exeter.ac.uk\/diplab\/lab-members\/lab-alumni\/","title":{"rendered":"Lab Alumni"},"content":{"rendered":"<div class=\"entry-content\"><\/div>\n<p style=\"text-align: right\"><strong><a href=\"https:\/\/www.researchgate.net\/profile\/Andreea-Constantin-7\">Andreea Constantin <\/a>(former Visiting PhD Student)<\/strong><\/p>\n<p style=\"text-align: left\"><img loading=\"lazy\" decoding=\"async\" class=\" wp-image-249 alignright\" src=\"https:\/\/sites.exeter.ac.uk\/diplab\/wp-content\/uploads\/sites\/581\/2020\/02\/Andreea-Constantin-Alumni-300x293.jpg\" alt=\"\" width=\"172\" height=\"168\" srcset=\"https:\/\/sites.exeter.ac.uk\/diplab\/wp-content\/uploads\/sites\/581\/2020\/02\/Andreea-Constantin-Alumni-300x293.jpg 300w, https:\/\/sites.exeter.ac.uk\/diplab\/wp-content\/uploads\/sites\/581\/2020\/02\/Andreea-Constantin-Alumni.jpg 553w\" sizes=\"(max-width: 172px) 100vw, 172px\" \/>Andreea was a visiting PhD student from the University of Almeria,\u00a0Spain. Her research focused on examining the process linking the stereotype content of morality, sociability and competence, the emotions and the behavioural intentions of native adolescents towards distinct immigrant groups from the Spanish context. She also explored the role of other variables, including\u00a0intergroup contact and perceived outgroup threat. She holds a PhD in Psychology, a master degree in Research in Behavioural Science and a BA in Psychology from Universidad de Almer\u00eda, Spain.\u00a0Andreea is currently involved in two projects exploring gender discrimination in the workplace, affiliated to the Center of Migration Studies and Intercultural Relations of the University of Almer\u00eda.<\/p>\n<p>&nbsp;<\/p>\n<div class=\"entry-content\"><\/div>\n<p><strong>Laura Beckess (former\u00a0Final Year Project Student)<\/strong><\/p>\n<p><img loading=\"lazy\" decoding=\"async\" class=\" wp-image-247 alignleft\" src=\"https:\/\/sites.exeter.ac.uk\/diplab\/wp-content\/uploads\/sites\/581\/2020\/02\/Laura-Beckess-alumni-252x300.jpg\" alt=\"\" width=\"159\" height=\"187\" \/>Laura&#8217;s Dissertation project with Prof. Rutland was investigating children and adolescents\u2019 evaluations and justifications of immigrant exclusion. Her focus was on whether varying levels of English language ability would have an effect on children justifying the exclusion as more or less acceptable- a widely understudied phenomenon. Laura is now pursuing a Masters programme in the area of Developmental Psychology and is hoping to progress into completing a Doctorate, in order to advance into a career in the developmental field.<\/p>\n<div class=\"entry-content\"><\/div>\n<div class=\"entry-content\" style=\"text-align: right\"><\/div>\n<div>\n<div class=\"entry-content\">\n<p style=\"text-align: right\"><strong><a href=\"https:\/\/socialsciences.exeter.ac.uk\/education\/staff\/profile\/index.php?web_id=Sally_Palmer\" target=\"_blank\" rel=\"noopener\"><img loading=\"lazy\" decoding=\"async\" class=\"wp-image-165 alignright\" src=\"https:\/\/sites.exeter.ac.uk\/diplab\/wp-content\/uploads\/sites\/581\/2020\/02\/Sally_Palmer.jpg\" alt=\"\" width=\"210\" height=\"210\" srcset=\"https:\/\/sites.exeter.ac.uk\/diplab\/wp-content\/uploads\/sites\/581\/2020\/02\/Sally_Palmer.jpg 218w, https:\/\/sites.exeter.ac.uk\/diplab\/wp-content\/uploads\/sites\/581\/2020\/02\/Sally_Palmer-150x150.jpg 150w\" sizes=\"(max-width: 210px) 100vw, 210px\" \/>Dr Sally Palmer<\/a><em>\u00a0\u2013 <\/em>Lecturer<em>\u00a0<\/em><\/strong><\/p>\n<div>\n<div style=\"text-align: right\">\n<p>Sally Palmer was a post-doctoral research fellow in DIP Lab (2018-2020). She is now a Lecturer in Education within the Graduate School of Education at the University of Exeter.<\/p>\n<p>Sally researches\u00a0issues of social injustice and inequality in educational contexts, and the mechanisms that promote social inclusion, social cohesion and prosocial behaviour in childhood and adolescence.\u00a0She focusses particularly on children and adolescents&#8217; prosocial bystander reactions to intergroup bullying (e.g., bullying on the basis of group membership, such as ethnicity, nationality, or disability).<\/p>\n<\/div>\n<div style=\"text-align: right\"><a href=\"mailto:s.b.palmer@exeter.ac.uk\" target=\"_blank\" rel=\"noopener\">s.b.palmer@exeter.ac.uk<\/a><\/div>\n<\/div>\n<\/div>\n<p>&nbsp;<\/p>\n<\/div>\n<div class=\"entry-content\">\n<p><a href=\"https:\/\/www.qmu.ac.uk\/schools-and-divisions\/psychology-sociology-and-education\/psychology-sociology-and-education-staff\/dr-si%C3%A2n-jones\/\"><strong>Dr Si\u00e2n Jones <\/strong><\/a><strong>&#8211; Lecturer<\/strong><\/p>\n<div><b><img loading=\"lazy\" decoding=\"async\" class=\" wp-image-95 alignleft\" src=\"https:\/\/sites.exeter.ac.uk\/diplab\/wp-content\/uploads\/sites\/581\/2020\/02\/Sian-Jones-300x300.jpg\" alt=\"\" width=\"192\" height=\"192\" srcset=\"https:\/\/sites.exeter.ac.uk\/diplab\/wp-content\/uploads\/sites\/581\/2020\/02\/Sian-Jones-300x300.jpg 300w, https:\/\/sites.exeter.ac.uk\/diplab\/wp-content\/uploads\/sites\/581\/2020\/02\/Sian-Jones-150x150.jpg 150w, https:\/\/sites.exeter.ac.uk\/diplab\/wp-content\/uploads\/sites\/581\/2020\/02\/Sian-Jones-768x768.jpg 768w, https:\/\/sites.exeter.ac.uk\/diplab\/wp-content\/uploads\/sites\/581\/2020\/02\/Sian-Jones.jpg 852w\" sizes=\"(max-width: 192px) 100vw, 192px\" \/><\/b>Si\u00e2n Jones was an Early Career Fellow at Goldsmiths College, University of London, UK, when she was a member of DIPLab, and is now a Lecturer in Psychology and Education at Queen Margaret University in Edinburgh, UK. \u00a0She obtained her degrees from the University of Exeter and Cardiff University. Her research is primarily in the areas of social and educational psychology. Her research concerns social justice and social identity processes in UK classrooms, and has three key strands. The first strand concerns how children&#8217;s peer group memberships affect teachers and children&#8217;s responses to bullying.\u00a0 A second strand of research focuses on children who belong to numerical minority groups, and concerns \u00a0how majority group children\u2019s imagined play, using toy figures affects their responses to these children. At the same time, she considers how children who belong to numerical minority groups respond to their representation in classroom resources. A third strand of her research is looking longitudinally\u00a0 at how Initial Teacher Education students develop their identity as teachers and embed social justice into their practice.\u00a0<i><br \/>\n<\/i><\/div>\n<\/div>\n<div class=\"entry-content\"><\/div>\n<div class=\"entry-content\">\n<p style=\"text-align: right\"><strong><a href=\"http:\/\/www.lukaswallrich.coffee\">Dr Lukas Wallrich\u00a0<\/a> &#8211; Lecturer<\/strong><a href=\"http:\/\/www.lukaswallrich.coffee\"><img loading=\"lazy\" decoding=\"async\" class=\" wp-image-191 alignright\" src=\"https:\/\/sites.exeter.ac.uk\/diplab\/wp-content\/uploads\/sites\/581\/2020\/02\/lukas-300x300.jpg\" alt=\"Lukas Wallrich\" width=\"202\" height=\"202\" srcset=\"https:\/\/sites.exeter.ac.uk\/diplab\/wp-content\/uploads\/sites\/581\/2020\/02\/lukas-300x300.jpg 300w, https:\/\/sites.exeter.ac.uk\/diplab\/wp-content\/uploads\/sites\/581\/2020\/02\/lukas-150x150.jpg 150w, https:\/\/sites.exeter.ac.uk\/diplab\/wp-content\/uploads\/sites\/581\/2020\/02\/lukas.jpg 376w\" sizes=\"(max-width: 202px) 100vw, 202px\" \/><\/a><\/p>\n<p style=\"text-align: right\"><span class=\"mark8gcb6ncje\">Lukas<\/span>\u00a0was a\u00a0PhD student at Goldsmiths, where his research focused primarily on links between intergroup contact and prosocial behaviour, including bystander interventions and civic engagement. He now works as Lecturer at Birkbeck, University of London, in the Department of Organisational Psychology, where his\u00a0research\u00a0primarily focuses on how organisations can derive benefits from workforce diversity.<\/p>\n<p style=\"text-align: right\">He holds an MA in Education (Psychology) from the UCL Institute of Education and a BA in Politics, Philosophy and Economics from the University of Oxford. In addition, he has experience in management consulting, and in youth work, there both as a trainer and board member of a German charity.<\/p>\n<div><\/div>\n<div><\/div>\n<div><\/div>\n<div><strong>Amy Robbi<\/strong><strong>ns (Former Placement Student)<\/strong><img loading=\"lazy\" decoding=\"async\" class=\"wp-image-136 alignleft\" src=\"https:\/\/sites.exeter.ac.uk\/diplab\/wp-content\/uploads\/sites\/581\/2020\/02\/PS-Amy-Robbins-289x300.png\" alt=\"\" width=\"167\" height=\"173\" srcset=\"https:\/\/sites.exeter.ac.uk\/diplab\/wp-content\/uploads\/sites\/581\/2020\/02\/PS-Amy-Robbins-289x300.png 289w, https:\/\/sites.exeter.ac.uk\/diplab\/wp-content\/uploads\/sites\/581\/2020\/02\/PS-Amy-Robbins-987x1024.png 987w, https:\/\/sites.exeter.ac.uk\/diplab\/wp-content\/uploads\/sites\/581\/2020\/02\/PS-Amy-Robbins-768x797.png 768w, https:\/\/sites.exeter.ac.uk\/diplab\/wp-content\/uploads\/sites\/581\/2020\/02\/PS-Amy-Robbins-1480x1536.png 1480w, https:\/\/sites.exeter.ac.uk\/diplab\/wp-content\/uploads\/sites\/581\/2020\/02\/PS-Amy-Robbins.png 1826w\" sizes=\"(max-width: 167px) 100vw, 167px\" \/><\/div>\n<div>Amy was a third year placement student from Cardiff University working as a research assistant in Professor Rutland\u2019s lab. She has particular interest in\u00a0developmental and social psychology, specifically adolescents\u2019 intergroup relations and social identity. She is currently completing her final year back in Cardiff.<\/div>\n<\/div>\n<div><\/div>\n<div><\/div>\n<div><\/div>\n<div><\/div>\n<div>\n<p><img loading=\"lazy\" decoding=\"async\" class=\"size-medium wp-image-255 alignright\" src=\"https:\/\/sites.exeter.ac.uk\/diplab\/wp-content\/uploads\/sites\/581\/2020\/02\/Secil-Gonultas-300x225.jpeg\" alt=\"Secil Gonultas\" width=\"300\" height=\"225\" srcset=\"https:\/\/sites.exeter.ac.uk\/diplab\/wp-content\/uploads\/sites\/581\/2020\/02\/Secil-Gonultas-300x225.jpeg 300w, https:\/\/sites.exeter.ac.uk\/diplab\/wp-content\/uploads\/sites\/581\/2020\/02\/Secil-Gonultas-1024x768.jpeg 1024w, https:\/\/sites.exeter.ac.uk\/diplab\/wp-content\/uploads\/sites\/581\/2020\/02\/Secil-Gonultas-768x576.jpeg 768w, https:\/\/sites.exeter.ac.uk\/diplab\/wp-content\/uploads\/sites\/581\/2020\/02\/Secil-Gonultas-1536x1152.jpeg 1536w, https:\/\/sites.exeter.ac.uk\/diplab\/wp-content\/uploads\/sites\/581\/2020\/02\/Secil-Gonultas-2048x1536.jpeg 2048w\" sizes=\"(max-width: 300px) 100vw, 300px\" \/><\/p>\n<\/div>\n<div>Dr. Se\u00e7il G\u00f6n\u00fclta\u015f is an Assistant Professor in the Department of Psychology at Bilkent University. She was a postdoctoral research scholar in the Department of Psychology at the University of Exeter working with Prof. Adam Rutland. She completed her Ph.D. at the Lifespan Developmental Psychology Program at North Carolina State University in the USA. She holds a master\u2019s in Developmental Psychology (Ko\u00e7 University, Turkey) and a bachelor\u2019s degree from Bo\u011fazi\u00e7i University (Turkey). Her research interest centers on investigating group processes (e.g., prejudice, discrimination, and threat perception) and social cognition (e.g., Theory of Mind) in relation to adolescents\u2019 and children\u2019s attitudes and behaviors in intergroup contexts. She is interested in bullying and bystander interventions in intergroup contexts. Through her research, she hopes to translate this research agenda into policy-focused intervention programs aimed at fostering equity and social justice, especially in school settings.<\/div>\n","protected":false},"excerpt":{"rendered":"<p>Andreea Constantin (former Visiting PhD Student) Andreea was a visiting PhD student from the University of Almeria,\u00a0Spain. Her research focused on examining the process linking the stereotype content of morality, sociability and competence, the emotions and the behavioural intentions of native adolescents towards distinct immigrant groups from the Spanish context. She also explored the role [&hellip;]<\/p>\n","protected":false},"author":1,"featured_media":0,"parent":44,"menu_order":0,"comment_status":"closed","ping_status":"closed","template":"page-sidebar-boxed-feature-img.php","meta":{"_acf_changed":false,"footnotes":""},"categories":[],"tags":[],"acf":[],"yoast_head":"<!-- This site is optimized with the Yoast SEO plugin v23.0 - https:\/\/yoast.com\/wordpress\/plugins\/seo\/ -->\n<title>Lab Alumni - Developmental Intergroup Processes (DIP) lab<\/title>\n<meta name=\"robots\" content=\"index, follow, max-snippet:-1, max-image-preview:large, max-video-preview:-1\" \/>\n<link rel=\"canonical\" href=\"https:\/\/sites.exeter.ac.uk\/diplab\/lab-members\/lab-alumni\/\" \/>\n<meta property=\"og:locale\" content=\"en_US\" \/>\n<meta property=\"og:type\" content=\"article\" \/>\n<meta property=\"og:title\" content=\"Lab Alumni - Developmental Intergroup Processes (DIP) lab\" \/>\n<meta property=\"og:description\" content=\"Andreea Constantin (former Visiting PhD Student) Andreea was a visiting PhD student from the University of Almeria,\u00a0Spain. Her research focused on examining the process linking the stereotype content of morality, sociability and competence, the emotions and the behavioural intentions of native adolescents towards distinct immigrant groups from the Spanish context. She also explored the role [&hellip;]\" \/>\n<meta property=\"og:url\" content=\"https:\/\/sites.exeter.ac.uk\/diplab\/lab-members\/lab-alumni\/\" \/>\n<meta property=\"og:site_name\" content=\"Developmental Intergroup Processes (DIP) lab\" \/>\n<meta property=\"article:modified_time\" content=\"2025-01-20T12:04:36+00:00\" \/>\n<meta property=\"og:image\" content=\"https:\/\/sites.exeter.ac.uk\/diplab\/wp-content\/uploads\/sites\/581\/2020\/02\/Andreea-Constantin-Alumni-300x293.jpg\" \/>\n<meta name=\"twitter:card\" content=\"summary_large_image\" \/>\n<meta name=\"twitter:label1\" content=\"Est. reading time\" \/>\n\t<meta name=\"twitter:data1\" content=\"5 minutes\" \/>\n<script type=\"application\/ld+json\" class=\"yoast-schema-graph\">{\"@context\":\"https:\/\/schema.org\",\"@graph\":[{\"@type\":\"WebPage\",\"@id\":\"https:\/\/sites.exeter.ac.uk\/diplab\/lab-members\/lab-alumni\/\",\"url\":\"https:\/\/sites.exeter.ac.uk\/diplab\/lab-members\/lab-alumni\/\",\"name\":\"Lab Alumni - Developmental Intergroup Processes (DIP) lab\",\"isPartOf\":{\"@id\":\"https:\/\/sites.exeter.ac.uk\/diplab\/#website\"},\"primaryImageOfPage\":{\"@id\":\"https:\/\/sites.exeter.ac.uk\/diplab\/lab-members\/lab-alumni\/#primaryimage\"},\"image\":{\"@id\":\"https:\/\/sites.exeter.ac.uk\/diplab\/lab-members\/lab-alumni\/#primaryimage\"},\"thumbnailUrl\":\"https:\/\/sites.exeter.ac.uk\/diplab\/wp-content\/uploads\/sites\/581\/2020\/02\/Andreea-Constantin-Alumni-300x293.jpg\",\"datePublished\":\"2020-02-06T20:25:43+00:00\",\"dateModified\":\"2025-01-20T12:04:36+00:00\",\"breadcrumb\":{\"@id\":\"https:\/\/sites.exeter.ac.uk\/diplab\/lab-members\/lab-alumni\/#breadcrumb\"},\"inLanguage\":\"en-US\",\"potentialAction\":[{\"@type\":\"ReadAction\",\"target\":[\"https:\/\/sites.exeter.ac.uk\/diplab\/lab-members\/lab-alumni\/\"]}]},{\"@type\":\"ImageObject\",\"inLanguage\":\"en-US\",\"@id\":\"https:\/\/sites.exeter.ac.uk\/diplab\/lab-members\/lab-alumni\/#primaryimage\",\"url\":\"https:\/\/sites.exeter.ac.uk\/diplab\/wp-content\/uploads\/sites\/581\/2020\/02\/Andreea-Constantin-Alumni.jpg\",\"contentUrl\":\"https:\/\/sites.exeter.ac.uk\/diplab\/wp-content\/uploads\/sites\/581\/2020\/02\/Andreea-Constantin-Alumni.jpg\",\"width\":553,\"height\":541},{\"@type\":\"BreadcrumbList\",\"@id\":\"https:\/\/sites.exeter.ac.uk\/diplab\/lab-members\/lab-alumni\/#breadcrumb\",\"itemListElement\":[{\"@type\":\"ListItem\",\"position\":1,\"name\":\"Home\",\"item\":\"https:\/\/sites.exeter.ac.uk\/diplab\/\"},{\"@type\":\"ListItem\",\"position\":2,\"name\":\"Lab Members\",\"item\":\"https:\/\/sites.exeter.ac.uk\/diplab\/lab-members\/\"},{\"@type\":\"ListItem\",\"position\":3,\"name\":\"Lab Alumni\"}]},{\"@type\":\"WebSite\",\"@id\":\"https:\/\/sites.exeter.ac.uk\/diplab\/#website\",\"url\":\"https:\/\/sites.exeter.ac.uk\/diplab\/\",\"name\":\"Developmental Intergroup Processes (DIP) lab\",\"description\":\"\",\"potentialAction\":[{\"@type\":\"SearchAction\",\"target\":{\"@type\":\"EntryPoint\",\"urlTemplate\":\"https:\/\/sites.exeter.ac.uk\/diplab\/?s={search_term_string}\"},\"query-input\":\"required name=search_term_string\"}],\"inLanguage\":\"en-US\"}]}<\/script>\n<!-- \/ Yoast SEO plugin. -->","yoast_head_json":{"title":"Lab Alumni - Developmental Intergroup Processes (DIP) lab","robots":{"index":"index","follow":"follow","max-snippet":"max-snippet:-1","max-image-preview":"max-image-preview:large","max-video-preview":"max-video-preview:-1"},"canonical":"https:\/\/sites.exeter.ac.uk\/diplab\/lab-members\/lab-alumni\/","og_locale":"en_US","og_type":"article","og_title":"Lab Alumni - Developmental Intergroup Processes (DIP) lab","og_description":"Andreea Constantin (former Visiting PhD Student) Andreea was a visiting PhD student from the University of Almeria,\u00a0Spain. Her research focused on examining the process linking the stereotype content of morality, sociability and competence, the emotions and the behavioural intentions of native adolescents towards distinct immigrant groups from the Spanish context. She also explored the role [&hellip;]","og_url":"https:\/\/sites.exeter.ac.uk\/diplab\/lab-members\/lab-alumni\/","og_site_name":"Developmental Intergroup Processes (DIP) lab","article_modified_time":"2025-01-20T12:04:36+00:00","og_image":[{"url":"https:\/\/sites.exeter.ac.uk\/diplab\/wp-content\/uploads\/sites\/581\/2020\/02\/Andreea-Constantin-Alumni-300x293.jpg"}],"twitter_card":"summary_large_image","twitter_misc":{"Est. reading time":"5 minutes"},"schema":{"@context":"https:\/\/schema.org","@graph":[{"@type":"WebPage","@id":"https:\/\/sites.exeter.ac.uk\/diplab\/lab-members\/lab-alumni\/","url":"https:\/\/sites.exeter.ac.uk\/diplab\/lab-members\/lab-alumni\/","name":"Lab Alumni - Developmental Intergroup Processes (DIP) lab","isPartOf":{"@id":"https:\/\/sites.exeter.ac.uk\/diplab\/#website"},"primaryImageOfPage":{"@id":"https:\/\/sites.exeter.ac.uk\/diplab\/lab-members\/lab-alumni\/#primaryimage"},"image":{"@id":"https:\/\/sites.exeter.ac.uk\/diplab\/lab-members\/lab-alumni\/#primaryimage"},"thumbnailUrl":"https:\/\/sites.exeter.ac.uk\/diplab\/wp-content\/uploads\/sites\/581\/2020\/02\/Andreea-Constantin-Alumni-300x293.jpg","datePublished":"2020-02-06T20:25:43+00:00","dateModified":"2025-01-20T12:04:36+00:00","breadcrumb":{"@id":"https:\/\/sites.exeter.ac.uk\/diplab\/lab-members\/lab-alumni\/#breadcrumb"},"inLanguage":"en-US","potentialAction":[{"@type":"ReadAction","target":["https:\/\/sites.exeter.ac.uk\/diplab\/lab-members\/lab-alumni\/"]}]},{"@type":"ImageObject","inLanguage":"en-US","@id":"https:\/\/sites.exeter.ac.uk\/diplab\/lab-members\/lab-alumni\/#primaryimage","url":"https:\/\/sites.exeter.ac.uk\/diplab\/wp-content\/uploads\/sites\/581\/2020\/02\/Andreea-Constantin-Alumni.jpg","contentUrl":"https:\/\/sites.exeter.ac.uk\/diplab\/wp-content\/uploads\/sites\/581\/2020\/02\/Andreea-Constantin-Alumni.jpg","width":553,"height":541},{"@type":"BreadcrumbList","@id":"https:\/\/sites.exeter.ac.uk\/diplab\/lab-members\/lab-alumni\/#breadcrumb","itemListElement":[{"@type":"ListItem","position":1,"name":"Home","item":"https:\/\/sites.exeter.ac.uk\/diplab\/"},{"@type":"ListItem","position":2,"name":"Lab Members","item":"https:\/\/sites.exeter.ac.uk\/diplab\/lab-members\/"},{"@type":"ListItem","position":3,"name":"Lab Alumni"}]},{"@type":"WebSite","@id":"https:\/\/sites.exeter.ac.uk\/diplab\/#website","url":"https:\/\/sites.exeter.ac.uk\/diplab\/","name":"Developmental Intergroup Processes (DIP) lab","description":"","potentialAction":[{"@type":"SearchAction","target":{"@type":"EntryPoint","urlTemplate":"https:\/\/sites.exeter.ac.uk\/diplab\/?s={search_term_string}"},"query-input":"required name=search_term_string"}],"inLanguage":"en-US"}]}},"jetpack_sharing_enabled":true,"_links":{"self":[{"href":"https:\/\/sites.exeter.ac.uk\/diplab\/wp-json\/wp\/v2\/pages\/76"}],"collection":[{"href":"https:\/\/sites.exeter.ac.uk\/diplab\/wp-json\/wp\/v2\/pages"}],"about":[{"href":"https:\/\/sites.exeter.ac.uk\/diplab\/wp-json\/wp\/v2\/types\/page"}],"author":[{"embeddable":true,"href":"https:\/\/sites.exeter.ac.uk\/diplab\/wp-json\/wp\/v2\/users\/1"}],"replies":[{"embeddable":true,"href":"https:\/\/sites.exeter.ac.uk\/diplab\/wp-json\/wp\/v2\/comments?post=76"}],"version-history":[{"count":1,"href":"https:\/\/sites.exeter.ac.uk\/diplab\/wp-json\/wp\/v2\/pages\/76\/revisions"}],"predecessor-version":[{"id":807,"href":"https:\/\/sites.exeter.ac.uk\/diplab\/wp-json\/wp\/v2\/pages\/76\/revisions\/807"}],"up":[{"embeddable":true,"href":"https:\/\/sites.exeter.ac.uk\/diplab\/wp-json\/wp\/v2\/pages\/44"}],"wp:attachment":[{"href":"https:\/\/sites.exeter.ac.uk\/diplab\/wp-json\/wp\/v2\/media?parent=76"}],"wp:term":[{"taxonomy":"category","embeddable":true,"href":"https:\/\/sites.exeter.ac.uk\/diplab\/wp-json\/wp\/v2\/categories?post=76"},{"taxonomy":"post_tag","embeddable":true,"href":"https:\/\/sites.exeter.ac.uk\/diplab\/wp-json\/wp\/v2\/tags?post=76"}],"curies":[{"name":"wp","href":"https:\/\/api.w.org\/{rel}","templated":true}]}}