{"id":545,"date":"2025-08-11T11:15:12","date_gmt":"2025-08-11T11:15:12","guid":{"rendered":"https:\/\/sites.exeter.ac.uk\/ecodap\/?page_id=545"},"modified":"2025-08-12T12:08:00","modified_gmt":"2025-08-12T12:08:00","slug":"in-the-news","status":"publish","type":"page","link":"https:\/\/sites.exeter.ac.uk\/ecodap\/in-the-news\/","title":{"rendered":"In the News"},"content":{"rendered":"\n<p>Media coverage of our research<\/p>\n\n\n\n<ul>\n<li><a href=\"https:\/\/www.rewindradio.co.uk\/news\/news\/cornish-seal-sanctuary-tracks-young-seals-in-the-wild\/\">Cornish Seal Sanctuary Tracks Young Seals in the Wild<\/a> &#8211; Cornwall&#8217;s Rewind Radio<\/li>\n\n\n\n<li><a href=\"https:\/\/www.bbc.co.uk\/news\/articles\/cdd298q17eqo\">Seal pup with GPS tag swam 150 miles to France<\/a> &#8211; BBC News<\/li>\n\n\n\n<li><a href=\"https:\/\/oceanographicmagazine.com\/news\/new-study-reveals-extensive-benefits-of-whale-pee\/\">Whale pee helps sustain a healthy ocean, new study finds<\/a> &#8211; Oceanographic<\/li>\n\n\n\n<li><a href=\"https:\/\/www.alieward.com\/ologies\/pinnipedology\" target=\"_blank\" rel=\"noreferrer noopener\">Pinnipedology (SEALS &amp; WALRUSES) with Luis A. H\u00fcckst\u00e4dt<\/a>. Ologies Podcast<\/li>\n\n\n\n<li><a href=\"https:\/\/www.santacruzsentinel.com\/2021\/02\/02\/uc-santa-cruz-receives-funding-to-expand-oceanography-research-opportunities\/\" target=\"_blank\" rel=\"noreferrer noopener\">UC Santa Cruz receives funding to expand oceanography research opportunities<\/a>. Santa Cruz Sentinel<\/li>\n\n\n\n<li><a href=\"https:\/\/goodtimes.sc\/santa-cruz-news\/seals-uncovering-secrets-southern-ocean\/\" target=\"_blank\" rel=\"noreferrer noopener\">How Seals Are Uncovering Secrets of the Southern Ocean<\/a>. Good Times (Santa Cruz)<\/li>\n\n\n\n<li><a href=\"https:\/\/www.forbes.com\/sites\/andrewwight\/2020\/05\/10\/chilean-scientists-used-these-seal-spies-to-dive-into-antarctic-climate-mysteries\/#48db4cf55a40\" target=\"_blank\" rel=\"noreferrer noopener\">Chilean Scientists Used These Seals As Spies To Dive Into Antarctic Climate Mysteries<\/a>. Forbes<\/li>\n\n\n\n<li><a href=\"https:\/\/www.elmostrador.cl\/dia\/2020\/05\/04\/krill-en-problemas-se-desplazara-hacia-zonas-oceanicas-y-el-sur-de-la-antartica-por-cambio-climatico\/\" target=\"_blank\" rel=\"noreferrer noopener\">Krill en problemas: se desplazar\u00e1 hacia zonas oce\u00e1nicas y el sur de la Ant\u00e1rtica por cambio global<\/a>. El Mostrador (Chile).<\/li>\n\n\n\n<li><a href=\"https:\/\/www.dailymail.co.uk\/sciencetech\/article-8286437\/Climate-change-slowly-killing-main-source-food-crabeater-seals.html\" target=\"_blank\" rel=\"noreferrer noopener\">Crabeater seals in Antarctica will have to swim farther distances to find food sources as warming oceans reduce the amount of krill in the waters<\/a>. The Daily Mail.<\/li>\n\n\n\n<li><a href=\"https:\/\/elpais.com\/elpais\/2020\/05\/01\/somos_antartida\/1588326924_434738.html\" target=\"_blank\" rel=\"noreferrer noopener\">\u00bfPeligra el alimento de la fauna ant\u00e1rtica?<\/a>. El Pais (Spain).<\/li>\n\n\n\n<li><a href=\"https:\/\/www.biobiochile.cl\/especial\/aqui-tierra\/noticias\/2020\/04\/29\/alertan-sobre-crisis-alimentaria-en-la-antartica.shtml\" target=\"_blank\" rel=\"noreferrer noopener\">Alertan sobre crisis alimentaria en la Ant\u00e1rtica<\/a>. BioBio (Chile).<\/li>\n\n\n\n<li><a href=\"https:\/\/www.ecowatch.com\/seals-scientists-mapping-antarctica-krill-2645862455.html\" target=\"_blank\" rel=\"noreferrer noopener\">Seals Are Helping Scientists Map the Future of Antarctic Krill<\/a>. EcoWatch.<\/li>\n\n\n\n<li><a href=\"https:\/\/www.upi.com\/Science_News\/2020\/04\/28\/Seal-behavior-helps-scientists-predict-changes-in-Antarctic-krill-distribution\/9921588088337\/\" target=\"_blank\" rel=\"noreferrer noopener\">Seal behavior helps scientists predict changes in Antarctic krill distribution<\/a>. UPI.<\/li>\n\n\n\n<li><a href=\"https:\/\/www.gizmodo.com.au\/2020\/04\/great-climate-change-is-coming-for-these-cute-seal-boys\/\" target=\"_blank\" rel=\"noreferrer noopener\">Great, Climate Change Is Coming For These Cute Seal Boys<\/a>. Gizmodo.<\/li>\n\n\n\n<li><a href=\"https:\/\/news.ucsc.edu\/2020\/04\/crabeater-seals.html\" target=\"_blank\" rel=\"noreferrer noopener\">Crabeater seal data used to predict changes in Antarctic krill distribution<\/a>. UCSC newsletter.<\/li>\n\n\n\n<li><a href=\"https:\/\/www.sciencefocus.com\/news\/penguins-help-researchers-identify-the-most-vulnerable-areas-of-the-antarctic\" target=\"_blank\" rel=\"noreferrer noopener\">Penguins help researchers identify the most vulnerable areas of the Antarctic<\/a>. Science Focus (BBC).<\/li>\n\n\n\n<li><a href=\"https:\/\/news.ucsc.edu\/2020\/03\/southern-ocean-ecosystems\/\">Tracking data used to identify biodiversity hot spots in Southern Ocean ecosystems<\/a>. UCSC newsletter.<\/li>\n\n\n\n<li><a href=\"https:\/\/hakaimagazine.com\/news\/detecting-pregnancy-by-proxy\/\">Detecting pregnancy by Proxy<\/a> &#8211; Hakai magazine<\/li>\n\n\n\n<li><a href=\"https:\/\/news.ucsc.edu\/2018\/02\/marine-animals\/\">Tracking data reveal the secret lives of marine animals<\/a> &#8211; UCSC Newsletter<\/li>\n\n\n\n<li><a href=\"https:\/\/www.nationalgeographic.com\/animals\/article\/animals-seals-climate-change-antarctica\">How a Wayward Antarctic Seal Ended Up on a Brazilian Beach<\/a>&nbsp;&#8211; National Geographic Magazine<\/li>\n\n\n\n<li><a href=\"https:\/\/www.inverse.com\/article\/40061-emperor-penguins-fast-winter-night-snacking\">Sneaky Emperor Penguins Know the Importance of Snacks When it&#8217;s Cold Out<\/a>&nbsp;&#8211; Inverse Magazine<\/li>\n\n\n\n<li><a href=\"https:\/\/www.nytimes.com\/2018\/01\/09\/science\/emperor-penguins-dads.html\">Emperor Penguins: Good Dads, but Less Dedicated Than You May Have Thought<\/a>&nbsp;&#8211; The New York Times<\/li>\n\n\n\n<li>Most male Emperor penguins fast for 115 days\u2014but a few of them may sneak snacks&nbsp;&#8211; Popular Science<\/li>\n\n\n\n<li>Emperor penguins may shorten record fast by snacking&nbsp;&#8211; Phys.org<\/li>\n\n\n\n<li>Freeze-frame: legendary polar explorers provide snapshot of Antarctica\u2019s resilience &#8211; Cosmos Magazine<\/li>\n\n\n\n<li>Century-old seal pelts reveal changes in Ross Sea ecosystem &#8211; UCSC Newsletter<\/li>\n\n\n\n<li>Seals Don\u2019t Waste Their Breath &#8211; The Antarctic Sun<\/li>\n\n\n\n<li>Hidden lives of elephant seals: Record-setting dive more than a mile deep &#8211; Science Daily<\/li>\n<\/ul>\n","protected":false},"excerpt":{"rendered":"<p>Media coverage of our research<\/p>\n","protected":false},"author":2679,"featured_media":0,"parent":0,"menu_order":0,"comment_status":"closed","ping_status":"closed","template":"","meta":{"_acf_changed":false,"footnotes":""},"categories":[],"tags":[],"acf":[],"yoast_head":"<!-- This site is optimized with the Yoast SEO plugin v23.0 - https:\/\/yoast.com\/wordpress\/plugins\/seo\/ -->\n<title>In the News - EcoPhysiology of Diving Air-breathing Predators - EcoDAP<\/title>\n<meta name=\"robots\" content=\"index, follow, max-snippet:-1, max-image-preview:large, max-video-preview:-1\" \/>\n<link rel=\"canonical\" href=\"https:\/\/sites.exeter.ac.uk\/ecodap\/in-the-news\/\" \/>\n<meta property=\"og:locale\" content=\"en_US\" \/>\n<meta property=\"og:type\" content=\"article\" \/>\n<meta property=\"og:title\" content=\"In the News - EcoPhysiology of Diving Air-breathing Predators - EcoDAP\" \/>\n<meta property=\"og:description\" content=\"Media coverage of our research\" \/>\n<meta property=\"og:url\" content=\"https:\/\/sites.exeter.ac.uk\/ecodap\/in-the-news\/\" \/>\n<meta property=\"og:site_name\" content=\"EcoPhysiology of Diving Air-breathing Predators - EcoDAP\" \/>\n<meta property=\"article:modified_time\" content=\"2025-08-12T12:08:00+00:00\" \/>\n<meta name=\"twitter:card\" content=\"summary_large_image\" \/>\n<meta name=\"twitter:label1\" content=\"Est. reading time\" \/>\n\t<meta name=\"twitter:data1\" content=\"2 minutes\" \/>\n<script type=\"application\/ld+json\" class=\"yoast-schema-graph\">{\"@context\":\"https:\/\/schema.org\",\"@graph\":[{\"@type\":\"WebPage\",\"@id\":\"https:\/\/sites.exeter.ac.uk\/ecodap\/in-the-news\/\",\"url\":\"https:\/\/sites.exeter.ac.uk\/ecodap\/in-the-news\/\",\"name\":\"In the News - EcoPhysiology of Diving Air-breathing Predators - EcoDAP\",\"isPartOf\":{\"@id\":\"https:\/\/sites.exeter.ac.uk\/ecodap\/#website\"},\"datePublished\":\"2025-08-11T11:15:12+00:00\",\"dateModified\":\"2025-08-12T12:08:00+00:00\",\"breadcrumb\":{\"@id\":\"https:\/\/sites.exeter.ac.uk\/ecodap\/in-the-news\/#breadcrumb\"},\"inLanguage\":\"en-US\",\"potentialAction\":[{\"@type\":\"ReadAction\",\"target\":[\"https:\/\/sites.exeter.ac.uk\/ecodap\/in-the-news\/\"]}]},{\"@type\":\"BreadcrumbList\",\"@id\":\"https:\/\/sites.exeter.ac.uk\/ecodap\/in-the-news\/#breadcrumb\",\"itemListElement\":[{\"@type\":\"ListItem\",\"position\":1,\"name\":\"Home\",\"item\":\"https:\/\/sites.exeter.ac.uk\/ecodap\/\"},{\"@type\":\"ListItem\",\"position\":2,\"name\":\"In the News\"}]},{\"@type\":\"WebSite\",\"@id\":\"https:\/\/sites.exeter.ac.uk\/ecodap\/#website\",\"url\":\"https:\/\/sites.exeter.ac.uk\/ecodap\/\",\"name\":\"EcoPhysiology of Diving Air-breathing Predators - EcoDAP\",\"description\":\"\",\"potentialAction\":[{\"@type\":\"SearchAction\",\"target\":{\"@type\":\"EntryPoint\",\"urlTemplate\":\"https:\/\/sites.exeter.ac.uk\/ecodap\/?s={search_term_string}\"},\"query-input\":\"required name=search_term_string\"}],\"inLanguage\":\"en-US\"}]}<\/script>\n<!-- \/ Yoast SEO plugin. -->","yoast_head_json":{"title":"In the News - EcoPhysiology of Diving Air-breathing Predators - EcoDAP","robots":{"index":"index","follow":"follow","max-snippet":"max-snippet:-1","max-image-preview":"max-image-preview:large","max-video-preview":"max-video-preview:-1"},"canonical":"https:\/\/sites.exeter.ac.uk\/ecodap\/in-the-news\/","og_locale":"en_US","og_type":"article","og_title":"In the News - EcoPhysiology of Diving Air-breathing Predators - EcoDAP","og_description":"Media coverage of our research","og_url":"https:\/\/sites.exeter.ac.uk\/ecodap\/in-the-news\/","og_site_name":"EcoPhysiology of Diving Air-breathing Predators - EcoDAP","article_modified_time":"2025-08-12T12:08:00+00:00","twitter_card":"summary_large_image","twitter_misc":{"Est. reading time":"2 minutes"},"schema":{"@context":"https:\/\/schema.org","@graph":[{"@type":"WebPage","@id":"https:\/\/sites.exeter.ac.uk\/ecodap\/in-the-news\/","url":"https:\/\/sites.exeter.ac.uk\/ecodap\/in-the-news\/","name":"In the News - EcoPhysiology of Diving Air-breathing Predators - EcoDAP","isPartOf":{"@id":"https:\/\/sites.exeter.ac.uk\/ecodap\/#website"},"datePublished":"2025-08-11T11:15:12+00:00","dateModified":"2025-08-12T12:08:00+00:00","breadcrumb":{"@id":"https:\/\/sites.exeter.ac.uk\/ecodap\/in-the-news\/#breadcrumb"},"inLanguage":"en-US","potentialAction":[{"@type":"ReadAction","target":["https:\/\/sites.exeter.ac.uk\/ecodap\/in-the-news\/"]}]},{"@type":"BreadcrumbList","@id":"https:\/\/sites.exeter.ac.uk\/ecodap\/in-the-news\/#breadcrumb","itemListElement":[{"@type":"ListItem","position":1,"name":"Home","item":"https:\/\/sites.exeter.ac.uk\/ecodap\/"},{"@type":"ListItem","position":2,"name":"In the News"}]},{"@type":"WebSite","@id":"https:\/\/sites.exeter.ac.uk\/ecodap\/#website","url":"https:\/\/sites.exeter.ac.uk\/ecodap\/","name":"EcoPhysiology of Diving Air-breathing Predators - EcoDAP","description":"","potentialAction":[{"@type":"SearchAction","target":{"@type":"EntryPoint","urlTemplate":"https:\/\/sites.exeter.ac.uk\/ecodap\/?s={search_term_string}"},"query-input":"required name=search_term_string"}],"inLanguage":"en-US"}]}},"jetpack_sharing_enabled":true,"_links":{"self":[{"href":"https:\/\/sites.exeter.ac.uk\/ecodap\/wp-json\/wp\/v2\/pages\/545"}],"collection":[{"href":"https:\/\/sites.exeter.ac.uk\/ecodap\/wp-json\/wp\/v2\/pages"}],"about":[{"href":"https:\/\/sites.exeter.ac.uk\/ecodap\/wp-json\/wp\/v2\/types\/page"}],"author":[{"embeddable":true,"href":"https:\/\/sites.exeter.ac.uk\/ecodap\/wp-json\/wp\/v2\/users\/2679"}],"replies":[{"embeddable":true,"href":"https:\/\/sites.exeter.ac.uk\/ecodap\/wp-json\/wp\/v2\/comments?post=545"}],"version-history":[{"count":8,"href":"https:\/\/sites.exeter.ac.uk\/ecodap\/wp-json\/wp\/v2\/pages\/545\/revisions"}],"predecessor-version":[{"id":693,"href":"https:\/\/sites.exeter.ac.uk\/ecodap\/wp-json\/wp\/v2\/pages\/545\/revisions\/693"}],"wp:attachment":[{"href":"https:\/\/sites.exeter.ac.uk\/ecodap\/wp-json\/wp\/v2\/media?parent=545"}],"wp:term":[{"taxonomy":"category","embeddable":true,"href":"https:\/\/sites.exeter.ac.uk\/ecodap\/wp-json\/wp\/v2\/categories?post=545"},{"taxonomy":"post_tag","embeddable":true,"href":"https:\/\/sites.exeter.ac.uk\/ecodap\/wp-json\/wp\/v2\/tags?post=545"}],"curies":[{"name":"wp","href":"https:\/\/api.w.org\/{rel}","templated":true}]}}