{"id":25,"date":"2022-02-09T12:46:00","date_gmt":"2022-02-09T12:46:00","guid":{"rendered":"https:\/\/sites.exeter.ac.uk\/gemini\/?page_id=25"},"modified":"2025-01-28T12:17:51","modified_gmt":"2025-01-28T12:17:51","slug":"about-us","status":"publish","type":"page","link":"https:\/\/sites.exeter.ac.uk\/gemini\/about-us\/","title":{"rendered":"About Us"},"content":{"rendered":"\n<p>The aim of our research is to uncover new links between long term conditions that could lead to improved interventions including drug treatments or other more focused treatments. These new links could include a better understanding of which cells in the body are most critical to the presence of two conditions in the same patient.<\/p>\n\n\n\n<p>To achieve our aims, we have formed a partnership called the GEMINI collaborative. This team includes two people with multimorbidity, health care professionals including those in primary care and experts in statistics and genetics. <\/p>\n\n\n\n<div class=\"wp-block-buttons is-layout-flex wp-block-buttons-is-layout-flex\">\n<div class=\"wp-block-button\"><a class=\"wp-block-button__link has-cyan-bluish-gray-background-color has-background wp-element-button\" href=\"mailto:GEMINI@exeter.ac.uk\">Learn more<\/a><\/div>\n<\/div>\n\n\n\n<p>Our research team is made up of the following people:<\/p>\n\n\n\n<div style=\"height:20px\" aria-hidden=\"true\" class=\"wp-block-spacer\"><\/div>\n\n\n\n<h3 class=\"wp-block-heading\"><strong>University of Exeter<\/strong><\/h3>\n\n\n\n<p><a href=\"https:\/\/medicine.exeter.ac.uk\/people\/profile\/index.php?web_id=tim_frayling\">Professor Timothy Frayling<\/a>, Professor of Human Genetics, Principal Investigator<\/p>\n\n\n\n<p><a href=\"https:\/\/medicine.exeter.ac.uk\/people\/profile\/index.php?web_id=Sallie_Lamb\">Professor Sallie Lamb <\/a>Associate Dean for Research &amp; Mireille Gillings Professor of Health Innovation<\/p>\n\n\n\n<p><a href=\"https:\/\/medicine.exeter.ac.uk\/people\/profile\/index.php?web_id=Louise_Allan\">Professor Louise Allan<\/a>, Professor of Geriatric Medicine<\/p>\n\n\n\n<p><a href=\"https:\/\/medicine.exeter.ac.uk\/people\/profile\/index.php?web_id=Joao_Correa-Delgado\">Dr Joao Delgado, Research Fellow<\/a><\/p>\n\n\n\n<p><a href=\"https:\/\/medicine.exeter.ac.uk\/people\/profile\/index.php?web_id=Luke_Pilling\">Dr Luke Pilling<\/a>, Research Fellow in Genomic Epidemiology<\/p>\n\n\n\n<p><a href=\"https:\/\/medicine.exeter.ac.uk\/people\/profile\/index.php?web_id=Jose_Valderas-Martinez\">Professor Jose Valderas<\/a>, Professor of Health Services and Policy Research<\/p>\n\n\n\n<p><a href=\"https:\/\/medicine.exeter.ac.uk\/people\/profile\/index.php?web_id=Jack_Bowden\">Professor Jack Bowden<\/a>, Professor of Biomedical Data Science<\/p>\n\n\n\n<p><a href=\"https:\/\/medicine.exeter.ac.uk\/people\/profile\/index.php?web_id=David_Strain\">Dr David William Strain<\/a>, Senior Clinical Lecturer (E&amp;R) (HEFCE-NHS CSLA)<\/p>\n\n\n\n<p><a href=\"https:\/\/medicine.exeter.ac.uk\/people\/profile\/index.php?web_id=Christopher_Fox\">Professor Chris Fox<\/a>, Professor of Clinical Psychiatry<\/p>\n\n\n\n<p><a href=\"https:\/\/medicine.exeter.ac.uk\/people\/profile\/index.php?web_id=David_Melzer\">Professor David Melze<\/a>r, Professor of Epidemiology and Public Health<\/p>\n\n\n\n<p><a href=\"https:\/\/medicine.exeter.ac.uk\/people\/profile\/index.php?web_id=Jane_Masoli\">Dr Jane Masoli,<\/a> NIHR Academic Clinical Lecturer &amp; Acting Consultant in Geriatric Medicine<\/p>\n\n\n\n<p><a href=\"https:\/\/medicine.exeter.ac.uk\/clinical-biomedical\/people\/profile\/index.php?username=athatter\">Professor Andrew Hattersley<\/a><\/p>\n\n\n\n<p><a href=\"https:\/\/medicine.exeter.ac.uk\/clinical-biomedical\/people\/profile\/index.php?username=cb723\">Professor Clive Ballard<\/a>, Professor of Age Related Diseases<\/p>\n\n\n\n<p><a href=\"https:\/\/arc-swp.nihr.ac.uk\/about-penarc\/people\/kate-boddy\/\">Kate Boddy,<\/a> Research Fellow<\/p>\n\n\n\n<p><a href=\"https:\/\/medicine.exeter.ac.uk\/clinical-biomedical\/people\/profile\/index.php?username=om411\">Dr Olivia Murrin<\/a>, Research Fellow<\/p>\n\n\n\n<p><a href=\"https:\/\/medicine.exeter.ac.uk\/clinical-biomedical\/people\/profile\/index.php?username=xl543\">Dr Xiaoran Liang<\/a>, Postdoctoral Research Fellow<\/p>\n\n\n\n<p><a href=\"https:\/\/medicine.exeter.ac.uk\/people\/profile\/index.php?username=dt381\">Deniz Turkmen<\/a>, Postgraduate Researcher<\/p>\n\n\n\n<p><a href=\"https:\/\/uk.linkedin.com\/in\/bethany-voller-543b61189\">Bethany Voller<\/a>, Graduate Research Assistant<\/p>\n\n\n\n<p><\/p>\n\n\n\n<div style=\"height:15px\" aria-hidden=\"true\" class=\"wp-block-spacer\"><\/div>\n\n\n\n<h3 class=\"wp-block-heading\"><strong>NIHR Applied Research Collaboration South West Peninsula (PenARC) Patient Involvement Group Members<\/strong><\/h3>\n\n\n\n<p><a href=\"https:\/\/arc-swp.nihr.ac.uk\/about-penarc\/people\/leon-farmer\/\">Leon Farmer<\/a><\/p>\n\n\n\n<p>Mary Mancini<br><\/p>\n\n\n\n<div style=\"height:15px\" aria-hidden=\"true\" class=\"wp-block-spacer\"><\/div>\n\n\n\n<h3 class=\"wp-block-heading\"><strong>University of East Anglia<\/strong><br><\/h3>\n\n\n\n<p><a href=\"https:\/\/research-portal.uea.ac.uk\/en\/persons\/lee-shepstone\">Professor Lee Shepstone<\/a>, University Institute for Primary Health Care Research Foundation<\/p>\n\n\n\n<div style=\"height:15px\" aria-hidden=\"true\" class=\"wp-block-spacer\"><\/div>\n\n\n\n<h3 class=\"wp-block-heading\"><strong>Barcelona<\/strong><br><\/h3>\n\n\n\n<p><a href=\"https:\/\/www.idiapjgol.org\/index.php\/en\/accordion-a\/level-22\/43-idiap\/organitzacio\/268-concepcio-violan-en\">Dr Concepcio Violan Fors<\/a>,\u00a0Family Physician, PhD , Senior researcher, Research Support Unit (USR) Northern Metropolitan Primary Care, The Foundation University Institute for Primary Health Care Research Jordi Gol i Gurina (IDIAPJGol).Institut Universitari d\u2019Investigaci\u00f3 en Atenci\u00f3 Prim\u00e0ria (IDIAP Jordi Gol)<\/p>\n\n\n\n<p>Carlos Gallego Moll<\/p>\n\n\n\n<p>Luc\u00eda Carrasco Ribelles<\/p>\n\n\n\n<p>Nica Taralunga<\/p>\n\n\n\n<h3 class=\"wp-block-heading\"><strong><br>University of Oxford<\/strong><\/h3>\n\n\n\n<p><a href=\"https:\/\/www.ndorms.ox.ac.uk\/team\/sara-khalid\">Dr Sara Khalid<\/a>, Senior Research Fellow in Biomedical Data Science and\u00a0 Health Informatics, UKRI NERC Fellow in Digital Environment, Centre for Statistics in Medicine, NDORMS, University of Oxford<\/p>\n\n\n\n<p><a href=\"https:\/\/www.ndorms.ox.ac.uk\/team\/qingze-gu\">Dr Qingze Gu,<\/a> Postdoctoral Health Data Science, Planetary Health Informatics group and the\u00a0Pharmaco-and Device Epidemiology\u00a0group at the Centre for Statistics in Medicine, NDORMS, University of Oxford<\/p>\n\n\n\n<p><\/p>\n\n\n\n<h3 class=\"wp-block-heading\"><strong>University of Leicester<\/strong><\/h3>\n\n\n\n<p><a href=\"https:\/\/le.ac.uk\/people\/frank-dudbridge\">Professor Frank Dudbridge<\/a>, Professor of Statistical Genetics<\/p>\n\n\n\n<div class=\"wp-block-buttons is-layout-flex wp-block-buttons-is-layout-flex\">\n<div class=\"wp-block-button\"><a class=\"wp-block-button__link has-cyan-bluish-gray-background-color has-background wp-element-button\" href=\"mailto:GEMINI@exeter.ac.uk\">Get in touch<\/a><\/div>\n<\/div>\n\n\n\n<p><\/p>\n\n\n\n<p><\/p>\n","protected":false},"excerpt":{"rendered":"<p>The aim of our research is to uncover new links between long term conditions that could lead to improved interventions including drug treatments or other more focused treatments. These new links could include a better understanding of which cells in the body are most critical to the presence of two conditions in the same patient. [&hellip;]<\/p>\n","protected":false},"author":85,"featured_media":371,"parent":0,"menu_order":0,"comment_status":"closed","ping_status":"closed","template":"","meta":{"_acf_changed":false,"footnotes":""},"categories":[],"tags":[],"acf":[],"yoast_head":"<!-- This site is optimized with the Yoast SEO plugin v23.0 - https:\/\/yoast.com\/wordpress\/plugins\/seo\/ -->\n<title>About Us - GEMINI<\/title>\n<meta name=\"robots\" content=\"index, follow, max-snippet:-1, max-image-preview:large, max-video-preview:-1\" \/>\n<link rel=\"canonical\" href=\"https:\/\/sites.exeter.ac.uk\/gemini\/about-us\/\" \/>\n<meta property=\"og:locale\" content=\"en_US\" \/>\n<meta property=\"og:type\" content=\"article\" \/>\n<meta property=\"og:title\" content=\"About Us - GEMINI\" \/>\n<meta property=\"og:description\" content=\"The aim of our research is to uncover new links between long term conditions that could lead to improved interventions including drug treatments or other more focused treatments. These new links could include a better understanding of which cells in the body are most critical to the presence of two conditions in the same patient. [&hellip;]\" \/>\n<meta property=\"og:url\" content=\"https:\/\/sites.exeter.ac.uk\/gemini\/about-us\/\" \/>\n<meta property=\"og:site_name\" content=\"GEMINI\" \/>\n<meta property=\"article:modified_time\" content=\"2025-01-28T12:17:51+00:00\" \/>\n<meta property=\"og:image\" content=\"https:\/\/sites.exeter.ac.uk\/gemini\/wp-content\/uploads\/sites\/39\/2022\/03\/Gemini_about-us.jpg\" \/>\n\t<meta property=\"og:image:width\" content=\"1239\" \/>\n\t<meta property=\"og:image:height\" content=\"800\" \/>\n\t<meta property=\"og:image:type\" content=\"image\/jpeg\" \/>\n<meta name=\"twitter:card\" content=\"summary_large_image\" \/>\n<meta name=\"twitter:label1\" content=\"Est. reading time\" \/>\n\t<meta name=\"twitter:data1\" content=\"2 minutes\" \/>\n<script type=\"application\/ld+json\" class=\"yoast-schema-graph\">{\"@context\":\"https:\/\/schema.org\",\"@graph\":[{\"@type\":\"WebPage\",\"@id\":\"https:\/\/sites.exeter.ac.uk\/gemini\/about-us\/\",\"url\":\"https:\/\/sites.exeter.ac.uk\/gemini\/about-us\/\",\"name\":\"About Us - GEMINI\",\"isPartOf\":{\"@id\":\"https:\/\/sites.exeter.ac.uk\/gemini\/#website\"},\"primaryImageOfPage\":{\"@id\":\"https:\/\/sites.exeter.ac.uk\/gemini\/about-us\/#primaryimage\"},\"image\":{\"@id\":\"https:\/\/sites.exeter.ac.uk\/gemini\/about-us\/#primaryimage\"},\"thumbnailUrl\":\"https:\/\/sites.exeter.ac.uk\/gemini\/wp-content\/uploads\/sites\/39\/2022\/03\/Gemini_about-us.jpg\",\"datePublished\":\"2022-02-09T12:46:00+00:00\",\"dateModified\":\"2025-01-28T12:17:51+00:00\",\"breadcrumb\":{\"@id\":\"https:\/\/sites.exeter.ac.uk\/gemini\/about-us\/#breadcrumb\"},\"inLanguage\":\"en-US\",\"potentialAction\":[{\"@type\":\"ReadAction\",\"target\":[\"https:\/\/sites.exeter.ac.uk\/gemini\/about-us\/\"]}]},{\"@type\":\"ImageObject\",\"inLanguage\":\"en-US\",\"@id\":\"https:\/\/sites.exeter.ac.uk\/gemini\/about-us\/#primaryimage\",\"url\":\"https:\/\/sites.exeter.ac.uk\/gemini\/wp-content\/uploads\/sites\/39\/2022\/03\/Gemini_about-us.jpg\",\"contentUrl\":\"https:\/\/sites.exeter.ac.uk\/gemini\/wp-content\/uploads\/sites\/39\/2022\/03\/Gemini_about-us.jpg\",\"width\":1239,\"height\":800,\"caption\":\"Scientist are experiment with science on vaccines to treat Coronavirus. Analysis meeting through video conference with a laptop. Working in a lab or Hospital. Concept work at home and new normal\"},{\"@type\":\"BreadcrumbList\",\"@id\":\"https:\/\/sites.exeter.ac.uk\/gemini\/about-us\/#breadcrumb\",\"itemListElement\":[{\"@type\":\"ListItem\",\"position\":1,\"name\":\"Home\",\"item\":\"https:\/\/sites.exeter.ac.uk\/gemini\/\"},{\"@type\":\"ListItem\",\"position\":2,\"name\":\"About Us\"}]},{\"@type\":\"WebSite\",\"@id\":\"https:\/\/sites.exeter.ac.uk\/gemini\/#website\",\"url\":\"https:\/\/sites.exeter.ac.uk\/gemini\/\",\"name\":\"GEMINI\",\"description\":\"\",\"potentialAction\":[{\"@type\":\"SearchAction\",\"target\":{\"@type\":\"EntryPoint\",\"urlTemplate\":\"https:\/\/sites.exeter.ac.uk\/gemini\/?s={search_term_string}\"},\"query-input\":\"required name=search_term_string\"}],\"inLanguage\":\"en-US\"}]}<\/script>\n<!-- \/ Yoast SEO plugin. -->","yoast_head_json":{"title":"About Us - GEMINI","robots":{"index":"index","follow":"follow","max-snippet":"max-snippet:-1","max-image-preview":"max-image-preview:large","max-video-preview":"max-video-preview:-1"},"canonical":"https:\/\/sites.exeter.ac.uk\/gemini\/about-us\/","og_locale":"en_US","og_type":"article","og_title":"About Us - GEMINI","og_description":"The aim of our research is to uncover new links between long term conditions that could lead to improved interventions including drug treatments or other more focused treatments. These new links could include a better understanding of which cells in the body are most critical to the presence of two conditions in the same patient. [&hellip;]","og_url":"https:\/\/sites.exeter.ac.uk\/gemini\/about-us\/","og_site_name":"GEMINI","article_modified_time":"2025-01-28T12:17:51+00:00","og_image":[{"width":1239,"height":800,"url":"https:\/\/sites.exeter.ac.uk\/gemini\/wp-content\/uploads\/sites\/39\/2022\/03\/Gemini_about-us.jpg","type":"image\/jpeg"}],"twitter_card":"summary_large_image","twitter_misc":{"Est. reading time":"2 minutes"},"schema":{"@context":"https:\/\/schema.org","@graph":[{"@type":"WebPage","@id":"https:\/\/sites.exeter.ac.uk\/gemini\/about-us\/","url":"https:\/\/sites.exeter.ac.uk\/gemini\/about-us\/","name":"About Us - GEMINI","isPartOf":{"@id":"https:\/\/sites.exeter.ac.uk\/gemini\/#website"},"primaryImageOfPage":{"@id":"https:\/\/sites.exeter.ac.uk\/gemini\/about-us\/#primaryimage"},"image":{"@id":"https:\/\/sites.exeter.ac.uk\/gemini\/about-us\/#primaryimage"},"thumbnailUrl":"https:\/\/sites.exeter.ac.uk\/gemini\/wp-content\/uploads\/sites\/39\/2022\/03\/Gemini_about-us.jpg","datePublished":"2022-02-09T12:46:00+00:00","dateModified":"2025-01-28T12:17:51+00:00","breadcrumb":{"@id":"https:\/\/sites.exeter.ac.uk\/gemini\/about-us\/#breadcrumb"},"inLanguage":"en-US","potentialAction":[{"@type":"ReadAction","target":["https:\/\/sites.exeter.ac.uk\/gemini\/about-us\/"]}]},{"@type":"ImageObject","inLanguage":"en-US","@id":"https:\/\/sites.exeter.ac.uk\/gemini\/about-us\/#primaryimage","url":"https:\/\/sites.exeter.ac.uk\/gemini\/wp-content\/uploads\/sites\/39\/2022\/03\/Gemini_about-us.jpg","contentUrl":"https:\/\/sites.exeter.ac.uk\/gemini\/wp-content\/uploads\/sites\/39\/2022\/03\/Gemini_about-us.jpg","width":1239,"height":800,"caption":"Scientist are experiment with science on vaccines to treat Coronavirus. Analysis meeting through video conference with a laptop. Working in a lab or Hospital. Concept work at home and new normal"},{"@type":"BreadcrumbList","@id":"https:\/\/sites.exeter.ac.uk\/gemini\/about-us\/#breadcrumb","itemListElement":[{"@type":"ListItem","position":1,"name":"Home","item":"https:\/\/sites.exeter.ac.uk\/gemini\/"},{"@type":"ListItem","position":2,"name":"About Us"}]},{"@type":"WebSite","@id":"https:\/\/sites.exeter.ac.uk\/gemini\/#website","url":"https:\/\/sites.exeter.ac.uk\/gemini\/","name":"GEMINI","description":"","potentialAction":[{"@type":"SearchAction","target":{"@type":"EntryPoint","urlTemplate":"https:\/\/sites.exeter.ac.uk\/gemini\/?s={search_term_string}"},"query-input":"required name=search_term_string"}],"inLanguage":"en-US"}]}},"jetpack_sharing_enabled":true,"_links":{"self":[{"href":"https:\/\/sites.exeter.ac.uk\/gemini\/wp-json\/wp\/v2\/pages\/25"}],"collection":[{"href":"https:\/\/sites.exeter.ac.uk\/gemini\/wp-json\/wp\/v2\/pages"}],"about":[{"href":"https:\/\/sites.exeter.ac.uk\/gemini\/wp-json\/wp\/v2\/types\/page"}],"author":[{"embeddable":true,"href":"https:\/\/sites.exeter.ac.uk\/gemini\/wp-json\/wp\/v2\/users\/85"}],"replies":[{"embeddable":true,"href":"https:\/\/sites.exeter.ac.uk\/gemini\/wp-json\/wp\/v2\/comments?post=25"}],"version-history":[{"count":31,"href":"https:\/\/sites.exeter.ac.uk\/gemini\/wp-json\/wp\/v2\/pages\/25\/revisions"}],"predecessor-version":[{"id":971,"href":"https:\/\/sites.exeter.ac.uk\/gemini\/wp-json\/wp\/v2\/pages\/25\/revisions\/971"}],"wp:featuredmedia":[{"embeddable":true,"href":"https:\/\/sites.exeter.ac.uk\/gemini\/wp-json\/wp\/v2\/media\/371"}],"wp:attachment":[{"href":"https:\/\/sites.exeter.ac.uk\/gemini\/wp-json\/wp\/v2\/media?parent=25"}],"wp:term":[{"taxonomy":"category","embeddable":true,"href":"https:\/\/sites.exeter.ac.uk\/gemini\/wp-json\/wp\/v2\/categories?post=25"},{"taxonomy":"post_tag","embeddable":true,"href":"https:\/\/sites.exeter.ac.uk\/gemini\/wp-json\/wp\/v2\/tags?post=25"}],"curies":[{"name":"wp","href":"https:\/\/api.w.org\/{rel}","templated":true}]}}