{"id":139,"date":"2024-05-13T12:57:29","date_gmt":"2024-05-13T12:57:29","guid":{"rendered":"https:\/\/sites.exeter.ac.uk\/holocaustandgenocide\/?page_id=139"},"modified":"2024-05-24T12:22:53","modified_gmt":"2024-05-24T12:22:53","slug":"caroline-fournet","status":"publish","type":"page","link":"https:\/\/sites.exeter.ac.uk\/holocaustandgenocide\/caroline-fournet\/","title":{"rendered":""},"content":{"rendered":"\n<div class=\"wp-block-media-text alignwide is-stacked-on-mobile is-vertically-aligned-top\" style=\"grid-template-columns:22% auto\"><figure class=\"wp-block-media-text__media\"><img loading=\"lazy\" decoding=\"async\" width=\"599\" height=\"790\" src=\"https:\/\/sites.exeter.ac.uk\/holocaustandgenocide\/wp-content\/uploads\/sites\/423\/2024\/05\/Fournet-photo.jpg\" alt=\"\" class=\"wp-image-233 size-full\" srcset=\"https:\/\/sites.exeter.ac.uk\/holocaustandgenocide\/wp-content\/uploads\/sites\/423\/2024\/05\/Fournet-photo.jpg 599w, https:\/\/sites.exeter.ac.uk\/holocaustandgenocide\/wp-content\/uploads\/sites\/423\/2024\/05\/Fournet-photo-227x300.jpg 227w\" sizes=\"(max-width: 599px) 100vw, 599px\" \/><\/figure><div class=\"wp-block-media-text__content\">\n<p>Caroline Fournet is Professor of Law at Exeter Law School. Her research builds upon her cross-expertise in international criminal law and human rights law as well as her inter-disciplinary expertise (law, forensic sciences, criminology) to analyse genocide and other international crimes. From 2012 to 2016, she was co-investigator on the ERC-funded multi-disciplinary research programme \u2018<a href=\"https:\/\/corpses.hypotheses.org\/\">Corpses of Genocide and Mass Violence<\/a>\u2019, led by social anthropologist Elisabeth Anstett and Holocaust historian Jean-Marc Dreyfus. Together, they created <a href=\"https:\/\/www.manchesterhive.com\/view\/journals\/hrv\/hrv-overview.xml\"><em>Human Remains and Violence: An Interdisciplinary Journal<\/em><\/a><em> <\/em>(Manchester University Press). Caroline\u2019s research on genocide and atrocity crimes took an interdisciplinary turn to explore the dual use of forensic evidence in the investigation and prosecution of atrocity crimes and in the identification of victims and the building of post-atrocity memory.<\/p>\n\n\n\n<p>She is currently working with Professor Mark A. Drumbl (Washington and Lee University, USA) on the aesthetics of atrocity prosecutions. Together, they published a <a href=\"https:\/\/legalsightseeing.org\/2019\/10\/21\/guest-post-judicialized-infirmary-legal-sightseeing-phnom-penh\/\">blogtext<\/a> on the aesthetics of the barely alive on trial at the Extraordinary Chambers in the Courts of Cambodia. They also edited a special issue of the <em>International Criminal Law Review <\/em>on \u2018The Visualities and Aesthetics of Prosecuting Aged Defendants\u2019as well as <em>Sights, Sounds, and Sensibilities of Atrocity Prosecutions<\/em>, a volume that unlocks the look, sound, smell, taste, and feel of justice for massive human rights abuses and in which they co-wrote a chapter on the prosecution of Oskar Gr\u00f6ning, the \u2018bookkeeper of Auschwitz\u2019.<\/p>\n\n\n\n<p>Email: <a href=\"mailto:C.I.Fournet2@exeter.ac.uk\">C.I.Fournet2@exeter.ac.uk<\/a><\/p>\n\n\n\n<p><strong><u>Relevant publications<\/u><\/strong><\/p>\n\n\n\n<p><strong>2024<\/strong><\/p>\n\n\n\n<p>M.A. Drumbl and C. Fournet, <a href=\"https:\/\/brill.com\/display\/title\/68193\"><em>Sights, Sounds, and Sensibilities of Atrocity Prosecutions<\/em><\/a><em>, <\/em>Studies in International Criminal Law, Brill-Nijhoff Publishers, 2024.<\/p>\n\n\n\n<p><strong>2023<\/strong><\/p>\n\n\n\n<p>M.A. Drumbl and C. Fournet, \u2018Verbrechen damals, Verfahren heute: Die \u00c4sthetik, Akustik und Visualit\u00e4t der Strafverfolgung von Oskar Gr\u00f6ning\u2019, in M. Vormbaum (ed.), <a href=\"https:\/\/link.springer.com\/book\/10.1007\/978-3-662-66478-0\"><em>Sp\u00e4tverfolgung von NS-Unrecht<\/em><\/a><em>, <\/em>Springer, 2023, 343-63.<\/p>\n\n\n\n<p>C. Fournet, \u2018Standing the Test of Time: The Dynamic Interpretation of the Genocide Convention\u2019, in P. Behrens (ed.), <a href=\"https:\/\/www.bloomsbury.com\/uk\/contemporary-challenges-to-criminal-justice-9781509948642\/\"><em>Contemporary Challenges to Criminal Justice. Liber Amicorum for Ralph Henham<\/em><\/a><em>, <\/em>Hart Publishing, 2023, 267-282.<\/p>\n\n\n\n<p><strong>2022<\/strong><strong><\/strong><\/p>\n\n\n\n<p>C. Fournet, \u2018The orchestrated inapplicability of the law of crimes against humanity and genocide \u2013 <em>une exception fran\u00e7aise<\/em>?\u2019, in A. Graziosi and F. E. Sysyn (eds), <a href=\"https:\/\/holodomor.ca\/now-available-in-paperback-genocide-the-power-and-problems-of-a-concept\/\"><em>Genocide \u2013 The Power and Problems of a Concept<\/em><\/a>, McGill-Queen&#8217;s University Press, 2022, 174-199.<\/p>\n\n\n\n<p><strong>2020<\/strong><\/p>\n\n\n\n<p>C. Fournet, <a href=\"https:\/\/www.manchesteropenhive.com\/view\/journals\/hrv\/6\/2\/article-p23.xml\">\u2018\u2018Face to face with horror\u2019: The Toma\u0161ica Mass Grave and the Trial of Ratko Mladi\u0107<em>\u2019<\/em><\/a><em>, <\/em>(2020) 6:2<em>Human Remains and Violence <\/em>23-41.<\/p>\n\n\n\n<p><strong>2019<\/strong><\/p>\n\n\n\n<p>C. Fournet, \u2018Nothing must remain: The (in)visibility of atrocity crimes and the perpetrators\u2019 strategies using the corpses of their victims\u2019, in A. Smeulers, M. Weerdesteijn, and B. Hol\u00e1 (eds), <em>Perpetrators of International Crimes \u2013 <\/em><em>Theories, Methods, and Evidence<\/em>, Oxford University Press, 2019, 241-255.<\/p>\n\n\n\n<p><strong>2017<\/strong><\/p>\n\n\n\n<p>C. Fournet and C. P\u00e9gorier, \u2018Combating genocide denial via law: <em>\u00c9tat des lieux<\/em> of anti-denial legislation\u2019, in P. Behrens, O. Jensen, and N. Terry (eds<em>), Holocaust and Genocide Denial \u2013 A Contextual Perspective<\/em>, Routledge, 211-229.<\/p>\n\n\n\n<p><strong>2015<\/strong><\/p>\n\n\n\n<p>C. Fournet, \u2018The <em>Actus Reus<\/em> of Genocide in the <em>Croatia<\/em> v. <em>Serbia<\/em> Judgment: Between Legality and Acceptability\u2019, (2015) 28:4 <em>Leiden Journal of International Law<\/em> 915-21.<\/p>\n\n\n\n<p><strong>2013<\/strong><\/p>\n\n\n\n<p>C. Fournet, <em>Genocide and Crimes Against Humanity: Misconceptions and Confusion in French Law and Practice<\/em> (Hart Publishing, 2013).<\/p>\n\n\n\n<p><strong>2012<\/strong><\/p>\n\n\n\n<p>C. Fournet, \u2018The <em>actus reus<\/em> of genocide\u2019, in P. Behrens and R. Henham (eds), <em>Elements of Genocide<\/em>, Routledge, 2012, 53-69.<\/p>\n\n\n\n<p><strong>2010<\/strong><\/p>\n\n\n\n<p>C. Fournet and C. P\u00e9gorier, \u2018\u2018Only one Step Away from Genocide\u2019: The Crime of Persecution in International Criminal Law\u2019, (2010) 10:5 <em>International Criminal Law Review <\/em>713-38<em>.<\/em><\/p>\n\n\n\n<p><strong>2009<\/strong><\/p>\n\n\n\n<p>C. Fournet, \u2018The universality of the prohibition of the crime of genocide, 1948-2008\u2019, (2009) 19 <em>International Criminal Justice Review <\/em>132-49<strong>.<\/strong><\/p>\n\n\n\n<p><strong>2007<\/strong><\/p>\n\n\n\n<p>C. Fournet, <em>The Crime of Destruction and the Law of Genocide: Their Impact on Collective Memory<\/em> (Ashgate, 2007).<\/p>\n\n\n\n<p>C. Fournet, \u2018Reflection on the separation of powers: The law of genocide and the symptomatic French paradox\u2019, in R. Henham and P. Behrens (eds), <em>The Criminal Law of Genocide- International<\/em>, <em>Comparative and Contextual Aspects<\/em>, Ashgate, 2007, 211-22.<\/p>\n<\/div><\/div>\n","protected":false},"excerpt":{"rendered":"<p>Caroline Fournet is Professor of Law at Exeter Law School. Her research builds upon her cross-expertise in international criminal law and human rights law as well as her inter-disciplinary expertise (law, forensic sciences, criminology) to analyse genocide and other international crimes. From 2012 to 2016, she was co-investigator on the ERC-funded multi-disciplinary research programme \u2018Corpses [&hellip;]<\/p>\n","protected":false},"author":1689,"featured_media":0,"parent":0,"menu_order":0,"comment_status":"closed","ping_status":"closed","template":"page-sidebar-boxed-feature-img.php","meta":{"_acf_changed":false,"footnotes":""},"categories":[],"tags":[],"acf":[],"yoast_head":"<!-- This site is optimized with the Yoast SEO plugin v23.0 - https:\/\/yoast.com\/wordpress\/plugins\/seo\/ -->\n<title>- Centre for Interdisciplinary Holocaust and Genocide Studies<\/title>\n<meta name=\"robots\" content=\"index, follow, max-snippet:-1, max-image-preview:large, max-video-preview:-1\" \/>\n<link rel=\"canonical\" href=\"https:\/\/sites.exeter.ac.uk\/holocaustandgenocide\/caroline-fournet\/\" \/>\n<meta property=\"og:locale\" content=\"en_US\" \/>\n<meta property=\"og:type\" content=\"article\" \/>\n<meta property=\"og:title\" content=\"- Centre for Interdisciplinary Holocaust and Genocide Studies\" \/>\n<meta property=\"og:description\" content=\"Caroline Fournet is Professor of Law at Exeter Law School. Her research builds upon her cross-expertise in international criminal law and human rights law as well as her inter-disciplinary expertise (law, forensic sciences, criminology) to analyse genocide and other international crimes. From 2012 to 2016, she was co-investigator on the ERC-funded multi-disciplinary research programme \u2018Corpses [&hellip;]\" \/>\n<meta property=\"og:url\" content=\"https:\/\/sites.exeter.ac.uk\/holocaustandgenocide\/caroline-fournet\/\" \/>\n<meta property=\"og:site_name\" content=\"Centre for Interdisciplinary Holocaust and Genocide Studies\" \/>\n<meta property=\"article:modified_time\" content=\"2024-05-24T12:22:53+00:00\" \/>\n<meta property=\"og:image\" content=\"https:\/\/sites.exeter.ac.uk\/holocaustandgenocide\/wp-content\/uploads\/sites\/423\/2024\/05\/Fournet-photo.jpg\" \/>\n<meta name=\"twitter:card\" content=\"summary_large_image\" \/>\n<meta name=\"twitter:label1\" content=\"Est. reading time\" \/>\n\t<meta name=\"twitter:data1\" content=\"3 minutes\" \/>\n<script type=\"application\/ld+json\" class=\"yoast-schema-graph\">{\"@context\":\"https:\/\/schema.org\",\"@graph\":[{\"@type\":\"WebPage\",\"@id\":\"https:\/\/sites.exeter.ac.uk\/holocaustandgenocide\/caroline-fournet\/\",\"url\":\"https:\/\/sites.exeter.ac.uk\/holocaustandgenocide\/caroline-fournet\/\",\"name\":\"- Centre for Interdisciplinary Holocaust and Genocide Studies\",\"isPartOf\":{\"@id\":\"https:\/\/sites.exeter.ac.uk\/holocaustandgenocide\/#website\"},\"primaryImageOfPage\":{\"@id\":\"https:\/\/sites.exeter.ac.uk\/holocaustandgenocide\/caroline-fournet\/#primaryimage\"},\"image\":{\"@id\":\"https:\/\/sites.exeter.ac.uk\/holocaustandgenocide\/caroline-fournet\/#primaryimage\"},\"thumbnailUrl\":\"https:\/\/sites.exeter.ac.uk\/holocaustandgenocide\/wp-content\/uploads\/sites\/423\/2024\/05\/Fournet-photo.jpg\",\"datePublished\":\"2024-05-13T12:57:29+00:00\",\"dateModified\":\"2024-05-24T12:22:53+00:00\",\"inLanguage\":\"en-US\",\"potentialAction\":[{\"@type\":\"ReadAction\",\"target\":[\"https:\/\/sites.exeter.ac.uk\/holocaustandgenocide\/caroline-fournet\/\"]}]},{\"@type\":\"ImageObject\",\"inLanguage\":\"en-US\",\"@id\":\"https:\/\/sites.exeter.ac.uk\/holocaustandgenocide\/caroline-fournet\/#primaryimage\",\"url\":\"https:\/\/sites.exeter.ac.uk\/holocaustandgenocide\/wp-content\/uploads\/sites\/423\/2024\/05\/Fournet-photo.jpg\",\"contentUrl\":\"https:\/\/sites.exeter.ac.uk\/holocaustandgenocide\/wp-content\/uploads\/sites\/423\/2024\/05\/Fournet-photo.jpg\",\"width\":599,\"height\":790},{\"@type\":\"WebSite\",\"@id\":\"https:\/\/sites.exeter.ac.uk\/holocaustandgenocide\/#website\",\"url\":\"https:\/\/sites.exeter.ac.uk\/holocaustandgenocide\/\",\"name\":\"Centre for Interdisciplinary Holocaust and Genocide Studies\",\"description\":\"\",\"potentialAction\":[{\"@type\":\"SearchAction\",\"target\":{\"@type\":\"EntryPoint\",\"urlTemplate\":\"https:\/\/sites.exeter.ac.uk\/holocaustandgenocide\/?s={search_term_string}\"},\"query-input\":\"required name=search_term_string\"}],\"inLanguage\":\"en-US\"}]}<\/script>\n<!-- \/ Yoast SEO plugin. -->","yoast_head_json":{"title":"- Centre for Interdisciplinary Holocaust and Genocide Studies","robots":{"index":"index","follow":"follow","max-snippet":"max-snippet:-1","max-image-preview":"max-image-preview:large","max-video-preview":"max-video-preview:-1"},"canonical":"https:\/\/sites.exeter.ac.uk\/holocaustandgenocide\/caroline-fournet\/","og_locale":"en_US","og_type":"article","og_title":"- Centre for Interdisciplinary Holocaust and Genocide Studies","og_description":"Caroline Fournet is Professor of Law at Exeter Law School. Her research builds upon her cross-expertise in international criminal law and human rights law as well as her inter-disciplinary expertise (law, forensic sciences, criminology) to analyse genocide and other international crimes. From 2012 to 2016, she was co-investigator on the ERC-funded multi-disciplinary research programme \u2018Corpses [&hellip;]","og_url":"https:\/\/sites.exeter.ac.uk\/holocaustandgenocide\/caroline-fournet\/","og_site_name":"Centre for Interdisciplinary Holocaust and Genocide Studies","article_modified_time":"2024-05-24T12:22:53+00:00","og_image":[{"url":"https:\/\/sites.exeter.ac.uk\/holocaustandgenocide\/wp-content\/uploads\/sites\/423\/2024\/05\/Fournet-photo.jpg"}],"twitter_card":"summary_large_image","twitter_misc":{"Est. reading time":"3 minutes"},"schema":{"@context":"https:\/\/schema.org","@graph":[{"@type":"WebPage","@id":"https:\/\/sites.exeter.ac.uk\/holocaustandgenocide\/caroline-fournet\/","url":"https:\/\/sites.exeter.ac.uk\/holocaustandgenocide\/caroline-fournet\/","name":"- Centre for Interdisciplinary Holocaust and Genocide Studies","isPartOf":{"@id":"https:\/\/sites.exeter.ac.uk\/holocaustandgenocide\/#website"},"primaryImageOfPage":{"@id":"https:\/\/sites.exeter.ac.uk\/holocaustandgenocide\/caroline-fournet\/#primaryimage"},"image":{"@id":"https:\/\/sites.exeter.ac.uk\/holocaustandgenocide\/caroline-fournet\/#primaryimage"},"thumbnailUrl":"https:\/\/sites.exeter.ac.uk\/holocaustandgenocide\/wp-content\/uploads\/sites\/423\/2024\/05\/Fournet-photo.jpg","datePublished":"2024-05-13T12:57:29+00:00","dateModified":"2024-05-24T12:22:53+00:00","inLanguage":"en-US","potentialAction":[{"@type":"ReadAction","target":["https:\/\/sites.exeter.ac.uk\/holocaustandgenocide\/caroline-fournet\/"]}]},{"@type":"ImageObject","inLanguage":"en-US","@id":"https:\/\/sites.exeter.ac.uk\/holocaustandgenocide\/caroline-fournet\/#primaryimage","url":"https:\/\/sites.exeter.ac.uk\/holocaustandgenocide\/wp-content\/uploads\/sites\/423\/2024\/05\/Fournet-photo.jpg","contentUrl":"https:\/\/sites.exeter.ac.uk\/holocaustandgenocide\/wp-content\/uploads\/sites\/423\/2024\/05\/Fournet-photo.jpg","width":599,"height":790},{"@type":"WebSite","@id":"https:\/\/sites.exeter.ac.uk\/holocaustandgenocide\/#website","url":"https:\/\/sites.exeter.ac.uk\/holocaustandgenocide\/","name":"Centre for Interdisciplinary Holocaust and Genocide Studies","description":"","potentialAction":[{"@type":"SearchAction","target":{"@type":"EntryPoint","urlTemplate":"https:\/\/sites.exeter.ac.uk\/holocaustandgenocide\/?s={search_term_string}"},"query-input":"required name=search_term_string"}],"inLanguage":"en-US"}]}},"jetpack_sharing_enabled":true,"_links":{"self":[{"href":"https:\/\/sites.exeter.ac.uk\/holocaustandgenocide\/wp-json\/wp\/v2\/pages\/139"}],"collection":[{"href":"https:\/\/sites.exeter.ac.uk\/holocaustandgenocide\/wp-json\/wp\/v2\/pages"}],"about":[{"href":"https:\/\/sites.exeter.ac.uk\/holocaustandgenocide\/wp-json\/wp\/v2\/types\/page"}],"author":[{"embeddable":true,"href":"https:\/\/sites.exeter.ac.uk\/holocaustandgenocide\/wp-json\/wp\/v2\/users\/1689"}],"replies":[{"embeddable":true,"href":"https:\/\/sites.exeter.ac.uk\/holocaustandgenocide\/wp-json\/wp\/v2\/comments?post=139"}],"version-history":[{"count":3,"href":"https:\/\/sites.exeter.ac.uk\/holocaustandgenocide\/wp-json\/wp\/v2\/pages\/139\/revisions"}],"predecessor-version":[{"id":471,"href":"https:\/\/sites.exeter.ac.uk\/holocaustandgenocide\/wp-json\/wp\/v2\/pages\/139\/revisions\/471"}],"wp:attachment":[{"href":"https:\/\/sites.exeter.ac.uk\/holocaustandgenocide\/wp-json\/wp\/v2\/media?parent=139"}],"wp:term":[{"taxonomy":"category","embeddable":true,"href":"https:\/\/sites.exeter.ac.uk\/holocaustandgenocide\/wp-json\/wp\/v2\/categories?post=139"},{"taxonomy":"post_tag","embeddable":true,"href":"https:\/\/sites.exeter.ac.uk\/holocaustandgenocide\/wp-json\/wp\/v2\/tags?post=139"}],"curies":[{"name":"wp","href":"https:\/\/api.w.org\/{rel}","templated":true}]}}