{"id":357,"date":"2022-01-17T17:20:03","date_gmt":"2022-01-17T17:20:03","guid":{"rendered":"https:\/\/sites.exeter.ac.uk\/ibm\/?page_id=357"},"modified":"2022-03-18T11:47:26","modified_gmt":"2022-03-18T11:47:26","slug":"speeding-up-machine-learning-using-light","status":"publish","type":"page","link":"https:\/\/sites.exeter.ac.uk\/ibm\/speeding-up-machine-learning-using-light\/","title":{"rendered":"Speeding up machine learning using light"},"content":{"rendered":"\n<p>In 2020, Professor <a rel=\"noreferrer noopener\" href=\"https:\/\/emps.exeter.ac.uk\/engineering\/staff\/dwright0\" data-type=\"URL\" data-id=\"https:\/\/emps.exeter.ac.uk\/engineering\/staff\/dwright0\" target=\"_blank\">C David Wright<\/a>, Co-Director at the University\u2019s <a rel=\"noreferrer noopener\" href=\"https:\/\/emps.exeter.ac.uk\/metamaterial-cmri\/\" data-type=\"URL\" data-id=\"https:\/\/emps.exeter.ac.uk\/metamaterial-cmri\/\" target=\"_blank\"><em>Centre for Metamaterials Research &amp; Innovation<\/em><\/a> and who has a long-standing relationship with <a href=\"https:\/\/research.ibm.com\/\" data-type=\"URL\" data-id=\"https:\/\/research.ibm.com\/\" target=\"_blank\" rel=\"noreferrer noopener\">IBM<\/a>, worked with an international team of researchers to pioneer a next-generation computer accelerator chip which processes data using light, rather than electronics.<\/p>\n\n\n\n<p>The new approach \u2013 developed by researchers from <a rel=\"noreferrer noopener\" href=\"https:\/\/www.zurich.ibm.com\/\" data-type=\"URL\" data-id=\"https:\/\/www.zurich.ibm.com\/\" target=\"_blank\">IBM Research Zurich<\/a> and the Universities of <a rel=\"noreferrer noopener\" href=\"https:\/\/www.uni-muenster.de\/en\/\" data-type=\"URL\" data-id=\"https:\/\/www.uni-muenster.de\/en\/\" target=\"_blank\">M\u00fcnster<\/a>, <a rel=\"noreferrer noopener\" href=\"https:\/\/www.ox.ac.uk\/\" data-type=\"URL\" data-id=\"https:\/\/www.ox.ac.uk\/\" target=\"_blank\">Oxford<\/a>, <a rel=\"noreferrer noopener\" href=\"https:\/\/www.exeter.ac.uk\/\" data-type=\"URL\" data-id=\"https:\/\/www.exeter.ac.uk\/\" target=\"_blank\">Exeter<\/a>, <a rel=\"noreferrer noopener\" href=\"https:\/\/www.pittstate.edu\/\" data-type=\"URL\" data-id=\"https:\/\/www.pittstate.edu\/\" target=\"_blank\">Pittsburgh <\/a>and <a rel=\"noreferrer noopener\" href=\"https:\/\/www.epfl.ch\/en\/\" data-type=\"URL\" data-id=\"https:\/\/www.epfl.ch\/en\/\" target=\"_blank\">\u00c9cole Polytechnique F\u00e9d\u00e9rale<\/a> \u2013 will rapidly speed up machine learning, and led the researchers to file a patent and <a href=\"https:\/\/saliencelabs.ai\/\" data-type=\"URL\" data-id=\"https:\/\/saliencelabs.ai\/\">spin-out company<\/a> for the pioneering technology.<\/p>\n\n\n\n<p>Professor Wright, who leads the EU project <a href=\"https:\/\/fun-comp.org\/\" data-type=\"URL\" data-id=\"https:\/\/fun-comp.org\/\" target=\"_blank\" rel=\"noreferrer noopener\">Fun-COMP<\/a> which funded this work, said: \u201cConventional computer chips are based on electronic data transfer and are comparatively slow, but light-based processors &#8211; such as that developed in our work &#8211; enable complex mathematical tasks to be processed at speeds hundreds or even thousands of times faster, and with hugely reduced energy consumption.\u201d<\/p>\n\n\n\n<h2 class=\"wp-block-heading\"><strong>How it worked<\/strong><\/h2>\n\n\n\n<p>Matrix-vector (MV) multiplications lie at the heart of modern computing \u2013 from AI to machine learning and neural network processing \u2013 and the imperative to carry out such calculations at ever-increasing speeds, but with ever-decreasing energy consumption, is driving the development of a whole new class of processor chips, called tensor processing units (TPUs).<\/p>\n\n\n\n<p>The team of researchers developed a new type of photonic TPU \u2013 one capable of carrying out several MV multiplications at the same time and in parallel, by using a chip-based frequency comb as a light source, along with wavelength-division-multiplexing.<\/p>\n\n\n\n<p>The matrix elements were stored using phase-change materials \u2013 the same material currently used for re-writable DVD and BluRay optical discs \u2013 making it possible to preserve matrix states without the need for an energy supply.<\/p>\n\n\n\n<h2 class=\"wp-block-heading\"><strong>Applications<\/strong><\/h2>\n\n\n\n<p>\u201cOur results could have a wide range of applications\u201d, explained Prof. Harish Bhaskaran from the University of Oxford, a key member of the team. \u201cA photonic TPU could quickly and efficiently process huge data sets used for medical diagnoses, such as those from CT, MRI and PET scanners.\u201d<strong><\/strong><\/p>\n\n\n\n<p>Further applications could also be found in self-driving vehicles \u2013 which depend on rapidly evaluating data from multiple sensors \u2013 as well as for the provision of IT infrastructure such as cloud computing.<\/p>\n\n\n\n<!--more-->\n\n\n\n<p>The team of researchers were led by the University of M\u00fcnster\u2019s Prof Wolfram Pernice, and the results were published in the leading scientific journal <em>Nature <\/em>in January 2021. The study received financial support from the EU project \u201cFun-Comp\u201d (see\u00a0<a href=\"https:\/\/eur03.safelinks.protection.outlook.com\/?url=http%3A%2F%2Fwww.fun-comp.org%2F&amp;data=04%7C01%7CL.Batten%40exeter.ac.uk%7Ca0543591709940f822dd08d8b23efdaf%7C912a5d77fb984eeeaf321334d8f04a53%7C0%7C0%7C637455330896331951%7CUnknown%7CTWFpbGZsb3d8eyJWIjoiMC4wLjAwMDAiLCJQIjoiV2luMzIiLCJBTiI6Ik1haWwiLCJXVCI6Mn0%3D%7C1000&amp;sdata=GNnDls9kRqwtyVqTuMT4iAn3imiK5xz2MfOfDTQb1mI%3D&amp;reserved=0\">www.fun-comp.org<\/a>) and from the European Research Council (ERC Grant \u201cPINQS\u201d).<\/p>\n\n\n\n<p>Since the patent was filed, co-inventors from the University of Oxford and M\u00fcnster have created a spin-out company, <a href=\"https:\/\/saliencelabs.ai\/\" data-type=\"URL\" data-id=\"https:\/\/saliencelabs.ai\/\">Salience Labs<\/a>, to take the technology to a wider market.<\/p>\n\n\n\n<h2 class=\"wp-block-heading\"><strong>C David Wright and IBM <\/strong><\/h2>\n\n\n\n<p><a href=\"https:\/\/emps.exeter.ac.uk\/engineering\/staff\/dwright0\" data-type=\"URL\" data-id=\"https:\/\/emps.exeter.ac.uk\/engineering\/staff\/dwright0\">Professor C David Wright<\/a> has a long-standing relationship with IBM. Over the past 15 years, he has worked closely with <a href=\"https:\/\/researcher.watson.ibm.com\/researcher\/view.php?person=zurich-ASE\" data-type=\"URL\" data-id=\"https:\/\/researcher.watson.ibm.com\/researcher\/view.php?person=zurich-ASE\">Dr Abu Sebastian<\/a> and <a href=\"https:\/\/researcher.watson.ibm.com\/researcher\/view.php?person=zurich-HAP\" data-type=\"URL\" data-id=\"https:\/\/researcher.watson.ibm.com\/researcher\/view.php?person=zurich-HAP\">Dr Haris Pozidis<\/a> at <a href=\"https:\/\/www.zurich.ibm.com\/\" data-type=\"URL\" data-id=\"https:\/\/www.zurich.ibm.com\/\">IBM Research Zurich<\/a>, on a number of cutting-edge research projects to develop novel memory and computing devices. <\/p>\n\n\n\n<p>These include the \u20ac10 million <a href=\"https:\/\/projects.exeter.ac.uk\/ProTem\/\" data-type=\"URL\" data-id=\"https:\/\/projects.exeter.ac.uk\/ProTem\/\"><em>ProTeM<\/em><\/a> Project developing probe-based terabyte memories; the \u20ac4 million <a href=\"https:\/\/cordis.europa.eu\/project\/id\/309980\" data-type=\"URL\" data-id=\"https:\/\/cordis.europa.eu\/project\/id\/309980\"><em>CareRAMM<\/em> <\/a>Project, developing carbon-based non-volatile memories, and now the <em><a href=\"https:\/\/cordis.europa.eu\/project\/id\/101017237\" data-type=\"URL\" data-id=\"https:\/\/cordis.europa.eu\/project\/id\/101017237\">Phoenics <\/a><\/em>project, a follow-on to Fun-COMP where the researchers will develop a fully-on-chip photonic TPU. <\/p>\n\n\n\n<p>Together, Professor Wright and IBM Research Zurich have co-published their research in world-renowned academic journals such as <a href=\"https:\/\/eur03.safelinks.protection.outlook.com\/?url=https%3A%2F%2Fwww.nature.com%2Farticles%2Fs41586-020-03070-1&amp;data=04%7C01%7CB.D.Bampton%40exeter.ac.uk%7C1bfac3319d2e4300a3a708d9d77c1e00%7C912a5d77fb984eeeaf321334d8f04a53%7C0%7C0%7C637777750335313365%7CUnknown%7CTWFpbGZsb3d8eyJWIjoiMC4wLjAwMDAiLCJQIjoiV2luMzIiLCJBTiI6Ik1haWwiLCJXVCI6Mn0%3D%7C3000&amp;sdata=q33ZdHuH%2BCjHP34MvnXU18vsaZQE9Mx3Sq3tsPXcDWE%3D&amp;reserved=0\" data-type=\"URL\" data-id=\"https:\/\/eur03.safelinks.protection.outlook.com\/?url=https%3A%2F%2Fwww.nature.com%2Farticles%2Fs41586-020-03070-1&amp;data=04%7C01%7CB.D.Bampton%40exeter.ac.uk%7C1bfac3319d2e4300a3a708d9d77c1e00%7C912a5d77fb984eeeaf321334d8f04a53%7C0%7C0%7C637777750335313365%7CUnknown%7CTWFpbGZsb3d8eyJWIjoiMC4wLjAwMDAiLCJQIjoiV2luMzIiLCJBTiI6Ik1haWwiLCJXVCI6Mn0%3D%7C3000&amp;sdata=q33ZdHuH%2BCjHP34MvnXU18vsaZQE9Mx3Sq3tsPXcDWE%3D&amp;reserved=0\"><em>Nature<\/em><\/a>, <em><a href=\"https:\/\/www.science.org\/doi\/10.1126\/sciadv.aau5759\" data-type=\"URL\" data-id=\"https:\/\/www.science.org\/doi\/10.1126\/sciadv.aau5759\">Science<\/a><\/em> and <em><a href=\"https:\/\/pubs.acs.org\/doi\/10.1021\/acsnano.6b08668\" data-type=\"URL\" data-id=\"https:\/\/pubs.acs.org\/doi\/10.1021\/acsnano.6b08668\">ACS Publications<\/a><\/em>. <\/p>\n\n\n\n<p>Over the years, Professor Wright has also placed a number of University of Exeter PhD students with IBM Research Zurich, such as <a href=\"https:\/\/www.linkedin.com\/in\/peiman-hosseini-b6b1a099\/?originalSubdomain=uk\" data-type=\"URL\" data-id=\"https:\/\/www.linkedin.com\/in\/peiman-hosseini-b6b1a099\/?originalSubdomain=uk\">Peiman Hosseini<\/a>, who has since set up his own company, <a href=\"https:\/\/www.bodletechnologies.com\/\" data-type=\"URL\" data-id=\"https:\/\/www.bodletechnologies.com\/\">Bodle Technologies<\/a>, which built on the ideas developed during his PhD, and on which the two published a <a href=\"https:\/\/www.nature.com\/articles\/nature13487\" data-type=\"URL\" data-id=\"https:\/\/www.nature.com\/articles\/nature13487\">Nature paper<\/a>. <\/p>\n\n\n\n<p><\/p>\n","protected":false},"excerpt":{"rendered":"<p>In 2020, Professor C David Wright, Co-Director at the University\u2019s Centre for Metamaterials Research &amp; Innovation and who has a long-standing relationship with IBM, worked with an international team of researchers to pioneer a next-generation computer accelerator chip which processes data using light, rather than electronics. The new approach \u2013 developed by researchers from IBM [&hellip;]<\/p>\n","protected":false},"author":7,"featured_media":359,"parent":0,"menu_order":0,"comment_status":"closed","ping_status":"closed","template":"page-sidebar-boxed-feature-img.php","meta":{"_acf_changed":false,"footnotes":""},"categories":[],"tags":[],"acf":[],"yoast_head":"<!-- This site is optimized with the Yoast SEO plugin v23.0 - https:\/\/yoast.com\/wordpress\/plugins\/seo\/ -->\n<title>Speeding up machine learning using light - The University of Exeter and IBM<\/title>\n<meta name=\"robots\" content=\"index, follow, max-snippet:-1, max-image-preview:large, max-video-preview:-1\" \/>\n<link rel=\"canonical\" href=\"https:\/\/sites.exeter.ac.uk\/ibm\/speeding-up-machine-learning-using-light\/\" \/>\n<meta property=\"og:locale\" content=\"en_US\" \/>\n<meta property=\"og:type\" content=\"article\" \/>\n<meta property=\"og:title\" content=\"Speeding up machine learning using light - The University of Exeter and IBM\" \/>\n<meta property=\"og:description\" content=\"In 2020, Professor C David Wright, Co-Director at the University\u2019s Centre for Metamaterials Research &amp; Innovation and who has a long-standing relationship with IBM, worked with an international team of researchers to pioneer a next-generation computer accelerator chip which processes data using light, rather than electronics. The new approach \u2013 developed by researchers from IBM [&hellip;]\" \/>\n<meta property=\"og:url\" content=\"https:\/\/sites.exeter.ac.uk\/ibm\/speeding-up-machine-learning-using-light\/\" \/>\n<meta property=\"og:site_name\" content=\"The University of Exeter and IBM\" \/>\n<meta property=\"article:modified_time\" content=\"2022-03-18T11:47:26+00:00\" \/>\n<meta property=\"og:image\" content=\"https:\/\/sites.exeter.ac.uk\/ibm\/wp-content\/uploads\/sites\/3\/2022\/01\/Unplash-CHECK-FOR-USE.jpg\" \/>\n\t<meta property=\"og:image:width\" content=\"1280\" \/>\n\t<meta property=\"og:image:height\" content=\"853\" \/>\n\t<meta property=\"og:image:type\" content=\"image\/jpeg\" \/>\n<meta name=\"twitter:card\" content=\"summary_large_image\" \/>\n<meta name=\"twitter:label1\" content=\"Est. reading time\" \/>\n\t<meta name=\"twitter:data1\" content=\"3 minutes\" \/>\n<script type=\"application\/ld+json\" class=\"yoast-schema-graph\">{\"@context\":\"https:\/\/schema.org\",\"@graph\":[{\"@type\":\"WebPage\",\"@id\":\"https:\/\/sites.exeter.ac.uk\/ibm\/speeding-up-machine-learning-using-light\/\",\"url\":\"https:\/\/sites.exeter.ac.uk\/ibm\/speeding-up-machine-learning-using-light\/\",\"name\":\"Speeding up machine learning using light - The University of Exeter and IBM\",\"isPartOf\":{\"@id\":\"https:\/\/sites.exeter.ac.uk\/ibm\/#website\"},\"primaryImageOfPage\":{\"@id\":\"https:\/\/sites.exeter.ac.uk\/ibm\/speeding-up-machine-learning-using-light\/#primaryimage\"},\"image\":{\"@id\":\"https:\/\/sites.exeter.ac.uk\/ibm\/speeding-up-machine-learning-using-light\/#primaryimage\"},\"thumbnailUrl\":\"https:\/\/sites.exeter.ac.uk\/ibm\/wp-content\/uploads\/sites\/3\/2022\/01\/Unplash-CHECK-FOR-USE.jpg\",\"datePublished\":\"2022-01-17T17:20:03+00:00\",\"dateModified\":\"2022-03-18T11:47:26+00:00\",\"breadcrumb\":{\"@id\":\"https:\/\/sites.exeter.ac.uk\/ibm\/speeding-up-machine-learning-using-light\/#breadcrumb\"},\"inLanguage\":\"en-US\",\"potentialAction\":[{\"@type\":\"ReadAction\",\"target\":[\"https:\/\/sites.exeter.ac.uk\/ibm\/speeding-up-machine-learning-using-light\/\"]}]},{\"@type\":\"ImageObject\",\"inLanguage\":\"en-US\",\"@id\":\"https:\/\/sites.exeter.ac.uk\/ibm\/speeding-up-machine-learning-using-light\/#primaryimage\",\"url\":\"https:\/\/sites.exeter.ac.uk\/ibm\/wp-content\/uploads\/sites\/3\/2022\/01\/Unplash-CHECK-FOR-USE.jpg\",\"contentUrl\":\"https:\/\/sites.exeter.ac.uk\/ibm\/wp-content\/uploads\/sites\/3\/2022\/01\/Unplash-CHECK-FOR-USE.jpg\",\"width\":1280,\"height\":853,\"caption\":\"Computer research IBM Exeter university\"},{\"@type\":\"BreadcrumbList\",\"@id\":\"https:\/\/sites.exeter.ac.uk\/ibm\/speeding-up-machine-learning-using-light\/#breadcrumb\",\"itemListElement\":[{\"@type\":\"ListItem\",\"position\":1,\"name\":\"Home\",\"item\":\"https:\/\/sites.exeter.ac.uk\/ibm\/\"},{\"@type\":\"ListItem\",\"position\":2,\"name\":\"Speeding up machine learning using light\"}]},{\"@type\":\"WebSite\",\"@id\":\"https:\/\/sites.exeter.ac.uk\/ibm\/#website\",\"url\":\"https:\/\/sites.exeter.ac.uk\/ibm\/\",\"name\":\"The University of Exeter and IBM\",\"description\":\"\",\"potentialAction\":[{\"@type\":\"SearchAction\",\"target\":{\"@type\":\"EntryPoint\",\"urlTemplate\":\"https:\/\/sites.exeter.ac.uk\/ibm\/?s={search_term_string}\"},\"query-input\":\"required name=search_term_string\"}],\"inLanguage\":\"en-US\"}]}<\/script>\n<!-- \/ Yoast SEO plugin. -->","yoast_head_json":{"title":"Speeding up machine learning using light - The University of Exeter and IBM","robots":{"index":"index","follow":"follow","max-snippet":"max-snippet:-1","max-image-preview":"max-image-preview:large","max-video-preview":"max-video-preview:-1"},"canonical":"https:\/\/sites.exeter.ac.uk\/ibm\/speeding-up-machine-learning-using-light\/","og_locale":"en_US","og_type":"article","og_title":"Speeding up machine learning using light - The University of Exeter and IBM","og_description":"In 2020, Professor C David Wright, Co-Director at the University\u2019s Centre for Metamaterials Research &amp; Innovation and who has a long-standing relationship with IBM, worked with an international team of researchers to pioneer a next-generation computer accelerator chip which processes data using light, rather than electronics. The new approach \u2013 developed by researchers from IBM [&hellip;]","og_url":"https:\/\/sites.exeter.ac.uk\/ibm\/speeding-up-machine-learning-using-light\/","og_site_name":"The University of Exeter and IBM","article_modified_time":"2022-03-18T11:47:26+00:00","og_image":[{"width":1280,"height":853,"url":"https:\/\/sites.exeter.ac.uk\/ibm\/wp-content\/uploads\/sites\/3\/2022\/01\/Unplash-CHECK-FOR-USE.jpg","type":"image\/jpeg"}],"twitter_card":"summary_large_image","twitter_misc":{"Est. reading time":"3 minutes"},"schema":{"@context":"https:\/\/schema.org","@graph":[{"@type":"WebPage","@id":"https:\/\/sites.exeter.ac.uk\/ibm\/speeding-up-machine-learning-using-light\/","url":"https:\/\/sites.exeter.ac.uk\/ibm\/speeding-up-machine-learning-using-light\/","name":"Speeding up machine learning using light - The University of Exeter and IBM","isPartOf":{"@id":"https:\/\/sites.exeter.ac.uk\/ibm\/#website"},"primaryImageOfPage":{"@id":"https:\/\/sites.exeter.ac.uk\/ibm\/speeding-up-machine-learning-using-light\/#primaryimage"},"image":{"@id":"https:\/\/sites.exeter.ac.uk\/ibm\/speeding-up-machine-learning-using-light\/#primaryimage"},"thumbnailUrl":"https:\/\/sites.exeter.ac.uk\/ibm\/wp-content\/uploads\/sites\/3\/2022\/01\/Unplash-CHECK-FOR-USE.jpg","datePublished":"2022-01-17T17:20:03+00:00","dateModified":"2022-03-18T11:47:26+00:00","breadcrumb":{"@id":"https:\/\/sites.exeter.ac.uk\/ibm\/speeding-up-machine-learning-using-light\/#breadcrumb"},"inLanguage":"en-US","potentialAction":[{"@type":"ReadAction","target":["https:\/\/sites.exeter.ac.uk\/ibm\/speeding-up-machine-learning-using-light\/"]}]},{"@type":"ImageObject","inLanguage":"en-US","@id":"https:\/\/sites.exeter.ac.uk\/ibm\/speeding-up-machine-learning-using-light\/#primaryimage","url":"https:\/\/sites.exeter.ac.uk\/ibm\/wp-content\/uploads\/sites\/3\/2022\/01\/Unplash-CHECK-FOR-USE.jpg","contentUrl":"https:\/\/sites.exeter.ac.uk\/ibm\/wp-content\/uploads\/sites\/3\/2022\/01\/Unplash-CHECK-FOR-USE.jpg","width":1280,"height":853,"caption":"Computer research IBM Exeter university"},{"@type":"BreadcrumbList","@id":"https:\/\/sites.exeter.ac.uk\/ibm\/speeding-up-machine-learning-using-light\/#breadcrumb","itemListElement":[{"@type":"ListItem","position":1,"name":"Home","item":"https:\/\/sites.exeter.ac.uk\/ibm\/"},{"@type":"ListItem","position":2,"name":"Speeding up machine learning using light"}]},{"@type":"WebSite","@id":"https:\/\/sites.exeter.ac.uk\/ibm\/#website","url":"https:\/\/sites.exeter.ac.uk\/ibm\/","name":"The University of Exeter and IBM","description":"","potentialAction":[{"@type":"SearchAction","target":{"@type":"EntryPoint","urlTemplate":"https:\/\/sites.exeter.ac.uk\/ibm\/?s={search_term_string}"},"query-input":"required name=search_term_string"}],"inLanguage":"en-US"}]}},"jetpack_sharing_enabled":true,"_links":{"self":[{"href":"https:\/\/sites.exeter.ac.uk\/ibm\/wp-json\/wp\/v2\/pages\/357"}],"collection":[{"href":"https:\/\/sites.exeter.ac.uk\/ibm\/wp-json\/wp\/v2\/pages"}],"about":[{"href":"https:\/\/sites.exeter.ac.uk\/ibm\/wp-json\/wp\/v2\/types\/page"}],"author":[{"embeddable":true,"href":"https:\/\/sites.exeter.ac.uk\/ibm\/wp-json\/wp\/v2\/users\/7"}],"replies":[{"embeddable":true,"href":"https:\/\/sites.exeter.ac.uk\/ibm\/wp-json\/wp\/v2\/comments?post=357"}],"version-history":[{"count":2,"href":"https:\/\/sites.exeter.ac.uk\/ibm\/wp-json\/wp\/v2\/pages\/357\/revisions"}],"predecessor-version":[{"id":811,"href":"https:\/\/sites.exeter.ac.uk\/ibm\/wp-json\/wp\/v2\/pages\/357\/revisions\/811"}],"wp:featuredmedia":[{"embeddable":true,"href":"https:\/\/sites.exeter.ac.uk\/ibm\/wp-json\/wp\/v2\/media\/359"}],"wp:attachment":[{"href":"https:\/\/sites.exeter.ac.uk\/ibm\/wp-json\/wp\/v2\/media?parent=357"}],"wp:term":[{"taxonomy":"category","embeddable":true,"href":"https:\/\/sites.exeter.ac.uk\/ibm\/wp-json\/wp\/v2\/categories?post=357"},{"taxonomy":"post_tag","embeddable":true,"href":"https:\/\/sites.exeter.ac.uk\/ibm\/wp-json\/wp\/v2\/tags?post=357"}],"curies":[{"name":"wp","href":"https:\/\/api.w.org\/{rel}","templated":true}]}}