{"id":344,"date":"2020-07-09T10:53:00","date_gmt":"2020-07-09T09:53:00","guid":{"rendered":"http:\/\/blogs.exeter.ac.uk\/ingasystems\/?page_id=344"},"modified":"2023-09-12T09:35:02","modified_gmt":"2023-09-12T09:35:02","slug":"sobre","status":"publish","type":"page","link":"https:\/\/sites.exeter.ac.uk\/ingasystems\/sobre\/","title":{"rendered":"Sobre"},"content":{"rendered":"\n<h2 class=\"wp-block-heading\"><strong>Qual \u00e9 a nossa solu\u00e7\u00e3o?<\/strong><\/h2>\n\n\n\n<p>Sistemas agroflorestais (SAF) e silvipastoris (SSP), que incorporam \u00e1rvores nos sistemas de cultivo e pecu\u00e1ria, demonstraram ter um impacto dram\u00e1tico na manuten\u00e7\u00e3o e restaura\u00e7\u00e3o da produtividade a longo prazo nas paisagens agr\u00edcolas dos tr\u00f3picos, incluindo terras degradadas e abandonadas e s\u00e3o adequados para pequenos agricultores rurais. Podem proporcionar excelentes benef\u00edcios atrav\u00e9s de meios de subsist\u00eancia e seguran\u00e7a alimentar aprimorados, enquanto aumentam simultaneamente a cobertura de \u00e1rvores, melhoram o solo, fixam carbono e fornecem outros servi\u00e7os ecossist\u00eamicos.<\/p>\n\n\n\n<h3 class=\"wp-block-heading\"><em>Inga<\/em><\/h3>\n\n\n\n<p><em>Inga<\/em>&nbsp;\u00e9 um grupo rico em esp\u00e9cies de \u00e1rvores da fam\u00edlia das leguminosas, encontrado nos tr\u00f3picos \u00famidos da Am\u00e9rica Latina. Essas \u00e1rvores de r\u00e1pido crescimento s\u00e3o capazes de capturar nitrog\u00eanio da atmosfera e fertilizar o solo ao seu redor. Elas t\u00eam frutos comest\u00edveis, podem ser cultivados em solos pobres e degradados, podem suprimir ervas daninhas e esp\u00e9cies invasoras e formam uma parte importante dos sistemas de AF e SPS na Am\u00e9rica Latina.<\/p>\n\n\n\n<p>O valor das \u00e1rvores nativas, incluindo\u00a0<em>Inga,<\/em>\u00a0nas agroflorestas onde s\u00e3o plantadas para proporcionar um ambiente de cultivo para as culturas, foi amplamente demonstrado por v\u00e1rios projetos e est\u00e1 ganhando for\u00e7a. Tamb\u00e9m s\u00e3o especialmente promissoras nos sistemas silvipastoris, pois oferecem aos pequenos produtores novas oportunidades de gerar renda em torno do leite e outros produtos l\u00e1cteos em projetos brasileiros.<\/p>\n\n\n\n<figure class=\"wp-block-image size-large\"><img loading=\"lazy\" decoding=\"async\" width=\"1024\" height=\"768\" src=\"https:\/\/sites.exeter.ac.uk\/ingasystems\/wp-content\/uploads\/sites\/259\/2020\/05\/Inga_edulis_flowers-1024x768.jpg\" alt=\"\" class=\"wp-image-270\" srcset=\"https:\/\/sites.exeter.ac.uk\/ingasystems\/wp-content\/uploads\/sites\/259\/2020\/05\/Inga_edulis_flowers-1024x768.jpg 1024w, https:\/\/sites.exeter.ac.uk\/ingasystems\/wp-content\/uploads\/sites\/259\/2020\/05\/Inga_edulis_flowers-300x225.jpg 300w, https:\/\/sites.exeter.ac.uk\/ingasystems\/wp-content\/uploads\/sites\/259\/2020\/05\/Inga_edulis_flowers-768x576.jpg 768w, https:\/\/sites.exeter.ac.uk\/ingasystems\/wp-content\/uploads\/sites\/259\/2020\/05\/Inga_edulis_flowers-1536x1152.jpg 1536w, https:\/\/sites.exeter.ac.uk\/ingasystems\/wp-content\/uploads\/sites\/259\/2020\/05\/Inga_edulis_flowers-2048x1536.jpg 2048w\" sizes=\"(max-width: 1024px) 100vw, 1024px\" \/><\/figure>\n\n\n\n<p class=\"has-text-align-center\"><a href=\"https:\/\/blogs.exeter.ac.uk\/ingasystems\/o-time\/\">Conhe\u00e7a o time<\/a><\/p>\n","protected":false},"excerpt":{"rendered":"<p>Qual \u00e9 a nossa solu\u00e7\u00e3o? Sistemas agroflorestais (SAF) e silvipastoris (SSP), que incorporam \u00e1rvores nos sistemas de cultivo e pecu\u00e1ria, demonstraram ter um impacto dram\u00e1tico na manuten\u00e7\u00e3o e restaura\u00e7\u00e3o da produtividade a longo prazo nas paisagens agr\u00edcolas dos tr\u00f3picos, incluindo terras degradadas e abandonadas e s\u00e3o adequados para pequenos agricultores rurais. Podem proporcionar excelentes benef\u00edcios [&hellip;]<\/p>\n","protected":false},"author":1005,"featured_media":206,"parent":0,"menu_order":0,"comment_status":"closed","ping_status":"closed","template":"page-sidebar-boxed-feature-img.php","meta":{"_acf_changed":false,"footnotes":""},"categories":[],"tags":[],"acf":[],"yoast_head":"<!-- This site is optimized with the Yoast SEO plugin v23.0 - https:\/\/yoast.com\/wordpress\/plugins\/seo\/ -->\n<title>Sobre - IngaSystems<\/title>\n<meta name=\"robots\" content=\"index, follow, max-snippet:-1, max-image-preview:large, max-video-preview:-1\" \/>\n<link rel=\"canonical\" href=\"https:\/\/sites.exeter.ac.uk\/ingasystems\/sobre\/\" \/>\n<meta property=\"og:locale\" content=\"en_US\" \/>\n<meta property=\"og:type\" content=\"article\" \/>\n<meta property=\"og:title\" content=\"Sobre - IngaSystems\" \/>\n<meta property=\"og:description\" content=\"Qual \u00e9 a nossa solu\u00e7\u00e3o? Sistemas agroflorestais (SAF) e silvipastoris (SSP), que incorporam \u00e1rvores nos sistemas de cultivo e pecu\u00e1ria, demonstraram ter um impacto dram\u00e1tico na manuten\u00e7\u00e3o e restaura\u00e7\u00e3o da produtividade a longo prazo nas paisagens agr\u00edcolas dos tr\u00f3picos, incluindo terras degradadas e abandonadas e s\u00e3o adequados para pequenos agricultores rurais. Podem proporcionar excelentes benef\u00edcios [&hellip;]\" \/>\n<meta property=\"og:url\" content=\"https:\/\/sites.exeter.ac.uk\/ingasystems\/sobre\/\" \/>\n<meta property=\"og:site_name\" content=\"IngaSystems\" \/>\n<meta property=\"article:modified_time\" content=\"2023-09-12T09:35:02+00:00\" \/>\n<meta property=\"og:image\" content=\"https:\/\/sites.exeter.ac.uk\/ingasystems\/wp-content\/uploads\/sites\/259\/2020\/05\/cropped-blake-lisk-7KBUuFzT9Dk-unsplash.jpg\" \/>\n\t<meta property=\"og:image:width\" content=\"2000\" \/>\n\t<meta property=\"og:image:height\" content=\"520\" \/>\n\t<meta property=\"og:image:type\" content=\"image\/jpeg\" \/>\n<meta name=\"twitter:card\" content=\"summary_large_image\" \/>\n<meta name=\"twitter:label1\" content=\"Est. reading time\" \/>\n\t<meta name=\"twitter:data1\" content=\"1 minute\" \/>\n<script type=\"application\/ld+json\" class=\"yoast-schema-graph\">{\"@context\":\"https:\/\/schema.org\",\"@graph\":[{\"@type\":\"WebPage\",\"@id\":\"https:\/\/sites.exeter.ac.uk\/ingasystems\/sobre\/\",\"url\":\"https:\/\/sites.exeter.ac.uk\/ingasystems\/sobre\/\",\"name\":\"Sobre - IngaSystems\",\"isPartOf\":{\"@id\":\"https:\/\/sites.exeter.ac.uk\/ingasystems\/#website\"},\"primaryImageOfPage\":{\"@id\":\"https:\/\/sites.exeter.ac.uk\/ingasystems\/sobre\/#primaryimage\"},\"image\":{\"@id\":\"https:\/\/sites.exeter.ac.uk\/ingasystems\/sobre\/#primaryimage\"},\"thumbnailUrl\":\"https:\/\/sites.exeter.ac.uk\/ingasystems\/wp-content\/uploads\/sites\/259\/2020\/05\/cropped-blake-lisk-7KBUuFzT9Dk-unsplash.jpg\",\"datePublished\":\"2020-07-09T09:53:00+00:00\",\"dateModified\":\"2023-09-12T09:35:02+00:00\",\"breadcrumb\":{\"@id\":\"https:\/\/sites.exeter.ac.uk\/ingasystems\/sobre\/#breadcrumb\"},\"inLanguage\":\"en-US\",\"potentialAction\":[{\"@type\":\"ReadAction\",\"target\":[\"https:\/\/sites.exeter.ac.uk\/ingasystems\/sobre\/\"]}]},{\"@type\":\"ImageObject\",\"inLanguage\":\"en-US\",\"@id\":\"https:\/\/sites.exeter.ac.uk\/ingasystems\/sobre\/#primaryimage\",\"url\":\"https:\/\/sites.exeter.ac.uk\/ingasystems\/wp-content\/uploads\/sites\/259\/2020\/05\/cropped-blake-lisk-7KBUuFzT9Dk-unsplash.jpg\",\"contentUrl\":\"https:\/\/sites.exeter.ac.uk\/ingasystems\/wp-content\/uploads\/sites\/259\/2020\/05\/cropped-blake-lisk-7KBUuFzT9Dk-unsplash.jpg\",\"width\":2000,\"height\":520},{\"@type\":\"BreadcrumbList\",\"@id\":\"https:\/\/sites.exeter.ac.uk\/ingasystems\/sobre\/#breadcrumb\",\"itemListElement\":[{\"@type\":\"ListItem\",\"position\":1,\"name\":\"Home\",\"item\":\"https:\/\/sites.exeter.ac.uk\/ingasystems\/\"},{\"@type\":\"ListItem\",\"position\":2,\"name\":\"Sobre\"}]},{\"@type\":\"WebSite\",\"@id\":\"https:\/\/sites.exeter.ac.uk\/ingasystems\/#website\",\"url\":\"https:\/\/sites.exeter.ac.uk\/ingasystems\/\",\"name\":\"IngaSystems\",\"description\":\"Tree-based tropical agricultural solutions\",\"potentialAction\":[{\"@type\":\"SearchAction\",\"target\":{\"@type\":\"EntryPoint\",\"urlTemplate\":\"https:\/\/sites.exeter.ac.uk\/ingasystems\/?s={search_term_string}\"},\"query-input\":\"required name=search_term_string\"}],\"inLanguage\":\"en-US\"}]}<\/script>\n<!-- \/ Yoast SEO plugin. -->","yoast_head_json":{"title":"Sobre - IngaSystems","robots":{"index":"index","follow":"follow","max-snippet":"max-snippet:-1","max-image-preview":"max-image-preview:large","max-video-preview":"max-video-preview:-1"},"canonical":"https:\/\/sites.exeter.ac.uk\/ingasystems\/sobre\/","og_locale":"en_US","og_type":"article","og_title":"Sobre - IngaSystems","og_description":"Qual \u00e9 a nossa solu\u00e7\u00e3o? Sistemas agroflorestais (SAF) e silvipastoris (SSP), que incorporam \u00e1rvores nos sistemas de cultivo e pecu\u00e1ria, demonstraram ter um impacto dram\u00e1tico na manuten\u00e7\u00e3o e restaura\u00e7\u00e3o da produtividade a longo prazo nas paisagens agr\u00edcolas dos tr\u00f3picos, incluindo terras degradadas e abandonadas e s\u00e3o adequados para pequenos agricultores rurais. Podem proporcionar excelentes benef\u00edcios [&hellip;]","og_url":"https:\/\/sites.exeter.ac.uk\/ingasystems\/sobre\/","og_site_name":"IngaSystems","article_modified_time":"2023-09-12T09:35:02+00:00","og_image":[{"width":2000,"height":520,"url":"https:\/\/sites.exeter.ac.uk\/ingasystems\/wp-content\/uploads\/sites\/259\/2020\/05\/cropped-blake-lisk-7KBUuFzT9Dk-unsplash.jpg","type":"image\/jpeg"}],"twitter_card":"summary_large_image","twitter_misc":{"Est. reading time":"1 minute"},"schema":{"@context":"https:\/\/schema.org","@graph":[{"@type":"WebPage","@id":"https:\/\/sites.exeter.ac.uk\/ingasystems\/sobre\/","url":"https:\/\/sites.exeter.ac.uk\/ingasystems\/sobre\/","name":"Sobre - IngaSystems","isPartOf":{"@id":"https:\/\/sites.exeter.ac.uk\/ingasystems\/#website"},"primaryImageOfPage":{"@id":"https:\/\/sites.exeter.ac.uk\/ingasystems\/sobre\/#primaryimage"},"image":{"@id":"https:\/\/sites.exeter.ac.uk\/ingasystems\/sobre\/#primaryimage"},"thumbnailUrl":"https:\/\/sites.exeter.ac.uk\/ingasystems\/wp-content\/uploads\/sites\/259\/2020\/05\/cropped-blake-lisk-7KBUuFzT9Dk-unsplash.jpg","datePublished":"2020-07-09T09:53:00+00:00","dateModified":"2023-09-12T09:35:02+00:00","breadcrumb":{"@id":"https:\/\/sites.exeter.ac.uk\/ingasystems\/sobre\/#breadcrumb"},"inLanguage":"en-US","potentialAction":[{"@type":"ReadAction","target":["https:\/\/sites.exeter.ac.uk\/ingasystems\/sobre\/"]}]},{"@type":"ImageObject","inLanguage":"en-US","@id":"https:\/\/sites.exeter.ac.uk\/ingasystems\/sobre\/#primaryimage","url":"https:\/\/sites.exeter.ac.uk\/ingasystems\/wp-content\/uploads\/sites\/259\/2020\/05\/cropped-blake-lisk-7KBUuFzT9Dk-unsplash.jpg","contentUrl":"https:\/\/sites.exeter.ac.uk\/ingasystems\/wp-content\/uploads\/sites\/259\/2020\/05\/cropped-blake-lisk-7KBUuFzT9Dk-unsplash.jpg","width":2000,"height":520},{"@type":"BreadcrumbList","@id":"https:\/\/sites.exeter.ac.uk\/ingasystems\/sobre\/#breadcrumb","itemListElement":[{"@type":"ListItem","position":1,"name":"Home","item":"https:\/\/sites.exeter.ac.uk\/ingasystems\/"},{"@type":"ListItem","position":2,"name":"Sobre"}]},{"@type":"WebSite","@id":"https:\/\/sites.exeter.ac.uk\/ingasystems\/#website","url":"https:\/\/sites.exeter.ac.uk\/ingasystems\/","name":"IngaSystems","description":"Tree-based tropical agricultural solutions","potentialAction":[{"@type":"SearchAction","target":{"@type":"EntryPoint","urlTemplate":"https:\/\/sites.exeter.ac.uk\/ingasystems\/?s={search_term_string}"},"query-input":"required name=search_term_string"}],"inLanguage":"en-US"}]}},"jetpack_sharing_enabled":true,"_links":{"self":[{"href":"https:\/\/sites.exeter.ac.uk\/ingasystems\/wp-json\/wp\/v2\/pages\/344"}],"collection":[{"href":"https:\/\/sites.exeter.ac.uk\/ingasystems\/wp-json\/wp\/v2\/pages"}],"about":[{"href":"https:\/\/sites.exeter.ac.uk\/ingasystems\/wp-json\/wp\/v2\/types\/page"}],"author":[{"embeddable":true,"href":"https:\/\/sites.exeter.ac.uk\/ingasystems\/wp-json\/wp\/v2\/users\/1005"}],"replies":[{"embeddable":true,"href":"https:\/\/sites.exeter.ac.uk\/ingasystems\/wp-json\/wp\/v2\/comments?post=344"}],"version-history":[{"count":1,"href":"https:\/\/sites.exeter.ac.uk\/ingasystems\/wp-json\/wp\/v2\/pages\/344\/revisions"}],"predecessor-version":[{"id":669,"href":"https:\/\/sites.exeter.ac.uk\/ingasystems\/wp-json\/wp\/v2\/pages\/344\/revisions\/669"}],"wp:featuredmedia":[{"embeddable":true,"href":"https:\/\/sites.exeter.ac.uk\/ingasystems\/wp-json\/wp\/v2\/media\/206"}],"wp:attachment":[{"href":"https:\/\/sites.exeter.ac.uk\/ingasystems\/wp-json\/wp\/v2\/media?parent=344"}],"wp:term":[{"taxonomy":"category","embeddable":true,"href":"https:\/\/sites.exeter.ac.uk\/ingasystems\/wp-json\/wp\/v2\/categories?post=344"},{"taxonomy":"post_tag","embeddable":true,"href":"https:\/\/sites.exeter.ac.uk\/ingasystems\/wp-json\/wp\/v2\/tags?post=344"}],"curies":[{"name":"wp","href":"https:\/\/api.w.org\/{rel}","templated":true}]}}