{"id":349,"date":"2020-07-09T10:39:03","date_gmt":"2020-07-09T09:39:03","guid":{"rendered":"http:\/\/blogs.exeter.ac.uk\/ingasystems\/?page_id=349"},"modified":"2020-07-09T10:39:03","modified_gmt":"2020-07-09T09:39:03","slug":"portuguese","status":"publish","type":"page","link":"https:\/\/sites.exeter.ac.uk\/ingasystems\/portuguese\/","title":{"rendered":"Portuguese"},"content":{"rendered":"<div id=\"pl-349\" class=\"panel-layout\">\n<div id=\"pg-349-0\" class=\"panel-grid panel-has-style\">\n<div class=\"panel-row-style panel-row-style-for-349-0\">\n<div id=\"pgc-349-0-0\" class=\"panel-grid-cell\">\n<div id=\"panel-349-0-0-0\" class=\"so-panel widget widget_sow-editor panel-first-child panel-last-child\">\n<div class=\"so-widget-sow-editor so-widget-sow-editor-base\">\n<div class=\"siteorigin-widget-tinymce textwidget\">\n<p style=\"text-align: center\">IngaSystems re\u00fane dois projetos focados em sistemas agroflorestais e silvipastoris na Am\u00e9rica Latina, liderados pela Universidade de Exeter. Cientistas de Exeter, Royal Botanic Garden Edinburgh, Royal Botanic Gardens, Kew e University of Edinburgh se uniram ao Instituto Ouro Verde (IOV) para criar uma abordagem social \u00e0 agricultura tropical sustent\u00e1vel. Os projetos apoiam e incentivam as comunidades locais a adotar m\u00e9todos agr\u00edcolas sustent\u00e1veis que proporcionam seguran\u00e7a e renda, melhorando simultaneamente a cobertura arb\u00f3rea e as condi\u00e7\u00f5es do solo em uma das \u00e1reas mais degradadas da Amaz\u00f4nia.<\/p>\n<\/div>\n<\/div>\n<\/div>\n<\/div>\n<\/div>\n<\/div>\n<div id=\"pg-349-1\" class=\"panel-grid panel-has-style\">\n<div class=\"panel-row-style panel-row-style-for-349-1\">\n<div id=\"pgc-349-1-0\" class=\"panel-grid-cell\">\n<div id=\"panel-349-1-0-0\" class=\"so-panel widget widget_sow-editor panel-first-child panel-last-child\">\n<div class=\"so-widget-sow-editor so-widget-sow-editor-base\">\n<div class=\"siteorigin-widget-tinymce textwidget\">\n<h2 style=\"text-align: center\">AmazonPasto<\/h2>\n<p style=\"text-align: center\">Nossos parceiros no Brasil, o Insituto Ouro Verde (IOV), est\u00e3o lan\u00e7ando um novo aplicativo para celular que fornece informa\u00e7\u00f5es a pequenos agricultores familiares sobre \u00e1rvores que s\u00e3o \u00fateis na agricultura baseada em \u00e1rvores e em sistemas de pastagem. Este \u00e9 um desenvolvimento realmente empolgante que pode potencialmente fazer uma grande diferen\u00e7a para o alcance final do projeto. A IOV o projetou para que os agricultores possam enviar informa\u00e7\u00f5es sobre suas \u00e1rvores favoritas, melhorando assim os dados subjacentes, por isso \u00e9 um sistema bidirecional.<\/p>\n<p style=\"text-align: center\"><strong>Voc\u00ea pode se juntar a Toby Pennington para saber mais no lan\u00e7amento online do aplicativo em 30 de setembro.<\/strong><\/p>\n<\/div>\n<\/div>\n<\/div>\n<\/div>\n<\/div>\n<\/div>\n<div id=\"pg-349-2\" class=\"panel-grid panel-no-style\">\n<div id=\"pgc-349-2-0\" class=\"panel-grid-cell\">\n<div id=\"panel-349-2-0-0\" class=\"so-panel widget widget_sow-image panel-first-child panel-last-child\">[siteorigin_widget class=&#8221;SiteOrigin_Widget_Image_Widget&#8221;][\/siteorigin_widget]<\/div>\n<\/div>\n<\/div>\n<div id=\"pg-349-3\" class=\"panel-grid panel-no-style\">\n<div id=\"pgc-349-3-0\" class=\"panel-grid-cell\">\n<div id=\"panel-349-3-0-0\" class=\"so-panel widget widget_sow-button panel-first-child panel-last-child\">[siteorigin_widget class=&#8221;SiteOrigin_Widget_Button_Widget&#8221;][\/siteorigin_widget]<\/div>\n<\/div>\n<\/div>\n<div id=\"pg-349-4\" class=\"panel-grid panel-has-style\">\n<div class=\"panel-row-style panel-row-style-for-349-4\">\n<div id=\"pgc-349-4-0\" class=\"panel-grid-cell\">\n<div id=\"panel-349-4-0-0\" class=\"so-panel widget widget_sow-editor panel-first-child\">\n<div class=\"panel-widget-style panel-widget-style-for-349-4-0-0\">\n<div class=\"so-widget-sow-editor so-widget-sow-editor-base\">\n<div class=\"siteorigin-widget-tinymce textwidget\">\n<h3 style=\"text-align: center\">Maximizando sistemas de ing\u00e1s<\/h3>\n<p style=\"text-align: center\">&#8216;Melhorando sistemas agroflorestais e silvipastoris na Am\u00e9rica Latina atrav\u00e9s da maximiza\u00e7\u00e3o de esp\u00e9cies e diversidade gen\u00e9tica de leguminosas de m\u00faltiplo uso <em>Inga&#8217;<\/em><\/p>\n<\/div>\n<\/div>\n<\/div>\n<\/div>\n<div id=\"panel-349-4-0-1\" class=\"so-panel widget widget_sow-image\">[siteorigin_widget class=&#8221;SiteOrigin_Widget_Image_Widget&#8221;][\/siteorigin_widget]<\/div>\n<div id=\"panel-349-4-0-2\" class=\"so-panel widget widget_sow-button panel-last-child\">[siteorigin_widget class=&#8221;SiteOrigin_Widget_Button_Widget&#8221;][\/siteorigin_widget]<\/div>\n<\/div>\n<div id=\"pgc-349-4-1\" class=\"panel-grid-cell\">\n<div id=\"panel-349-4-1-0\" class=\"so-panel widget widget_sow-editor panel-first-child\">\n<div class=\"panel-widget-style panel-widget-style-for-349-4-1-0\">\n<div class=\"so-widget-sow-editor so-widget-sow-editor-base\">\n<div class=\"siteorigin-widget-tinymce textwidget\">\n<h3 style=\"text-align: center\">Diversificando sistemas de ing\u00e1s<\/h3>\n<p style=\"text-align: center\">&#8216;Diversifica\u00e7\u00e3o de sistemas de pastagens arborizadas para criar oportunidades de mercado <em>premium<\/em> para pequenos agricultores produtores de leite no Arco do Desmatamento da Amaz\u00f4nia&#8217;<\/p>\n<\/div>\n<\/div>\n<\/div>\n<\/div>\n<div id=\"panel-349-4-1-1\" class=\"so-panel widget widget_sow-image\">[siteorigin_widget class=&#8221;SiteOrigin_Widget_Image_Widget&#8221;][\/siteorigin_widget]<\/div>\n<div id=\"panel-349-4-1-2\" class=\"so-panel widget widget_sow-button panel-last-child\">[siteorigin_widget class=&#8221;SiteOrigin_Widget_Button_Widget&#8221;][\/siteorigin_widget]<\/div>\n<\/div>\n<div id=\"pgc-349-4-2\" class=\"panel-grid-cell\">\n<div id=\"panel-349-4-2-0\" class=\"so-panel widget widget_sow-editor panel-first-child\">\n<div class=\"panel-widget-style panel-widget-style-for-349-4-2-0\">\n<div class=\"so-widget-sow-editor so-widget-sow-editor-base\">\n<div class=\"siteorigin-widget-tinymce textwidget\">\n<h3 style=\"text-align: center\">Igualdade de g\u00eanero e seguran\u00e7a alimentar<\/h3>\n<p style=\"text-align: center\">&#8216;Investigando as contribui\u00e7\u00f5es das atividades agroflorestais femininas para a renegocia\u00e7\u00e3o da igualdade de g\u00eanero e seguran\u00e7a alimentar no Brasil&#8217;<\/p>\n<\/div>\n<\/div>\n<\/div>\n<\/div>\n<div id=\"panel-349-4-2-1\" class=\"so-panel widget widget_sow-image\">[siteorigin_widget class=&#8221;SiteOrigin_Widget_Image_Widget&#8221;][\/siteorigin_widget]<\/div>\n<div id=\"panel-349-4-2-2\" class=\"so-panel widget widget_sow-button panel-last-child\">[siteorigin_widget class=&#8221;SiteOrigin_Widget_Button_Widget&#8221;][\/siteorigin_widget]<\/div>\n<\/div>\n<\/div>\n<\/div>\n<div id=\"pg-349-5\" class=\"panel-grid panel-no-style\">\n<div id=\"pgc-349-5-0\" class=\"panel-grid-cell\">\n<div id=\"panel-349-5-0-0\" class=\"so-panel widget widget_sow-image panel-first-child panel-last-child\">[siteorigin_widget class=&#8221;SiteOrigin_Widget_Image_Widget&#8221;][\/siteorigin_widget]<\/div>\n<\/div>\n<div id=\"pgc-349-5-1\" class=\"panel-grid-cell\">\n<div id=\"panel-349-5-1-0\" class=\"so-panel widget widget_sow-image panel-first-child panel-last-child\">[siteorigin_widget class=&#8221;SiteOrigin_Widget_Image_Widget&#8221;][\/siteorigin_widget]<\/div>\n<\/div>\n<\/div>\n<div id=\"pg-349-6\" class=\"panel-grid panel-no-style\">\n<div id=\"pgc-349-6-0\" class=\"panel-grid-cell\">\n<div id=\"panel-349-6-0-0\" class=\"so-panel widget widget_sow-image panel-first-child panel-last-child\">[siteorigin_widget class=&#8221;SiteOrigin_Widget_Image_Widget&#8221;][\/siteorigin_widget]<\/div>\n<\/div>\n<div id=\"pgc-349-6-1\" class=\"panel-grid-cell\">\n<div id=\"panel-349-6-1-0\" class=\"so-panel widget widget_sow-image panel-first-child panel-last-child\">[siteorigin_widget class=&#8221;SiteOrigin_Widget_Image_Widget&#8221;][\/siteorigin_widget]<\/div>\n<\/div>\n<\/div>\n<div id=\"pg-349-7\" class=\"panel-grid panel-no-style\">\n<div id=\"pgc-349-7-0\" class=\"panel-grid-cell\">\n<div id=\"panel-349-7-0-0\" class=\"so-panel widget widget_sow-image panel-first-child panel-last-child\">[siteorigin_widget class=&#8221;SiteOrigin_Widget_Image_Widget&#8221;][\/siteorigin_widget]<\/div>\n<\/div>\n<div id=\"pgc-349-7-1\" class=\"panel-grid-cell\">\n<div id=\"panel-349-7-1-0\" class=\"so-panel widget widget_sow-image panel-first-child panel-last-child\">[siteorigin_widget class=&#8221;SiteOrigin_Widget_Image_Widget&#8221;][\/siteorigin_widget]<\/div>\n<\/div>\n<\/div>\n<\/div>\n","protected":false},"excerpt":{"rendered":"<p>IngaSystems re\u00fane dois projetos focados em sistemas agroflorestais e silvipastoris na Am\u00e9rica Latina, liderados pela Universidade de Exeter. Cientistas de Exeter, Royal Botanic Garden Edinburgh, Royal Botanic Gardens, Kew e University of Edinburgh se uniram ao Instituto Ouro Verde (IOV) para criar uma abordagem social \u00e0 agricultura tropical sustent\u00e1vel. Os projetos apoiam e incentivam as [&hellip;]<\/p>\n","protected":false},"author":1005,"featured_media":0,"parent":0,"menu_order":0,"comment_status":"closed","ping_status":"closed","template":"","meta":{"_acf_changed":false,"footnotes":""},"categories":[],"tags":[],"acf":[],"yoast_head":"<!-- This site is optimized with the Yoast SEO plugin v23.0 - https:\/\/yoast.com\/wordpress\/plugins\/seo\/ -->\n<title>Portuguese - IngaSystems<\/title>\n<meta name=\"robots\" content=\"index, follow, max-snippet:-1, max-image-preview:large, max-video-preview:-1\" \/>\n<link rel=\"canonical\" href=\"https:\/\/sites.exeter.ac.uk\/ingasystems\/portuguese\/\" \/>\n<meta property=\"og:locale\" content=\"en_US\" \/>\n<meta property=\"og:type\" content=\"article\" \/>\n<meta property=\"og:title\" content=\"Portuguese - IngaSystems\" \/>\n<meta property=\"og:description\" content=\"IngaSystems re\u00fane dois projetos focados em sistemas agroflorestais e silvipastoris na Am\u00e9rica Latina, liderados pela Universidade de Exeter. Cientistas de Exeter, Royal Botanic Garden Edinburgh, Royal Botanic Gardens, Kew e University of Edinburgh se uniram ao Instituto Ouro Verde (IOV) para criar uma abordagem social \u00e0 agricultura tropical sustent\u00e1vel. Os projetos apoiam e incentivam as [&hellip;]\" \/>\n<meta property=\"og:url\" content=\"https:\/\/sites.exeter.ac.uk\/ingasystems\/portuguese\/\" \/>\n<meta property=\"og:site_name\" content=\"IngaSystems\" \/>\n<meta name=\"twitter:card\" content=\"summary_large_image\" \/>\n<meta name=\"twitter:label1\" content=\"Est. reading time\" \/>\n\t<meta name=\"twitter:data1\" content=\"2 minutes\" \/>\n<script type=\"application\/ld+json\" class=\"yoast-schema-graph\">{\"@context\":\"https:\/\/schema.org\",\"@graph\":[{\"@type\":\"WebPage\",\"@id\":\"https:\/\/sites.exeter.ac.uk\/ingasystems\/portuguese\/\",\"url\":\"https:\/\/sites.exeter.ac.uk\/ingasystems\/portuguese\/\",\"name\":\"Portuguese - IngaSystems\",\"isPartOf\":{\"@id\":\"https:\/\/sites.exeter.ac.uk\/ingasystems\/#website\"},\"datePublished\":\"2020-07-09T09:39:03+00:00\",\"dateModified\":\"2020-07-09T09:39:03+00:00\",\"breadcrumb\":{\"@id\":\"https:\/\/sites.exeter.ac.uk\/ingasystems\/portuguese\/#breadcrumb\"},\"inLanguage\":\"en-US\",\"potentialAction\":[{\"@type\":\"ReadAction\",\"target\":[\"https:\/\/sites.exeter.ac.uk\/ingasystems\/portuguese\/\"]}]},{\"@type\":\"BreadcrumbList\",\"@id\":\"https:\/\/sites.exeter.ac.uk\/ingasystems\/portuguese\/#breadcrumb\",\"itemListElement\":[{\"@type\":\"ListItem\",\"position\":1,\"name\":\"Home\",\"item\":\"https:\/\/sites.exeter.ac.uk\/ingasystems\/\"},{\"@type\":\"ListItem\",\"position\":2,\"name\":\"Portuguese\"}]},{\"@type\":\"WebSite\",\"@id\":\"https:\/\/sites.exeter.ac.uk\/ingasystems\/#website\",\"url\":\"https:\/\/sites.exeter.ac.uk\/ingasystems\/\",\"name\":\"IngaSystems\",\"description\":\"Tree-based tropical agricultural solutions\",\"potentialAction\":[{\"@type\":\"SearchAction\",\"target\":{\"@type\":\"EntryPoint\",\"urlTemplate\":\"https:\/\/sites.exeter.ac.uk\/ingasystems\/?s={search_term_string}\"},\"query-input\":\"required name=search_term_string\"}],\"inLanguage\":\"en-US\"}]}<\/script>\n<!-- \/ Yoast SEO plugin. -->","yoast_head_json":{"title":"Portuguese - IngaSystems","robots":{"index":"index","follow":"follow","max-snippet":"max-snippet:-1","max-image-preview":"max-image-preview:large","max-video-preview":"max-video-preview:-1"},"canonical":"https:\/\/sites.exeter.ac.uk\/ingasystems\/portuguese\/","og_locale":"en_US","og_type":"article","og_title":"Portuguese - IngaSystems","og_description":"IngaSystems re\u00fane dois projetos focados em sistemas agroflorestais e silvipastoris na Am\u00e9rica Latina, liderados pela Universidade de Exeter. Cientistas de Exeter, Royal Botanic Garden Edinburgh, Royal Botanic Gardens, Kew e University of Edinburgh se uniram ao Instituto Ouro Verde (IOV) para criar uma abordagem social \u00e0 agricultura tropical sustent\u00e1vel. Os projetos apoiam e incentivam as [&hellip;]","og_url":"https:\/\/sites.exeter.ac.uk\/ingasystems\/portuguese\/","og_site_name":"IngaSystems","twitter_card":"summary_large_image","twitter_misc":{"Est. reading time":"2 minutes"},"schema":{"@context":"https:\/\/schema.org","@graph":[{"@type":"WebPage","@id":"https:\/\/sites.exeter.ac.uk\/ingasystems\/portuguese\/","url":"https:\/\/sites.exeter.ac.uk\/ingasystems\/portuguese\/","name":"Portuguese - IngaSystems","isPartOf":{"@id":"https:\/\/sites.exeter.ac.uk\/ingasystems\/#website"},"datePublished":"2020-07-09T09:39:03+00:00","dateModified":"2020-07-09T09:39:03+00:00","breadcrumb":{"@id":"https:\/\/sites.exeter.ac.uk\/ingasystems\/portuguese\/#breadcrumb"},"inLanguage":"en-US","potentialAction":[{"@type":"ReadAction","target":["https:\/\/sites.exeter.ac.uk\/ingasystems\/portuguese\/"]}]},{"@type":"BreadcrumbList","@id":"https:\/\/sites.exeter.ac.uk\/ingasystems\/portuguese\/#breadcrumb","itemListElement":[{"@type":"ListItem","position":1,"name":"Home","item":"https:\/\/sites.exeter.ac.uk\/ingasystems\/"},{"@type":"ListItem","position":2,"name":"Portuguese"}]},{"@type":"WebSite","@id":"https:\/\/sites.exeter.ac.uk\/ingasystems\/#website","url":"https:\/\/sites.exeter.ac.uk\/ingasystems\/","name":"IngaSystems","description":"Tree-based tropical agricultural solutions","potentialAction":[{"@type":"SearchAction","target":{"@type":"EntryPoint","urlTemplate":"https:\/\/sites.exeter.ac.uk\/ingasystems\/?s={search_term_string}"},"query-input":"required name=search_term_string"}],"inLanguage":"en-US"}]}},"jetpack_sharing_enabled":true,"_links":{"self":[{"href":"https:\/\/sites.exeter.ac.uk\/ingasystems\/wp-json\/wp\/v2\/pages\/349"}],"collection":[{"href":"https:\/\/sites.exeter.ac.uk\/ingasystems\/wp-json\/wp\/v2\/pages"}],"about":[{"href":"https:\/\/sites.exeter.ac.uk\/ingasystems\/wp-json\/wp\/v2\/types\/page"}],"author":[{"embeddable":true,"href":"https:\/\/sites.exeter.ac.uk\/ingasystems\/wp-json\/wp\/v2\/users\/1005"}],"replies":[{"embeddable":true,"href":"https:\/\/sites.exeter.ac.uk\/ingasystems\/wp-json\/wp\/v2\/comments?post=349"}],"version-history":[{"count":0,"href":"https:\/\/sites.exeter.ac.uk\/ingasystems\/wp-json\/wp\/v2\/pages\/349\/revisions"}],"wp:attachment":[{"href":"https:\/\/sites.exeter.ac.uk\/ingasystems\/wp-json\/wp\/v2\/media?parent=349"}],"wp:term":[{"taxonomy":"category","embeddable":true,"href":"https:\/\/sites.exeter.ac.uk\/ingasystems\/wp-json\/wp\/v2\/categories?post=349"},{"taxonomy":"post_tag","embeddable":true,"href":"https:\/\/sites.exeter.ac.uk\/ingasystems\/wp-json\/wp\/v2\/tags?post=349"}],"curies":[{"name":"wp","href":"https:\/\/api.w.org\/{rel}","templated":true}]}}