{"id":673,"date":"2023-09-12T09:40:36","date_gmt":"2023-09-12T09:40:36","guid":{"rendered":"https:\/\/sites.exeter.ac.uk\/ingasystems\/?page_id=673"},"modified":"2023-09-12T12:40:01","modified_gmt":"2023-09-12T12:40:01","slug":"o-time","status":"publish","type":"page","link":"https:\/\/sites.exeter.ac.uk\/ingasystems\/o-time\/","title":{"rendered":"O Time"},"content":{"rendered":"\n<div class=\"wp-block-columns has-very-light-gray-to-cyan-bluish-gray-gradient-background has-background is-layout-flex wp-container-core-columns-is-layout-1 wp-block-columns-is-layout-flex\">\n<div class=\"wp-block-column is-layout-flow wp-block-column-is-layout-flow\" style=\"flex-basis:33.33%\">\n<figure class=\"wp-block-image size-full\"><img loading=\"lazy\" decoding=\"async\" width=\"227\" height=\"239\" src=\"https:\/\/sites.exeter.ac.uk\/ingasystems\/wp-content\/uploads\/sites\/259\/2020\/05\/toby.v1.png\" alt=\"\" class=\"wp-image-298\"\/><\/figure>\n<\/div>\n\n\n\n<div class=\"wp-block-column is-layout-flow wp-block-column-is-layout-flow\" style=\"flex-basis:66.66%\">\n<p><strong>Toby Pennington<\/strong><\/p>\n\n\n\n<p>Toby \u00e9 professor de Diversidade de Plantas Tropicais e Biogeografia na Universidade de Exeter, com uma posi\u00e7\u00e3o conjunta no Jardim Bot\u00e2nico Real de Edimburgo e professor honor\u00e1rio da Universidade de Edimburgo. Sua pesquisa concentra biodiversidade, biogeografia e ecologia de florestas e savanas tropicais amea\u00e7adas. Grande parte de seu trabalho tem implica\u00e7\u00f5es claras para a conserva\u00e7\u00e3o e meios de subsist\u00eancia, e isso continua em novos projetos com foco na agrossilvicultura e restaura\u00e7\u00e3o de ecossistemas.<\/p>\n<\/div>\n<\/div>\n\n\n\n<div class=\"wp-block-columns has-background is-layout-flex wp-container-core-columns-is-layout-2 wp-block-columns-is-layout-flex\" style=\"background:linear-gradient(135deg,rgb(238,238,238) 31%,rgb(169,184,195) 100%)\">\n<div class=\"wp-block-column is-layout-flow wp-block-column-is-layout-flow\" style=\"flex-basis:33.33%\">\n<figure class=\"wp-block-image size-large\"><img loading=\"lazy\" decoding=\"async\" width=\"1024\" height=\"922\" src=\"https:\/\/sites.exeter.ac.uk\/ingasystems\/wp-content\/uploads\/sites\/259\/2020\/05\/Angola_Rooftop-1-1024x922.jpg\" alt=\"\" class=\"wp-image-294\" srcset=\"https:\/\/sites.exeter.ac.uk\/ingasystems\/wp-content\/uploads\/sites\/259\/2020\/05\/Angola_Rooftop-1-1024x922.jpg 1024w, https:\/\/sites.exeter.ac.uk\/ingasystems\/wp-content\/uploads\/sites\/259\/2020\/05\/Angola_Rooftop-1-300x270.jpg 300w, https:\/\/sites.exeter.ac.uk\/ingasystems\/wp-content\/uploads\/sites\/259\/2020\/05\/Angola_Rooftop-1-768x692.jpg 768w, https:\/\/sites.exeter.ac.uk\/ingasystems\/wp-content\/uploads\/sites\/259\/2020\/05\/Angola_Rooftop-1-1536x1383.jpg 1536w, https:\/\/sites.exeter.ac.uk\/ingasystems\/wp-content\/uploads\/sites\/259\/2020\/05\/Angola_Rooftop-1.jpg 1540w\" sizes=\"(max-width: 1024px) 100vw, 1024px\" \/><\/figure>\n<\/div>\n\n\n\n<div class=\"wp-block-column is-layout-flow wp-block-column-is-layout-flow\" style=\"flex-basis:66.66%\">\n<p><strong>Kyle Dexter<\/strong><\/p>\n\n\n\n<p>Kyle \u00e9 um bi\u00f3logo tropical que estuda a ecologia e evolu\u00e7\u00e3o de \u00e1rvores em diversos biomas tropicais h\u00e1 quase duas d\u00e9cadas. O g\u00eanero Inga est\u00e1 pr\u00f3ximo de seu cora\u00e7\u00e3o, pois seu doutorado se concentrou na ecologia e gen\u00e9tica populacional de esp\u00e9cies do g\u00eanero no Peru amaz\u00f4nico. Ele tamb\u00e9m trabalhou no g\u00eanero no Brasil, Bol\u00edvia e Guiana Francesa. Al\u00e9m de seu trabalho cont\u00ednuo em Inga, Kyle e seu grupo de pesquisa atuam em muitas \u00e1reas, desde florestas montanhosas at\u00e9 savanas, na Am\u00e9rica do Sul e na \u00c1frica. Quase toda a pesquisa \u00e9 dedicada \u00e0 compreens\u00e3o da biogeografia, hist\u00f3ria evolutiva e fun\u00e7\u00e3o do ecossistema de \u00e1rvores tropicais, florestas e savanas.<\/p>\n<\/div>\n<\/div>\n\n\n\n<div class=\"wp-block-columns has-background is-layout-flex wp-container-core-columns-is-layout-3 wp-block-columns-is-layout-flex\" style=\"background:linear-gradient(135deg,rgb(238,238,238) 38%,rgb(169,184,195) 100%)\">\n<div class=\"wp-block-column is-layout-flow wp-block-column-is-layout-flow\" style=\"flex-basis:33.33%\">\n<figure class=\"wp-block-image size-full\"><img loading=\"lazy\" decoding=\"async\" width=\"1024\" height=\"961\" src=\"https:\/\/sites.exeter.ac.uk\/ingasystems\/wp-content\/uploads\/sites\/259\/2020\/05\/Katherine.png\" alt=\"\" class=\"wp-image-249\" srcset=\"https:\/\/sites.exeter.ac.uk\/ingasystems\/wp-content\/uploads\/sites\/259\/2020\/05\/Katherine.png 1024w, https:\/\/sites.exeter.ac.uk\/ingasystems\/wp-content\/uploads\/sites\/259\/2020\/05\/Katherine-300x282.png 300w, https:\/\/sites.exeter.ac.uk\/ingasystems\/wp-content\/uploads\/sites\/259\/2020\/05\/Katherine-768x721.png 768w\" sizes=\"(max-width: 1024px) 100vw, 1024px\" \/><\/figure>\n<\/div>\n\n\n\n<div class=\"wp-block-column is-layout-flow wp-block-column-is-layout-flow\" style=\"flex-basis:66.66%\">\n<p><strong>Catherine Kidner<\/strong><\/p>\n\n\n\n<p>Catherine \u00e9 uma Leitora em Evolu\u00e7\u00e3o Vegetal, baseada no Royal Botanic Garden Edinburgh e no Institute of Molecular Plant Sciences, University of Edinburgh. Ela estuda gen\u00e9tica funcional e gen\u00f4mica em esp\u00e9cies de plantas tropicais. Seu grupo usa an\u00e1lise de sequ\u00eancia comparativa em larga escala para entender padr\u00f5es de diversidade. Eles est\u00e3o particularmente interessados em vincular a varia\u00e7\u00e3o gen\u00e9tica \u00e0 varia\u00e7\u00e3o funcional e entender como as plantas se adaptam \u00e0s mudan\u00e7as nos ambientes.<\/p>\n\n\n\n<p><a rel=\"noreferrer noopener\" href=\"https:\/\/www.rbge.org.uk\/about-us\/organisational-structure\/staff\/tropical-diversity\/dr-catherine-kidner\/\" target=\"_blank\">Saiba mais sobre o trabalho de Catherine aqui<\/a><\/p>\n<\/div>\n<\/div>\n\n\n\n<div class=\"wp-block-columns has-background is-layout-flex wp-container-core-columns-is-layout-4 wp-block-columns-is-layout-flex\" style=\"background:linear-gradient(135deg,rgb(238,238,238) 42%,rgb(169,184,195) 100%)\">\n<div class=\"wp-block-column is-layout-flow wp-block-column-is-layout-flow\" style=\"flex-basis:33.33%\">\n<figure class=\"wp-block-image size-full\"><img loading=\"lazy\" decoding=\"async\" width=\"595\" height=\"631\" src=\"https:\/\/sites.exeter.ac.uk\/ingasystems\/wp-content\/uploads\/sites\/259\/2020\/05\/rosali-1.jpg\" alt=\"\" class=\"wp-image-305\" srcset=\"https:\/\/sites.exeter.ac.uk\/ingasystems\/wp-content\/uploads\/sites\/259\/2020\/05\/rosali-1.jpg 595w, https:\/\/sites.exeter.ac.uk\/ingasystems\/wp-content\/uploads\/sites\/259\/2020\/05\/rosali-1-283x300.jpg 283w\" sizes=\"(max-width: 595px) 100vw, 595px\" \/><\/figure>\n<\/div>\n\n\n\n<div class=\"wp-block-column is-layout-flow wp-block-column-is-layout-flow\" style=\"flex-basis:66.66%\">\n<p><strong>Rosal\u00eda Pi\u00f1eiro<\/strong><\/p>\n\n\n\n<p>Rosal\u00eda \u00e9 pesquisadora de p\u00f3s-doutorado na Universidade de Exeter. Ela \u00e9 especialista em gen\u00f4mica de \u00e1rvores, com foco especial em regi\u00f5es tropicais. Ela usa t\u00e9cnicas gen\u00e9ticas modernas para investigar a resposta da floresta tropical \u00e0s mudan\u00e7as clim\u00e1ticas passadas, bem como para descobrir novas esp\u00e9cies em grupos complexos de plantas, como Inga.<\/p>\n\n\n\n<p><br><a href=\"https:\/\/scholar.google.com\/citations?user=ecQQjiYAAAAJ&amp;hl=es\">Saiba mais sobre o trabalho de Rosal\u00eda aqui<\/a><\/p>\n<\/div>\n<\/div>\n\n\n\n<div class=\"wp-block-columns has-background is-layout-flex wp-container-core-columns-is-layout-5 wp-block-columns-is-layout-flex\" style=\"background:linear-gradient(135deg,rgb(238,238,238) 38%,rgb(169,184,195) 100%)\">\n<div class=\"wp-block-column is-layout-flow wp-block-column-is-layout-flow\" style=\"flex-basis:33.33%\">\n<figure class=\"wp-block-image size-full\"><img loading=\"lazy\" decoding=\"async\" width=\"431\" height=\"450\" src=\"https:\/\/sites.exeter.ac.uk\/ingasystems\/wp-content\/uploads\/sites\/259\/2020\/05\/foto_perfil.png\" alt=\"\" class=\"wp-image-295\" srcset=\"https:\/\/sites.exeter.ac.uk\/ingasystems\/wp-content\/uploads\/sites\/259\/2020\/05\/foto_perfil.png 431w, https:\/\/sites.exeter.ac.uk\/ingasystems\/wp-content\/uploads\/sites\/259\/2020\/05\/foto_perfil-287x300.png 287w\" sizes=\"(max-width: 431px) 100vw, 431px\" \/><\/figure>\n<\/div>\n\n\n\n<div class=\"wp-block-column is-layout-flow wp-block-column-is-layout-flow\" style=\"flex-basis:66.66%\">\n<p><strong>Saulo Souza<\/strong><\/p>\n\n\n\n<p>Saulo \u00e9 pesquisador associado de p\u00f3s-doutorado na Universidade de Exeter, com sede no Instituto Ouro Verde, em Alta Floresta, Mato Grosso, Brasil.\u00a0Ele est\u00e1 interessado em pesquisas aplicadas sobre conserva\u00e7\u00e3o e manejo da biodiversidade e suas rela\u00e7\u00f5es com as comunidades rurais.\u00a0Suas pesquisas e atividades atuais se concentram na agrossilvicultura e restaura\u00e7\u00e3o florestal ligada \u00e0 resili\u00eancia dos sistemas socioecol\u00f3gicos na fronteira florestal do sul da Amaz\u00f4nia.<\/p>\n<\/div>\n<\/div>\n\n\n\n<div class=\"wp-block-columns has-background is-layout-flex wp-container-core-columns-is-layout-6 wp-block-columns-is-layout-flex\" style=\"background:linear-gradient(135deg,rgb(238,238,238) 54%,rgb(169,184,195) 100%)\">\n<div class=\"wp-block-column is-layout-flow wp-block-column-is-layout-flow\" style=\"flex-basis:33.33%\">\n<figure class=\"wp-block-image size-large\"><img loading=\"lazy\" decoding=\"async\" width=\"846\" height=\"1024\" src=\"https:\/\/sites.exeter.ac.uk\/ingasystems\/wp-content\/uploads\/sites\/259\/2020\/05\/tamsin-846x1024.jpg\" alt=\"\" class=\"wp-image-301\" srcset=\"https:\/\/sites.exeter.ac.uk\/ingasystems\/wp-content\/uploads\/sites\/259\/2020\/05\/tamsin-846x1024.jpg 846w, https:\/\/sites.exeter.ac.uk\/ingasystems\/wp-content\/uploads\/sites\/259\/2020\/05\/tamsin-248x300.jpg 248w, https:\/\/sites.exeter.ac.uk\/ingasystems\/wp-content\/uploads\/sites\/259\/2020\/05\/tamsin-768x929.jpg 768w, https:\/\/sites.exeter.ac.uk\/ingasystems\/wp-content\/uploads\/sites\/259\/2020\/05\/tamsin.jpg 976w\" sizes=\"(max-width: 846px) 100vw, 846px\" \/><\/figure>\n<\/div>\n\n\n\n<div class=\"wp-block-column is-layout-flow wp-block-column-is-layout-flow\" style=\"flex-basis:66.66%\">\n<p><strong>Tamsin Thomas<\/strong><\/p>\n\n\n\n<p>Tamsin \u00e9 respons\u00e1vel por coordenar o Global Research Translation Award. Ela cuida do lado financeiro e administrativo do pr\u00eamio, garantindo que os relat\u00f3rios de financiamento e os prazos de monitoramento sejam cumpridos e que todas as evid\u00eancias financeiras sejam coletadas e registradas corretamente. Ao concluir a Licenciatura em Ci\u00eancias Ambientais de Primeira Classe, BSc Hons com a Open University, em 2018, Tamsin trocou uma carreira em gerenciamento de artes por uma ocupa\u00e7\u00e3o que ap\u00f3ia a pesquisa cient\u00edfica. Ela \u00e9 uma experiente gerente de projetos e financeira que se delicia em aprender sobre o mundo natural.<\/p>\n<\/div>\n<\/div>\n\n\n\n<div class=\"wp-block-columns has-background is-layout-flex wp-container-core-columns-is-layout-7 wp-block-columns-is-layout-flex\" style=\"background:linear-gradient(135deg,rgb(238,238,238) 44%,rgb(169,184,195) 100%)\">\n<div class=\"wp-block-column is-layout-flow wp-block-column-is-layout-flow\" style=\"flex-basis:33.33%\">\n<figure class=\"wp-block-image size-full\"><img loading=\"lazy\" decoding=\"async\" width=\"218\" height=\"247\" src=\"https:\/\/sites.exeter.ac.uk\/ingasystems\/wp-content\/uploads\/sites\/259\/2020\/05\/Sarah_Tupper.jpg\" alt=\"\" class=\"wp-image-296\"\/><\/figure>\n<\/div>\n\n\n\n<div class=\"wp-block-column is-layout-flow wp-block-column-is-layout-flow\" style=\"flex-basis:66.66%\">\n<p><strong>Sarah Tupper<\/strong><\/p>\n\n\n\n<p>Sarah \u00e9 gerente de desenvolvimento de pesquisa respons\u00e1vel pelo suporte ao portf\u00f3lio do Fundo de Pesquisa de Desafios Globais da Universidade de Exeter (GCRF). Sarah fornece suporte de pesquisa de alto n\u00edvel (identificando oportunidades de financiamento, coordenando o desenvolvimento de propostas e apoiando projetos ao vivo) para lances institucionais interdisciplinares e de m\u00faltiplos parceiros e fornece apoio de secretariado ao grupo estrat\u00e9gico do GCRF<\/p>\n<\/div>\n<\/div>\n\n\n\n<div class=\"wp-block-columns has-background is-layout-flex wp-container-core-columns-is-layout-8 wp-block-columns-is-layout-flex\" style=\"background:linear-gradient(135deg,rgb(238,238,238) 54%,rgb(169,184,195) 100%)\">\n<div class=\"wp-block-column is-layout-flow wp-block-column-is-layout-flow\" style=\"flex-basis:33.33%\">\n<figure class=\"wp-block-image size-full\"><img loading=\"lazy\" decoding=\"async\" width=\"211\" height=\"239\" src=\"https:\/\/sites.exeter.ac.uk\/ingasystems\/wp-content\/uploads\/sites\/259\/2020\/05\/tom-james.png\" alt=\"\" class=\"wp-image-297\"\/><\/figure>\n<\/div>\n\n\n\n<div class=\"wp-block-column is-layout-flow wp-block-column-is-layout-flow\" style=\"flex-basis:66.66%\">\n<p><strong>Tom James<\/strong><\/p>\n\n\n\n<p>Tom lidera o portf\u00f3lio de inova\u00e7\u00e3o em desenvolvimento internacional e meio ambiente da Universidade.\u00a0Tom \u00e9 um cientista social ambiental, treinando e trabalha para a Universidade como pesquisador em projetos de pesquisa interdisciplinares, com implica\u00e7\u00f5es importantes para o desenvolvimento internacional e os formuladores e profissionais de pol\u00edticas ambientais.<\/p>\n<\/div>\n<\/div>\n\n\n\n<figure class=\"wp-block-image size-large\"><img loading=\"lazy\" decoding=\"async\" width=\"1024\" height=\"768\" src=\"https:\/\/sites.exeter.ac.uk\/ingasystems\/wp-content\/uploads\/sites\/259\/2020\/05\/IMG_4889-1024x768.jpg\" alt=\"\" class=\"wp-image-198\" srcset=\"https:\/\/sites.exeter.ac.uk\/ingasystems\/wp-content\/uploads\/sites\/259\/2020\/05\/IMG_4889-1024x768.jpg 1024w, https:\/\/sites.exeter.ac.uk\/ingasystems\/wp-content\/uploads\/sites\/259\/2020\/05\/IMG_4889-300x225.jpg 300w, https:\/\/sites.exeter.ac.uk\/ingasystems\/wp-content\/uploads\/sites\/259\/2020\/05\/IMG_4889-768x576.jpg 768w, https:\/\/sites.exeter.ac.uk\/ingasystems\/wp-content\/uploads\/sites\/259\/2020\/05\/IMG_4889-1536x1152.jpg 1536w, https:\/\/sites.exeter.ac.uk\/ingasystems\/wp-content\/uploads\/sites\/259\/2020\/05\/IMG_4889-2048x1536.jpg 2048w\" sizes=\"(max-width: 1024px) 100vw, 1024px\" \/><\/figure>\n\n\n\n<p>We have partnered with Institudo Ouro Verde (IOV), based in Brazil. IOV has a strong focus on social participation, encouraging communities to participate in sustainable development. They work hard to build strong relationships, encourage new patterns of behaviour so people can participate in the debate and construction of new societies.&nbsp;Find out more here:&nbsp;<a href=\"http:\/\/www.iov.org.br\/\">http:\/\/www.iov.org.br\/<\/a><\/p>\n\n\n\n<figure class=\"wp-block-image size-full\"><img loading=\"lazy\" decoding=\"async\" width=\"241\" height=\"95\" src=\"https:\/\/sites.exeter.ac.uk\/ingasystems\/wp-content\/uploads\/sites\/259\/2020\/05\/IOV-1.png\" alt=\"\" class=\"wp-image-234\"\/><\/figure>\n\n\n\n<p>We also have partners from other institutions.<\/p>\n\n\n\n<figure class=\"wp-block-image size-thumbnail\"><img loading=\"lazy\" decoding=\"async\" width=\"150\" height=\"150\" src=\"https:\/\/sites.exeter.ac.uk\/ingasystems\/wp-content\/uploads\/sites\/259\/2020\/05\/unemat-150x150.png\" alt=\"\" class=\"wp-image-317\"\/><\/figure>\n","protected":false},"excerpt":{"rendered":"<p>Toby Pennington Toby \u00e9 professor de Diversidade de Plantas Tropicais e Biogeografia na Universidade de Exeter, com uma posi\u00e7\u00e3o conjunta no Jardim Bot\u00e2nico Real de Edimburgo e professor honor\u00e1rio da Universidade de Edimburgo. Sua pesquisa concentra biodiversidade, biogeografia e ecologia de florestas e savanas tropicais amea\u00e7adas. Grande parte de seu trabalho tem implica\u00e7\u00f5es claras para [&hellip;]<\/p>\n","protected":false},"author":1,"featured_media":0,"parent":0,"menu_order":0,"comment_status":"closed","ping_status":"closed","template":"page-sidebar-boxed-feature-img.php","meta":{"_acf_changed":false,"footnotes":""},"categories":[],"tags":[],"acf":[],"yoast_head":"<!-- This site is optimized with the Yoast SEO plugin v23.0 - https:\/\/yoast.com\/wordpress\/plugins\/seo\/ -->\n<title>O Time - IngaSystems<\/title>\n<meta name=\"robots\" content=\"index, follow, max-snippet:-1, max-image-preview:large, max-video-preview:-1\" \/>\n<link rel=\"canonical\" href=\"https:\/\/sites.exeter.ac.uk\/ingasystems\/o-time\/\" \/>\n<meta property=\"og:locale\" content=\"en_US\" \/>\n<meta property=\"og:type\" content=\"article\" \/>\n<meta property=\"og:title\" content=\"O Time - IngaSystems\" \/>\n<meta property=\"og:description\" content=\"Toby Pennington Toby \u00e9 professor de Diversidade de Plantas Tropicais e Biogeografia na Universidade de Exeter, com uma posi\u00e7\u00e3o conjunta no Jardim Bot\u00e2nico Real de Edimburgo e professor honor\u00e1rio da Universidade de Edimburgo. Sua pesquisa concentra biodiversidade, biogeografia e ecologia de florestas e savanas tropicais amea\u00e7adas. Grande parte de seu trabalho tem implica\u00e7\u00f5es claras para [&hellip;]\" \/>\n<meta property=\"og:url\" content=\"https:\/\/sites.exeter.ac.uk\/ingasystems\/o-time\/\" \/>\n<meta property=\"og:site_name\" content=\"IngaSystems\" \/>\n<meta property=\"article:modified_time\" content=\"2023-09-12T12:40:01+00:00\" \/>\n<meta property=\"og:image\" content=\"https:\/\/sites.exeter.ac.uk\/ingasystems\/wp-content\/uploads\/sites\/259\/2020\/05\/toby.v1.png\" \/>\n<meta name=\"twitter:card\" content=\"summary_large_image\" \/>\n<meta name=\"twitter:label1\" content=\"Est. reading time\" \/>\n\t<meta name=\"twitter:data1\" content=\"4 minutes\" \/>\n<script type=\"application\/ld+json\" class=\"yoast-schema-graph\">{\"@context\":\"https:\/\/schema.org\",\"@graph\":[{\"@type\":\"WebPage\",\"@id\":\"https:\/\/sites.exeter.ac.uk\/ingasystems\/o-time\/\",\"url\":\"https:\/\/sites.exeter.ac.uk\/ingasystems\/o-time\/\",\"name\":\"O Time - IngaSystems\",\"isPartOf\":{\"@id\":\"https:\/\/sites.exeter.ac.uk\/ingasystems\/#website\"},\"primaryImageOfPage\":{\"@id\":\"https:\/\/sites.exeter.ac.uk\/ingasystems\/o-time\/#primaryimage\"},\"image\":{\"@id\":\"https:\/\/sites.exeter.ac.uk\/ingasystems\/o-time\/#primaryimage\"},\"thumbnailUrl\":\"https:\/\/sites.exeter.ac.uk\/ingasystems\/wp-content\/uploads\/sites\/259\/2020\/05\/toby.v1.png\",\"datePublished\":\"2023-09-12T09:40:36+00:00\",\"dateModified\":\"2023-09-12T12:40:01+00:00\",\"breadcrumb\":{\"@id\":\"https:\/\/sites.exeter.ac.uk\/ingasystems\/o-time\/#breadcrumb\"},\"inLanguage\":\"en-US\",\"potentialAction\":[{\"@type\":\"ReadAction\",\"target\":[\"https:\/\/sites.exeter.ac.uk\/ingasystems\/o-time\/\"]}]},{\"@type\":\"ImageObject\",\"inLanguage\":\"en-US\",\"@id\":\"https:\/\/sites.exeter.ac.uk\/ingasystems\/o-time\/#primaryimage\",\"url\":\"https:\/\/sites.exeter.ac.uk\/ingasystems\/wp-content\/uploads\/sites\/259\/2020\/05\/toby.v1.png\",\"contentUrl\":\"https:\/\/sites.exeter.ac.uk\/ingasystems\/wp-content\/uploads\/sites\/259\/2020\/05\/toby.v1.png\",\"width\":227,\"height\":239},{\"@type\":\"BreadcrumbList\",\"@id\":\"https:\/\/sites.exeter.ac.uk\/ingasystems\/o-time\/#breadcrumb\",\"itemListElement\":[{\"@type\":\"ListItem\",\"position\":1,\"name\":\"Home\",\"item\":\"https:\/\/sites.exeter.ac.uk\/ingasystems\/\"},{\"@type\":\"ListItem\",\"position\":2,\"name\":\"O Time\"}]},{\"@type\":\"WebSite\",\"@id\":\"https:\/\/sites.exeter.ac.uk\/ingasystems\/#website\",\"url\":\"https:\/\/sites.exeter.ac.uk\/ingasystems\/\",\"name\":\"IngaSystems\",\"description\":\"Tree-based tropical agricultural solutions\",\"potentialAction\":[{\"@type\":\"SearchAction\",\"target\":{\"@type\":\"EntryPoint\",\"urlTemplate\":\"https:\/\/sites.exeter.ac.uk\/ingasystems\/?s={search_term_string}\"},\"query-input\":\"required name=search_term_string\"}],\"inLanguage\":\"en-US\"}]}<\/script>\n<!-- \/ Yoast SEO plugin. -->","yoast_head_json":{"title":"O Time - IngaSystems","robots":{"index":"index","follow":"follow","max-snippet":"max-snippet:-1","max-image-preview":"max-image-preview:large","max-video-preview":"max-video-preview:-1"},"canonical":"https:\/\/sites.exeter.ac.uk\/ingasystems\/o-time\/","og_locale":"en_US","og_type":"article","og_title":"O Time - IngaSystems","og_description":"Toby Pennington Toby \u00e9 professor de Diversidade de Plantas Tropicais e Biogeografia na Universidade de Exeter, com uma posi\u00e7\u00e3o conjunta no Jardim Bot\u00e2nico Real de Edimburgo e professor honor\u00e1rio da Universidade de Edimburgo. Sua pesquisa concentra biodiversidade, biogeografia e ecologia de florestas e savanas tropicais amea\u00e7adas. Grande parte de seu trabalho tem implica\u00e7\u00f5es claras para [&hellip;]","og_url":"https:\/\/sites.exeter.ac.uk\/ingasystems\/o-time\/","og_site_name":"IngaSystems","article_modified_time":"2023-09-12T12:40:01+00:00","og_image":[{"url":"https:\/\/sites.exeter.ac.uk\/ingasystems\/wp-content\/uploads\/sites\/259\/2020\/05\/toby.v1.png"}],"twitter_card":"summary_large_image","twitter_misc":{"Est. reading time":"4 minutes"},"schema":{"@context":"https:\/\/schema.org","@graph":[{"@type":"WebPage","@id":"https:\/\/sites.exeter.ac.uk\/ingasystems\/o-time\/","url":"https:\/\/sites.exeter.ac.uk\/ingasystems\/o-time\/","name":"O Time - IngaSystems","isPartOf":{"@id":"https:\/\/sites.exeter.ac.uk\/ingasystems\/#website"},"primaryImageOfPage":{"@id":"https:\/\/sites.exeter.ac.uk\/ingasystems\/o-time\/#primaryimage"},"image":{"@id":"https:\/\/sites.exeter.ac.uk\/ingasystems\/o-time\/#primaryimage"},"thumbnailUrl":"https:\/\/sites.exeter.ac.uk\/ingasystems\/wp-content\/uploads\/sites\/259\/2020\/05\/toby.v1.png","datePublished":"2023-09-12T09:40:36+00:00","dateModified":"2023-09-12T12:40:01+00:00","breadcrumb":{"@id":"https:\/\/sites.exeter.ac.uk\/ingasystems\/o-time\/#breadcrumb"},"inLanguage":"en-US","potentialAction":[{"@type":"ReadAction","target":["https:\/\/sites.exeter.ac.uk\/ingasystems\/o-time\/"]}]},{"@type":"ImageObject","inLanguage":"en-US","@id":"https:\/\/sites.exeter.ac.uk\/ingasystems\/o-time\/#primaryimage","url":"https:\/\/sites.exeter.ac.uk\/ingasystems\/wp-content\/uploads\/sites\/259\/2020\/05\/toby.v1.png","contentUrl":"https:\/\/sites.exeter.ac.uk\/ingasystems\/wp-content\/uploads\/sites\/259\/2020\/05\/toby.v1.png","width":227,"height":239},{"@type":"BreadcrumbList","@id":"https:\/\/sites.exeter.ac.uk\/ingasystems\/o-time\/#breadcrumb","itemListElement":[{"@type":"ListItem","position":1,"name":"Home","item":"https:\/\/sites.exeter.ac.uk\/ingasystems\/"},{"@type":"ListItem","position":2,"name":"O Time"}]},{"@type":"WebSite","@id":"https:\/\/sites.exeter.ac.uk\/ingasystems\/#website","url":"https:\/\/sites.exeter.ac.uk\/ingasystems\/","name":"IngaSystems","description":"Tree-based tropical agricultural solutions","potentialAction":[{"@type":"SearchAction","target":{"@type":"EntryPoint","urlTemplate":"https:\/\/sites.exeter.ac.uk\/ingasystems\/?s={search_term_string}"},"query-input":"required name=search_term_string"}],"inLanguage":"en-US"}]}},"jetpack_sharing_enabled":true,"_links":{"self":[{"href":"https:\/\/sites.exeter.ac.uk\/ingasystems\/wp-json\/wp\/v2\/pages\/673"}],"collection":[{"href":"https:\/\/sites.exeter.ac.uk\/ingasystems\/wp-json\/wp\/v2\/pages"}],"about":[{"href":"https:\/\/sites.exeter.ac.uk\/ingasystems\/wp-json\/wp\/v2\/types\/page"}],"author":[{"embeddable":true,"href":"https:\/\/sites.exeter.ac.uk\/ingasystems\/wp-json\/wp\/v2\/users\/1"}],"replies":[{"embeddable":true,"href":"https:\/\/sites.exeter.ac.uk\/ingasystems\/wp-json\/wp\/v2\/comments?post=673"}],"version-history":[{"count":1,"href":"https:\/\/sites.exeter.ac.uk\/ingasystems\/wp-json\/wp\/v2\/pages\/673\/revisions"}],"predecessor-version":[{"id":675,"href":"https:\/\/sites.exeter.ac.uk\/ingasystems\/wp-json\/wp\/v2\/pages\/673\/revisions\/675"}],"wp:attachment":[{"href":"https:\/\/sites.exeter.ac.uk\/ingasystems\/wp-json\/wp\/v2\/media?parent=673"}],"wp:term":[{"taxonomy":"category","embeddable":true,"href":"https:\/\/sites.exeter.ac.uk\/ingasystems\/wp-json\/wp\/v2\/categories?post=673"},{"taxonomy":"post_tag","embeddable":true,"href":"https:\/\/sites.exeter.ac.uk\/ingasystems\/wp-json\/wp\/v2\/tags?post=673"}],"curies":[{"name":"wp","href":"https:\/\/api.w.org\/{rel}","templated":true}]}}