{"id":691,"date":"2023-09-12T09:52:35","date_gmt":"2023-09-12T09:52:35","guid":{"rendered":"https:\/\/sites.exeter.ac.uk\/ingasystems\/?page_id=691"},"modified":"2023-09-12T14:49:19","modified_gmt":"2023-09-12T14:49:19","slug":"lgualdade-de-genero-e-seguranca-alimentar","status":"publish","type":"page","link":"https:\/\/sites.exeter.ac.uk\/ingasystems\/lgualdade-de-genero-e-seguranca-alimentar\/","title":{"rendered":"Lgualdade de g\u00eanero e seguran\u00e7a alimentar"},"content":{"rendered":"\n<h2 class=\"wp-block-heading\">Investigando as contribui\u00e7\u00f5es das atividades agroflorestais femininas para a renegocia\u00e7\u00e3o da igualdade de g\u00eanero e seguran\u00e7a alimentar no Brasil<\/h2>\n\n\n\n<p>Um novo projeto liderado pelo professor Toby Pennington, da Universidade de Exeter, e parceiros do Instituto Ouro Verde (IOV) e da Universidade do Estado de Mato Grosso (UNEMAT) buscar\u00e1 melhorar o impacto socioecon\u00f4mico das iniciativas de gera\u00e7\u00e3o de renda agroflorestal para mulheres em Mato Grosso, Brasil.<\/p>\n\n\n\n<p>A pesquisa visa compreender melhor os atuais pap\u00e9is, for\u00e7as e barreiras para o desenvolvimento da autonomia social e econ\u00f4mica das mulheres e para aumentar o impacto socioecon\u00f4mico das iniciativas de gera\u00e7\u00e3o de renda agroflorestal. Ele investigar\u00e1 se e como aproveitar os pontos fortes e superar as barreiras \/ restri\u00e7\u00f5es pode promover um maior empoderamento das mulheres e, por associa\u00e7\u00e3o, de suas fam\u00edlias por meio do desenvolvimento de uma renda sustent\u00e1vel. Ele tamb\u00e9m investigar\u00e1 at\u00e9 que ponto essas atividades est\u00e3o permitindo que eles ganhem uma posi\u00e7\u00e3o de negocia\u00e7\u00e3o mais forte e mais influ\u00eancia na tomada de decis\u00f5es dentro do domic\u00edlio e na distribui\u00e7\u00e3o de renda.<\/p>\n\n\n\n<p>Essas quest\u00f5es ser\u00e3o examinadas por meio de um enfoque em dois grupos agroflorestais de mulheres, que trabalham com o pequi (fruto nutritivo da \u00e1rvore Caryocar brasiliense) e a Rede Feminina de Artes\u00e3s de Fibra, que produz artesanato com produtos florestais (inclusive com as fibras de Tucum, Buriti , Patu\u00e1, Banana e Taboa).<\/p>\n\n\n\n<h2 class=\"wp-block-heading\">Key project outcomes<\/h2>\n\n\n\n<div class=\"wp-block-columns has-background is-layout-flex wp-container-core-columns-is-layout-1 wp-block-columns-is-layout-flex\" style=\"background:linear-gradient(135deg,rgb(238,238,238) 63%,rgb(169,184,195) 100%)\">\n<div class=\"wp-block-column is-layout-flow wp-block-column-is-layout-flow\">\n<h3 class=\"wp-block-heading\">Combater a desigualdade de g\u00eanero<\/h3>\n\n\n\n<p>Nosso objetivo \u00e9 nutrir um grupo de mulheres por 24 meses, treinando-as em todos os aspectos do neg\u00f3cio, incluindo administra\u00e7\u00e3o e gest\u00e3o financeira.<\/p>\n<\/div>\n\n\n\n<div class=\"wp-block-column is-layout-flow wp-block-column-is-layout-flow\">\n<h3 class=\"wp-block-heading\">Promo\u00e7\u00e3o da prosperidade global<\/h3>\n\n\n\n<p>Vamos desenvolver oportunidades de gera\u00e7\u00e3o de renda para mulheres a partir de iniciativas agroflorestais no Brasil.<\/p>\n<\/div>\n\n\n\n<div class=\"wp-block-column is-layout-flow wp-block-column-is-layout-flow\">\n<h3 class=\"wp-block-heading\">Envolva os formuladores de pol\u00edticas<\/h3>\n\n\n\n<p>Por meio do processo e dos resultados da pesquisa, pretendemos influenciar e melhorar a oferta de apoio \u00e0 gera\u00e7\u00e3o de renda para mulheres rurais.<\/p>\n<\/div>\n<\/div>\n\n\n\n<p>A IOV tem trabalhado para apoiar o desenvolvimento e o bem-estar das fam\u00edlias rurais e busca compreender e melhorar o impacto de seu trabalho com \/ para mulheres, que historicamente no Brasil tiveram pap\u00e9is mais restritos e menos autonomia dentro de suas fam\u00edlias e comunidades do que homens. Este projeto aumentar\u00e1 a capacidade e experi\u00eancia da IOV e das institui\u00e7\u00f5es parceiras em realizar pesquisas para fornecer percep\u00e7\u00f5es e solu\u00e7\u00f5es para problemas de igualdade de g\u00eanero na implementa\u00e7\u00e3o de atividades agroflorestais de gera\u00e7\u00e3o de renda bem-sucedidas.<\/p>\n\n\n\n<figure class=\"wp-block-image size-full\"><img loading=\"lazy\" decoding=\"async\" width=\"925\" height=\"615\" src=\"https:\/\/sites.exeter.ac.uk\/ingasystems\/wp-content\/uploads\/sites\/259\/2020\/11\/Pequi-Production-Group.jpg\" alt=\"\" class=\"wp-image-409\" srcset=\"https:\/\/sites.exeter.ac.uk\/ingasystems\/wp-content\/uploads\/sites\/259\/2020\/11\/Pequi-Production-Group.jpg 925w, https:\/\/sites.exeter.ac.uk\/ingasystems\/wp-content\/uploads\/sites\/259\/2020\/11\/Pequi-Production-Group-300x199.jpg 300w, https:\/\/sites.exeter.ac.uk\/ingasystems\/wp-content\/uploads\/sites\/259\/2020\/11\/Pequi-Production-Group-768x511.jpg 768w\" sizes=\"(max-width: 925px) 100vw, 925px\" \/><figcaption class=\"wp-element-caption\"><em>Image: Women&#8217;s Association of the Amazon Portal<\/em><br><\/figcaption><\/figure>\n\n\n\n<p>A Rede Feminina Artes\u00e3 de Fibra do Portal da Amaz\u00f4nia foi fundada h\u00e1 8 anos e envolve artes\u00e3s de 3 \u00e1reas diferentes. As mulheres fazem artesanato com produtos florestais, principalmente fibras (Tucum, Buriti, Patu\u00e1, Banana, Taboa).<\/p>\n\n\n\n<p>O objetivo \u00e9 nutrir o grupo por um per\u00edodo de 24 meses, capacitando as mulheres em todos os aspectos do neg\u00f3cio, incluindo administra\u00e7\u00e3o e gest\u00e3o financeira. O financiamento apoiar\u00e1 a compra de mat\u00e9rias-primas, expans\u00e3o de estoque, desenvolvimento de novos produtos e mercados, e cobrir\u00e1 despesas durante este per\u00edodo de pesquisa e desenvolvimento.<\/p>\n\n\n\n<hr class=\"wp-block-separator has-alpha-channel-opacity\"\/>\n\n\n\n<h2 class=\"wp-block-heading\">GRTA\/GCRF<\/h2>\n\n\n\n<div class=\"wp-block-columns is-layout-flex wp-container-core-columns-is-layout-2 wp-block-columns-is-layout-flex\">\n<div class=\"wp-block-column is-layout-flow wp-block-column-is-layout-flow\">\n<figure class=\"wp-block-image size-large\"><img loading=\"lazy\" decoding=\"async\" width=\"1024\" height=\"589\" src=\"https:\/\/sites.exeter.ac.uk\/ingasystems\/wp-content\/uploads\/sites\/259\/2020\/05\/GCRF_Full_colour-1-1024x589.png\" alt=\"\" class=\"wp-image-138\" srcset=\"https:\/\/sites.exeter.ac.uk\/ingasystems\/wp-content\/uploads\/sites\/259\/2020\/05\/GCRF_Full_colour-1-1024x589.png 1024w, https:\/\/sites.exeter.ac.uk\/ingasystems\/wp-content\/uploads\/sites\/259\/2020\/05\/GCRF_Full_colour-1-300x172.png 300w, https:\/\/sites.exeter.ac.uk\/ingasystems\/wp-content\/uploads\/sites\/259\/2020\/05\/GCRF_Full_colour-1-768x441.png 768w, https:\/\/sites.exeter.ac.uk\/ingasystems\/wp-content\/uploads\/sites\/259\/2020\/05\/GCRF_Full_colour-1-1536x883.png 1536w, https:\/\/sites.exeter.ac.uk\/ingasystems\/wp-content\/uploads\/sites\/259\/2020\/05\/GCRF_Full_colour-1.png 1538w\" sizes=\"(max-width: 1024px) 100vw, 1024px\" \/><\/figure>\n<\/div>\n\n\n\n<div class=\"wp-block-column is-layout-flow wp-block-column-is-layout-flow\">\n<p>Este projeto \u00e9 financiado pelo Fundo de Pesquisa em Desafios Globais (Global Challenges Research Fund &#8211; GCRF) e contribui para o Pr\u00eamio de Tradu\u00e7\u00e3o da Pesquisa Global (Global Research Translation Awards &#8211; GRTA) da Universidade de Exter. O projeto visa desenvolver e fornecer solu\u00e7\u00f5es sustent\u00e1veis de desenvolvimento social e econ\u00f4mico para os pa\u00edses em desenvolvimento.<\/p>\n<\/div>\n<\/div>\n","protected":false},"excerpt":{"rendered":"<p>Investigando as contribui\u00e7\u00f5es das atividades agroflorestais femininas para a renegocia\u00e7\u00e3o da igualdade de g\u00eanero e seguran\u00e7a alimentar no Brasil Um novo projeto liderado pelo professor Toby Pennington, da Universidade de Exeter, e parceiros do Instituto Ouro Verde (IOV) e da Universidade do Estado de Mato Grosso (UNEMAT) buscar\u00e1 melhorar o impacto socioecon\u00f4mico das iniciativas de [&hellip;]<\/p>\n","protected":false},"author":1,"featured_media":192,"parent":0,"menu_order":0,"comment_status":"closed","ping_status":"closed","template":"page-sidebar-boxed-feature-img.php","meta":{"_acf_changed":false,"footnotes":""},"categories":[],"tags":[],"acf":[],"yoast_head":"<!-- This site is optimized with the Yoast SEO plugin v23.0 - https:\/\/yoast.com\/wordpress\/plugins\/seo\/ -->\n<title>Lgualdade de g\u00eanero e seguran\u00e7a alimentar - IngaSystems<\/title>\n<meta name=\"robots\" content=\"index, follow, max-snippet:-1, max-image-preview:large, max-video-preview:-1\" \/>\n<link rel=\"canonical\" href=\"https:\/\/sites.exeter.ac.uk\/ingasystems\/lgualdade-de-genero-e-seguranca-alimentar\/\" \/>\n<meta property=\"og:locale\" content=\"en_US\" \/>\n<meta property=\"og:type\" content=\"article\" \/>\n<meta property=\"og:title\" content=\"Lgualdade de g\u00eanero e seguran\u00e7a alimentar - IngaSystems\" \/>\n<meta property=\"og:description\" content=\"Investigando as contribui\u00e7\u00f5es das atividades agroflorestais femininas para a renegocia\u00e7\u00e3o da igualdade de g\u00eanero e seguran\u00e7a alimentar no Brasil Um novo projeto liderado pelo professor Toby Pennington, da Universidade de Exeter, e parceiros do Instituto Ouro Verde (IOV) e da Universidade do Estado de Mato Grosso (UNEMAT) buscar\u00e1 melhorar o impacto socioecon\u00f4mico das iniciativas de [&hellip;]\" \/>\n<meta property=\"og:url\" content=\"https:\/\/sites.exeter.ac.uk\/ingasystems\/lgualdade-de-genero-e-seguranca-alimentar\/\" \/>\n<meta property=\"og:site_name\" content=\"IngaSystems\" \/>\n<meta property=\"article:modified_time\" content=\"2023-09-12T14:49:19+00:00\" \/>\n<meta property=\"og:image\" content=\"https:\/\/sites.exeter.ac.uk\/ingasystems\/wp-content\/uploads\/sites\/259\/2020\/05\/cropped-IMG_4951.jpg\" \/>\n\t<meta property=\"og:image:width\" content=\"2000\" \/>\n\t<meta property=\"og:image:height\" content=\"520\" \/>\n\t<meta property=\"og:image:type\" content=\"image\/jpeg\" \/>\n<meta name=\"twitter:card\" content=\"summary_large_image\" \/>\n<meta name=\"twitter:label1\" content=\"Est. reading time\" \/>\n\t<meta name=\"twitter:data1\" content=\"3 minutes\" \/>\n<script type=\"application\/ld+json\" class=\"yoast-schema-graph\">{\"@context\":\"https:\/\/schema.org\",\"@graph\":[{\"@type\":\"WebPage\",\"@id\":\"https:\/\/sites.exeter.ac.uk\/ingasystems\/lgualdade-de-genero-e-seguranca-alimentar\/\",\"url\":\"https:\/\/sites.exeter.ac.uk\/ingasystems\/lgualdade-de-genero-e-seguranca-alimentar\/\",\"name\":\"Lgualdade de g\u00eanero e seguran\u00e7a alimentar - IngaSystems\",\"isPartOf\":{\"@id\":\"https:\/\/sites.exeter.ac.uk\/ingasystems\/#website\"},\"primaryImageOfPage\":{\"@id\":\"https:\/\/sites.exeter.ac.uk\/ingasystems\/lgualdade-de-genero-e-seguranca-alimentar\/#primaryimage\"},\"image\":{\"@id\":\"https:\/\/sites.exeter.ac.uk\/ingasystems\/lgualdade-de-genero-e-seguranca-alimentar\/#primaryimage\"},\"thumbnailUrl\":\"https:\/\/sites.exeter.ac.uk\/ingasystems\/wp-content\/uploads\/sites\/259\/2020\/05\/cropped-IMG_4951.jpg\",\"datePublished\":\"2023-09-12T09:52:35+00:00\",\"dateModified\":\"2023-09-12T14:49:19+00:00\",\"breadcrumb\":{\"@id\":\"https:\/\/sites.exeter.ac.uk\/ingasystems\/lgualdade-de-genero-e-seguranca-alimentar\/#breadcrumb\"},\"inLanguage\":\"en-US\",\"potentialAction\":[{\"@type\":\"ReadAction\",\"target\":[\"https:\/\/sites.exeter.ac.uk\/ingasystems\/lgualdade-de-genero-e-seguranca-alimentar\/\"]}]},{\"@type\":\"ImageObject\",\"inLanguage\":\"en-US\",\"@id\":\"https:\/\/sites.exeter.ac.uk\/ingasystems\/lgualdade-de-genero-e-seguranca-alimentar\/#primaryimage\",\"url\":\"https:\/\/sites.exeter.ac.uk\/ingasystems\/wp-content\/uploads\/sites\/259\/2020\/05\/cropped-IMG_4951.jpg\",\"contentUrl\":\"https:\/\/sites.exeter.ac.uk\/ingasystems\/wp-content\/uploads\/sites\/259\/2020\/05\/cropped-IMG_4951.jpg\",\"width\":2000,\"height\":520},{\"@type\":\"BreadcrumbList\",\"@id\":\"https:\/\/sites.exeter.ac.uk\/ingasystems\/lgualdade-de-genero-e-seguranca-alimentar\/#breadcrumb\",\"itemListElement\":[{\"@type\":\"ListItem\",\"position\":1,\"name\":\"Home\",\"item\":\"https:\/\/sites.exeter.ac.uk\/ingasystems\/\"},{\"@type\":\"ListItem\",\"position\":2,\"name\":\"Lgualdade de g\u00eanero e seguran\u00e7a alimentar\"}]},{\"@type\":\"WebSite\",\"@id\":\"https:\/\/sites.exeter.ac.uk\/ingasystems\/#website\",\"url\":\"https:\/\/sites.exeter.ac.uk\/ingasystems\/\",\"name\":\"IngaSystems\",\"description\":\"Tree-based tropical agricultural solutions\",\"potentialAction\":[{\"@type\":\"SearchAction\",\"target\":{\"@type\":\"EntryPoint\",\"urlTemplate\":\"https:\/\/sites.exeter.ac.uk\/ingasystems\/?s={search_term_string}\"},\"query-input\":\"required name=search_term_string\"}],\"inLanguage\":\"en-US\"}]}<\/script>\n<!-- \/ Yoast SEO plugin. -->","yoast_head_json":{"title":"Lgualdade de g\u00eanero e seguran\u00e7a alimentar - IngaSystems","robots":{"index":"index","follow":"follow","max-snippet":"max-snippet:-1","max-image-preview":"max-image-preview:large","max-video-preview":"max-video-preview:-1"},"canonical":"https:\/\/sites.exeter.ac.uk\/ingasystems\/lgualdade-de-genero-e-seguranca-alimentar\/","og_locale":"en_US","og_type":"article","og_title":"Lgualdade de g\u00eanero e seguran\u00e7a alimentar - IngaSystems","og_description":"Investigando as contribui\u00e7\u00f5es das atividades agroflorestais femininas para a renegocia\u00e7\u00e3o da igualdade de g\u00eanero e seguran\u00e7a alimentar no Brasil Um novo projeto liderado pelo professor Toby Pennington, da Universidade de Exeter, e parceiros do Instituto Ouro Verde (IOV) e da Universidade do Estado de Mato Grosso (UNEMAT) buscar\u00e1 melhorar o impacto socioecon\u00f4mico das iniciativas de [&hellip;]","og_url":"https:\/\/sites.exeter.ac.uk\/ingasystems\/lgualdade-de-genero-e-seguranca-alimentar\/","og_site_name":"IngaSystems","article_modified_time":"2023-09-12T14:49:19+00:00","og_image":[{"width":2000,"height":520,"url":"https:\/\/sites.exeter.ac.uk\/ingasystems\/wp-content\/uploads\/sites\/259\/2020\/05\/cropped-IMG_4951.jpg","type":"image\/jpeg"}],"twitter_card":"summary_large_image","twitter_misc":{"Est. reading time":"3 minutes"},"schema":{"@context":"https:\/\/schema.org","@graph":[{"@type":"WebPage","@id":"https:\/\/sites.exeter.ac.uk\/ingasystems\/lgualdade-de-genero-e-seguranca-alimentar\/","url":"https:\/\/sites.exeter.ac.uk\/ingasystems\/lgualdade-de-genero-e-seguranca-alimentar\/","name":"Lgualdade de g\u00eanero e seguran\u00e7a alimentar - IngaSystems","isPartOf":{"@id":"https:\/\/sites.exeter.ac.uk\/ingasystems\/#website"},"primaryImageOfPage":{"@id":"https:\/\/sites.exeter.ac.uk\/ingasystems\/lgualdade-de-genero-e-seguranca-alimentar\/#primaryimage"},"image":{"@id":"https:\/\/sites.exeter.ac.uk\/ingasystems\/lgualdade-de-genero-e-seguranca-alimentar\/#primaryimage"},"thumbnailUrl":"https:\/\/sites.exeter.ac.uk\/ingasystems\/wp-content\/uploads\/sites\/259\/2020\/05\/cropped-IMG_4951.jpg","datePublished":"2023-09-12T09:52:35+00:00","dateModified":"2023-09-12T14:49:19+00:00","breadcrumb":{"@id":"https:\/\/sites.exeter.ac.uk\/ingasystems\/lgualdade-de-genero-e-seguranca-alimentar\/#breadcrumb"},"inLanguage":"en-US","potentialAction":[{"@type":"ReadAction","target":["https:\/\/sites.exeter.ac.uk\/ingasystems\/lgualdade-de-genero-e-seguranca-alimentar\/"]}]},{"@type":"ImageObject","inLanguage":"en-US","@id":"https:\/\/sites.exeter.ac.uk\/ingasystems\/lgualdade-de-genero-e-seguranca-alimentar\/#primaryimage","url":"https:\/\/sites.exeter.ac.uk\/ingasystems\/wp-content\/uploads\/sites\/259\/2020\/05\/cropped-IMG_4951.jpg","contentUrl":"https:\/\/sites.exeter.ac.uk\/ingasystems\/wp-content\/uploads\/sites\/259\/2020\/05\/cropped-IMG_4951.jpg","width":2000,"height":520},{"@type":"BreadcrumbList","@id":"https:\/\/sites.exeter.ac.uk\/ingasystems\/lgualdade-de-genero-e-seguranca-alimentar\/#breadcrumb","itemListElement":[{"@type":"ListItem","position":1,"name":"Home","item":"https:\/\/sites.exeter.ac.uk\/ingasystems\/"},{"@type":"ListItem","position":2,"name":"Lgualdade de g\u00eanero e seguran\u00e7a alimentar"}]},{"@type":"WebSite","@id":"https:\/\/sites.exeter.ac.uk\/ingasystems\/#website","url":"https:\/\/sites.exeter.ac.uk\/ingasystems\/","name":"IngaSystems","description":"Tree-based tropical agricultural solutions","potentialAction":[{"@type":"SearchAction","target":{"@type":"EntryPoint","urlTemplate":"https:\/\/sites.exeter.ac.uk\/ingasystems\/?s={search_term_string}"},"query-input":"required name=search_term_string"}],"inLanguage":"en-US"}]}},"jetpack_sharing_enabled":true,"_links":{"self":[{"href":"https:\/\/sites.exeter.ac.uk\/ingasystems\/wp-json\/wp\/v2\/pages\/691"}],"collection":[{"href":"https:\/\/sites.exeter.ac.uk\/ingasystems\/wp-json\/wp\/v2\/pages"}],"about":[{"href":"https:\/\/sites.exeter.ac.uk\/ingasystems\/wp-json\/wp\/v2\/types\/page"}],"author":[{"embeddable":true,"href":"https:\/\/sites.exeter.ac.uk\/ingasystems\/wp-json\/wp\/v2\/users\/1"}],"replies":[{"embeddable":true,"href":"https:\/\/sites.exeter.ac.uk\/ingasystems\/wp-json\/wp\/v2\/comments?post=691"}],"version-history":[{"count":4,"href":"https:\/\/sites.exeter.ac.uk\/ingasystems\/wp-json\/wp\/v2\/pages\/691\/revisions"}],"predecessor-version":[{"id":769,"href":"https:\/\/sites.exeter.ac.uk\/ingasystems\/wp-json\/wp\/v2\/pages\/691\/revisions\/769"}],"wp:featuredmedia":[{"embeddable":true,"href":"https:\/\/sites.exeter.ac.uk\/ingasystems\/wp-json\/wp\/v2\/media\/192"}],"wp:attachment":[{"href":"https:\/\/sites.exeter.ac.uk\/ingasystems\/wp-json\/wp\/v2\/media?parent=691"}],"wp:term":[{"taxonomy":"category","embeddable":true,"href":"https:\/\/sites.exeter.ac.uk\/ingasystems\/wp-json\/wp\/v2\/categories?post=691"},{"taxonomy":"post_tag","embeddable":true,"href":"https:\/\/sites.exeter.ac.uk\/ingasystems\/wp-json\/wp\/v2\/tags?post=691"}],"curies":[{"name":"wp","href":"https:\/\/api.w.org\/{rel}","templated":true}]}}