{"id":1203,"date":"2021-05-25T15:16:53","date_gmt":"2021-05-25T14:16:53","guid":{"rendered":"http:\/\/sites.exeter.ac.uk\/ogdensdragonsdens\/?page_id=1203"},"modified":"2026-03-31T16:47:19","modified_gmt":"2026-03-31T16:47:19","slug":"a-b","status":"publish","type":"page","link":"https:\/\/sites.exeter.ac.uk\/ogdens-dragonsdens\/the-hagiographical-dragon\/a-b\/","title":{"rendered":"Saints A &#8211; B"},"content":{"rendered":"<p><a href=\"http:\/\/sites.exeter.ac.uk\/ogdens-dragonsdens\/the-hagiographical-dragon\/anonynous-monk\/\">anonymous monk and the (mechanical) Dragon of Rome<\/a><\/p>\n<p><a href=\"http:\/\/sites.exeter.ac.uk\/ogdens-dragonsdens\/the-hagiographical-dragon\/jean-gobi\/\">anonymous saint and the Dragon of the Circle of Spittle<\/a><\/p>\n<p><a href=\"http:\/\/sites.exeter.ac.uk\/ogdens-dragonsdens\/the-hagiographical-dragon\/agilus-of-resbach\/\">Agilus of Resbach and the Dragon of Resbach<\/a><\/p>\n<p><a href=\"http:\/\/sites.exeter.ac.uk\/ogdens-dragonsdens\/the-hagiographical-dragon\/amand-of-mastricht\/\">Amand of Mastricht [a] and the Dragon of the Isle of Ogia<\/a><\/p>\n<p><a href=\"http:\/\/sites.exeter.ac.uk\/ogdens-dragonsdens\/the-hagiographical-dragon\/amand-b\/\">Amand [b]<\/a><\/p>\n<p><a href=\"http:\/\/sites.exeter.ac.uk\/ogdens-dragonsdens\/the-hagiographical-dragon\/ammon\/\">Ammon and the Dragon of the Egyptian Desert<\/a><\/p>\n<p><a href=\"http:\/\/sites.exeter.ac.uk\/ogdens-dragonsdens\/the-hagiographical-dragon\/andrew-a\/\">Andrew, apostle [a] and the Dragon of Thessalonica<\/a><\/p>\n<p><a href=\"http:\/\/sites.exeter.ac.uk\/ogdens-dragonsdens\/the-hagiographical-dragon\/andrew-b\/\">Andrew [b]<\/a><\/p>\n<p>Armel (Ermel, Armagilius) [a] and the Dragon of Rennes<\/p>\n<p><a href=\"http:\/\/sites.exeter.ac.uk\/ogdens-dragonsdens\/the-hagiographical-dragon\/a-b\/armel-b\/\">Armel [b]<\/a><\/p>\n<p>Armel [c]<\/p>\n<p>Armentarius (Hermentaire) of Antibes and the Dragon of Draguignan<\/p>\n<p>Arsacius (Arsace, Ursacius) of Nicomedia [a] and the Dragon of Nicomedia<\/p>\n<p>Arsacius [b]<\/p>\n<p>Artemon of Laodicea [a] and the Dragons of Asclepius in Caesarea<\/p>\n<p>Artemon [b]<\/p>\n<p>Athenogenes and the Dragon of the Land of the Goths<\/p>\n<p><a href=\"http:\/\/sites.exeter.ac.uk\/ogdens-dragonsdens\/the-hagiographical-dragon\/a-b\/beatus-of-vendome\/\">Beatus (Beat, Bienheur\u00e9, Bi\u00e9) of Vend\u00f4me\u00a0 and the Dragon of Vend\u00f4me<\/a><\/p>\n<p>Benedict of Montecasino [a] and the dragon vision<\/p>\n<p><a href=\"http:\/\/sites.exeter.ac.uk\/ogdens-dragonsdens\/the-hagiographical-dragon\/benedict-b\/\">Benedict [b]<\/a><\/p>\n<p>Bernacus (Bernachius, Brenach, Brynach) of Nevern and the Dragon of Rome<\/p>\n<p><a href=\"http:\/\/sites.exeter.ac.uk\/ogdens-dragonsdens\/the-hagiographical-dragon\/a-b\/brigid-of-kildare\/\">Brigid of Kildare and the dragon that attacks her nunnery<\/a><\/p>\n","protected":false},"excerpt":{"rendered":"<p>anonymous monk and the (mechanical) Dragon of Rome anonymous saint and the Dragon of the Circle of Spittle Agilus of Resbach and the Dragon of Resbach Amand of Mastricht [a] and the Dragon of the Isle of Ogia Amand [b] Ammon and the Dragon of the Egyptian Desert Andrew, apostle [a] and the Dragon of [&hellip;]<\/p>\n","protected":false},"author":2351,"featured_media":0,"parent":19,"menu_order":0,"comment_status":"closed","ping_status":"closed","template":"page-sidebar-boxed-feature-img.php","meta":{"_acf_changed":false,"footnotes":""},"categories":[],"tags":[],"acf":[],"yoast_head":"<!-- This site is optimized with the Yoast SEO plugin v23.0 - https:\/\/yoast.com\/wordpress\/plugins\/seo\/ -->\n<title>Saints A - B - Ogden\u2019s Dragons\u2019 Dens<\/title>\n<meta name=\"robots\" content=\"index, follow, max-snippet:-1, max-image-preview:large, max-video-preview:-1\" \/>\n<link rel=\"canonical\" href=\"https:\/\/sites.exeter.ac.uk\/ogdens-dragonsdens\/the-hagiographical-dragon\/a-b\/\" \/>\n<meta property=\"og:locale\" content=\"en_US\" \/>\n<meta property=\"og:type\" content=\"article\" \/>\n<meta property=\"og:title\" content=\"Saints A - B - Ogden\u2019s Dragons\u2019 Dens\" \/>\n<meta property=\"og:description\" content=\"anonymous monk and the (mechanical) Dragon of Rome anonymous saint and the Dragon of the Circle of Spittle Agilus of Resbach and the Dragon of Resbach Amand of Mastricht [a] and the Dragon of the Isle of Ogia Amand [b] Ammon and the Dragon of the Egyptian Desert Andrew, apostle [a] and the Dragon of [&hellip;]\" \/>\n<meta property=\"og:url\" content=\"https:\/\/sites.exeter.ac.uk\/ogdens-dragonsdens\/the-hagiographical-dragon\/a-b\/\" \/>\n<meta property=\"og:site_name\" content=\"Ogden\u2019s Dragons\u2019 Dens\" \/>\n<meta property=\"article:modified_time\" content=\"2026-03-31T16:47:19+00:00\" \/>\n<meta name=\"twitter:card\" content=\"summary_large_image\" \/>\n<meta name=\"twitter:label1\" content=\"Est. reading time\" \/>\n\t<meta name=\"twitter:data1\" content=\"1 minute\" \/>\n<script type=\"application\/ld+json\" class=\"yoast-schema-graph\">{\"@context\":\"https:\/\/schema.org\",\"@graph\":[{\"@type\":\"WebPage\",\"@id\":\"https:\/\/sites.exeter.ac.uk\/ogdens-dragonsdens\/the-hagiographical-dragon\/a-b\/\",\"url\":\"https:\/\/sites.exeter.ac.uk\/ogdens-dragonsdens\/the-hagiographical-dragon\/a-b\/\",\"name\":\"Saints A - B - Ogden\u2019s Dragons\u2019 Dens\",\"isPartOf\":{\"@id\":\"https:\/\/sites.exeter.ac.uk\/ogdens-dragonsdens\/#website\"},\"datePublished\":\"2021-05-25T14:16:53+00:00\",\"dateModified\":\"2026-03-31T16:47:19+00:00\",\"breadcrumb\":{\"@id\":\"https:\/\/sites.exeter.ac.uk\/ogdens-dragonsdens\/the-hagiographical-dragon\/a-b\/#breadcrumb\"},\"inLanguage\":\"en-US\",\"potentialAction\":[{\"@type\":\"ReadAction\",\"target\":[\"https:\/\/sites.exeter.ac.uk\/ogdens-dragonsdens\/the-hagiographical-dragon\/a-b\/\"]}]},{\"@type\":\"BreadcrumbList\",\"@id\":\"https:\/\/sites.exeter.ac.uk\/ogdens-dragonsdens\/the-hagiographical-dragon\/a-b\/#breadcrumb\",\"itemListElement\":[{\"@type\":\"ListItem\",\"position\":1,\"name\":\"Home\",\"item\":\"https:\/\/sites.exeter.ac.uk\/ogdens-dragonsdens\/\"},{\"@type\":\"ListItem\",\"position\":2,\"name\":\"3. The Hagiographical Dragon\",\"item\":\"https:\/\/sites.exeter.ac.uk\/ogdens-dragonsdens\/the-hagiographical-dragon\/\"},{\"@type\":\"ListItem\",\"position\":3,\"name\":\"Saints A &#8211; B\"}]},{\"@type\":\"WebSite\",\"@id\":\"https:\/\/sites.exeter.ac.uk\/ogdens-dragonsdens\/#website\",\"url\":\"https:\/\/sites.exeter.ac.uk\/ogdens-dragonsdens\/\",\"name\":\"Ogden\u2019s Dragons\u2019 Dens\",\"description\":\"\",\"potentialAction\":[{\"@type\":\"SearchAction\",\"target\":{\"@type\":\"EntryPoint\",\"urlTemplate\":\"https:\/\/sites.exeter.ac.uk\/ogdens-dragonsdens\/?s={search_term_string}\"},\"query-input\":\"required name=search_term_string\"}],\"inLanguage\":\"en-US\"}]}<\/script>\n<!-- \/ Yoast SEO plugin. -->","yoast_head_json":{"title":"Saints A - B - Ogden\u2019s Dragons\u2019 Dens","robots":{"index":"index","follow":"follow","max-snippet":"max-snippet:-1","max-image-preview":"max-image-preview:large","max-video-preview":"max-video-preview:-1"},"canonical":"https:\/\/sites.exeter.ac.uk\/ogdens-dragonsdens\/the-hagiographical-dragon\/a-b\/","og_locale":"en_US","og_type":"article","og_title":"Saints A - B - Ogden\u2019s Dragons\u2019 Dens","og_description":"anonymous monk and the (mechanical) Dragon of Rome anonymous saint and the Dragon of the Circle of Spittle Agilus of Resbach and the Dragon of Resbach Amand of Mastricht [a] and the Dragon of the Isle of Ogia Amand [b] Ammon and the Dragon of the Egyptian Desert Andrew, apostle [a] and the Dragon of [&hellip;]","og_url":"https:\/\/sites.exeter.ac.uk\/ogdens-dragonsdens\/the-hagiographical-dragon\/a-b\/","og_site_name":"Ogden\u2019s Dragons\u2019 Dens","article_modified_time":"2026-03-31T16:47:19+00:00","twitter_card":"summary_large_image","twitter_misc":{"Est. reading time":"1 minute"},"schema":{"@context":"https:\/\/schema.org","@graph":[{"@type":"WebPage","@id":"https:\/\/sites.exeter.ac.uk\/ogdens-dragonsdens\/the-hagiographical-dragon\/a-b\/","url":"https:\/\/sites.exeter.ac.uk\/ogdens-dragonsdens\/the-hagiographical-dragon\/a-b\/","name":"Saints A - B - Ogden\u2019s Dragons\u2019 Dens","isPartOf":{"@id":"https:\/\/sites.exeter.ac.uk\/ogdens-dragonsdens\/#website"},"datePublished":"2021-05-25T14:16:53+00:00","dateModified":"2026-03-31T16:47:19+00:00","breadcrumb":{"@id":"https:\/\/sites.exeter.ac.uk\/ogdens-dragonsdens\/the-hagiographical-dragon\/a-b\/#breadcrumb"},"inLanguage":"en-US","potentialAction":[{"@type":"ReadAction","target":["https:\/\/sites.exeter.ac.uk\/ogdens-dragonsdens\/the-hagiographical-dragon\/a-b\/"]}]},{"@type":"BreadcrumbList","@id":"https:\/\/sites.exeter.ac.uk\/ogdens-dragonsdens\/the-hagiographical-dragon\/a-b\/#breadcrumb","itemListElement":[{"@type":"ListItem","position":1,"name":"Home","item":"https:\/\/sites.exeter.ac.uk\/ogdens-dragonsdens\/"},{"@type":"ListItem","position":2,"name":"3. The Hagiographical Dragon","item":"https:\/\/sites.exeter.ac.uk\/ogdens-dragonsdens\/the-hagiographical-dragon\/"},{"@type":"ListItem","position":3,"name":"Saints A &#8211; B"}]},{"@type":"WebSite","@id":"https:\/\/sites.exeter.ac.uk\/ogdens-dragonsdens\/#website","url":"https:\/\/sites.exeter.ac.uk\/ogdens-dragonsdens\/","name":"Ogden\u2019s Dragons\u2019 Dens","description":"","potentialAction":[{"@type":"SearchAction","target":{"@type":"EntryPoint","urlTemplate":"https:\/\/sites.exeter.ac.uk\/ogdens-dragonsdens\/?s={search_term_string}"},"query-input":"required name=search_term_string"}],"inLanguage":"en-US"}]}},"jetpack_sharing_enabled":true,"_links":{"self":[{"href":"https:\/\/sites.exeter.ac.uk\/ogdens-dragonsdens\/wp-json\/wp\/v2\/pages\/1203"}],"collection":[{"href":"https:\/\/sites.exeter.ac.uk\/ogdens-dragonsdens\/wp-json\/wp\/v2\/pages"}],"about":[{"href":"https:\/\/sites.exeter.ac.uk\/ogdens-dragonsdens\/wp-json\/wp\/v2\/types\/page"}],"author":[{"embeddable":true,"href":"https:\/\/sites.exeter.ac.uk\/ogdens-dragonsdens\/wp-json\/wp\/v2\/users\/2351"}],"replies":[{"embeddable":true,"href":"https:\/\/sites.exeter.ac.uk\/ogdens-dragonsdens\/wp-json\/wp\/v2\/comments?post=1203"}],"version-history":[{"count":1,"href":"https:\/\/sites.exeter.ac.uk\/ogdens-dragonsdens\/wp-json\/wp\/v2\/pages\/1203\/revisions"}],"predecessor-version":[{"id":1623,"href":"https:\/\/sites.exeter.ac.uk\/ogdens-dragonsdens\/wp-json\/wp\/v2\/pages\/1203\/revisions\/1623"}],"up":[{"embeddable":true,"href":"https:\/\/sites.exeter.ac.uk\/ogdens-dragonsdens\/wp-json\/wp\/v2\/pages\/19"}],"wp:attachment":[{"href":"https:\/\/sites.exeter.ac.uk\/ogdens-dragonsdens\/wp-json\/wp\/v2\/media?parent=1203"}],"wp:term":[{"taxonomy":"category","embeddable":true,"href":"https:\/\/sites.exeter.ac.uk\/ogdens-dragonsdens\/wp-json\/wp\/v2\/categories?post=1203"},{"taxonomy":"post_tag","embeddable":true,"href":"https:\/\/sites.exeter.ac.uk\/ogdens-dragonsdens\/wp-json\/wp\/v2\/tags?post=1203"}],"curies":[{"name":"wp","href":"https:\/\/api.w.org\/{rel}","templated":true}]}}