{"id":126,"date":"2020-12-21T01:30:20","date_gmt":"2020-12-21T00:30:20","guid":{"rendered":"http:\/\/sites.exeter.ac.uk\/ogdensdragonsdens\/?page_id=126"},"modified":"2020-12-21T01:30:20","modified_gmt":"2020-12-21T00:30:20","slug":"amand-b","status":"publish","type":"page","link":"https:\/\/sites.exeter.ac.uk\/ogdens-dragonsdens\/the-hagiographical-dragon\/a-b\/amand-b\/","title":{"rendered":"Amand [b]"},"content":{"rendered":"<table>\n<tbody>\n<tr>\n<td width=\"215\"><strong>Saint and Dragon<\/strong><\/td>\n<td width=\"101\"><strong>Date of Text<\/strong><\/td>\n<td><strong>Citation<\/strong><\/td>\n<td><strong>Text\/edition<\/strong><\/td>\n<td><strong>Language<\/strong><\/td>\n<td><strong>Translation<\/strong><\/td>\n<\/tr>\n<tr>\n<td width=\"215\">Amand [b]<\/td>\n<td width=\"101\">xii AD<\/td>\n<td>Philip of Harveng <em>Vita S. Amandi<\/em> pp.859-60 <em>AASS<\/em><\/td>\n<td><em>AASS<\/em> Feb. vi pp.857-73; <em>BHL<\/em> no. 334<\/td>\n<td>Latin<\/td>\n<td>\u2013<\/td>\n<\/tr>\n<\/tbody>\n<\/table>\n<p>Constituebat diem solennem in condensis vsque ad cornu altaris: de mensa propositionis epulabatur exultans, &amp; delectabatur in l\u00e6titia. Fit plerumque iocunda quies, origo discriminis: &amp; exorta est de messe gaudiorum, planta tristiti\u00e6. Liuoris exagitatus aculeis, humani generis affuit inimicus: eamdem formam referens eamdemque naturam, qua protoplastis intulit plagam mortis; &amp; sponsionis fraudulent\u00e6 fractos illecebra, iugo miser\u00e6 captiuitatis addixit. Subito namque serpens immanis corpore, forma terribilis, horrendus aspectu, sese sacris iniecit obtutibus: &amp; mentis sabbatum transtulit in stuporem. Facile rudes animos improuisa concutiunt, &amp; animi statum leuiter repentina subuertit accessio. Ad occursum monstri puer. Domini timore corripitur, sollicitatur angustia, trepidatione confunditur, fugam meditatur anxius, sed draconis horret instantiam; nec apud eum constat, fugitare sit, an restare securius. Respectus Domini semper est in electos, nec derelinquit Sanctos suos in die malorum, &amp; in tempore superborum sine adiutorio. Reparat subito Diuina miseratio fluctuantem, trepidum reficit: &amp; \u00e6stuantis animi motus confidenti\u00e6 subleuat in profectum. Conuersus igitur ad cor, in feruorem pristinum recalescit. Spei l\u00e6tioris armamenta recolligit: &amp; felicis insigne victori\u00e6 de promptuario diuin\u00e6 pietatis expectat. Itaque solo prostratus, de priori quidem turbatione compungitur, de visitatione gratias agit: pro subuentione breuis &amp; efficax ad thronum grati\u00e6 deriuatur oratio. Auditur in excelso clamor eius: &amp; de c\u00e6lesti propitiatorio munus exauditionis in auxilium reportatur. Illico surgit intrepidus, &amp; in hostem fidei signo Crucis edito, potenti verborum virtute imperat vt a finibus insul\u00e6 [sc. Ogiae] malitia draconis emigret; nec se deinceps damnis afferat incolar\u016b. Velut baleari percussa tormento, potentis imperij virtute virtus serpentis eliditur: submisso capite confusus abscedit; nec edicto recalcitrat imperantis. Vincitur in serpente diabolus, &amp; induitur tamquam diploide confusione sua: pro ingesto timore recipit doloris anxietantisque manipulos, &amp;, quo videtur \u00e6tas victoris infirmior, eo grauiori pulsatur insania: turbatur vehementius, &amp; amplius erubescit.<\/p>\n","protected":false},"excerpt":{"rendered":"<p>Saint and Dragon Date of Text Citation Text\/edition Language Translation Amand [b] xii AD Philip of Harveng Vita S. Amandi pp.859-60 AASS AASS Feb. vi pp.857-73; BHL no. 334 Latin \u2013 Constituebat diem solennem in condensis vsque ad cornu altaris: de mensa propositionis epulabatur exultans, &amp; delectabatur in l\u00e6titia. Fit plerumque iocunda quies, origo discriminis: [&hellip;]<\/p>\n","protected":false},"author":1,"featured_media":0,"parent":1203,"menu_order":0,"comment_status":"closed","ping_status":"closed","template":"page-template-full.php","meta":{"_acf_changed":false,"footnotes":""},"categories":[],"tags":[],"acf":[],"yoast_head":"<!-- This site is optimized with the Yoast SEO plugin v23.0 - https:\/\/yoast.com\/wordpress\/plugins\/seo\/ -->\n<title>Amand [b] - Ogden\u2019s Dragons\u2019 Dens<\/title>\n<meta name=\"robots\" content=\"index, follow, max-snippet:-1, max-image-preview:large, max-video-preview:-1\" \/>\n<link rel=\"canonical\" href=\"https:\/\/sites.exeter.ac.uk\/ogdens-dragonsdens\/amand-b\/\" \/>\n<meta property=\"og:locale\" content=\"en_US\" \/>\n<meta property=\"og:type\" content=\"article\" \/>\n<meta property=\"og:title\" content=\"Amand [b] - Ogden\u2019s Dragons\u2019 Dens\" \/>\n<meta property=\"og:description\" content=\"Saint and Dragon Date of Text Citation Text\/edition Language Translation Amand [b] xii AD Philip of Harveng Vita S. Amandi pp.859-60 AASS AASS Feb. vi pp.857-73; BHL no. 334 Latin \u2013 Constituebat diem solennem in condensis vsque ad cornu altaris: de mensa propositionis epulabatur exultans, &amp; delectabatur in l\u00e6titia. Fit plerumque iocunda quies, origo discriminis: [&hellip;]\" \/>\n<meta property=\"og:url\" content=\"https:\/\/sites.exeter.ac.uk\/ogdens-dragonsdens\/amand-b\/\" \/>\n<meta property=\"og:site_name\" content=\"Ogden\u2019s Dragons\u2019 Dens\" \/>\n<meta name=\"twitter:card\" content=\"summary_large_image\" \/>\n<meta name=\"twitter:label1\" content=\"Est. reading time\" \/>\n\t<meta name=\"twitter:data1\" content=\"2 minutes\" \/>\n<script type=\"application\/ld+json\" class=\"yoast-schema-graph\">{\"@context\":\"https:\/\/schema.org\",\"@graph\":[{\"@type\":\"WebPage\",\"@id\":\"https:\/\/sites.exeter.ac.uk\/ogdens-dragonsdens\/amand-b\/\",\"url\":\"https:\/\/sites.exeter.ac.uk\/ogdens-dragonsdens\/amand-b\/\",\"name\":\"Amand [b] - Ogden\u2019s Dragons\u2019 Dens\",\"isPartOf\":{\"@id\":\"https:\/\/sites.exeter.ac.uk\/ogdens-dragonsdens\/#website\"},\"datePublished\":\"2020-12-21T00:30:20+00:00\",\"dateModified\":\"2020-12-21T00:30:20+00:00\",\"breadcrumb\":{\"@id\":\"https:\/\/sites.exeter.ac.uk\/ogdens-dragonsdens\/amand-b\/#breadcrumb\"},\"inLanguage\":\"en-US\",\"potentialAction\":[{\"@type\":\"ReadAction\",\"target\":[\"https:\/\/sites.exeter.ac.uk\/ogdens-dragonsdens\/amand-b\/\"]}]},{\"@type\":\"BreadcrumbList\",\"@id\":\"https:\/\/sites.exeter.ac.uk\/ogdens-dragonsdens\/amand-b\/#breadcrumb\",\"itemListElement\":[{\"@type\":\"ListItem\",\"position\":1,\"name\":\"Home\",\"item\":\"https:\/\/sites.exeter.ac.uk\/ogdens-dragonsdens\/\"},{\"@type\":\"ListItem\",\"position\":2,\"name\":\"Amand [b]\"}]},{\"@type\":\"WebSite\",\"@id\":\"https:\/\/sites.exeter.ac.uk\/ogdens-dragonsdens\/#website\",\"url\":\"https:\/\/sites.exeter.ac.uk\/ogdens-dragonsdens\/\",\"name\":\"Ogden\u2019s Dragons\u2019 Dens\",\"description\":\"\",\"potentialAction\":[{\"@type\":\"SearchAction\",\"target\":{\"@type\":\"EntryPoint\",\"urlTemplate\":\"https:\/\/sites.exeter.ac.uk\/ogdens-dragonsdens\/?s={search_term_string}\"},\"query-input\":\"required name=search_term_string\"}],\"inLanguage\":\"en-US\"}]}<\/script>\n<!-- \/ Yoast SEO plugin. -->","yoast_head_json":{"title":"Amand [b] - Ogden\u2019s Dragons\u2019 Dens","robots":{"index":"index","follow":"follow","max-snippet":"max-snippet:-1","max-image-preview":"max-image-preview:large","max-video-preview":"max-video-preview:-1"},"canonical":"https:\/\/sites.exeter.ac.uk\/ogdens-dragonsdens\/amand-b\/","og_locale":"en_US","og_type":"article","og_title":"Amand [b] - Ogden\u2019s Dragons\u2019 Dens","og_description":"Saint and Dragon Date of Text Citation Text\/edition Language Translation Amand [b] xii AD Philip of Harveng Vita S. Amandi pp.859-60 AASS AASS Feb. vi pp.857-73; BHL no. 334 Latin \u2013 Constituebat diem solennem in condensis vsque ad cornu altaris: de mensa propositionis epulabatur exultans, &amp; delectabatur in l\u00e6titia. Fit plerumque iocunda quies, origo discriminis: [&hellip;]","og_url":"https:\/\/sites.exeter.ac.uk\/ogdens-dragonsdens\/amand-b\/","og_site_name":"Ogden\u2019s Dragons\u2019 Dens","twitter_card":"summary_large_image","twitter_misc":{"Est. reading time":"2 minutes"},"schema":{"@context":"https:\/\/schema.org","@graph":[{"@type":"WebPage","@id":"https:\/\/sites.exeter.ac.uk\/ogdens-dragonsdens\/amand-b\/","url":"https:\/\/sites.exeter.ac.uk\/ogdens-dragonsdens\/amand-b\/","name":"Amand [b] - Ogden\u2019s Dragons\u2019 Dens","isPartOf":{"@id":"https:\/\/sites.exeter.ac.uk\/ogdens-dragonsdens\/#website"},"datePublished":"2020-12-21T00:30:20+00:00","dateModified":"2020-12-21T00:30:20+00:00","breadcrumb":{"@id":"https:\/\/sites.exeter.ac.uk\/ogdens-dragonsdens\/amand-b\/#breadcrumb"},"inLanguage":"en-US","potentialAction":[{"@type":"ReadAction","target":["https:\/\/sites.exeter.ac.uk\/ogdens-dragonsdens\/amand-b\/"]}]},{"@type":"BreadcrumbList","@id":"https:\/\/sites.exeter.ac.uk\/ogdens-dragonsdens\/amand-b\/#breadcrumb","itemListElement":[{"@type":"ListItem","position":1,"name":"Home","item":"https:\/\/sites.exeter.ac.uk\/ogdens-dragonsdens\/"},{"@type":"ListItem","position":2,"name":"Amand [b]"}]},{"@type":"WebSite","@id":"https:\/\/sites.exeter.ac.uk\/ogdens-dragonsdens\/#website","url":"https:\/\/sites.exeter.ac.uk\/ogdens-dragonsdens\/","name":"Ogden\u2019s Dragons\u2019 Dens","description":"","potentialAction":[{"@type":"SearchAction","target":{"@type":"EntryPoint","urlTemplate":"https:\/\/sites.exeter.ac.uk\/ogdens-dragonsdens\/?s={search_term_string}"},"query-input":"required name=search_term_string"}],"inLanguage":"en-US"}]}},"jetpack_sharing_enabled":true,"_links":{"self":[{"href":"https:\/\/sites.exeter.ac.uk\/ogdens-dragonsdens\/wp-json\/wp\/v2\/pages\/126"}],"collection":[{"href":"https:\/\/sites.exeter.ac.uk\/ogdens-dragonsdens\/wp-json\/wp\/v2\/pages"}],"about":[{"href":"https:\/\/sites.exeter.ac.uk\/ogdens-dragonsdens\/wp-json\/wp\/v2\/types\/page"}],"author":[{"embeddable":true,"href":"https:\/\/sites.exeter.ac.uk\/ogdens-dragonsdens\/wp-json\/wp\/v2\/users\/1"}],"replies":[{"embeddable":true,"href":"https:\/\/sites.exeter.ac.uk\/ogdens-dragonsdens\/wp-json\/wp\/v2\/comments?post=126"}],"version-history":[{"count":0,"href":"https:\/\/sites.exeter.ac.uk\/ogdens-dragonsdens\/wp-json\/wp\/v2\/pages\/126\/revisions"}],"up":[{"embeddable":true,"href":"https:\/\/sites.exeter.ac.uk\/ogdens-dragonsdens\/wp-json\/wp\/v2\/pages\/1203"}],"wp:attachment":[{"href":"https:\/\/sites.exeter.ac.uk\/ogdens-dragonsdens\/wp-json\/wp\/v2\/media?parent=126"}],"wp:term":[{"taxonomy":"category","embeddable":true,"href":"https:\/\/sites.exeter.ac.uk\/ogdens-dragonsdens\/wp-json\/wp\/v2\/categories?post=126"},{"taxonomy":"post_tag","embeddable":true,"href":"https:\/\/sites.exeter.ac.uk\/ogdens-dragonsdens\/wp-json\/wp\/v2\/tags?post=126"}],"curies":[{"name":"wp","href":"https:\/\/api.w.org\/{rel}","templated":true}]}}