{"id":1278,"date":"2021-05-26T16:53:55","date_gmt":"2021-05-26T15:53:55","guid":{"rendered":"http:\/\/sites.exeter.ac.uk\/ogdensdragonsdens\/?page_id=1278"},"modified":"2021-05-26T16:53:55","modified_gmt":"2021-05-26T15:53:55","slug":"beatus-of-vendome","status":"publish","type":"page","link":"https:\/\/sites.exeter.ac.uk\/ogdens-dragonsdens\/the-hagiographical-dragon\/a-b\/beatus-of-vendome\/","title":{"rendered":"Beatus of Vendome"},"content":{"rendered":"<table>\n<tbody>\n<tr>\n<td width=\"215\"><strong>Saint and Dragon<\/strong><\/td>\n<td width=\"101\"><strong>Date of Text<\/strong><\/td>\n<td><strong>Citation<\/strong><\/td>\n<td><strong>Text\/edition<\/strong><\/td>\n<td><strong>Language<\/strong><\/td>\n<td><strong>Translation<\/strong><\/td>\n<\/tr>\n<tr>\n<td width=\"215\">Beatus (Beat, Bienheur\u00e9, Bi\u00e9) of Vend\u00f4me and the Dragon of Vend\u00f4me<\/td>\n<td width=\"101\">x AD (?)<\/td>\n<td><em>Vita S. Beati <\/em>p.366 <em>AASS<\/em><\/td>\n<td><em>AASS<\/em> Mai. ii, 363-6. <em>BHL<\/em> no. 1064<\/td>\n<td>Latin<\/td>\n<td><i>\u00a0&#8211;<\/i><\/td>\n<\/tr>\n<\/tbody>\n<\/table>\n<p><em>Sed hisce rejectis progrediamar ad reliqua S. Beati Acta, in quibus dicitur anhelasse ad vitam anachoreticam, &amp; cum non haberet nisi librum<\/em>\u00a0Sacramentorum, quo inter sacrificandum uteretur, benigne a nauta susceptus &amp; gratis trajectus, cum summa tranquillitate &amp; naut\u00e6 admiratione.\u00a0<em>H\u00e6c omnibus Actis communia sunt.<\/em>\u00a0<span class=\"rot\">[sed locis mutatis,]<\/span>\u00a0<em>Ast in prioribus Actis &amp; Martyrologiis dicitur<\/em>\u00a0navigasse ab urbe Namnetensi per Ligerim,\u00a0<em>eoque relicto venisse<\/em>\u00a0Vendocinum-castrum di\u0153cesis Carnotensis\u00a0<em>supra<\/em>\u00a0Ledum\u00a0<em>fluvium. Apud Agricolam vero dicitur<\/em>, trans lacum navigasse usque ad montis radicem,\u00a0<em>ac dein qu\u00e6 paucioribus de ingenti serpente aut dracone in prioribus Actis indicantur, latine describuntur apud Agricolam:<\/em>\u00a0<span class=\"rot\">[item de dracone pulso]<\/span>\u00a0<em>&amp; volatus Draconis per aerem in imagine apud Murerum exprimitur: quo symbolo nihil aliud innui, quam idololatriam cum d\u00e6mone devictam, supra ostendimus<\/em>.\u00a0<span class=\"rot\">[abstinentia &amp; obitu dicuntur.]<\/span>\u00a0In antro S. Beatum in magna abstinentia &amp; herbis agrestibus, &amp; pane arido victitasse, ac demum in senectute bona sancte obiisse, &amp; in sua crypta sepultum claruisse miraculis,\u00a0<em>omnia Acta habent. Apud Agricolam ab Achate socio suo, cui id commendarat, sepultur\u00e6 traditus asseritur. Ab aliis<\/em>\u00a0annus obitus\u00a0<em>a\u00dfignatur<\/em>\u00a0centesimus decimus &amp; locus habitationis &amp; sepultur\u00e6 non procul a lacu Thunensi sub oppido Under-Seven:\u00a0<em>ubi<\/em>\u00a0cella S. Beati\u00a0<em>dicitur esse, ubi &amp;<\/em>\u00a0puer ab alto lapsus &amp; gravi contritione l\u00e6sus\u00a0<em>traditur apud Agricolam<\/em>\u00a0anno MDXI sanatus.<\/p>\n","protected":false},"excerpt":{"rendered":"<p>Saint and Dragon Date of Text Citation Text\/edition Language Translation Beatus (Beat, Bienheur\u00e9, Bi\u00e9) of Vend\u00f4me and the Dragon of Vend\u00f4me x AD (?) Vita S. Beati p.366 AASS AASS Mai. ii, 363-6. BHL no. 1064 Latin \u00a0&#8211; Sed hisce rejectis progrediamar ad reliqua S. Beati Acta, in quibus dicitur anhelasse ad vitam anachoreticam, &amp; [&hellip;]<\/p>\n","protected":false},"author":2351,"featured_media":0,"parent":1203,"menu_order":0,"comment_status":"closed","ping_status":"closed","template":"","meta":{"_acf_changed":false,"footnotes":""},"categories":[],"tags":[],"acf":[],"yoast_head":"<!-- This site is optimized with the Yoast SEO plugin v23.0 - https:\/\/yoast.com\/wordpress\/plugins\/seo\/ -->\n<title>Beatus of Vendome - Ogden\u2019s Dragons\u2019 Dens<\/title>\n<meta name=\"robots\" content=\"index, follow, max-snippet:-1, max-image-preview:large, max-video-preview:-1\" \/>\n<link rel=\"canonical\" href=\"https:\/\/sites.exeter.ac.uk\/ogdens-dragonsdens\/the-hagiographical-dragon\/a-b\/beatus-of-vendome\/\" \/>\n<meta property=\"og:locale\" content=\"en_US\" \/>\n<meta property=\"og:type\" content=\"article\" \/>\n<meta property=\"og:title\" content=\"Beatus of Vendome - Ogden\u2019s Dragons\u2019 Dens\" \/>\n<meta property=\"og:description\" content=\"Saint and Dragon Date of Text Citation Text\/edition Language Translation Beatus (Beat, Bienheur\u00e9, Bi\u00e9) of Vend\u00f4me and the Dragon of Vend\u00f4me x AD (?) Vita S. Beati p.366 AASS AASS Mai. ii, 363-6. BHL no. 1064 Latin \u00a0&#8211; Sed hisce rejectis progrediamar ad reliqua S. Beati Acta, in quibus dicitur anhelasse ad vitam anachoreticam, &amp; [&hellip;]\" \/>\n<meta property=\"og:url\" content=\"https:\/\/sites.exeter.ac.uk\/ogdens-dragonsdens\/the-hagiographical-dragon\/a-b\/beatus-of-vendome\/\" \/>\n<meta property=\"og:site_name\" content=\"Ogden\u2019s Dragons\u2019 Dens\" \/>\n<meta name=\"twitter:card\" content=\"summary_large_image\" \/>\n<meta name=\"twitter:label1\" content=\"Est. reading time\" \/>\n\t<meta name=\"twitter:data1\" content=\"1 minute\" \/>\n<script type=\"application\/ld+json\" class=\"yoast-schema-graph\">{\"@context\":\"https:\/\/schema.org\",\"@graph\":[{\"@type\":\"WebPage\",\"@id\":\"https:\/\/sites.exeter.ac.uk\/ogdens-dragonsdens\/the-hagiographical-dragon\/a-b\/beatus-of-vendome\/\",\"url\":\"https:\/\/sites.exeter.ac.uk\/ogdens-dragonsdens\/the-hagiographical-dragon\/a-b\/beatus-of-vendome\/\",\"name\":\"Beatus of Vendome - Ogden\u2019s Dragons\u2019 Dens\",\"isPartOf\":{\"@id\":\"https:\/\/sites.exeter.ac.uk\/ogdens-dragonsdens\/#website\"},\"datePublished\":\"2021-05-26T15:53:55+00:00\",\"dateModified\":\"2021-05-26T15:53:55+00:00\",\"breadcrumb\":{\"@id\":\"https:\/\/sites.exeter.ac.uk\/ogdens-dragonsdens\/the-hagiographical-dragon\/a-b\/beatus-of-vendome\/#breadcrumb\"},\"inLanguage\":\"en-US\",\"potentialAction\":[{\"@type\":\"ReadAction\",\"target\":[\"https:\/\/sites.exeter.ac.uk\/ogdens-dragonsdens\/the-hagiographical-dragon\/a-b\/beatus-of-vendome\/\"]}]},{\"@type\":\"BreadcrumbList\",\"@id\":\"https:\/\/sites.exeter.ac.uk\/ogdens-dragonsdens\/the-hagiographical-dragon\/a-b\/beatus-of-vendome\/#breadcrumb\",\"itemListElement\":[{\"@type\":\"ListItem\",\"position\":1,\"name\":\"Home\",\"item\":\"https:\/\/sites.exeter.ac.uk\/ogdens-dragonsdens\/\"},{\"@type\":\"ListItem\",\"position\":2,\"name\":\"3. The Hagiographical Dragon\",\"item\":\"https:\/\/sites.exeter.ac.uk\/ogdens-dragonsdens\/the-hagiographical-dragon\/\"},{\"@type\":\"ListItem\",\"position\":3,\"name\":\"Saints A &#8211; B\",\"item\":\"https:\/\/sites.exeter.ac.uk\/ogdens-dragonsdens\/the-hagiographical-dragon\/a-b\/\"},{\"@type\":\"ListItem\",\"position\":4,\"name\":\"Beatus of Vendome\"}]},{\"@type\":\"WebSite\",\"@id\":\"https:\/\/sites.exeter.ac.uk\/ogdens-dragonsdens\/#website\",\"url\":\"https:\/\/sites.exeter.ac.uk\/ogdens-dragonsdens\/\",\"name\":\"Ogden\u2019s Dragons\u2019 Dens\",\"description\":\"\",\"potentialAction\":[{\"@type\":\"SearchAction\",\"target\":{\"@type\":\"EntryPoint\",\"urlTemplate\":\"https:\/\/sites.exeter.ac.uk\/ogdens-dragonsdens\/?s={search_term_string}\"},\"query-input\":\"required name=search_term_string\"}],\"inLanguage\":\"en-US\"}]}<\/script>\n<!-- \/ Yoast SEO plugin. -->","yoast_head_json":{"title":"Beatus of Vendome - Ogden\u2019s Dragons\u2019 Dens","robots":{"index":"index","follow":"follow","max-snippet":"max-snippet:-1","max-image-preview":"max-image-preview:large","max-video-preview":"max-video-preview:-1"},"canonical":"https:\/\/sites.exeter.ac.uk\/ogdens-dragonsdens\/the-hagiographical-dragon\/a-b\/beatus-of-vendome\/","og_locale":"en_US","og_type":"article","og_title":"Beatus of Vendome - Ogden\u2019s Dragons\u2019 Dens","og_description":"Saint and Dragon Date of Text Citation Text\/edition Language Translation Beatus (Beat, Bienheur\u00e9, Bi\u00e9) of Vend\u00f4me and the Dragon of Vend\u00f4me x AD (?) Vita S. Beati p.366 AASS AASS Mai. ii, 363-6. BHL no. 1064 Latin \u00a0&#8211; Sed hisce rejectis progrediamar ad reliqua S. Beati Acta, in quibus dicitur anhelasse ad vitam anachoreticam, &amp; [&hellip;]","og_url":"https:\/\/sites.exeter.ac.uk\/ogdens-dragonsdens\/the-hagiographical-dragon\/a-b\/beatus-of-vendome\/","og_site_name":"Ogden\u2019s Dragons\u2019 Dens","twitter_card":"summary_large_image","twitter_misc":{"Est. reading time":"1 minute"},"schema":{"@context":"https:\/\/schema.org","@graph":[{"@type":"WebPage","@id":"https:\/\/sites.exeter.ac.uk\/ogdens-dragonsdens\/the-hagiographical-dragon\/a-b\/beatus-of-vendome\/","url":"https:\/\/sites.exeter.ac.uk\/ogdens-dragonsdens\/the-hagiographical-dragon\/a-b\/beatus-of-vendome\/","name":"Beatus of Vendome - Ogden\u2019s Dragons\u2019 Dens","isPartOf":{"@id":"https:\/\/sites.exeter.ac.uk\/ogdens-dragonsdens\/#website"},"datePublished":"2021-05-26T15:53:55+00:00","dateModified":"2021-05-26T15:53:55+00:00","breadcrumb":{"@id":"https:\/\/sites.exeter.ac.uk\/ogdens-dragonsdens\/the-hagiographical-dragon\/a-b\/beatus-of-vendome\/#breadcrumb"},"inLanguage":"en-US","potentialAction":[{"@type":"ReadAction","target":["https:\/\/sites.exeter.ac.uk\/ogdens-dragonsdens\/the-hagiographical-dragon\/a-b\/beatus-of-vendome\/"]}]},{"@type":"BreadcrumbList","@id":"https:\/\/sites.exeter.ac.uk\/ogdens-dragonsdens\/the-hagiographical-dragon\/a-b\/beatus-of-vendome\/#breadcrumb","itemListElement":[{"@type":"ListItem","position":1,"name":"Home","item":"https:\/\/sites.exeter.ac.uk\/ogdens-dragonsdens\/"},{"@type":"ListItem","position":2,"name":"3. The Hagiographical Dragon","item":"https:\/\/sites.exeter.ac.uk\/ogdens-dragonsdens\/the-hagiographical-dragon\/"},{"@type":"ListItem","position":3,"name":"Saints A &#8211; B","item":"https:\/\/sites.exeter.ac.uk\/ogdens-dragonsdens\/the-hagiographical-dragon\/a-b\/"},{"@type":"ListItem","position":4,"name":"Beatus of Vendome"}]},{"@type":"WebSite","@id":"https:\/\/sites.exeter.ac.uk\/ogdens-dragonsdens\/#website","url":"https:\/\/sites.exeter.ac.uk\/ogdens-dragonsdens\/","name":"Ogden\u2019s Dragons\u2019 Dens","description":"","potentialAction":[{"@type":"SearchAction","target":{"@type":"EntryPoint","urlTemplate":"https:\/\/sites.exeter.ac.uk\/ogdens-dragonsdens\/?s={search_term_string}"},"query-input":"required name=search_term_string"}],"inLanguage":"en-US"}]}},"jetpack_sharing_enabled":true,"_links":{"self":[{"href":"https:\/\/sites.exeter.ac.uk\/ogdens-dragonsdens\/wp-json\/wp\/v2\/pages\/1278"}],"collection":[{"href":"https:\/\/sites.exeter.ac.uk\/ogdens-dragonsdens\/wp-json\/wp\/v2\/pages"}],"about":[{"href":"https:\/\/sites.exeter.ac.uk\/ogdens-dragonsdens\/wp-json\/wp\/v2\/types\/page"}],"author":[{"embeddable":true,"href":"https:\/\/sites.exeter.ac.uk\/ogdens-dragonsdens\/wp-json\/wp\/v2\/users\/2351"}],"replies":[{"embeddable":true,"href":"https:\/\/sites.exeter.ac.uk\/ogdens-dragonsdens\/wp-json\/wp\/v2\/comments?post=1278"}],"version-history":[{"count":0,"href":"https:\/\/sites.exeter.ac.uk\/ogdens-dragonsdens\/wp-json\/wp\/v2\/pages\/1278\/revisions"}],"up":[{"embeddable":true,"href":"https:\/\/sites.exeter.ac.uk\/ogdens-dragonsdens\/wp-json\/wp\/v2\/pages\/1203"}],"wp:attachment":[{"href":"https:\/\/sites.exeter.ac.uk\/ogdens-dragonsdens\/wp-json\/wp\/v2\/media?parent=1278"}],"wp:term":[{"taxonomy":"category","embeddable":true,"href":"https:\/\/sites.exeter.ac.uk\/ogdens-dragonsdens\/wp-json\/wp\/v2\/categories?post=1278"},{"taxonomy":"post_tag","embeddable":true,"href":"https:\/\/sites.exeter.ac.uk\/ogdens-dragonsdens\/wp-json\/wp\/v2\/tags?post=1278"}],"curies":[{"name":"wp","href":"https:\/\/api.w.org\/{rel}","templated":true}]}}