{"id":1296,"date":"2021-05-27T16:01:47","date_gmt":"2021-05-27T15:01:47","guid":{"rendered":"http:\/\/sites.exeter.ac.uk\/ogdensdragonsdens\/?page_id=1296"},"modified":"2021-05-27T16:01:47","modified_gmt":"2021-05-27T15:01:47","slug":"deodatus-b","status":"publish","type":"page","link":"https:\/\/sites.exeter.ac.uk\/ogdens-dragonsdens\/the-hagiographical-dragon\/saints-c-d\/deodatus-b\/","title":{"rendered":"Deodatus [b]"},"content":{"rendered":"<table>\n<tbody>\n<tr>\n<td width=\"215\"><strong>Saint and Dragon<\/strong><\/td>\n<td width=\"101\"><strong>Date of Text<\/strong><\/td>\n<td><strong>Citation<\/strong><\/td>\n<td><strong>Text\/edition<\/strong><\/td>\n<td><strong>Language<\/strong><\/td>\n<td><strong>Translation<\/strong><\/td>\n<\/tr>\n<tr>\n<td width=\"215\">Deodatus [b]<\/td>\n<td width=\"101\">x AD<\/td>\n<td><em>Vita S. Deodati, <\/em>AASS Apr. iii, 274<\/td>\n<td>AASS Apr. iii, pp. 274-6; <em>BHL<\/em> no. 2128<\/td>\n<td>Latin<\/td>\n<td><em>DSS<\/em> no. 140<\/td>\n<\/tr>\n<\/tbody>\n<\/table>\n<p><span class=\"rot\">[moribundus suos adhortatur,]<\/span>\u00a0Jam vero multos annos eum vit\u00e6 cursum tenuerat, quem omnium virtutum gloria, copiaque commendabat, cum placuit omnipotenti Deo eum ad se evocare. Quod ille pr\u00e6sentiens, divino lumine illustratus, suos sic filios ad virtutem est adhortatus: Carissimi, tempus resolutionis me\u00e6 instat: mementote eorum, qu\u00e6 vos olim docui: frequenter cogitate, quid a vobis exigat vit\u00e6 quam injvistis ratio Christi arma sumpsistis, in ejus verba jurastis: state ergo, Fratres, &amp; pugnate pro eo contra antiquum serpentem. Estote succincti lumbos in castitate: pacem inter vos &amp; dilectionem habete; orationibus &amp; jejuniis incumbite: postquam anima decesserit corpore suo, illud terr\u00e6 mandate.\u00a0<span class=\"rot\">[viatico munitus obit:]<\/span>\u00a0Ingravescente indies morbo, viatico muniri postulavit: quod hora una ante exitum usurpavit, atque inter preces animam Deo reddidit.<\/p>\n","protected":false},"excerpt":{"rendered":"<p>Saint and Dragon Date of Text Citation Text\/edition Language Translation Deodatus [b] x AD Vita S. Deodati, AASS Apr. iii, 274 AASS Apr. iii, pp. 274-6; BHL no. 2128 Latin DSS no. 140 [moribundus suos adhortatur,]\u00a0Jam vero multos annos eum vit\u00e6 cursum tenuerat, quem omnium virtutum gloria, copiaque commendabat, cum placuit omnipotenti Deo eum ad [&hellip;]<\/p>\n","protected":false},"author":2351,"featured_media":0,"parent":1215,"menu_order":0,"comment_status":"closed","ping_status":"closed","template":"","meta":{"_acf_changed":false,"footnotes":""},"categories":[],"tags":[],"acf":[],"yoast_head":"<!-- This site is optimized with the Yoast SEO plugin v23.0 - https:\/\/yoast.com\/wordpress\/plugins\/seo\/ -->\n<title>Deodatus [b] - Ogden\u2019s Dragons\u2019 Dens<\/title>\n<meta name=\"robots\" content=\"index, follow, max-snippet:-1, max-image-preview:large, max-video-preview:-1\" \/>\n<link rel=\"canonical\" href=\"https:\/\/sites.exeter.ac.uk\/ogdens-dragonsdens\/the-hagiographical-dragon\/saints-c-d\/deodatus-b\/\" \/>\n<meta property=\"og:locale\" content=\"en_US\" \/>\n<meta property=\"og:type\" content=\"article\" \/>\n<meta property=\"og:title\" content=\"Deodatus [b] - Ogden\u2019s Dragons\u2019 Dens\" \/>\n<meta property=\"og:description\" content=\"Saint and Dragon Date of Text Citation Text\/edition Language Translation Deodatus [b] x AD Vita S. Deodati, AASS Apr. iii, 274 AASS Apr. iii, pp. 274-6; BHL no. 2128 Latin DSS no. 140 [moribundus suos adhortatur,]\u00a0Jam vero multos annos eum vit\u00e6 cursum tenuerat, quem omnium virtutum gloria, copiaque commendabat, cum placuit omnipotenti Deo eum ad [&hellip;]\" \/>\n<meta property=\"og:url\" content=\"https:\/\/sites.exeter.ac.uk\/ogdens-dragonsdens\/the-hagiographical-dragon\/saints-c-d\/deodatus-b\/\" \/>\n<meta property=\"og:site_name\" content=\"Ogden\u2019s Dragons\u2019 Dens\" \/>\n<meta name=\"twitter:card\" content=\"summary_large_image\" \/>\n<meta name=\"twitter:label1\" content=\"Est. reading time\" \/>\n\t<meta name=\"twitter:data1\" content=\"1 minute\" \/>\n<script type=\"application\/ld+json\" class=\"yoast-schema-graph\">{\"@context\":\"https:\/\/schema.org\",\"@graph\":[{\"@type\":\"WebPage\",\"@id\":\"https:\/\/sites.exeter.ac.uk\/ogdens-dragonsdens\/the-hagiographical-dragon\/saints-c-d\/deodatus-b\/\",\"url\":\"https:\/\/sites.exeter.ac.uk\/ogdens-dragonsdens\/the-hagiographical-dragon\/saints-c-d\/deodatus-b\/\",\"name\":\"Deodatus [b] - Ogden\u2019s Dragons\u2019 Dens\",\"isPartOf\":{\"@id\":\"https:\/\/sites.exeter.ac.uk\/ogdens-dragonsdens\/#website\"},\"datePublished\":\"2021-05-27T15:01:47+00:00\",\"dateModified\":\"2021-05-27T15:01:47+00:00\",\"breadcrumb\":{\"@id\":\"https:\/\/sites.exeter.ac.uk\/ogdens-dragonsdens\/the-hagiographical-dragon\/saints-c-d\/deodatus-b\/#breadcrumb\"},\"inLanguage\":\"en-US\",\"potentialAction\":[{\"@type\":\"ReadAction\",\"target\":[\"https:\/\/sites.exeter.ac.uk\/ogdens-dragonsdens\/the-hagiographical-dragon\/saints-c-d\/deodatus-b\/\"]}]},{\"@type\":\"BreadcrumbList\",\"@id\":\"https:\/\/sites.exeter.ac.uk\/ogdens-dragonsdens\/the-hagiographical-dragon\/saints-c-d\/deodatus-b\/#breadcrumb\",\"itemListElement\":[{\"@type\":\"ListItem\",\"position\":1,\"name\":\"Home\",\"item\":\"https:\/\/sites.exeter.ac.uk\/ogdens-dragonsdens\/\"},{\"@type\":\"ListItem\",\"position\":2,\"name\":\"3. The Hagiographical Dragon\",\"item\":\"https:\/\/sites.exeter.ac.uk\/ogdens-dragonsdens\/the-hagiographical-dragon\/\"},{\"@type\":\"ListItem\",\"position\":3,\"name\":\"Saints C &#8211; D\",\"item\":\"https:\/\/sites.exeter.ac.uk\/ogdens-dragonsdens\/the-hagiographical-dragon\/saints-c-d\/\"},{\"@type\":\"ListItem\",\"position\":4,\"name\":\"Deodatus [b]\"}]},{\"@type\":\"WebSite\",\"@id\":\"https:\/\/sites.exeter.ac.uk\/ogdens-dragonsdens\/#website\",\"url\":\"https:\/\/sites.exeter.ac.uk\/ogdens-dragonsdens\/\",\"name\":\"Ogden\u2019s Dragons\u2019 Dens\",\"description\":\"\",\"potentialAction\":[{\"@type\":\"SearchAction\",\"target\":{\"@type\":\"EntryPoint\",\"urlTemplate\":\"https:\/\/sites.exeter.ac.uk\/ogdens-dragonsdens\/?s={search_term_string}\"},\"query-input\":\"required name=search_term_string\"}],\"inLanguage\":\"en-US\"}]}<\/script>\n<!-- \/ Yoast SEO plugin. -->","yoast_head_json":{"title":"Deodatus [b] - Ogden\u2019s Dragons\u2019 Dens","robots":{"index":"index","follow":"follow","max-snippet":"max-snippet:-1","max-image-preview":"max-image-preview:large","max-video-preview":"max-video-preview:-1"},"canonical":"https:\/\/sites.exeter.ac.uk\/ogdens-dragonsdens\/the-hagiographical-dragon\/saints-c-d\/deodatus-b\/","og_locale":"en_US","og_type":"article","og_title":"Deodatus [b] - Ogden\u2019s Dragons\u2019 Dens","og_description":"Saint and Dragon Date of Text Citation Text\/edition Language Translation Deodatus [b] x AD Vita S. Deodati, AASS Apr. iii, 274 AASS Apr. iii, pp. 274-6; BHL no. 2128 Latin DSS no. 140 [moribundus suos adhortatur,]\u00a0Jam vero multos annos eum vit\u00e6 cursum tenuerat, quem omnium virtutum gloria, copiaque commendabat, cum placuit omnipotenti Deo eum ad [&hellip;]","og_url":"https:\/\/sites.exeter.ac.uk\/ogdens-dragonsdens\/the-hagiographical-dragon\/saints-c-d\/deodatus-b\/","og_site_name":"Ogden\u2019s Dragons\u2019 Dens","twitter_card":"summary_large_image","twitter_misc":{"Est. reading time":"1 minute"},"schema":{"@context":"https:\/\/schema.org","@graph":[{"@type":"WebPage","@id":"https:\/\/sites.exeter.ac.uk\/ogdens-dragonsdens\/the-hagiographical-dragon\/saints-c-d\/deodatus-b\/","url":"https:\/\/sites.exeter.ac.uk\/ogdens-dragonsdens\/the-hagiographical-dragon\/saints-c-d\/deodatus-b\/","name":"Deodatus [b] - Ogden\u2019s Dragons\u2019 Dens","isPartOf":{"@id":"https:\/\/sites.exeter.ac.uk\/ogdens-dragonsdens\/#website"},"datePublished":"2021-05-27T15:01:47+00:00","dateModified":"2021-05-27T15:01:47+00:00","breadcrumb":{"@id":"https:\/\/sites.exeter.ac.uk\/ogdens-dragonsdens\/the-hagiographical-dragon\/saints-c-d\/deodatus-b\/#breadcrumb"},"inLanguage":"en-US","potentialAction":[{"@type":"ReadAction","target":["https:\/\/sites.exeter.ac.uk\/ogdens-dragonsdens\/the-hagiographical-dragon\/saints-c-d\/deodatus-b\/"]}]},{"@type":"BreadcrumbList","@id":"https:\/\/sites.exeter.ac.uk\/ogdens-dragonsdens\/the-hagiographical-dragon\/saints-c-d\/deodatus-b\/#breadcrumb","itemListElement":[{"@type":"ListItem","position":1,"name":"Home","item":"https:\/\/sites.exeter.ac.uk\/ogdens-dragonsdens\/"},{"@type":"ListItem","position":2,"name":"3. The Hagiographical Dragon","item":"https:\/\/sites.exeter.ac.uk\/ogdens-dragonsdens\/the-hagiographical-dragon\/"},{"@type":"ListItem","position":3,"name":"Saints C &#8211; D","item":"https:\/\/sites.exeter.ac.uk\/ogdens-dragonsdens\/the-hagiographical-dragon\/saints-c-d\/"},{"@type":"ListItem","position":4,"name":"Deodatus [b]"}]},{"@type":"WebSite","@id":"https:\/\/sites.exeter.ac.uk\/ogdens-dragonsdens\/#website","url":"https:\/\/sites.exeter.ac.uk\/ogdens-dragonsdens\/","name":"Ogden\u2019s Dragons\u2019 Dens","description":"","potentialAction":[{"@type":"SearchAction","target":{"@type":"EntryPoint","urlTemplate":"https:\/\/sites.exeter.ac.uk\/ogdens-dragonsdens\/?s={search_term_string}"},"query-input":"required name=search_term_string"}],"inLanguage":"en-US"}]}},"jetpack_sharing_enabled":true,"_links":{"self":[{"href":"https:\/\/sites.exeter.ac.uk\/ogdens-dragonsdens\/wp-json\/wp\/v2\/pages\/1296"}],"collection":[{"href":"https:\/\/sites.exeter.ac.uk\/ogdens-dragonsdens\/wp-json\/wp\/v2\/pages"}],"about":[{"href":"https:\/\/sites.exeter.ac.uk\/ogdens-dragonsdens\/wp-json\/wp\/v2\/types\/page"}],"author":[{"embeddable":true,"href":"https:\/\/sites.exeter.ac.uk\/ogdens-dragonsdens\/wp-json\/wp\/v2\/users\/2351"}],"replies":[{"embeddable":true,"href":"https:\/\/sites.exeter.ac.uk\/ogdens-dragonsdens\/wp-json\/wp\/v2\/comments?post=1296"}],"version-history":[{"count":0,"href":"https:\/\/sites.exeter.ac.uk\/ogdens-dragonsdens\/wp-json\/wp\/v2\/pages\/1296\/revisions"}],"up":[{"embeddable":true,"href":"https:\/\/sites.exeter.ac.uk\/ogdens-dragonsdens\/wp-json\/wp\/v2\/pages\/1215"}],"wp:attachment":[{"href":"https:\/\/sites.exeter.ac.uk\/ogdens-dragonsdens\/wp-json\/wp\/v2\/media?parent=1296"}],"wp:term":[{"taxonomy":"category","embeddable":true,"href":"https:\/\/sites.exeter.ac.uk\/ogdens-dragonsdens\/wp-json\/wp\/v2\/categories?post=1296"},{"taxonomy":"post_tag","embeddable":true,"href":"https:\/\/sites.exeter.ac.uk\/ogdens-dragonsdens\/wp-json\/wp\/v2\/tags?post=1296"}],"curies":[{"name":"wp","href":"https:\/\/api.w.org\/{rel}","templated":true}]}}