{"id":1344,"date":"2021-05-30T10:40:14","date_gmt":"2021-05-30T09:40:14","guid":{"rendered":"http:\/\/sites.exeter.ac.uk\/ogdensdragonsdens\/?page_id=1344"},"modified":"2021-05-30T10:40:14","modified_gmt":"2021-05-30T09:40:14","slug":"julian-of-le-mans","status":"publish","type":"page","link":"https:\/\/sites.exeter.ac.uk\/ogdens-dragonsdens\/the-hagiographical-dragon\/saints-j-k\/julian-of-le-mans\/","title":{"rendered":"Julian of le Mans"},"content":{"rendered":"<table>\n<tbody>\n<tr>\n<td width=\"215\"><strong>Saint and Dragon<\/strong><\/td>\n<td width=\"101\"><strong>Date of Text<\/strong><\/td>\n<td><strong>Citation<\/strong><\/td>\n<td><strong>Text\/edition<\/strong><\/td>\n<td><strong>Language<\/strong><\/td>\n<td><strong>Translation<\/strong><\/td>\n<\/tr>\n<tr>\n<td width=\"215\">Julian of le Mans and the Dragon of Artinas<\/td>\n<td width=\"101\"><em>c.<\/em> A 1000<\/td>\n<td>L\u00e9tald de Micy, <em>Vita S. Iuliani<\/em> p.765 <em>AASS<\/em><\/td>\n<td><em>AASS<\/em> Jan. ii p.762-7; <em>BHL<\/em> no. 4544<\/td>\n<td>Latin<\/td>\n<td><i>\u00a0&#8211;<\/i><\/td>\n<\/tr>\n<\/tbody>\n<\/table>\n<p>Vt vero insani populi cognoscerent, cui eatenus culturam Deitatis exhibuissent, ex euerso simulacro immanissimus erupit draco, qui facto impetu contra cultores proprios, flatu sulphureo &amp; atrocis verbere caud\u00e6, deuotorum sibi phalanges in mortem c\u0153pit ardenter vrgere.\u00a0<span class=\"rot\">[d\u00e6monem draconis forma s\u00e6uientem fugat:]<\/span>\u00a0At illi eius contra Deum suum petunt auxilium, quem paullo ante vociferantes maleficum, totis nisibus elaborarant, vt eum incenderent viuum. Porro Iulianus Dei athleta, eleuata c\u016b signo Crucis in sublime dextera, draconi imperat, vt null\u016b amplius l\u00e6d\u0113s concitus fugiat, &amp; loca humana cultura prorsus carentia petat. Ad cuius imperium draco s\u00e6uissimus effugit viuacissimus, &amp; in eos\u00a0ius amisit le\u0327dendi, in quibus vlterius fraudem exercere permissus non est seducendi.\u00a0<span class=\"rot\">[multos baptizat:]<\/span>\u00a0Tunc vniuersi cum gaudio iam fiunt socij in euertendo falsitatis fano, ac demum sancto renati lauacro per manus sancti Pontificis dogmate beatificantur Christiano.<\/p>\n<p>&nbsp;<\/p>\n","protected":false},"excerpt":{"rendered":"<p>Saint and Dragon Date of Text Citation Text\/edition Language Translation Julian of le Mans and the Dragon of Artinas c. A 1000 L\u00e9tald de Micy, Vita S. Iuliani p.765 AASS AASS Jan. ii p.762-7; BHL no. 4544 Latin \u00a0&#8211; Vt vero insani populi cognoscerent, cui eatenus culturam Deitatis exhibuissent, ex euerso simulacro immanissimus erupit draco, [&hellip;]<\/p>\n","protected":false},"author":2351,"featured_media":0,"parent":1238,"menu_order":0,"comment_status":"closed","ping_status":"closed","template":"","meta":{"_acf_changed":false,"footnotes":""},"categories":[],"tags":[],"acf":[],"yoast_head":"<!-- This site is optimized with the Yoast SEO plugin v23.0 - https:\/\/yoast.com\/wordpress\/plugins\/seo\/ -->\n<title>Julian of le Mans - Ogden\u2019s Dragons\u2019 Dens<\/title>\n<meta name=\"robots\" content=\"index, follow, max-snippet:-1, max-image-preview:large, max-video-preview:-1\" \/>\n<link rel=\"canonical\" href=\"https:\/\/sites.exeter.ac.uk\/ogdens-dragonsdens\/the-hagiographical-dragon\/saints-j-k\/julian-of-le-mans\/\" \/>\n<meta property=\"og:locale\" content=\"en_US\" \/>\n<meta property=\"og:type\" content=\"article\" \/>\n<meta property=\"og:title\" content=\"Julian of le Mans - Ogden\u2019s Dragons\u2019 Dens\" \/>\n<meta property=\"og:description\" content=\"Saint and Dragon Date of Text Citation Text\/edition Language Translation Julian of le Mans and the Dragon of Artinas c. A 1000 L\u00e9tald de Micy, Vita S. Iuliani p.765 AASS AASS Jan. ii p.762-7; BHL no. 4544 Latin \u00a0&#8211; Vt vero insani populi cognoscerent, cui eatenus culturam Deitatis exhibuissent, ex euerso simulacro immanissimus erupit draco, [&hellip;]\" \/>\n<meta property=\"og:url\" content=\"https:\/\/sites.exeter.ac.uk\/ogdens-dragonsdens\/the-hagiographical-dragon\/saints-j-k\/julian-of-le-mans\/\" \/>\n<meta property=\"og:site_name\" content=\"Ogden\u2019s Dragons\u2019 Dens\" \/>\n<meta name=\"twitter:card\" content=\"summary_large_image\" \/>\n<meta name=\"twitter:label1\" content=\"Est. reading time\" \/>\n\t<meta name=\"twitter:data1\" content=\"1 minute\" \/>\n<script type=\"application\/ld+json\" class=\"yoast-schema-graph\">{\"@context\":\"https:\/\/schema.org\",\"@graph\":[{\"@type\":\"WebPage\",\"@id\":\"https:\/\/sites.exeter.ac.uk\/ogdens-dragonsdens\/the-hagiographical-dragon\/saints-j-k\/julian-of-le-mans\/\",\"url\":\"https:\/\/sites.exeter.ac.uk\/ogdens-dragonsdens\/the-hagiographical-dragon\/saints-j-k\/julian-of-le-mans\/\",\"name\":\"Julian of le Mans - Ogden\u2019s Dragons\u2019 Dens\",\"isPartOf\":{\"@id\":\"https:\/\/sites.exeter.ac.uk\/ogdens-dragonsdens\/#website\"},\"datePublished\":\"2021-05-30T09:40:14+00:00\",\"dateModified\":\"2021-05-30T09:40:14+00:00\",\"breadcrumb\":{\"@id\":\"https:\/\/sites.exeter.ac.uk\/ogdens-dragonsdens\/the-hagiographical-dragon\/saints-j-k\/julian-of-le-mans\/#breadcrumb\"},\"inLanguage\":\"en-US\",\"potentialAction\":[{\"@type\":\"ReadAction\",\"target\":[\"https:\/\/sites.exeter.ac.uk\/ogdens-dragonsdens\/the-hagiographical-dragon\/saints-j-k\/julian-of-le-mans\/\"]}]},{\"@type\":\"BreadcrumbList\",\"@id\":\"https:\/\/sites.exeter.ac.uk\/ogdens-dragonsdens\/the-hagiographical-dragon\/saints-j-k\/julian-of-le-mans\/#breadcrumb\",\"itemListElement\":[{\"@type\":\"ListItem\",\"position\":1,\"name\":\"Home\",\"item\":\"https:\/\/sites.exeter.ac.uk\/ogdens-dragonsdens\/\"},{\"@type\":\"ListItem\",\"position\":2,\"name\":\"3. The Hagiographical Dragon\",\"item\":\"https:\/\/sites.exeter.ac.uk\/ogdens-dragonsdens\/the-hagiographical-dragon\/\"},{\"@type\":\"ListItem\",\"position\":3,\"name\":\"Saints J &#8211; K\",\"item\":\"https:\/\/sites.exeter.ac.uk\/ogdens-dragonsdens\/the-hagiographical-dragon\/saints-j-k\/\"},{\"@type\":\"ListItem\",\"position\":4,\"name\":\"Julian of le Mans\"}]},{\"@type\":\"WebSite\",\"@id\":\"https:\/\/sites.exeter.ac.uk\/ogdens-dragonsdens\/#website\",\"url\":\"https:\/\/sites.exeter.ac.uk\/ogdens-dragonsdens\/\",\"name\":\"Ogden\u2019s Dragons\u2019 Dens\",\"description\":\"\",\"potentialAction\":[{\"@type\":\"SearchAction\",\"target\":{\"@type\":\"EntryPoint\",\"urlTemplate\":\"https:\/\/sites.exeter.ac.uk\/ogdens-dragonsdens\/?s={search_term_string}\"},\"query-input\":\"required name=search_term_string\"}],\"inLanguage\":\"en-US\"}]}<\/script>\n<!-- \/ Yoast SEO plugin. -->","yoast_head_json":{"title":"Julian of le Mans - Ogden\u2019s Dragons\u2019 Dens","robots":{"index":"index","follow":"follow","max-snippet":"max-snippet:-1","max-image-preview":"max-image-preview:large","max-video-preview":"max-video-preview:-1"},"canonical":"https:\/\/sites.exeter.ac.uk\/ogdens-dragonsdens\/the-hagiographical-dragon\/saints-j-k\/julian-of-le-mans\/","og_locale":"en_US","og_type":"article","og_title":"Julian of le Mans - Ogden\u2019s Dragons\u2019 Dens","og_description":"Saint and Dragon Date of Text Citation Text\/edition Language Translation Julian of le Mans and the Dragon of Artinas c. A 1000 L\u00e9tald de Micy, Vita S. Iuliani p.765 AASS AASS Jan. ii p.762-7; BHL no. 4544 Latin \u00a0&#8211; Vt vero insani populi cognoscerent, cui eatenus culturam Deitatis exhibuissent, ex euerso simulacro immanissimus erupit draco, [&hellip;]","og_url":"https:\/\/sites.exeter.ac.uk\/ogdens-dragonsdens\/the-hagiographical-dragon\/saints-j-k\/julian-of-le-mans\/","og_site_name":"Ogden\u2019s Dragons\u2019 Dens","twitter_card":"summary_large_image","twitter_misc":{"Est. reading time":"1 minute"},"schema":{"@context":"https:\/\/schema.org","@graph":[{"@type":"WebPage","@id":"https:\/\/sites.exeter.ac.uk\/ogdens-dragonsdens\/the-hagiographical-dragon\/saints-j-k\/julian-of-le-mans\/","url":"https:\/\/sites.exeter.ac.uk\/ogdens-dragonsdens\/the-hagiographical-dragon\/saints-j-k\/julian-of-le-mans\/","name":"Julian of le Mans - Ogden\u2019s Dragons\u2019 Dens","isPartOf":{"@id":"https:\/\/sites.exeter.ac.uk\/ogdens-dragonsdens\/#website"},"datePublished":"2021-05-30T09:40:14+00:00","dateModified":"2021-05-30T09:40:14+00:00","breadcrumb":{"@id":"https:\/\/sites.exeter.ac.uk\/ogdens-dragonsdens\/the-hagiographical-dragon\/saints-j-k\/julian-of-le-mans\/#breadcrumb"},"inLanguage":"en-US","potentialAction":[{"@type":"ReadAction","target":["https:\/\/sites.exeter.ac.uk\/ogdens-dragonsdens\/the-hagiographical-dragon\/saints-j-k\/julian-of-le-mans\/"]}]},{"@type":"BreadcrumbList","@id":"https:\/\/sites.exeter.ac.uk\/ogdens-dragonsdens\/the-hagiographical-dragon\/saints-j-k\/julian-of-le-mans\/#breadcrumb","itemListElement":[{"@type":"ListItem","position":1,"name":"Home","item":"https:\/\/sites.exeter.ac.uk\/ogdens-dragonsdens\/"},{"@type":"ListItem","position":2,"name":"3. The Hagiographical Dragon","item":"https:\/\/sites.exeter.ac.uk\/ogdens-dragonsdens\/the-hagiographical-dragon\/"},{"@type":"ListItem","position":3,"name":"Saints J &#8211; K","item":"https:\/\/sites.exeter.ac.uk\/ogdens-dragonsdens\/the-hagiographical-dragon\/saints-j-k\/"},{"@type":"ListItem","position":4,"name":"Julian of le Mans"}]},{"@type":"WebSite","@id":"https:\/\/sites.exeter.ac.uk\/ogdens-dragonsdens\/#website","url":"https:\/\/sites.exeter.ac.uk\/ogdens-dragonsdens\/","name":"Ogden\u2019s Dragons\u2019 Dens","description":"","potentialAction":[{"@type":"SearchAction","target":{"@type":"EntryPoint","urlTemplate":"https:\/\/sites.exeter.ac.uk\/ogdens-dragonsdens\/?s={search_term_string}"},"query-input":"required name=search_term_string"}],"inLanguage":"en-US"}]}},"jetpack_sharing_enabled":true,"_links":{"self":[{"href":"https:\/\/sites.exeter.ac.uk\/ogdens-dragonsdens\/wp-json\/wp\/v2\/pages\/1344"}],"collection":[{"href":"https:\/\/sites.exeter.ac.uk\/ogdens-dragonsdens\/wp-json\/wp\/v2\/pages"}],"about":[{"href":"https:\/\/sites.exeter.ac.uk\/ogdens-dragonsdens\/wp-json\/wp\/v2\/types\/page"}],"author":[{"embeddable":true,"href":"https:\/\/sites.exeter.ac.uk\/ogdens-dragonsdens\/wp-json\/wp\/v2\/users\/2351"}],"replies":[{"embeddable":true,"href":"https:\/\/sites.exeter.ac.uk\/ogdens-dragonsdens\/wp-json\/wp\/v2\/comments?post=1344"}],"version-history":[{"count":0,"href":"https:\/\/sites.exeter.ac.uk\/ogdens-dragonsdens\/wp-json\/wp\/v2\/pages\/1344\/revisions"}],"up":[{"embeddable":true,"href":"https:\/\/sites.exeter.ac.uk\/ogdens-dragonsdens\/wp-json\/wp\/v2\/pages\/1238"}],"wp:attachment":[{"href":"https:\/\/sites.exeter.ac.uk\/ogdens-dragonsdens\/wp-json\/wp\/v2\/media?parent=1344"}],"wp:term":[{"taxonomy":"category","embeddable":true,"href":"https:\/\/sites.exeter.ac.uk\/ogdens-dragonsdens\/wp-json\/wp\/v2\/categories?post=1344"},{"taxonomy":"post_tag","embeddable":true,"href":"https:\/\/sites.exeter.ac.uk\/ogdens-dragonsdens\/wp-json\/wp\/v2\/tags?post=1344"}],"curies":[{"name":"wp","href":"https:\/\/api.w.org\/{rel}","templated":true}]}}