{"id":1365,"date":"2021-05-31T11:19:48","date_gmt":"2021-05-31T10:19:48","guid":{"rendered":"http:\/\/sites.exeter.ac.uk\/ogdensdragonsdens\/?page_id=1365"},"modified":"2021-05-31T11:19:48","modified_gmt":"2021-05-31T10:19:48","slug":"margaret-d","status":"publish","type":"page","link":"https:\/\/sites.exeter.ac.uk\/ogdens-dragonsdens\/the-hagiographical-dragon\/saints-l-m\/margaret-d\/","title":{"rendered":"Margaret [d]"},"content":{"rendered":"<table>\n<tbody>\n<tr>\n<td width=\"215\"><strong>Saint and Dragon<\/strong><\/td>\n<td width=\"101\"><strong>Date of Text<\/strong><\/td>\n<td><strong>Citation<\/strong><\/td>\n<td><strong>Text\/edition<\/strong><\/td>\n<td><strong>Language<\/strong><\/td>\n<td><strong>Translation<\/strong><\/td>\n<\/tr>\n<tr>\n<td width=\"215\">Margaret [d]<\/td>\n<td width=\"101\">x AD<\/td>\n<td><em>Passion of St Margaret <\/em>(\u2018The Rebdorf <em>passio<\/em>\u2019) <em>AASS<\/em> Jul. v pp. 37-8<\/td>\n<td><em>AASS<\/em> Jul. v pp. 33-9; <em>BHL<\/em> no. 5308<\/td>\n<td>Latin<\/td>\n<td><i>\u00a0&#8211;<\/i><\/td>\n<\/tr>\n<\/tbody>\n<\/table>\n<p>&nbsp;<\/p>\n<p>H\u00e6c &amp; his similia B. Margareta dum mundi Salvatorem laudans exoraret, ecce, caput nequiti\u00e6 cum mille nocendi artibus, variis machinationibus atque phantasticis pr\u00e6stigiis illam terrificare aggressus est. Quippe in draconis specie apparens, se in diversas formas transtulit, atque ex ore simul &amp; naribus ignem teterrimum evomens, Dei famulam vorare nitebatur. Sancta autem Virgo istiusmodi phantasmata cernens, ad solit\u00e6 orationis arma cucurrit, signumque sanct\u00e6 crucis contra hostem depingens, his verbis auxilium deposcebat. Domine Jesu Christe, tuorum militum propugnator, qui superbiam diaboli per crucis victoriam humiliasti; exurge in adjutorium mihi. Dic anim\u00e6 me\u00e6; Salus tua ego sum. Tu enim dixisti: Super aspidem &amp; basiliscum ambulabis, &amp; conculcabis leonem &amp; draconem. Ad hanc igitur vocem antiquus coluber confusus recessit, nihilque mali contra Virginem exercere valuit.<\/p>\n","protected":false},"excerpt":{"rendered":"<p>Saint and Dragon Date of Text Citation Text\/edition Language Translation Margaret [d] x AD Passion of St Margaret (\u2018The Rebdorf passio\u2019) AASS Jul. v pp. 37-8 AASS Jul. v pp. 33-9; BHL no. 5308 Latin \u00a0&#8211; &nbsp; H\u00e6c &amp; his similia B. Margareta dum mundi Salvatorem laudans exoraret, ecce, caput nequiti\u00e6 cum mille nocendi artibus, [&hellip;]<\/p>\n","protected":false},"author":2351,"featured_media":0,"parent":1248,"menu_order":0,"comment_status":"closed","ping_status":"closed","template":"","meta":{"_acf_changed":false,"footnotes":""},"categories":[],"tags":[],"acf":[],"yoast_head":"<!-- This site is optimized with the Yoast SEO plugin v23.0 - https:\/\/yoast.com\/wordpress\/plugins\/seo\/ -->\n<title>Margaret [d] - Ogden\u2019s Dragons\u2019 Dens<\/title>\n<meta name=\"robots\" content=\"index, follow, max-snippet:-1, max-image-preview:large, max-video-preview:-1\" \/>\n<link rel=\"canonical\" href=\"https:\/\/sites.exeter.ac.uk\/ogdens-dragonsdens\/the-hagiographical-dragon\/saints-l-m\/margaret-d\/\" \/>\n<meta property=\"og:locale\" content=\"en_US\" \/>\n<meta property=\"og:type\" content=\"article\" \/>\n<meta property=\"og:title\" content=\"Margaret [d] - Ogden\u2019s Dragons\u2019 Dens\" \/>\n<meta property=\"og:description\" content=\"Saint and Dragon Date of Text Citation Text\/edition Language Translation Margaret [d] x AD Passion of St Margaret (\u2018The Rebdorf passio\u2019) AASS Jul. v pp. 37-8 AASS Jul. v pp. 33-9; BHL no. 5308 Latin \u00a0&#8211; &nbsp; H\u00e6c &amp; his similia B. Margareta dum mundi Salvatorem laudans exoraret, ecce, caput nequiti\u00e6 cum mille nocendi artibus, [&hellip;]\" \/>\n<meta property=\"og:url\" content=\"https:\/\/sites.exeter.ac.uk\/ogdens-dragonsdens\/the-hagiographical-dragon\/saints-l-m\/margaret-d\/\" \/>\n<meta property=\"og:site_name\" content=\"Ogden\u2019s Dragons\u2019 Dens\" \/>\n<meta name=\"twitter:card\" content=\"summary_large_image\" \/>\n<meta name=\"twitter:label1\" content=\"Est. reading time\" \/>\n\t<meta name=\"twitter:data1\" content=\"1 minute\" \/>\n<script type=\"application\/ld+json\" class=\"yoast-schema-graph\">{\"@context\":\"https:\/\/schema.org\",\"@graph\":[{\"@type\":\"WebPage\",\"@id\":\"https:\/\/sites.exeter.ac.uk\/ogdens-dragonsdens\/the-hagiographical-dragon\/saints-l-m\/margaret-d\/\",\"url\":\"https:\/\/sites.exeter.ac.uk\/ogdens-dragonsdens\/the-hagiographical-dragon\/saints-l-m\/margaret-d\/\",\"name\":\"Margaret [d] - Ogden\u2019s Dragons\u2019 Dens\",\"isPartOf\":{\"@id\":\"https:\/\/sites.exeter.ac.uk\/ogdens-dragonsdens\/#website\"},\"datePublished\":\"2021-05-31T10:19:48+00:00\",\"dateModified\":\"2021-05-31T10:19:48+00:00\",\"breadcrumb\":{\"@id\":\"https:\/\/sites.exeter.ac.uk\/ogdens-dragonsdens\/the-hagiographical-dragon\/saints-l-m\/margaret-d\/#breadcrumb\"},\"inLanguage\":\"en-US\",\"potentialAction\":[{\"@type\":\"ReadAction\",\"target\":[\"https:\/\/sites.exeter.ac.uk\/ogdens-dragonsdens\/the-hagiographical-dragon\/saints-l-m\/margaret-d\/\"]}]},{\"@type\":\"BreadcrumbList\",\"@id\":\"https:\/\/sites.exeter.ac.uk\/ogdens-dragonsdens\/the-hagiographical-dragon\/saints-l-m\/margaret-d\/#breadcrumb\",\"itemListElement\":[{\"@type\":\"ListItem\",\"position\":1,\"name\":\"Home\",\"item\":\"https:\/\/sites.exeter.ac.uk\/ogdens-dragonsdens\/\"},{\"@type\":\"ListItem\",\"position\":2,\"name\":\"3. The Hagiographical Dragon\",\"item\":\"https:\/\/sites.exeter.ac.uk\/ogdens-dragonsdens\/the-hagiographical-dragon\/\"},{\"@type\":\"ListItem\",\"position\":3,\"name\":\"Saints L &#8211; M\",\"item\":\"https:\/\/sites.exeter.ac.uk\/ogdens-dragonsdens\/the-hagiographical-dragon\/saints-l-m\/\"},{\"@type\":\"ListItem\",\"position\":4,\"name\":\"Margaret [d]\"}]},{\"@type\":\"WebSite\",\"@id\":\"https:\/\/sites.exeter.ac.uk\/ogdens-dragonsdens\/#website\",\"url\":\"https:\/\/sites.exeter.ac.uk\/ogdens-dragonsdens\/\",\"name\":\"Ogden\u2019s Dragons\u2019 Dens\",\"description\":\"\",\"potentialAction\":[{\"@type\":\"SearchAction\",\"target\":{\"@type\":\"EntryPoint\",\"urlTemplate\":\"https:\/\/sites.exeter.ac.uk\/ogdens-dragonsdens\/?s={search_term_string}\"},\"query-input\":\"required name=search_term_string\"}],\"inLanguage\":\"en-US\"}]}<\/script>\n<!-- \/ Yoast SEO plugin. -->","yoast_head_json":{"title":"Margaret [d] - Ogden\u2019s Dragons\u2019 Dens","robots":{"index":"index","follow":"follow","max-snippet":"max-snippet:-1","max-image-preview":"max-image-preview:large","max-video-preview":"max-video-preview:-1"},"canonical":"https:\/\/sites.exeter.ac.uk\/ogdens-dragonsdens\/the-hagiographical-dragon\/saints-l-m\/margaret-d\/","og_locale":"en_US","og_type":"article","og_title":"Margaret [d] - Ogden\u2019s Dragons\u2019 Dens","og_description":"Saint and Dragon Date of Text Citation Text\/edition Language Translation Margaret [d] x AD Passion of St Margaret (\u2018The Rebdorf passio\u2019) AASS Jul. v pp. 37-8 AASS Jul. v pp. 33-9; BHL no. 5308 Latin \u00a0&#8211; &nbsp; H\u00e6c &amp; his similia B. Margareta dum mundi Salvatorem laudans exoraret, ecce, caput nequiti\u00e6 cum mille nocendi artibus, [&hellip;]","og_url":"https:\/\/sites.exeter.ac.uk\/ogdens-dragonsdens\/the-hagiographical-dragon\/saints-l-m\/margaret-d\/","og_site_name":"Ogden\u2019s Dragons\u2019 Dens","twitter_card":"summary_large_image","twitter_misc":{"Est. reading time":"1 minute"},"schema":{"@context":"https:\/\/schema.org","@graph":[{"@type":"WebPage","@id":"https:\/\/sites.exeter.ac.uk\/ogdens-dragonsdens\/the-hagiographical-dragon\/saints-l-m\/margaret-d\/","url":"https:\/\/sites.exeter.ac.uk\/ogdens-dragonsdens\/the-hagiographical-dragon\/saints-l-m\/margaret-d\/","name":"Margaret [d] - Ogden\u2019s Dragons\u2019 Dens","isPartOf":{"@id":"https:\/\/sites.exeter.ac.uk\/ogdens-dragonsdens\/#website"},"datePublished":"2021-05-31T10:19:48+00:00","dateModified":"2021-05-31T10:19:48+00:00","breadcrumb":{"@id":"https:\/\/sites.exeter.ac.uk\/ogdens-dragonsdens\/the-hagiographical-dragon\/saints-l-m\/margaret-d\/#breadcrumb"},"inLanguage":"en-US","potentialAction":[{"@type":"ReadAction","target":["https:\/\/sites.exeter.ac.uk\/ogdens-dragonsdens\/the-hagiographical-dragon\/saints-l-m\/margaret-d\/"]}]},{"@type":"BreadcrumbList","@id":"https:\/\/sites.exeter.ac.uk\/ogdens-dragonsdens\/the-hagiographical-dragon\/saints-l-m\/margaret-d\/#breadcrumb","itemListElement":[{"@type":"ListItem","position":1,"name":"Home","item":"https:\/\/sites.exeter.ac.uk\/ogdens-dragonsdens\/"},{"@type":"ListItem","position":2,"name":"3. The Hagiographical Dragon","item":"https:\/\/sites.exeter.ac.uk\/ogdens-dragonsdens\/the-hagiographical-dragon\/"},{"@type":"ListItem","position":3,"name":"Saints L &#8211; M","item":"https:\/\/sites.exeter.ac.uk\/ogdens-dragonsdens\/the-hagiographical-dragon\/saints-l-m\/"},{"@type":"ListItem","position":4,"name":"Margaret [d]"}]},{"@type":"WebSite","@id":"https:\/\/sites.exeter.ac.uk\/ogdens-dragonsdens\/#website","url":"https:\/\/sites.exeter.ac.uk\/ogdens-dragonsdens\/","name":"Ogden\u2019s Dragons\u2019 Dens","description":"","potentialAction":[{"@type":"SearchAction","target":{"@type":"EntryPoint","urlTemplate":"https:\/\/sites.exeter.ac.uk\/ogdens-dragonsdens\/?s={search_term_string}"},"query-input":"required name=search_term_string"}],"inLanguage":"en-US"}]}},"jetpack_sharing_enabled":true,"_links":{"self":[{"href":"https:\/\/sites.exeter.ac.uk\/ogdens-dragonsdens\/wp-json\/wp\/v2\/pages\/1365"}],"collection":[{"href":"https:\/\/sites.exeter.ac.uk\/ogdens-dragonsdens\/wp-json\/wp\/v2\/pages"}],"about":[{"href":"https:\/\/sites.exeter.ac.uk\/ogdens-dragonsdens\/wp-json\/wp\/v2\/types\/page"}],"author":[{"embeddable":true,"href":"https:\/\/sites.exeter.ac.uk\/ogdens-dragonsdens\/wp-json\/wp\/v2\/users\/2351"}],"replies":[{"embeddable":true,"href":"https:\/\/sites.exeter.ac.uk\/ogdens-dragonsdens\/wp-json\/wp\/v2\/comments?post=1365"}],"version-history":[{"count":0,"href":"https:\/\/sites.exeter.ac.uk\/ogdens-dragonsdens\/wp-json\/wp\/v2\/pages\/1365\/revisions"}],"up":[{"embeddable":true,"href":"https:\/\/sites.exeter.ac.uk\/ogdens-dragonsdens\/wp-json\/wp\/v2\/pages\/1248"}],"wp:attachment":[{"href":"https:\/\/sites.exeter.ac.uk\/ogdens-dragonsdens\/wp-json\/wp\/v2\/media?parent=1365"}],"wp:term":[{"taxonomy":"category","embeddable":true,"href":"https:\/\/sites.exeter.ac.uk\/ogdens-dragonsdens\/wp-json\/wp\/v2\/categories?post=1365"},{"taxonomy":"post_tag","embeddable":true,"href":"https:\/\/sites.exeter.ac.uk\/ogdens-dragonsdens\/wp-json\/wp\/v2\/tags?post=1365"}],"curies":[{"name":"wp","href":"https:\/\/api.w.org\/{rel}","templated":true}]}}