{"id":1394,"date":"2021-05-31T12:32:18","date_gmt":"2021-05-31T11:32:18","guid":{"rendered":"http:\/\/sites.exeter.ac.uk\/ogdensdragonsdens\/?page_id=1394"},"modified":"2021-05-31T12:32:18","modified_gmt":"2021-05-31T11:32:18","slug":"rofillus-of-forlimpopoli-a","status":"publish","type":"page","link":"https:\/\/sites.exeter.ac.uk\/ogdens-dragonsdens\/the-hagiographical-dragon\/saints-r-s\/rofillus-of-forlimpopoli-a\/","title":{"rendered":"Rofillus of Forlimpopoli [a]"},"content":{"rendered":"<table>\n<tbody>\n<tr>\n<td width=\"215\"><strong>Saint and Dragon<\/strong><\/td>\n<td width=\"101\"><strong>Date of Text<\/strong><\/td>\n<td><strong>Citation<\/strong><\/td>\n<td><strong>Text\/edition<\/strong><\/td>\n<td><strong>Language<\/strong><\/td>\n<td><strong>Translation<\/strong><\/td>\n<\/tr>\n<tr>\n<td width=\"215\">Rofillus (Rufillus, Rophilus) of Forlimpopoli [a] and the Dragon of Forlimpopoli<\/td>\n<td width=\"101\">xi AD<\/td>\n<td><em>Vita Rophili seu Rufilli episcopi <\/em>2.11-14, pp.381-2 AASS<\/td>\n<td><em>AASS<\/em> Jul. iv 379-82; <em>BHL<\/em> no. 7283<\/td>\n<td>Latin<\/td>\n<td><i>\u00a0&#8211;<\/i><\/td>\n<\/tr>\n<\/tbody>\n<\/table>\n<p>Interea, sicut sanctus Christi Confessor pr\u00e6dixerat, venerabili Mercuriali pr\u00e6suli Liviensis [ecclesi\u00e6] direxit mandata talia: Quamquam non exiguo sequestremur terrarum spatio, fraternitatis tamen uno inexplicabilique connectimur vinculo; ita tamen, ut quam alius patitur, utrisque fiat unita compassio. Ex instati pr\u00e6senti, omnique semper negotio ad Deum propensius ab utrisque subjecto cum populo dirigatur oratio, quatenus clades exitialisque morbus communi petitione pellatur longius. Triduano pariter peracto jejunio, protecti salutis spiritualis clypeo, serpentis draconisque proteramus per auxilium Domini virus nequissimum.<\/p>\n","protected":false},"excerpt":{"rendered":"<p>Saint and Dragon Date of Text Citation Text\/edition Language Translation Rofillus (Rufillus, Rophilus) of Forlimpopoli [a] and the Dragon of Forlimpopoli xi AD Vita Rophili seu Rufilli episcopi 2.11-14, pp.381-2 AASS AASS Jul. iv 379-82; BHL no. 7283 Latin \u00a0&#8211; Interea, sicut sanctus Christi Confessor pr\u00e6dixerat, venerabili Mercuriali pr\u00e6suli Liviensis [ecclesi\u00e6] direxit mandata talia: Quamquam [&hellip;]<\/p>\n","protected":false},"author":2351,"featured_media":0,"parent":1264,"menu_order":0,"comment_status":"closed","ping_status":"closed","template":"","meta":{"_acf_changed":false,"footnotes":""},"categories":[],"tags":[],"acf":[],"yoast_head":"<!-- This site is optimized with the Yoast SEO plugin v23.0 - https:\/\/yoast.com\/wordpress\/plugins\/seo\/ -->\n<title>Rofillus of Forlimpopoli [a] - Ogden\u2019s Dragons\u2019 Dens<\/title>\n<meta name=\"robots\" content=\"index, follow, max-snippet:-1, max-image-preview:large, max-video-preview:-1\" \/>\n<link rel=\"canonical\" href=\"https:\/\/sites.exeter.ac.uk\/ogdens-dragonsdens\/the-hagiographical-dragon\/saints-r-s\/rofillus-of-forlimpopoli-a\/\" \/>\n<meta property=\"og:locale\" content=\"en_US\" \/>\n<meta property=\"og:type\" content=\"article\" \/>\n<meta property=\"og:title\" content=\"Rofillus of Forlimpopoli [a] - Ogden\u2019s Dragons\u2019 Dens\" \/>\n<meta property=\"og:description\" content=\"Saint and Dragon Date of Text Citation Text\/edition Language Translation Rofillus (Rufillus, Rophilus) of Forlimpopoli [a] and the Dragon of Forlimpopoli xi AD Vita Rophili seu Rufilli episcopi 2.11-14, pp.381-2 AASS AASS Jul. iv 379-82; BHL no. 7283 Latin \u00a0&#8211; Interea, sicut sanctus Christi Confessor pr\u00e6dixerat, venerabili Mercuriali pr\u00e6suli Liviensis [ecclesi\u00e6] direxit mandata talia: Quamquam [&hellip;]\" \/>\n<meta property=\"og:url\" content=\"https:\/\/sites.exeter.ac.uk\/ogdens-dragonsdens\/the-hagiographical-dragon\/saints-r-s\/rofillus-of-forlimpopoli-a\/\" \/>\n<meta property=\"og:site_name\" content=\"Ogden\u2019s Dragons\u2019 Dens\" \/>\n<meta name=\"twitter:card\" content=\"summary_large_image\" \/>\n<meta name=\"twitter:label1\" content=\"Est. reading time\" \/>\n\t<meta name=\"twitter:data1\" content=\"1 minute\" \/>\n<script type=\"application\/ld+json\" class=\"yoast-schema-graph\">{\"@context\":\"https:\/\/schema.org\",\"@graph\":[{\"@type\":\"WebPage\",\"@id\":\"https:\/\/sites.exeter.ac.uk\/ogdens-dragonsdens\/the-hagiographical-dragon\/saints-r-s\/rofillus-of-forlimpopoli-a\/\",\"url\":\"https:\/\/sites.exeter.ac.uk\/ogdens-dragonsdens\/the-hagiographical-dragon\/saints-r-s\/rofillus-of-forlimpopoli-a\/\",\"name\":\"Rofillus of Forlimpopoli [a] - Ogden\u2019s Dragons\u2019 Dens\",\"isPartOf\":{\"@id\":\"https:\/\/sites.exeter.ac.uk\/ogdens-dragonsdens\/#website\"},\"datePublished\":\"2021-05-31T11:32:18+00:00\",\"dateModified\":\"2021-05-31T11:32:18+00:00\",\"breadcrumb\":{\"@id\":\"https:\/\/sites.exeter.ac.uk\/ogdens-dragonsdens\/the-hagiographical-dragon\/saints-r-s\/rofillus-of-forlimpopoli-a\/#breadcrumb\"},\"inLanguage\":\"en-US\",\"potentialAction\":[{\"@type\":\"ReadAction\",\"target\":[\"https:\/\/sites.exeter.ac.uk\/ogdens-dragonsdens\/the-hagiographical-dragon\/saints-r-s\/rofillus-of-forlimpopoli-a\/\"]}]},{\"@type\":\"BreadcrumbList\",\"@id\":\"https:\/\/sites.exeter.ac.uk\/ogdens-dragonsdens\/the-hagiographical-dragon\/saints-r-s\/rofillus-of-forlimpopoli-a\/#breadcrumb\",\"itemListElement\":[{\"@type\":\"ListItem\",\"position\":1,\"name\":\"Home\",\"item\":\"https:\/\/sites.exeter.ac.uk\/ogdens-dragonsdens\/\"},{\"@type\":\"ListItem\",\"position\":2,\"name\":\"3. The Hagiographical Dragon\",\"item\":\"https:\/\/sites.exeter.ac.uk\/ogdens-dragonsdens\/the-hagiographical-dragon\/\"},{\"@type\":\"ListItem\",\"position\":3,\"name\":\"Saints R &#8211; S\",\"item\":\"https:\/\/sites.exeter.ac.uk\/ogdens-dragonsdens\/the-hagiographical-dragon\/saints-r-s\/\"},{\"@type\":\"ListItem\",\"position\":4,\"name\":\"Rofillus of Forlimpopoli [a]\"}]},{\"@type\":\"WebSite\",\"@id\":\"https:\/\/sites.exeter.ac.uk\/ogdens-dragonsdens\/#website\",\"url\":\"https:\/\/sites.exeter.ac.uk\/ogdens-dragonsdens\/\",\"name\":\"Ogden\u2019s Dragons\u2019 Dens\",\"description\":\"\",\"potentialAction\":[{\"@type\":\"SearchAction\",\"target\":{\"@type\":\"EntryPoint\",\"urlTemplate\":\"https:\/\/sites.exeter.ac.uk\/ogdens-dragonsdens\/?s={search_term_string}\"},\"query-input\":\"required name=search_term_string\"}],\"inLanguage\":\"en-US\"}]}<\/script>\n<!-- \/ Yoast SEO plugin. -->","yoast_head_json":{"title":"Rofillus of Forlimpopoli [a] - Ogden\u2019s Dragons\u2019 Dens","robots":{"index":"index","follow":"follow","max-snippet":"max-snippet:-1","max-image-preview":"max-image-preview:large","max-video-preview":"max-video-preview:-1"},"canonical":"https:\/\/sites.exeter.ac.uk\/ogdens-dragonsdens\/the-hagiographical-dragon\/saints-r-s\/rofillus-of-forlimpopoli-a\/","og_locale":"en_US","og_type":"article","og_title":"Rofillus of Forlimpopoli [a] - Ogden\u2019s Dragons\u2019 Dens","og_description":"Saint and Dragon Date of Text Citation Text\/edition Language Translation Rofillus (Rufillus, Rophilus) of Forlimpopoli [a] and the Dragon of Forlimpopoli xi AD Vita Rophili seu Rufilli episcopi 2.11-14, pp.381-2 AASS AASS Jul. iv 379-82; BHL no. 7283 Latin \u00a0&#8211; Interea, sicut sanctus Christi Confessor pr\u00e6dixerat, venerabili Mercuriali pr\u00e6suli Liviensis [ecclesi\u00e6] direxit mandata talia: Quamquam [&hellip;]","og_url":"https:\/\/sites.exeter.ac.uk\/ogdens-dragonsdens\/the-hagiographical-dragon\/saints-r-s\/rofillus-of-forlimpopoli-a\/","og_site_name":"Ogden\u2019s Dragons\u2019 Dens","twitter_card":"summary_large_image","twitter_misc":{"Est. reading time":"1 minute"},"schema":{"@context":"https:\/\/schema.org","@graph":[{"@type":"WebPage","@id":"https:\/\/sites.exeter.ac.uk\/ogdens-dragonsdens\/the-hagiographical-dragon\/saints-r-s\/rofillus-of-forlimpopoli-a\/","url":"https:\/\/sites.exeter.ac.uk\/ogdens-dragonsdens\/the-hagiographical-dragon\/saints-r-s\/rofillus-of-forlimpopoli-a\/","name":"Rofillus of Forlimpopoli [a] - Ogden\u2019s Dragons\u2019 Dens","isPartOf":{"@id":"https:\/\/sites.exeter.ac.uk\/ogdens-dragonsdens\/#website"},"datePublished":"2021-05-31T11:32:18+00:00","dateModified":"2021-05-31T11:32:18+00:00","breadcrumb":{"@id":"https:\/\/sites.exeter.ac.uk\/ogdens-dragonsdens\/the-hagiographical-dragon\/saints-r-s\/rofillus-of-forlimpopoli-a\/#breadcrumb"},"inLanguage":"en-US","potentialAction":[{"@type":"ReadAction","target":["https:\/\/sites.exeter.ac.uk\/ogdens-dragonsdens\/the-hagiographical-dragon\/saints-r-s\/rofillus-of-forlimpopoli-a\/"]}]},{"@type":"BreadcrumbList","@id":"https:\/\/sites.exeter.ac.uk\/ogdens-dragonsdens\/the-hagiographical-dragon\/saints-r-s\/rofillus-of-forlimpopoli-a\/#breadcrumb","itemListElement":[{"@type":"ListItem","position":1,"name":"Home","item":"https:\/\/sites.exeter.ac.uk\/ogdens-dragonsdens\/"},{"@type":"ListItem","position":2,"name":"3. The Hagiographical Dragon","item":"https:\/\/sites.exeter.ac.uk\/ogdens-dragonsdens\/the-hagiographical-dragon\/"},{"@type":"ListItem","position":3,"name":"Saints R &#8211; S","item":"https:\/\/sites.exeter.ac.uk\/ogdens-dragonsdens\/the-hagiographical-dragon\/saints-r-s\/"},{"@type":"ListItem","position":4,"name":"Rofillus of Forlimpopoli [a]"}]},{"@type":"WebSite","@id":"https:\/\/sites.exeter.ac.uk\/ogdens-dragonsdens\/#website","url":"https:\/\/sites.exeter.ac.uk\/ogdens-dragonsdens\/","name":"Ogden\u2019s Dragons\u2019 Dens","description":"","potentialAction":[{"@type":"SearchAction","target":{"@type":"EntryPoint","urlTemplate":"https:\/\/sites.exeter.ac.uk\/ogdens-dragonsdens\/?s={search_term_string}"},"query-input":"required name=search_term_string"}],"inLanguage":"en-US"}]}},"jetpack_sharing_enabled":true,"_links":{"self":[{"href":"https:\/\/sites.exeter.ac.uk\/ogdens-dragonsdens\/wp-json\/wp\/v2\/pages\/1394"}],"collection":[{"href":"https:\/\/sites.exeter.ac.uk\/ogdens-dragonsdens\/wp-json\/wp\/v2\/pages"}],"about":[{"href":"https:\/\/sites.exeter.ac.uk\/ogdens-dragonsdens\/wp-json\/wp\/v2\/types\/page"}],"author":[{"embeddable":true,"href":"https:\/\/sites.exeter.ac.uk\/ogdens-dragonsdens\/wp-json\/wp\/v2\/users\/2351"}],"replies":[{"embeddable":true,"href":"https:\/\/sites.exeter.ac.uk\/ogdens-dragonsdens\/wp-json\/wp\/v2\/comments?post=1394"}],"version-history":[{"count":0,"href":"https:\/\/sites.exeter.ac.uk\/ogdens-dragonsdens\/wp-json\/wp\/v2\/pages\/1394\/revisions"}],"up":[{"embeddable":true,"href":"https:\/\/sites.exeter.ac.uk\/ogdens-dragonsdens\/wp-json\/wp\/v2\/pages\/1264"}],"wp:attachment":[{"href":"https:\/\/sites.exeter.ac.uk\/ogdens-dragonsdens\/wp-json\/wp\/v2\/media?parent=1394"}],"wp:term":[{"taxonomy":"category","embeddable":true,"href":"https:\/\/sites.exeter.ac.uk\/ogdens-dragonsdens\/wp-json\/wp\/v2\/categories?post=1394"},{"taxonomy":"post_tag","embeddable":true,"href":"https:\/\/sites.exeter.ac.uk\/ogdens-dragonsdens\/wp-json\/wp\/v2\/tags?post=1394"}],"curies":[{"name":"wp","href":"https:\/\/api.w.org\/{rel}","templated":true}]}}