{"id":1411,"date":"2021-06-01T18:21:21","date_gmt":"2021-06-01T17:21:21","guid":{"rendered":"http:\/\/sites.exeter.ac.uk\/ogdensdragonsdens\/?page_id=1411"},"modified":"2021-06-01T18:21:21","modified_gmt":"2021-06-01T17:21:21","slug":"severinus","status":"publish","type":"page","link":"https:\/\/sites.exeter.ac.uk\/ogdens-dragonsdens\/the-hagiographical-dragon\/saints-r-s\/severinus\/","title":{"rendered":"Severinus"},"content":{"rendered":"<table>\n<tbody>\n<tr>\n<td width=\"215\"><strong>Saint and Dragon<\/strong><\/td>\n<td width=\"101\"><strong>Date of Text<\/strong><\/td>\n<td><strong>Citation<\/strong><\/td>\n<td><strong>Text\/edition<\/strong><\/td>\n<td><strong>Language<\/strong><\/td>\n<td><strong>Translation<\/strong><\/td>\n<\/tr>\n<tr>\n<td width=\"215\">Severinus, bishop of Amiterno and a dragon vision<\/td>\n<td width=\"101\">xvi AD or before<\/td>\n<td><em>Vita S. Severini<\/em> <em>AASS <\/em>Jan. i p.1105<\/td>\n<td><em>AASS <\/em>Jan. i p.1103-7; <em>BHL <\/em>no. 7664<em>\u00a0 <\/em><\/td>\n<td>Latin<\/td>\n<td>\u00a0&#8211;<\/td>\n<\/tr>\n<\/tbody>\n<\/table>\n<p>Dum vero procederent,\u00a0draco immanissimus cribrans S. Seuerini socium exterruit. Sed B. Seuerinus sacratissim\u00e6 crucis vexillum opposuit, dicens: Ecce crucem Domini, fugite partes aduers\u00e6: vicit Leo de tribu Iuda, radix Dauid. Hoc audito draco euanuit. Et Seuerinus sodalem confortans: Collega mirabilis,\u00a0<span class=\"rot\">[d\u00e6monem, specie draconis occurrentem, signo crucis fugat.]<\/span>\u00a0draco ille diabolus fuit, sed ad redemptionis nostr\u00e6 signum remanere non valuit; vnde ab oculis nostris euanuit. Confortare in Domino, &amp; esto robustus: iam pergamus viam, quam incepimus. Tunc pariter ad loc\u016b eius deuenere concessum. Tunc silentia rumpens B. Seuerini sodalis dixit: Frater, &amp; Domine Seuerine, ecce locus, qui ad tempus tibi est donatus. Nam hic vitam tuam non es finiturus. Intrauit autem B. Seuerinus, &amp; locum circumspiciens flexis genibus orauit ad Dominum, dicens: Non me permittas Domine errare vlterius, sed mihi in hoc loco concede vitam finire quam citius. Tunc vero de c\u00e6lo intonuit: O Seuerine Dei dilecte, confide in Domino, &amp; noli qu\u00e6rere tibi vitam finiri. Non enim transibit multum temporis spatium, quod Septempedan\u00e6 Ecclesi\u00e6 pr\u00e6sulatum mereberis. Seuerinus vero conuersationem hominum renuens, &amp; suam non qu\u00e6rens gloriam, voce Angelica non est eleuatus, sed vehementius ad Dominum preces fundebat, vt suam immutaret sententiam, volebat siquidem mori eremita, &amp; nolebat honore fungi in hac vita: c\u0153pit affectuosius orationi insistere, &amp; se vltra humanam possibilitatem affligere.<\/p>\n","protected":false},"excerpt":{"rendered":"<p>Saint and Dragon Date of Text Citation Text\/edition Language Translation Severinus, bishop of Amiterno and a dragon vision xvi AD or before Vita S. Severini AASS Jan. i p.1105 AASS Jan. i p.1103-7; BHL no. 7664\u00a0 Latin \u00a0&#8211; Dum vero procederent,\u00a0draco immanissimus cribrans S. Seuerini socium exterruit. Sed B. Seuerinus sacratissim\u00e6 crucis vexillum opposuit, dicens: [&hellip;]<\/p>\n","protected":false},"author":2351,"featured_media":0,"parent":1264,"menu_order":0,"comment_status":"closed","ping_status":"closed","template":"","meta":{"_acf_changed":false,"footnotes":""},"categories":[],"tags":[],"acf":[],"yoast_head":"<!-- This site is optimized with the Yoast SEO plugin v23.0 - https:\/\/yoast.com\/wordpress\/plugins\/seo\/ -->\n<title>Severinus - Ogden\u2019s Dragons\u2019 Dens<\/title>\n<meta name=\"robots\" content=\"index, follow, max-snippet:-1, max-image-preview:large, max-video-preview:-1\" \/>\n<link rel=\"canonical\" href=\"https:\/\/sites.exeter.ac.uk\/ogdens-dragonsdens\/the-hagiographical-dragon\/saints-r-s\/severinus\/\" \/>\n<meta property=\"og:locale\" content=\"en_US\" \/>\n<meta property=\"og:type\" content=\"article\" \/>\n<meta property=\"og:title\" content=\"Severinus - Ogden\u2019s Dragons\u2019 Dens\" \/>\n<meta property=\"og:description\" content=\"Saint and Dragon Date of Text Citation Text\/edition Language Translation Severinus, bishop of Amiterno and a dragon vision xvi AD or before Vita S. Severini AASS Jan. i p.1105 AASS Jan. i p.1103-7; BHL no. 7664\u00a0 Latin \u00a0&#8211; Dum vero procederent,\u00a0draco immanissimus cribrans S. Seuerini socium exterruit. Sed B. Seuerinus sacratissim\u00e6 crucis vexillum opposuit, dicens: [&hellip;]\" \/>\n<meta property=\"og:url\" content=\"https:\/\/sites.exeter.ac.uk\/ogdens-dragonsdens\/the-hagiographical-dragon\/saints-r-s\/severinus\/\" \/>\n<meta property=\"og:site_name\" content=\"Ogden\u2019s Dragons\u2019 Dens\" \/>\n<meta name=\"twitter:card\" content=\"summary_large_image\" \/>\n<meta name=\"twitter:label1\" content=\"Est. reading time\" \/>\n\t<meta name=\"twitter:data1\" content=\"1 minute\" \/>\n<script type=\"application\/ld+json\" class=\"yoast-schema-graph\">{\"@context\":\"https:\/\/schema.org\",\"@graph\":[{\"@type\":\"WebPage\",\"@id\":\"https:\/\/sites.exeter.ac.uk\/ogdens-dragonsdens\/the-hagiographical-dragon\/saints-r-s\/severinus\/\",\"url\":\"https:\/\/sites.exeter.ac.uk\/ogdens-dragonsdens\/the-hagiographical-dragon\/saints-r-s\/severinus\/\",\"name\":\"Severinus - Ogden\u2019s Dragons\u2019 Dens\",\"isPartOf\":{\"@id\":\"https:\/\/sites.exeter.ac.uk\/ogdens-dragonsdens\/#website\"},\"datePublished\":\"2021-06-01T17:21:21+00:00\",\"dateModified\":\"2021-06-01T17:21:21+00:00\",\"breadcrumb\":{\"@id\":\"https:\/\/sites.exeter.ac.uk\/ogdens-dragonsdens\/the-hagiographical-dragon\/saints-r-s\/severinus\/#breadcrumb\"},\"inLanguage\":\"en-US\",\"potentialAction\":[{\"@type\":\"ReadAction\",\"target\":[\"https:\/\/sites.exeter.ac.uk\/ogdens-dragonsdens\/the-hagiographical-dragon\/saints-r-s\/severinus\/\"]}]},{\"@type\":\"BreadcrumbList\",\"@id\":\"https:\/\/sites.exeter.ac.uk\/ogdens-dragonsdens\/the-hagiographical-dragon\/saints-r-s\/severinus\/#breadcrumb\",\"itemListElement\":[{\"@type\":\"ListItem\",\"position\":1,\"name\":\"Home\",\"item\":\"https:\/\/sites.exeter.ac.uk\/ogdens-dragonsdens\/\"},{\"@type\":\"ListItem\",\"position\":2,\"name\":\"3. The Hagiographical Dragon\",\"item\":\"https:\/\/sites.exeter.ac.uk\/ogdens-dragonsdens\/the-hagiographical-dragon\/\"},{\"@type\":\"ListItem\",\"position\":3,\"name\":\"Saints R &#8211; S\",\"item\":\"https:\/\/sites.exeter.ac.uk\/ogdens-dragonsdens\/the-hagiographical-dragon\/saints-r-s\/\"},{\"@type\":\"ListItem\",\"position\":4,\"name\":\"Severinus\"}]},{\"@type\":\"WebSite\",\"@id\":\"https:\/\/sites.exeter.ac.uk\/ogdens-dragonsdens\/#website\",\"url\":\"https:\/\/sites.exeter.ac.uk\/ogdens-dragonsdens\/\",\"name\":\"Ogden\u2019s Dragons\u2019 Dens\",\"description\":\"\",\"potentialAction\":[{\"@type\":\"SearchAction\",\"target\":{\"@type\":\"EntryPoint\",\"urlTemplate\":\"https:\/\/sites.exeter.ac.uk\/ogdens-dragonsdens\/?s={search_term_string}\"},\"query-input\":\"required name=search_term_string\"}],\"inLanguage\":\"en-US\"}]}<\/script>\n<!-- \/ Yoast SEO plugin. -->","yoast_head_json":{"title":"Severinus - Ogden\u2019s Dragons\u2019 Dens","robots":{"index":"index","follow":"follow","max-snippet":"max-snippet:-1","max-image-preview":"max-image-preview:large","max-video-preview":"max-video-preview:-1"},"canonical":"https:\/\/sites.exeter.ac.uk\/ogdens-dragonsdens\/the-hagiographical-dragon\/saints-r-s\/severinus\/","og_locale":"en_US","og_type":"article","og_title":"Severinus - Ogden\u2019s Dragons\u2019 Dens","og_description":"Saint and Dragon Date of Text Citation Text\/edition Language Translation Severinus, bishop of Amiterno and a dragon vision xvi AD or before Vita S. Severini AASS Jan. i p.1105 AASS Jan. i p.1103-7; BHL no. 7664\u00a0 Latin \u00a0&#8211; Dum vero procederent,\u00a0draco immanissimus cribrans S. Seuerini socium exterruit. Sed B. Seuerinus sacratissim\u00e6 crucis vexillum opposuit, dicens: [&hellip;]","og_url":"https:\/\/sites.exeter.ac.uk\/ogdens-dragonsdens\/the-hagiographical-dragon\/saints-r-s\/severinus\/","og_site_name":"Ogden\u2019s Dragons\u2019 Dens","twitter_card":"summary_large_image","twitter_misc":{"Est. reading time":"1 minute"},"schema":{"@context":"https:\/\/schema.org","@graph":[{"@type":"WebPage","@id":"https:\/\/sites.exeter.ac.uk\/ogdens-dragonsdens\/the-hagiographical-dragon\/saints-r-s\/severinus\/","url":"https:\/\/sites.exeter.ac.uk\/ogdens-dragonsdens\/the-hagiographical-dragon\/saints-r-s\/severinus\/","name":"Severinus - Ogden\u2019s Dragons\u2019 Dens","isPartOf":{"@id":"https:\/\/sites.exeter.ac.uk\/ogdens-dragonsdens\/#website"},"datePublished":"2021-06-01T17:21:21+00:00","dateModified":"2021-06-01T17:21:21+00:00","breadcrumb":{"@id":"https:\/\/sites.exeter.ac.uk\/ogdens-dragonsdens\/the-hagiographical-dragon\/saints-r-s\/severinus\/#breadcrumb"},"inLanguage":"en-US","potentialAction":[{"@type":"ReadAction","target":["https:\/\/sites.exeter.ac.uk\/ogdens-dragonsdens\/the-hagiographical-dragon\/saints-r-s\/severinus\/"]}]},{"@type":"BreadcrumbList","@id":"https:\/\/sites.exeter.ac.uk\/ogdens-dragonsdens\/the-hagiographical-dragon\/saints-r-s\/severinus\/#breadcrumb","itemListElement":[{"@type":"ListItem","position":1,"name":"Home","item":"https:\/\/sites.exeter.ac.uk\/ogdens-dragonsdens\/"},{"@type":"ListItem","position":2,"name":"3. The Hagiographical Dragon","item":"https:\/\/sites.exeter.ac.uk\/ogdens-dragonsdens\/the-hagiographical-dragon\/"},{"@type":"ListItem","position":3,"name":"Saints R &#8211; S","item":"https:\/\/sites.exeter.ac.uk\/ogdens-dragonsdens\/the-hagiographical-dragon\/saints-r-s\/"},{"@type":"ListItem","position":4,"name":"Severinus"}]},{"@type":"WebSite","@id":"https:\/\/sites.exeter.ac.uk\/ogdens-dragonsdens\/#website","url":"https:\/\/sites.exeter.ac.uk\/ogdens-dragonsdens\/","name":"Ogden\u2019s Dragons\u2019 Dens","description":"","potentialAction":[{"@type":"SearchAction","target":{"@type":"EntryPoint","urlTemplate":"https:\/\/sites.exeter.ac.uk\/ogdens-dragonsdens\/?s={search_term_string}"},"query-input":"required name=search_term_string"}],"inLanguage":"en-US"}]}},"jetpack_sharing_enabled":true,"_links":{"self":[{"href":"https:\/\/sites.exeter.ac.uk\/ogdens-dragonsdens\/wp-json\/wp\/v2\/pages\/1411"}],"collection":[{"href":"https:\/\/sites.exeter.ac.uk\/ogdens-dragonsdens\/wp-json\/wp\/v2\/pages"}],"about":[{"href":"https:\/\/sites.exeter.ac.uk\/ogdens-dragonsdens\/wp-json\/wp\/v2\/types\/page"}],"author":[{"embeddable":true,"href":"https:\/\/sites.exeter.ac.uk\/ogdens-dragonsdens\/wp-json\/wp\/v2\/users\/2351"}],"replies":[{"embeddable":true,"href":"https:\/\/sites.exeter.ac.uk\/ogdens-dragonsdens\/wp-json\/wp\/v2\/comments?post=1411"}],"version-history":[{"count":0,"href":"https:\/\/sites.exeter.ac.uk\/ogdens-dragonsdens\/wp-json\/wp\/v2\/pages\/1411\/revisions"}],"up":[{"embeddable":true,"href":"https:\/\/sites.exeter.ac.uk\/ogdens-dragonsdens\/wp-json\/wp\/v2\/pages\/1264"}],"wp:attachment":[{"href":"https:\/\/sites.exeter.ac.uk\/ogdens-dragonsdens\/wp-json\/wp\/v2\/media?parent=1411"}],"wp:term":[{"taxonomy":"category","embeddable":true,"href":"https:\/\/sites.exeter.ac.uk\/ogdens-dragonsdens\/wp-json\/wp\/v2\/categories?post=1411"},{"taxonomy":"post_tag","embeddable":true,"href":"https:\/\/sites.exeter.ac.uk\/ogdens-dragonsdens\/wp-json\/wp\/v2\/tags?post=1411"}],"curies":[{"name":"wp","href":"https:\/\/api.w.org\/{rel}","templated":true}]}}