{"id":2819,"date":"2024-05-20T11:30:35","date_gmt":"2024-05-20T11:30:35","guid":{"rendered":"https:\/\/sites.exeter.ac.uk\/psychedelics\/?page_id=2819"},"modified":"2024-05-20T11:30:35","modified_gmt":"2024-05-20T11:30:35","slug":"shaneihu-yawanawa","status":"publish","type":"page","link":"https:\/\/sites.exeter.ac.uk\/psychedelic-colloquium-archive\/shaneihu-yawanawa\/","title":{"rendered":"Shaneihu Yawanaw\u00e1"},"content":{"rendered":"\n<h2 class=\"wp-block-heading\">Contributor &#8211; Speaker<\/h2>\n\n\n\n<div class=\"wp-block-columns is-layout-flex wp-container-core-columns-is-layout-1 wp-block-columns-is-layout-flex\">\n<div class=\"wp-block-column is-layout-flow wp-block-column-is-layout-flow\" style=\"flex-basis:33.33%\">\n<figure class=\"wp-block-image size-medium is-resized\"><img decoding=\"async\" src=\"https:\/\/sites.exeter.ac.uk\/psychedelic-colloquium-archive\/wp-content\/uploads\/sites\/745\/2024\/05\/shaneihu-247x300.jpg\" alt=\"\" class=\"wp-image-2821\" width=\"300\" srcset=\"https:\/\/sites.exeter.ac.uk\/psychedelic-colloquium-archive\/wp-content\/uploads\/sites\/745\/2024\/05\/shaneihu-247x300.jpg 247w, https:\/\/sites.exeter.ac.uk\/psychedelic-colloquium-archive\/wp-content\/uploads\/sites\/745\/2024\/05\/shaneihu.jpg 431w\" sizes=\"(max-width: 247px) 100vw, 247px\" \/><\/figure>\n<\/div>\n\n\n\n<div class=\"wp-block-column is-layout-flow wp-block-column-is-layout-flow\" style=\"flex-basis:66.66%\">\n<p>Blessed by receiving teachings from different Yawanawa spiritual leaders, Shaneihu was the last student of Paj\u00e9 Yawarani, his grandfather, who shared with him the Yawanawa traditional knowledge.<\/p>\n\n\n\n<p>He is now the chief of the Yawarani village. He followed the simplest and longest diets, including cai\u00e7uma (mama), Yuti (pepper), Nan\u00ea (jenipapo), Rar\u00ea Muka (sacred potato), Runua K\u00eamu (boa saliva).<\/p>\n\n\n\n<p>A pioneer in the indigenous musical world with the use of the guitar, he released his third album \u201cWaka\u201d this year.<\/p>\n\n\n\n<p>He has been playing different instruments for more than 15 years and many of the Yawanawa songs were composed by him.<\/p>\n\n\n\n<p>He spends most of his time with Nani, at Yawarani village, where he receives small groups from Brazil and abroad for spiritual learning and healing.<\/p>\n\n\n\n<p>Have a look at their <a href=\"https:\/\/ikixara.com\/\">website here.<\/a><\/p>\n\n\n\n<hr class=\"wp-block-separator has-alpha-channel-opacity\" \/>\n\n\n\n<p>Colloquium Presentation: 29 May 2024 <\/p>\n\n\n\n<hr class=\"wp-block-separator has-alpha-channel-opacity\" \/>\n\n\n\n<p><strong>Reconnecting with Ancestral Wisdom: A Conversation with the Yawanaw\u00e1<\/strong><\/p>\n\n\n\n<p>Abstract<\/p>\n\n\n\n<p>The Yawanaw\u00e1 come from the Acre region of Brazil, &nbsp;they are renowned for beautiful musical and powerful plant medicine tradition. They are now looking at ways of preserving their native language, once reduced to only fifty native speakers, now expanding again. The three we welcome here are Schaneihu, Yawatume, and Utxi. Shaneihu has been trained by his elders and proficient and providing the medicine of song. Yawatume is also trained by a paj\u00e9 (shaman) and steeped in the tradition. Her husband, Utxi, is also trained in the musical and medicinal traditions. They will talk and perhaps sing about their medicines, including &#8216;Uni&#8217;, referred to in the lingua franca now as by the cover-all &#8216;Ayahuasca&#8217; in the West, their relationship the land, and their history with a colonist past.<\/p>\n<\/div>\n<\/div>\n\n\n\n<p><\/p>\n","protected":false},"excerpt":{"rendered":"<p>Contributor &#8211; Speaker Blessed by receiving teachings from different Yawanawa spiritual leaders, Shaneihu was the last student of Paj\u00e9 Yawarani, his grandfather, who shared with him the Yawanawa traditional knowledge. He is now the chief of the Yawarani village. He followed the simplest and longest diets, including cai\u00e7uma (mama), Yuti (pepper), Nan\u00ea (jenipapo), Rar\u00ea Muka [&hellip;]<\/p>\n","protected":false},"author":1,"featured_media":0,"parent":0,"menu_order":0,"comment_status":"closed","ping_status":"closed","template":"page-sidebar-boxed-feature-img.php","meta":{"_acf_changed":false,"footnotes":""},"categories":[],"tags":[],"acf":[],"yoast_head":"<!-- This site is optimized with the Yoast SEO plugin v23.0 - https:\/\/yoast.com\/wordpress\/plugins\/seo\/ -->\n<title>Shaneihu Yawanaw\u00e1 - Psychedelic Colloquium Archive<\/title>\n<meta name=\"robots\" content=\"index, follow, max-snippet:-1, max-image-preview:large, max-video-preview:-1\" \/>\n<link rel=\"canonical\" href=\"https:\/\/sites.exeter.ac.uk\/psychedelic-colloquium-archive\/shaneihu-yawanawa\/\" \/>\n<meta property=\"og:locale\" content=\"en_US\" \/>\n<meta property=\"og:type\" content=\"article\" \/>\n<meta property=\"og:title\" content=\"Shaneihu Yawanaw\u00e1 - Psychedelic Colloquium Archive\" \/>\n<meta property=\"og:description\" content=\"Contributor &#8211; Speaker Blessed by receiving teachings from different Yawanawa spiritual leaders, Shaneihu was the last student of Paj\u00e9 Yawarani, his grandfather, who shared with him the Yawanawa traditional knowledge. He is now the chief of the Yawarani village. He followed the simplest and longest diets, including cai\u00e7uma (mama), Yuti (pepper), Nan\u00ea (jenipapo), Rar\u00ea Muka [&hellip;]\" \/>\n<meta property=\"og:url\" content=\"https:\/\/sites.exeter.ac.uk\/psychedelic-colloquium-archive\/shaneihu-yawanawa\/\" \/>\n<meta property=\"og:site_name\" content=\"Psychedelic Colloquium Archive\" \/>\n<meta property=\"og:image\" content=\"https:\/\/sites.exeter.ac.uk\/psychedelics\/wp-content\/uploads\/sites\/167\/2024\/05\/shaneihu-247x300.jpg\" \/>\n<meta name=\"twitter:card\" content=\"summary_large_image\" \/>\n<meta name=\"twitter:label1\" content=\"Est. reading time\" \/>\n\t<meta name=\"twitter:data1\" content=\"1 minute\" \/>\n<script type=\"application\/ld+json\" class=\"yoast-schema-graph\">{\"@context\":\"https:\/\/schema.org\",\"@graph\":[{\"@type\":\"WebPage\",\"@id\":\"https:\/\/sites.exeter.ac.uk\/psychedelic-colloquium-archive\/shaneihu-yawanawa\/\",\"url\":\"https:\/\/sites.exeter.ac.uk\/psychedelic-colloquium-archive\/shaneihu-yawanawa\/\",\"name\":\"Shaneihu Yawanaw\u00e1 - Psychedelic Colloquium Archive\",\"isPartOf\":{\"@id\":\"https:\/\/sites.exeter.ac.uk\/psychedelic-colloquium-archive\/#website\"},\"primaryImageOfPage\":{\"@id\":\"https:\/\/sites.exeter.ac.uk\/psychedelic-colloquium-archive\/shaneihu-yawanawa\/#primaryimage\"},\"image\":{\"@id\":\"https:\/\/sites.exeter.ac.uk\/psychedelic-colloquium-archive\/shaneihu-yawanawa\/#primaryimage\"},\"thumbnailUrl\":\"https:\/\/sites.exeter.ac.uk\/psychedelic-colloquium-archive\/wp-content\/uploads\/sites\/745\/2024\/05\/shaneihu-247x300.jpg\",\"datePublished\":\"2024-05-20T11:30:35+00:00\",\"dateModified\":\"2024-05-20T11:30:35+00:00\",\"breadcrumb\":{\"@id\":\"https:\/\/sites.exeter.ac.uk\/psychedelic-colloquium-archive\/shaneihu-yawanawa\/#breadcrumb\"},\"inLanguage\":\"en-US\",\"potentialAction\":[{\"@type\":\"ReadAction\",\"target\":[\"https:\/\/sites.exeter.ac.uk\/psychedelic-colloquium-archive\/shaneihu-yawanawa\/\"]}]},{\"@type\":\"ImageObject\",\"inLanguage\":\"en-US\",\"@id\":\"https:\/\/sites.exeter.ac.uk\/psychedelic-colloquium-archive\/shaneihu-yawanawa\/#primaryimage\",\"url\":\"https:\/\/sites.exeter.ac.uk\/psychedelic-colloquium-archive\/wp-content\/uploads\/sites\/745\/2024\/05\/shaneihu.jpg\",\"contentUrl\":\"https:\/\/sites.exeter.ac.uk\/psychedelic-colloquium-archive\/wp-content\/uploads\/sites\/745\/2024\/05\/shaneihu.jpg\",\"width\":431,\"height\":524},{\"@type\":\"BreadcrumbList\",\"@id\":\"https:\/\/sites.exeter.ac.uk\/psychedelic-colloquium-archive\/shaneihu-yawanawa\/#breadcrumb\",\"itemListElement\":[{\"@type\":\"ListItem\",\"position\":1,\"name\":\"Home\",\"item\":\"https:\/\/sites.exeter.ac.uk\/psychedelic-colloquium-archive\/\"},{\"@type\":\"ListItem\",\"position\":2,\"name\":\"Shaneihu Yawanaw\u00e1\"}]},{\"@type\":\"WebSite\",\"@id\":\"https:\/\/sites.exeter.ac.uk\/psychedelic-colloquium-archive\/#website\",\"url\":\"https:\/\/sites.exeter.ac.uk\/psychedelic-colloquium-archive\/\",\"name\":\"Psychedelic Colloquium Archive\",\"description\":\"\",\"potentialAction\":[{\"@type\":\"SearchAction\",\"target\":{\"@type\":\"EntryPoint\",\"urlTemplate\":\"https:\/\/sites.exeter.ac.uk\/psychedelic-colloquium-archive\/?s={search_term_string}\"},\"query-input\":\"required name=search_term_string\"}],\"inLanguage\":\"en-US\"}]}<\/script>\n<!-- \/ Yoast SEO plugin. -->","yoast_head_json":{"title":"Shaneihu Yawanaw\u00e1 - Psychedelic Colloquium Archive","robots":{"index":"index","follow":"follow","max-snippet":"max-snippet:-1","max-image-preview":"max-image-preview:large","max-video-preview":"max-video-preview:-1"},"canonical":"https:\/\/sites.exeter.ac.uk\/psychedelic-colloquium-archive\/shaneihu-yawanawa\/","og_locale":"en_US","og_type":"article","og_title":"Shaneihu Yawanaw\u00e1 - Psychedelic Colloquium Archive","og_description":"Contributor &#8211; Speaker Blessed by receiving teachings from different Yawanawa spiritual leaders, Shaneihu was the last student of Paj\u00e9 Yawarani, his grandfather, who shared with him the Yawanawa traditional knowledge. He is now the chief of the Yawarani village. He followed the simplest and longest diets, including cai\u00e7uma (mama), Yuti (pepper), Nan\u00ea (jenipapo), Rar\u00ea Muka [&hellip;]","og_url":"https:\/\/sites.exeter.ac.uk\/psychedelic-colloquium-archive\/shaneihu-yawanawa\/","og_site_name":"Psychedelic Colloquium Archive","og_image":[{"url":"https:\/\/sites.exeter.ac.uk\/psychedelics\/wp-content\/uploads\/sites\/167\/2024\/05\/shaneihu-247x300.jpg"}],"twitter_card":"summary_large_image","twitter_misc":{"Est. reading time":"1 minute"},"schema":{"@context":"https:\/\/schema.org","@graph":[{"@type":"WebPage","@id":"https:\/\/sites.exeter.ac.uk\/psychedelic-colloquium-archive\/shaneihu-yawanawa\/","url":"https:\/\/sites.exeter.ac.uk\/psychedelic-colloquium-archive\/shaneihu-yawanawa\/","name":"Shaneihu Yawanaw\u00e1 - Psychedelic Colloquium Archive","isPartOf":{"@id":"https:\/\/sites.exeter.ac.uk\/psychedelic-colloquium-archive\/#website"},"primaryImageOfPage":{"@id":"https:\/\/sites.exeter.ac.uk\/psychedelic-colloquium-archive\/shaneihu-yawanawa\/#primaryimage"},"image":{"@id":"https:\/\/sites.exeter.ac.uk\/psychedelic-colloquium-archive\/shaneihu-yawanawa\/#primaryimage"},"thumbnailUrl":"https:\/\/sites.exeter.ac.uk\/psychedelic-colloquium-archive\/wp-content\/uploads\/sites\/745\/2024\/05\/shaneihu-247x300.jpg","datePublished":"2024-05-20T11:30:35+00:00","dateModified":"2024-05-20T11:30:35+00:00","breadcrumb":{"@id":"https:\/\/sites.exeter.ac.uk\/psychedelic-colloquium-archive\/shaneihu-yawanawa\/#breadcrumb"},"inLanguage":"en-US","potentialAction":[{"@type":"ReadAction","target":["https:\/\/sites.exeter.ac.uk\/psychedelic-colloquium-archive\/shaneihu-yawanawa\/"]}]},{"@type":"ImageObject","inLanguage":"en-US","@id":"https:\/\/sites.exeter.ac.uk\/psychedelic-colloquium-archive\/shaneihu-yawanawa\/#primaryimage","url":"https:\/\/sites.exeter.ac.uk\/psychedelic-colloquium-archive\/wp-content\/uploads\/sites\/745\/2024\/05\/shaneihu.jpg","contentUrl":"https:\/\/sites.exeter.ac.uk\/psychedelic-colloquium-archive\/wp-content\/uploads\/sites\/745\/2024\/05\/shaneihu.jpg","width":431,"height":524},{"@type":"BreadcrumbList","@id":"https:\/\/sites.exeter.ac.uk\/psychedelic-colloquium-archive\/shaneihu-yawanawa\/#breadcrumb","itemListElement":[{"@type":"ListItem","position":1,"name":"Home","item":"https:\/\/sites.exeter.ac.uk\/psychedelic-colloquium-archive\/"},{"@type":"ListItem","position":2,"name":"Shaneihu Yawanaw\u00e1"}]},{"@type":"WebSite","@id":"https:\/\/sites.exeter.ac.uk\/psychedelic-colloquium-archive\/#website","url":"https:\/\/sites.exeter.ac.uk\/psychedelic-colloquium-archive\/","name":"Psychedelic Colloquium Archive","description":"","potentialAction":[{"@type":"SearchAction","target":{"@type":"EntryPoint","urlTemplate":"https:\/\/sites.exeter.ac.uk\/psychedelic-colloquium-archive\/?s={search_term_string}"},"query-input":"required name=search_term_string"}],"inLanguage":"en-US"}]}},"_links":{"self":[{"href":"https:\/\/sites.exeter.ac.uk\/psychedelic-colloquium-archive\/wp-json\/wp\/v2\/pages\/2819"}],"collection":[{"href":"https:\/\/sites.exeter.ac.uk\/psychedelic-colloquium-archive\/wp-json\/wp\/v2\/pages"}],"about":[{"href":"https:\/\/sites.exeter.ac.uk\/psychedelic-colloquium-archive\/wp-json\/wp\/v2\/types\/page"}],"author":[{"embeddable":true,"href":"https:\/\/sites.exeter.ac.uk\/psychedelic-colloquium-archive\/wp-json\/wp\/v2\/users\/1"}],"replies":[{"embeddable":true,"href":"https:\/\/sites.exeter.ac.uk\/psychedelic-colloquium-archive\/wp-json\/wp\/v2\/comments?post=2819"}],"version-history":[{"count":0,"href":"https:\/\/sites.exeter.ac.uk\/psychedelic-colloquium-archive\/wp-json\/wp\/v2\/pages\/2819\/revisions"}],"wp:attachment":[{"href":"https:\/\/sites.exeter.ac.uk\/psychedelic-colloquium-archive\/wp-json\/wp\/v2\/media?parent=2819"}],"wp:term":[{"taxonomy":"category","embeddable":true,"href":"https:\/\/sites.exeter.ac.uk\/psychedelic-colloquium-archive\/wp-json\/wp\/v2\/categories?post=2819"},{"taxonomy":"post_tag","embeddable":true,"href":"https:\/\/sites.exeter.ac.uk\/psychedelic-colloquium-archive\/wp-json\/wp\/v2\/tags?post=2819"}],"curies":[{"name":"wp","href":"https:\/\/api.w.org\/{rel}","templated":true}]}}