{"id":1477,"date":"2020-10-08T23:58:42","date_gmt":"2020-10-08T22:58:42","guid":{"rendered":"https:\/\/scule-centre.onyx-sites.io\/?page_id=1477"},"modified":"2020-10-08T23:58:42","modified_gmt":"2020-10-08T22:58:42","slug":"mollie-gascoigne","status":"publish","type":"page","link":"https:\/\/sites.exeter.ac.uk\/scule\/people\/mollie-gascoigne\/","title":{"rendered":"Mollie Gascoigne"},"content":{"rendered":"<p style=\"text-align: left\"><img loading=\"lazy\" decoding=\"async\" class=\"wp-image-1483 alignleft\" src=\"https:\/\/scule-centre.onyx-sites.io\/wp-content\/uploads\/2020\/10\/IMG_1665-227x300.jpg\" alt=\"\" width=\"169\" height=\"223\" \/>Mollie graduated from Exeter Law School in 2018 and was awarded the School of Law Prize for graduating top of the 2018 LLB cohort. Mollie was also awarded four separate academic awards during her undergraduate career, including three Dean\u2019s Commendations and the Land Law Prize 2017.\u00a0 Mollie was subsequently awarded a 1+3 ESRC studentship, graduating with a Masters degree in Socio-Legal Research in 2019. She is currently undertaking a PhD in Law and her preliminary findings have received media attention in the UK and abroad.<\/p>\n<h4><b>Research Interests<\/b><\/h4>\n<p>Mollie\u2019s interests lie within the intersections of law, politics, philosophy, and power. This includes issues of social justice, human rights, international law, constitutional law, and laws affecting the LGBTQ+ community. Mollie\u2019s doctoral research is an empirical socio-legal project investigating legal gender recognition with a specific focus on the Gender Recognition Act 2004 and the non-binary community. Mollie has collected quantitative and qualitative data using an online survey and interviews with the trans and non-binary community. The aim of the project is to conduct a detailed analysis of legal gender recognition provisions and explore possible options for reform which could increase the number of people currently applying for legal gender recognition.<\/p>\n<h4><b>Select Outputs<\/b><\/h4>\n<p><strong>M. Gascoigne<\/strong>, <a href=\"https:\/\/blogs.eui.eu\/constitutionalism-politics-working-group\/human-dignity-hungary-change-eu-backsliding-states-first-foundational-value\/\" target=\"_blank\" rel=\"noopener\">European University Institute Constitutionalism and Politics Blog, Human Dignity: Hungary for Change? The EU, Backsliding States, and the First Foundational Value.<\/a> <em>The Constitutionalism and Politics Working Group<\/em>, 2020.<\/p>\n<p><strong>M. Gascoigne<\/strong>,<a href=\"https:\/\/uoeeduinc.wordpress.com\/2020\/07\/20\/lockdown-learning-notes-on-distanced-education-dartington-online-writing-retreat-blogs-4\/\" target=\"_blank\" rel=\"noopener\"> Education Incubator, Lockdown learning: notes on distanced education,<\/a><em> Exeter Education Incubator<\/em>, 2020.<\/p>\n<h4><b>Select Conference Appearances<\/b><\/h4>\n<p>Attitudes on the Gender Recogntion Act and reform: the non-binary perspective. Virtual Socio-Legal Studies Association, 15 June 2020.<\/p>\n<h4><b>Select Media Appearances<\/b><\/h4>\n<p>&#8220;<a href=\"https:\/\/www.exeter.ac.uk\/news\/research\/title_819763_en.html\" target=\"_blank\" rel=\"noopener\">Introducing third legal gender option popular with majority of trans and non-binary people, research shows<\/a>.&#8221;, University of Exeter Research News, 1 October 2020.<\/p>\n<p class=\"pn-single-post-wrapper__heading\">&#8220;<a href=\"https:\/\/www.pinknews.co.uk\/2020\/10\/03\/legal-gender-recognition-act-categories-trans-non-binary-university-exeter-study\/\" target=\"_blank\" rel=\"noopener\">Half of trans and non-binary people want to abolish legal gender categories altogether, study finds<\/a>&#8220;, Pink News, 3 October 2020.<\/p>\n<p class=\"text-extra-large line-low mb-2\">&#8220;<a href=\"https:\/\/phys.org\/news\/2020-10-legal-gender-option-popular-majority.html\" target=\"_blank\" rel=\"noopener\">Introducing third legal gender option popular with majority of trans and non-binary people, research shows<\/a>&#8220;, Science X, 2 October 2020.<\/p>\n<p class=\"g1-mega g1-mega-1st entry-title\">&#8220;<a href=\"https:\/\/45secondes.fr\/la-moitie-des-personnes-trans-et-non-binaires-veulent-abolir-les-categories-legales-de-genre\/\" target=\"_blank\" rel=\"noopener\">La moiti\u00e9 des personnes trans et non binaires veulent abolir les cat\u00e9gories l\u00e9gales de genre<\/a>&#8220;, 45 Secondes, 3 October 2020.<\/p>\n<p>&nbsp;<\/p>\n<p><a href=\"mailto:m.gascoigne@exeter.ac.uk\" target=\"_blank\" rel=\"noopener\">Email Mollie<\/a> | <a href=\"https:\/\/eprofile.exeter.ac.uk\/molliegascoigne\/\" target=\"_blank\" rel=\"noopener\">Visit Mollie&#8217;s University of Exeter Profile<\/a><\/p>\n","protected":false},"excerpt":{"rendered":"<p>Mollie graduated from Exeter Law School in 2018 and was awarded the School of Law Prize for graduating top of the 2018 LLB cohort. Mollie was also awarded four separate academic awards during her undergraduate career, including three Dean\u2019s Commendations and the Land Law Prize 2017.\u00a0 Mollie was subsequently awarded a 1+3 ESRC studentship, graduating [&hellip;]<\/p>\n","protected":false},"author":2821,"featured_media":0,"parent":21,"menu_order":0,"comment_status":"closed","ping_status":"closed","template":"","meta":{"_acf_changed":false,"footnotes":""},"acf":[],"yoast_head":"<!-- This site is optimized with the Yoast SEO plugin v23.0 - https:\/\/yoast.com\/wordpress\/plugins\/seo\/ -->\n<title>Mollie Gascoigne - Scule archive<\/title>\n<meta name=\"robots\" content=\"index, follow, max-snippet:-1, max-image-preview:large, max-video-preview:-1\" \/>\n<link rel=\"canonical\" href=\"https:\/\/sites.exeter.ac.uk\/scule\/people\/mollie-gascoigne\/\" \/>\n<meta property=\"og:locale\" content=\"en_US\" \/>\n<meta property=\"og:type\" content=\"article\" \/>\n<meta property=\"og:title\" content=\"Mollie Gascoigne - Scule archive\" \/>\n<meta property=\"og:description\" content=\"Mollie graduated from Exeter Law School in 2018 and was awarded the School of Law Prize for graduating top of the 2018 LLB cohort. Mollie was also awarded four separate academic awards during her undergraduate career, including three Dean\u2019s Commendations and the Land Law Prize 2017.\u00a0 Mollie was subsequently awarded a 1+3 ESRC studentship, graduating [&hellip;]\" \/>\n<meta property=\"og:url\" content=\"https:\/\/sites.exeter.ac.uk\/scule\/people\/mollie-gascoigne\/\" \/>\n<meta property=\"og:site_name\" content=\"Scule archive\" \/>\n<meta property=\"og:image\" content=\"https:\/\/scule-centre.onyx-sites.io\/wp-content\/uploads\/2020\/10\/IMG_1665-227x300.jpg\" \/>\n<meta name=\"twitter:card\" content=\"summary_large_image\" \/>\n<meta name=\"twitter:label1\" content=\"Est. reading time\" \/>\n\t<meta name=\"twitter:data1\" content=\"2 minutes\" \/>\n<script type=\"application\/ld+json\" class=\"yoast-schema-graph\">{\"@context\":\"https:\/\/schema.org\",\"@graph\":[{\"@type\":\"WebPage\",\"@id\":\"https:\/\/sites.exeter.ac.uk\/scule\/people\/mollie-gascoigne\/\",\"url\":\"https:\/\/sites.exeter.ac.uk\/scule\/people\/mollie-gascoigne\/\",\"name\":\"Mollie Gascoigne - Scule archive\",\"isPartOf\":{\"@id\":\"https:\/\/sites.exeter.ac.uk\/scule\/#website\"},\"primaryImageOfPage\":{\"@id\":\"https:\/\/sites.exeter.ac.uk\/scule\/people\/mollie-gascoigne\/#primaryimage\"},\"image\":{\"@id\":\"https:\/\/sites.exeter.ac.uk\/scule\/people\/mollie-gascoigne\/#primaryimage\"},\"thumbnailUrl\":\"https:\/\/scule-centre.onyx-sites.io\/wp-content\/uploads\/2020\/10\/IMG_1665-227x300.jpg\",\"datePublished\":\"2020-10-08T22:58:42+00:00\",\"dateModified\":\"2020-10-08T22:58:42+00:00\",\"breadcrumb\":{\"@id\":\"https:\/\/sites.exeter.ac.uk\/scule\/people\/mollie-gascoigne\/#breadcrumb\"},\"inLanguage\":\"en-US\",\"potentialAction\":[{\"@type\":\"ReadAction\",\"target\":[\"https:\/\/sites.exeter.ac.uk\/scule\/people\/mollie-gascoigne\/\"]}]},{\"@type\":\"ImageObject\",\"inLanguage\":\"en-US\",\"@id\":\"https:\/\/sites.exeter.ac.uk\/scule\/people\/mollie-gascoigne\/#primaryimage\",\"url\":\"https:\/\/scule-centre.onyx-sites.io\/wp-content\/uploads\/2020\/10\/IMG_1665-227x300.jpg\",\"contentUrl\":\"https:\/\/scule-centre.onyx-sites.io\/wp-content\/uploads\/2020\/10\/IMG_1665-227x300.jpg\"},{\"@type\":\"BreadcrumbList\",\"@id\":\"https:\/\/sites.exeter.ac.uk\/scule\/people\/mollie-gascoigne\/#breadcrumb\",\"itemListElement\":[{\"@type\":\"ListItem\",\"position\":1,\"name\":\"Home\",\"item\":\"https:\/\/sites.exeter.ac.uk\/scule\/\"},{\"@type\":\"ListItem\",\"position\":2,\"name\":\"People\",\"item\":\"https:\/\/sites.exeter.ac.uk\/scule\/people\/\"},{\"@type\":\"ListItem\",\"position\":3,\"name\":\"Mollie Gascoigne\"}]},{\"@type\":\"WebSite\",\"@id\":\"https:\/\/sites.exeter.ac.uk\/scule\/#website\",\"url\":\"https:\/\/sites.exeter.ac.uk\/scule\/\",\"name\":\"Scule archive\",\"description\":\"\",\"potentialAction\":[{\"@type\":\"SearchAction\",\"target\":{\"@type\":\"EntryPoint\",\"urlTemplate\":\"https:\/\/sites.exeter.ac.uk\/scule\/?s={search_term_string}\"},\"query-input\":\"required name=search_term_string\"}],\"inLanguage\":\"en-US\"}]}<\/script>\n<!-- \/ Yoast SEO plugin. -->","yoast_head_json":{"title":"Mollie Gascoigne - Scule archive","robots":{"index":"index","follow":"follow","max-snippet":"max-snippet:-1","max-image-preview":"max-image-preview:large","max-video-preview":"max-video-preview:-1"},"canonical":"https:\/\/sites.exeter.ac.uk\/scule\/people\/mollie-gascoigne\/","og_locale":"en_US","og_type":"article","og_title":"Mollie Gascoigne - Scule archive","og_description":"Mollie graduated from Exeter Law School in 2018 and was awarded the School of Law Prize for graduating top of the 2018 LLB cohort. Mollie was also awarded four separate academic awards during her undergraduate career, including three Dean\u2019s Commendations and the Land Law Prize 2017.\u00a0 Mollie was subsequently awarded a 1+3 ESRC studentship, graduating [&hellip;]","og_url":"https:\/\/sites.exeter.ac.uk\/scule\/people\/mollie-gascoigne\/","og_site_name":"Scule archive","og_image":[{"url":"https:\/\/scule-centre.onyx-sites.io\/wp-content\/uploads\/2020\/10\/IMG_1665-227x300.jpg"}],"twitter_card":"summary_large_image","twitter_misc":{"Est. reading time":"2 minutes"},"schema":{"@context":"https:\/\/schema.org","@graph":[{"@type":"WebPage","@id":"https:\/\/sites.exeter.ac.uk\/scule\/people\/mollie-gascoigne\/","url":"https:\/\/sites.exeter.ac.uk\/scule\/people\/mollie-gascoigne\/","name":"Mollie Gascoigne - Scule archive","isPartOf":{"@id":"https:\/\/sites.exeter.ac.uk\/scule\/#website"},"primaryImageOfPage":{"@id":"https:\/\/sites.exeter.ac.uk\/scule\/people\/mollie-gascoigne\/#primaryimage"},"image":{"@id":"https:\/\/sites.exeter.ac.uk\/scule\/people\/mollie-gascoigne\/#primaryimage"},"thumbnailUrl":"https:\/\/scule-centre.onyx-sites.io\/wp-content\/uploads\/2020\/10\/IMG_1665-227x300.jpg","datePublished":"2020-10-08T22:58:42+00:00","dateModified":"2020-10-08T22:58:42+00:00","breadcrumb":{"@id":"https:\/\/sites.exeter.ac.uk\/scule\/people\/mollie-gascoigne\/#breadcrumb"},"inLanguage":"en-US","potentialAction":[{"@type":"ReadAction","target":["https:\/\/sites.exeter.ac.uk\/scule\/people\/mollie-gascoigne\/"]}]},{"@type":"ImageObject","inLanguage":"en-US","@id":"https:\/\/sites.exeter.ac.uk\/scule\/people\/mollie-gascoigne\/#primaryimage","url":"https:\/\/scule-centre.onyx-sites.io\/wp-content\/uploads\/2020\/10\/IMG_1665-227x300.jpg","contentUrl":"https:\/\/scule-centre.onyx-sites.io\/wp-content\/uploads\/2020\/10\/IMG_1665-227x300.jpg"},{"@type":"BreadcrumbList","@id":"https:\/\/sites.exeter.ac.uk\/scule\/people\/mollie-gascoigne\/#breadcrumb","itemListElement":[{"@type":"ListItem","position":1,"name":"Home","item":"https:\/\/sites.exeter.ac.uk\/scule\/"},{"@type":"ListItem","position":2,"name":"People","item":"https:\/\/sites.exeter.ac.uk\/scule\/people\/"},{"@type":"ListItem","position":3,"name":"Mollie Gascoigne"}]},{"@type":"WebSite","@id":"https:\/\/sites.exeter.ac.uk\/scule\/#website","url":"https:\/\/sites.exeter.ac.uk\/scule\/","name":"Scule archive","description":"","potentialAction":[{"@type":"SearchAction","target":{"@type":"EntryPoint","urlTemplate":"https:\/\/sites.exeter.ac.uk\/scule\/?s={search_term_string}"},"query-input":"required name=search_term_string"}],"inLanguage":"en-US"}]}},"jetpack_sharing_enabled":true,"_links":{"self":[{"href":"https:\/\/sites.exeter.ac.uk\/scule\/wp-json\/wp\/v2\/pages\/1477"}],"collection":[{"href":"https:\/\/sites.exeter.ac.uk\/scule\/wp-json\/wp\/v2\/pages"}],"about":[{"href":"https:\/\/sites.exeter.ac.uk\/scule\/wp-json\/wp\/v2\/types\/page"}],"author":[{"embeddable":true,"href":"https:\/\/sites.exeter.ac.uk\/scule\/wp-json\/wp\/v2\/users\/2821"}],"replies":[{"embeddable":true,"href":"https:\/\/sites.exeter.ac.uk\/scule\/wp-json\/wp\/v2\/comments?post=1477"}],"version-history":[{"count":0,"href":"https:\/\/sites.exeter.ac.uk\/scule\/wp-json\/wp\/v2\/pages\/1477\/revisions"}],"up":[{"embeddable":true,"href":"https:\/\/sites.exeter.ac.uk\/scule\/wp-json\/wp\/v2\/pages\/21"}],"wp:attachment":[{"href":"https:\/\/sites.exeter.ac.uk\/scule\/wp-json\/wp\/v2\/media?parent=1477"}],"curies":[{"name":"wp","href":"https:\/\/api.w.org\/{rel}","templated":true}]}}