{"id":1814,"date":"2022-03-31T18:01:11","date_gmt":"2022-03-31T17:01:11","guid":{"rendered":"https:\/\/scule-centre.onyx-sites.io\/?page_id=1814"},"modified":"2022-03-31T18:01:11","modified_gmt":"2022-03-31T17:01:11","slug":"caroline-fournet","status":"publish","type":"page","link":"https:\/\/sites.exeter.ac.uk\/scule\/people\/caroline-fournet\/","title":{"rendered":"Caroline Fournet"},"content":{"rendered":"<p style=\"text-align: left\"><img loading=\"lazy\" decoding=\"async\" class=\" wp-image-1831 alignleft\" src=\"https:\/\/scule-centre.onyx-sites.io\/wp-content\/uploads\/2022\/03\/Caroline-Fournet_MEPA-225x300.jpg\" alt=\"\" width=\"234\" height=\"312\" \/>Caroline Fournet is Professor of Law at Exeter Law School. She started her academic career as lecturer, and then senior lecturer, at Exeter Law School (2004-2011) before being appointed Rosalind Franklin Fellow and then Professor in Comparative Criminal Law and International Justice at the Department of Criminal Law and Criminology at the University of Groningen (Netherlands).\u00a0In 2016, she was Visiting Professional in Chambers at the International Criminal Court. She holds a Ma\u00eetrise de droit from Universit\u00e9 Jean Moulin &#8211; Lyon III (France, 1998); a Masters degree (LLM) from the Raoul Wallenberg Institute of Human Rights and Humanitarian Law (Lund, Sweden, 1998), a D.E.A. de Droit Compar\u00e9 des Droits de l\u2019Homme from the Institut des Hautes Etudes Europ\u00e9ennes (Strasbourg, France, 1999) and a PhD in Public International Law from the Faculty of Law, University of Leicester (2003).<\/p>\n<h4><b>Research Interests<\/b><\/h4>\n<p>My expertise is in international criminal law and procedure. I am the Editor-in-Chief of the\u00a0<a href=\"https:\/\/brill.com\/view\/journals\/icla\/icla-overview.xml\">International Criminal Law Review<\/a>\u00a0(Brill) and of the book series\u00a0<a href=\"https:\/\/brill.com\/view\/serial\/SICL\">Studies in International Criminal Law<\/a>\u00a0(Brill). My research builds upon both my dual expertise in international criminal law and human rights law and my inter-disciplinary expertise (law, forensic sciences, criminology) to analyse international criminal law and procedure.<\/p>\n<p>In recent years, my research on international crimes has taken a radically inter-disciplinary approach. It analyses the use of forensic evidence both in the investigation and prosecution of international crimes and in the identification of victims and the building of post-atrocity memory. I gradually acquired a unique expertise on the links between international criminal law and justice, transitional justice and forensic sciences. From 2012 to 2016, I was co-investigator on the multi-disciplinary research programme \u2018Corpses of Genocide and Mass Violence\u2019, funded by an ERC Starting Grant and led by social anthropologist Elisabeth Anstett and Holocaust historian Jean-Marc Dreyfus. This programme notably led to the creation of the academic journal <a href=\"https:\/\/www.manchesteropenhive.com\/view\/journals\/hrv\/hrv-overview.xml\">Human Remains and Violence: An Interdisciplinary Journal\u00a0<\/a> (Manchester University Press), for which I am co-editor (law). I am currently working on the use of forensic and medical evidence in atrocity trials, and in particular in the prosecution of international crimes of sexual violence.<\/p>\n<h4><b>Select Outputs<\/b><\/h4>\n<p><strong>C. Fournet<\/strong>, &#8220;<a href=\"https:\/\/opil.ouplaw.com\/view\/10.1093\/law-mpeipro\/e2974.013.2974\/law-mpeipro-e2974.\">Forensic Evidence: International Criminal Courts and Tribunals&#8221;<\/a>, in Ruiz Fabri, H. (eds). <i>Max Planck Encyclopedia of International Procedural Law<\/i><b><i>\u00a0<\/i><\/b>(MPEiPro),\u00a0Oxford: Oxford University Press, 2022.<\/p>\n<p><strong>C. <\/strong><strong>Fournet<\/strong>, &#8220;<a href=\"https:\/\/www.manchesteropenhive.com\/view\/journals\/hrv\/6\/2\/article-p23.xml\">&#8216;Face to face with horror\u2019: The Toma\u0161ica Mass Grave and the Trial of Ratko Mladi\u0107<\/a>&#8220;<i>, <\/i>(2020) 6:2<i> Human Remains and Violence <\/i>23-41.<\/p>\n<p><strong>C. <\/strong><strong>Fournet<\/strong>, &#8220;<a href=\"https:\/\/www.sciencedirect.com\/science\/article\/pii\/S1752928X19300757\">Forensic evidence in atrocity trials: A risky sampling strategy?<\/a>&#8220;, Special issue: Garrido, C. (eds). <i>Forensic Medicine in contexts of mass violence<\/i>, (2020) 69 <i>Journal of Forensic and Legal Medicine<\/i>, article 101852.<\/p>\n<p><strong>C. <\/strong><strong>Fournet<\/strong>, &#8220;<a href=\"http:\/\/humanityjournal.org\/symposium-justice-to-truth\/\">Forensic Truth? Scientific evidence in international criminal justice<\/a>&#8220;, in Holtermann, Jakob v. H. and Sander, Barrie (eds). Symposium: Doing Justice to Truth in International Criminal Courts and Tribunals, (2017) <i>Humanity Journal.<\/i><\/p>\n<p><b>Select Conference Appearances<\/b><\/p>\n<p>Oxford digital workshop, United Kingdom: \u2018Numbers as Evidence: Determining the Number of Victims before International\u00a0Criminal Tribunals and Courts\u2019, Workshop \u2018Body Counts &#8211; Methods, Sources and Evidence\u2019, co-organised by the University of Aix-Marseille and the University of Oxford, 8-9 June 2021.<\/p>\n<p>University of Copenhagen, Denmark: \u2018\u2018Bones never lie and they never forget\u2019 \u2013 The collection and use of medico-legal evidence in international criminal justice\u2019, International Conference \u2018The Global Sites of International Criminal Justice \u2013 Beyond, between and below the international criminal courts\u2019, JustSites (Global Sites of International Criminal Justice) ERC-funded Project Start-Up Conference, 12-13 December 2019.<\/p>\n<p>International Nuremberg Principles Academy, Nuremberg, Germany\u00a0: Opening lecture \u2018Crimes internationaux, R\u00e9ponses nationales\u2019, Antonio Cassese Initiative, Antonio Cassese Travelling School \u2018Renforcement des capacit\u00e9s des magistrats en mati\u00e8re de r\u00e9pression des crimes internationaux au Burkina Faso, en C\u00f4te d\u2019Ivoire et au Mali\u2019, 31 October 2016.<\/p>\n<p>International Criminal Court, The Hague, Netherlands: \u2018\u2018Dignity for the victims\u2019 \u2013 Is the Indecent Disposal of Corpses an International Crime to Investigate and Prosecute?\u2019, Office of the Prosecutor Guest Lectures, 13 March 2015.<\/p>\n<p>Department of Criminology and Sociology of Law, University of Oslo, Norway: Keynote speech \u2018Corpses of Mass Violence and Genocide\u2019. Workshop on Methodological and Theoretical Perspectives in International Criminal Justice; Social Control and the Rule of Law Research Group (University of Oslo), Centre of International Criminal Justice (VU Amsterdam), Centre of the Politics of Transnational Law (VU Amsterdam),\u00a024-25 April 2014.<\/p>\n<p><b>Select Media Appearances<\/b><\/p>\n<p><strong>C. Fournet <\/strong>and M. Drumbl, \u2018<a href=\"https:\/\/legalsightseeing.org\/2019\/10\/21\/guest-post-judicialized-infirmary-legal-sightseeing-phnom-penh\/\">The Judicialized Infirmary: The Aesthetics of Prosecuting the Barely Alive<\/a>\u2019, Guest Post,\u00a0 Legal Sightseeing ECCC Phnom Penh, <i>Legal Sightseeing, <\/i>2019.<\/p>\n<p><strong>C. <\/strong><strong>Fournet<\/strong>, &#8216;<a href=\"https:\/\/grojil.org\/2017\/12\/27\/the-expected-guilty-verdict-against-ratko-mladic\/\">The (expected) guilty verdict against Ratko Mladi\u0107<\/a>\u2019, blogpost, <i>International Law Under Construction<\/i>, Blog of the Groningen Journal of International Law, 2017.<\/p>\n<p><a href=\"mailto:c.i.fournet2@exeter.ac.uk\">Email Caroline<\/a> | <a href=\"https:\/\/socialsciences.exeter.ac.uk\/law\/staff\/cfournet\/\" target=\"_blank\" rel=\"noopener\">Visit Caroline&#8217;s University of Exeter Law School Profile<\/a><\/p>\n","protected":false},"excerpt":{"rendered":"<p>Caroline Fournet is Professor of Law at Exeter Law School. She started her academic career as lecturer, and then senior lecturer, at Exeter Law School (2004-2011) before being appointed Rosalind Franklin Fellow and then Professor in Comparative Criminal Law and International Justice at the Department of Criminal Law and Criminology at the University of Groningen [&hellip;]<\/p>\n","protected":false},"author":2821,"featured_media":0,"parent":21,"menu_order":0,"comment_status":"closed","ping_status":"closed","template":"","meta":{"_acf_changed":false,"footnotes":""},"acf":[],"yoast_head":"<!-- This site is optimized with the Yoast SEO plugin v23.0 - https:\/\/yoast.com\/wordpress\/plugins\/seo\/ -->\n<title>Caroline Fournet - Scule archive<\/title>\n<meta name=\"robots\" content=\"index, follow, max-snippet:-1, max-image-preview:large, max-video-preview:-1\" \/>\n<link rel=\"canonical\" href=\"https:\/\/sites.exeter.ac.uk\/scule\/people\/caroline-fournet\/\" \/>\n<meta property=\"og:locale\" content=\"en_US\" \/>\n<meta property=\"og:type\" content=\"article\" \/>\n<meta property=\"og:title\" content=\"Caroline Fournet - Scule archive\" \/>\n<meta property=\"og:description\" content=\"Caroline Fournet is Professor of Law at Exeter Law School. She started her academic career as lecturer, and then senior lecturer, at Exeter Law School (2004-2011) before being appointed Rosalind Franklin Fellow and then Professor in Comparative Criminal Law and International Justice at the Department of Criminal Law and Criminology at the University of Groningen [&hellip;]\" \/>\n<meta property=\"og:url\" content=\"https:\/\/sites.exeter.ac.uk\/scule\/people\/caroline-fournet\/\" \/>\n<meta property=\"og:site_name\" content=\"Scule archive\" \/>\n<meta property=\"og:image\" content=\"https:\/\/scule-centre.onyx-sites.io\/wp-content\/uploads\/2022\/03\/Caroline-Fournet_MEPA-225x300.jpg\" \/>\n<meta name=\"twitter:card\" content=\"summary_large_image\" \/>\n<meta name=\"twitter:label1\" content=\"Est. reading time\" \/>\n\t<meta name=\"twitter:data1\" content=\"4 minutes\" \/>\n<script type=\"application\/ld+json\" class=\"yoast-schema-graph\">{\"@context\":\"https:\/\/schema.org\",\"@graph\":[{\"@type\":\"WebPage\",\"@id\":\"https:\/\/sites.exeter.ac.uk\/scule\/people\/caroline-fournet\/\",\"url\":\"https:\/\/sites.exeter.ac.uk\/scule\/people\/caroline-fournet\/\",\"name\":\"Caroline Fournet - Scule archive\",\"isPartOf\":{\"@id\":\"https:\/\/sites.exeter.ac.uk\/scule\/#website\"},\"primaryImageOfPage\":{\"@id\":\"https:\/\/sites.exeter.ac.uk\/scule\/people\/caroline-fournet\/#primaryimage\"},\"image\":{\"@id\":\"https:\/\/sites.exeter.ac.uk\/scule\/people\/caroline-fournet\/#primaryimage\"},\"thumbnailUrl\":\"https:\/\/scule-centre.onyx-sites.io\/wp-content\/uploads\/2022\/03\/Caroline-Fournet_MEPA-225x300.jpg\",\"datePublished\":\"2022-03-31T17:01:11+00:00\",\"dateModified\":\"2022-03-31T17:01:11+00:00\",\"breadcrumb\":{\"@id\":\"https:\/\/sites.exeter.ac.uk\/scule\/people\/caroline-fournet\/#breadcrumb\"},\"inLanguage\":\"en-US\",\"potentialAction\":[{\"@type\":\"ReadAction\",\"target\":[\"https:\/\/sites.exeter.ac.uk\/scule\/people\/caroline-fournet\/\"]}]},{\"@type\":\"ImageObject\",\"inLanguage\":\"en-US\",\"@id\":\"https:\/\/sites.exeter.ac.uk\/scule\/people\/caroline-fournet\/#primaryimage\",\"url\":\"https:\/\/scule-centre.onyx-sites.io\/wp-content\/uploads\/2022\/03\/Caroline-Fournet_MEPA-225x300.jpg\",\"contentUrl\":\"https:\/\/scule-centre.onyx-sites.io\/wp-content\/uploads\/2022\/03\/Caroline-Fournet_MEPA-225x300.jpg\"},{\"@type\":\"BreadcrumbList\",\"@id\":\"https:\/\/sites.exeter.ac.uk\/scule\/people\/caroline-fournet\/#breadcrumb\",\"itemListElement\":[{\"@type\":\"ListItem\",\"position\":1,\"name\":\"Home\",\"item\":\"https:\/\/sites.exeter.ac.uk\/scule\/\"},{\"@type\":\"ListItem\",\"position\":2,\"name\":\"People\",\"item\":\"https:\/\/sites.exeter.ac.uk\/scule\/people\/\"},{\"@type\":\"ListItem\",\"position\":3,\"name\":\"Caroline Fournet\"}]},{\"@type\":\"WebSite\",\"@id\":\"https:\/\/sites.exeter.ac.uk\/scule\/#website\",\"url\":\"https:\/\/sites.exeter.ac.uk\/scule\/\",\"name\":\"Scule archive\",\"description\":\"\",\"potentialAction\":[{\"@type\":\"SearchAction\",\"target\":{\"@type\":\"EntryPoint\",\"urlTemplate\":\"https:\/\/sites.exeter.ac.uk\/scule\/?s={search_term_string}\"},\"query-input\":\"required name=search_term_string\"}],\"inLanguage\":\"en-US\"}]}<\/script>\n<!-- \/ Yoast SEO plugin. -->","yoast_head_json":{"title":"Caroline Fournet - Scule archive","robots":{"index":"index","follow":"follow","max-snippet":"max-snippet:-1","max-image-preview":"max-image-preview:large","max-video-preview":"max-video-preview:-1"},"canonical":"https:\/\/sites.exeter.ac.uk\/scule\/people\/caroline-fournet\/","og_locale":"en_US","og_type":"article","og_title":"Caroline Fournet - Scule archive","og_description":"Caroline Fournet is Professor of Law at Exeter Law School. She started her academic career as lecturer, and then senior lecturer, at Exeter Law School (2004-2011) before being appointed Rosalind Franklin Fellow and then Professor in Comparative Criminal Law and International Justice at the Department of Criminal Law and Criminology at the University of Groningen [&hellip;]","og_url":"https:\/\/sites.exeter.ac.uk\/scule\/people\/caroline-fournet\/","og_site_name":"Scule archive","og_image":[{"url":"https:\/\/scule-centre.onyx-sites.io\/wp-content\/uploads\/2022\/03\/Caroline-Fournet_MEPA-225x300.jpg"}],"twitter_card":"summary_large_image","twitter_misc":{"Est. reading time":"4 minutes"},"schema":{"@context":"https:\/\/schema.org","@graph":[{"@type":"WebPage","@id":"https:\/\/sites.exeter.ac.uk\/scule\/people\/caroline-fournet\/","url":"https:\/\/sites.exeter.ac.uk\/scule\/people\/caroline-fournet\/","name":"Caroline Fournet - Scule archive","isPartOf":{"@id":"https:\/\/sites.exeter.ac.uk\/scule\/#website"},"primaryImageOfPage":{"@id":"https:\/\/sites.exeter.ac.uk\/scule\/people\/caroline-fournet\/#primaryimage"},"image":{"@id":"https:\/\/sites.exeter.ac.uk\/scule\/people\/caroline-fournet\/#primaryimage"},"thumbnailUrl":"https:\/\/scule-centre.onyx-sites.io\/wp-content\/uploads\/2022\/03\/Caroline-Fournet_MEPA-225x300.jpg","datePublished":"2022-03-31T17:01:11+00:00","dateModified":"2022-03-31T17:01:11+00:00","breadcrumb":{"@id":"https:\/\/sites.exeter.ac.uk\/scule\/people\/caroline-fournet\/#breadcrumb"},"inLanguage":"en-US","potentialAction":[{"@type":"ReadAction","target":["https:\/\/sites.exeter.ac.uk\/scule\/people\/caroline-fournet\/"]}]},{"@type":"ImageObject","inLanguage":"en-US","@id":"https:\/\/sites.exeter.ac.uk\/scule\/people\/caroline-fournet\/#primaryimage","url":"https:\/\/scule-centre.onyx-sites.io\/wp-content\/uploads\/2022\/03\/Caroline-Fournet_MEPA-225x300.jpg","contentUrl":"https:\/\/scule-centre.onyx-sites.io\/wp-content\/uploads\/2022\/03\/Caroline-Fournet_MEPA-225x300.jpg"},{"@type":"BreadcrumbList","@id":"https:\/\/sites.exeter.ac.uk\/scule\/people\/caroline-fournet\/#breadcrumb","itemListElement":[{"@type":"ListItem","position":1,"name":"Home","item":"https:\/\/sites.exeter.ac.uk\/scule\/"},{"@type":"ListItem","position":2,"name":"People","item":"https:\/\/sites.exeter.ac.uk\/scule\/people\/"},{"@type":"ListItem","position":3,"name":"Caroline Fournet"}]},{"@type":"WebSite","@id":"https:\/\/sites.exeter.ac.uk\/scule\/#website","url":"https:\/\/sites.exeter.ac.uk\/scule\/","name":"Scule archive","description":"","potentialAction":[{"@type":"SearchAction","target":{"@type":"EntryPoint","urlTemplate":"https:\/\/sites.exeter.ac.uk\/scule\/?s={search_term_string}"},"query-input":"required name=search_term_string"}],"inLanguage":"en-US"}]}},"jetpack_sharing_enabled":true,"_links":{"self":[{"href":"https:\/\/sites.exeter.ac.uk\/scule\/wp-json\/wp\/v2\/pages\/1814"}],"collection":[{"href":"https:\/\/sites.exeter.ac.uk\/scule\/wp-json\/wp\/v2\/pages"}],"about":[{"href":"https:\/\/sites.exeter.ac.uk\/scule\/wp-json\/wp\/v2\/types\/page"}],"author":[{"embeddable":true,"href":"https:\/\/sites.exeter.ac.uk\/scule\/wp-json\/wp\/v2\/users\/2821"}],"replies":[{"embeddable":true,"href":"https:\/\/sites.exeter.ac.uk\/scule\/wp-json\/wp\/v2\/comments?post=1814"}],"version-history":[{"count":0,"href":"https:\/\/sites.exeter.ac.uk\/scule\/wp-json\/wp\/v2\/pages\/1814\/revisions"}],"up":[{"embeddable":true,"href":"https:\/\/sites.exeter.ac.uk\/scule\/wp-json\/wp\/v2\/pages\/21"}],"wp:attachment":[{"href":"https:\/\/sites.exeter.ac.uk\/scule\/wp-json\/wp\/v2\/media?parent=1814"}],"curies":[{"name":"wp","href":"https:\/\/api.w.org\/{rel}","templated":true}]}}