{"id":103,"date":"2021-07-20T15:28:02","date_gmt":"2021-07-20T14:28:02","guid":{"rendered":"http:\/\/blogs.exeter.ac.uk\/slavicmaternitystudies\/?page_id=103"},"modified":"2021-07-20T15:28:02","modified_gmt":"2021-07-20T14:28:02","slug":"portrait-of-a-working-mother-exeter-edition","status":"publish","type":"page","link":"https:\/\/sites.exeter.ac.uk\/slavicmaternitystudies\/exhibitions\/portrait-of-a-working-mother-exeter-edition\/","title":{"rendered":"Portrait of a Working Mother (Exeter Edition)"},"content":{"rendered":"<blockquote><p><em><img loading=\"lazy\" decoding=\"async\" class=\"wp-image-255 size-full aligncenter\" src=\"https:\/\/sites.exeter.ac.uk\/slavicmaternitystudies\/wp-content\/uploads\/sites\/587\/2022\/04\/Capture.jpg\" alt=\"\" width=\"532\" height=\"593\" srcset=\"https:\/\/sites.exeter.ac.uk\/slavicmaternitystudies\/wp-content\/uploads\/sites\/587\/2022\/04\/Capture.jpg 532w, https:\/\/sites.exeter.ac.uk\/slavicmaternitystudies\/wp-content\/uploads\/sites\/587\/2022\/04\/Capture-269x300.jpg 269w\" sizes=\"(max-width: 532px) 100vw, 532px\" \/><\/em><\/p><\/blockquote>\n<p><strong>Welcome to the Exeter Edition of the touring photographing exhibition <em>Portrait of a (Working) Mother, <\/em>co-created and curated by Lithuanian scholar Dr Egl\u0117 Ka\u010dkut\u0117 (University of Vilnius) and freelance photographer\u00a0<a href=\"https:\/\/www.marinacavazza.com\/index\">Marina Cavazza.<\/a>\u00a0Previous versions of <em>Portrait<\/em> have included\u00a0a <a href=\"https:\/\/www.georg.ch\/portrait-d-une-mere-qui-travaille\">book (2019)<\/a> and a touring exhibition of photographs and testimonies, \u00a0and Dr Kackute.\u00a0<em>Portrait<\/em>\u00a0has previously been reviewed on the\u00a0<a href=\"https:\/\/makemothersmatter.org\/portrait-of-a-working-mother\/\">Make Mothers Matter<\/a> website, and the exhibition has recently toured Geneva and Dublin (<a href=\"https:\/\/illuminationsgallery.wordpress.com\/2018\/06\/\">June 2018<\/a>).<\/strong><\/p>\n<p><strong>The exhibition showcases a set of photographic and documentary case studies exploring the day-to-day routines, life projects and survival strategies of working mothers (as well as some fathers) who leave their home countries. It emphasizes the extreme mobility\u00a0 required by the\u00a0increasingly uncertain job market, and how the demands of the latter impact upon both family and workplace. The Exeter Edition does not focus exclusively on migrant mothers, although many of the parents involved have moved to the Exeter area for work or study.<\/strong><\/p>\n<div id=\"attachment_259\" style=\"width: 300px\" class=\"wp-caption alignleft\"><img loading=\"lazy\" decoding=\"async\" aria-describedby=\"caption-attachment-259\" class=\"wp-image-259 size-medium\" src=\"https:\/\/sites.exeter.ac.uk\/slavicmaternitystudies\/wp-content\/uploads\/sites\/587\/2022\/04\/Fatma-300x211.jpg\" alt=\"\" width=\"300\" height=\"211\" srcset=\"https:\/\/sites.exeter.ac.uk\/slavicmaternitystudies\/wp-content\/uploads\/sites\/587\/2022\/04\/Fatma-300x211.jpg 300w, https:\/\/sites.exeter.ac.uk\/slavicmaternitystudies\/wp-content\/uploads\/sites\/587\/2022\/04\/Fatma-768x541.jpg 768w, https:\/\/sites.exeter.ac.uk\/slavicmaternitystudies\/wp-content\/uploads\/sites\/587\/2022\/04\/Fatma.jpg 981w\" sizes=\"(max-width: 300px) 100vw, 300px\" \/><p id=\"caption-attachment-259\" class=\"wp-caption-text\"><strong><em>Fatma, from Egypt, is a mum of two and a PhD student at the University of Exeter<\/em><\/strong><\/p><\/div>\n<p><strong>\u00a0<\/strong><\/p>\n<p><strong>Portrait of a (Working) Mother Exeter Edition is on display to the public at the following venues between the dates below: <\/strong><strong>May 3<sup>rd<\/sup>\u2013 May 24<sup>th<\/sup> 2022<\/strong><\/p>\n<p><strong>The Forum Street, main campus, University of Exeter, EX4 4SZ<\/strong><\/p>\n<p><strong><em>open every day 8am-8pm<\/em><\/strong><\/p>\n<p><strong>and also<\/strong><\/p>\n<div id=\"attachment_257\" style=\"width: 300px\" class=\"wp-caption alignright\"><img loading=\"lazy\" decoding=\"async\" aria-describedby=\"caption-attachment-257\" class=\"wp-image-257 size-medium\" src=\"https:\/\/sites.exeter.ac.uk\/slavicmaternitystudies\/wp-content\/uploads\/sites\/587\/2022\/04\/James-300x215.jpg\" alt=\"\" width=\"300\" height=\"215\" srcset=\"https:\/\/sites.exeter.ac.uk\/slavicmaternitystudies\/wp-content\/uploads\/sites\/587\/2022\/04\/James-300x215.jpg 300w, https:\/\/sites.exeter.ac.uk\/slavicmaternitystudies\/wp-content\/uploads\/sites\/587\/2022\/04\/James-768x550.jpg 768w, https:\/\/sites.exeter.ac.uk\/slavicmaternitystudies\/wp-content\/uploads\/sites\/587\/2022\/04\/James.jpg 977w\" sizes=\"(max-width: 300px) 100vw, 300px\" \/><p id=\"caption-attachment-257\" class=\"wp-caption-text\"><strong><em>James took parental leave (on zero pay) to share care of their son with his wife<\/em><\/strong><\/p><\/div>\n<p><strong>June 14<sup>th<\/sup> \u2013 Aug 5<sup>th<\/sup> 2022<\/strong><\/p>\n<p><strong>The Devon and Exeter Institution, 7 Cathedral Close, Exeter, EX1 1EZ<\/strong><\/p>\n<p><strong><em>open Tues-Fri 10am-5pm, Sat 10am-4pm, please ring doorbell for entry<\/em><\/strong><\/p>\n<div id=\"attachment_131\" style=\"width: 400px\" class=\"wp-caption aligncenter\"><img loading=\"lazy\" decoding=\"async\" aria-describedby=\"caption-attachment-131\" class=\"wp-image-131\" src=\"https:\/\/sites.exeter.ac.uk\/slavicmaternitystudies\/wp-content\/uploads\/sites\/587\/2021\/07\/Exhibition-in-Maynooth-300x178-1.jpg\" alt=\"\" width=\"400\" height=\"237\" \/><p id=\"caption-attachment-131\" class=\"wp-caption-text\"><strong><em>Portrait of a (Working) Mother at Maynooth University, Dublin, June 2018<\/em><\/strong><\/p><\/div>\n","protected":false},"excerpt":{"rendered":"<p>Welcome to the Exeter Edition of the touring photographing exhibition Portrait of a (Working) Mother, co-created and curated by Lithuanian scholar Dr Egl\u0117 Ka\u010dkut\u0117 (University of Vilnius) and freelance photographer\u00a0Marina Cavazza.\u00a0Previous versions of Portrait have included\u00a0a book (2019) and a touring exhibition of photographs and testimonies, \u00a0and Dr Kackute.\u00a0Portrait\u00a0has previously been reviewed on the\u00a0Make Mothers [&hellip;]<\/p>\n","protected":false},"author":2393,"featured_media":255,"parent":98,"menu_order":0,"comment_status":"closed","ping_status":"closed","template":"","meta":{"_acf_changed":false,"footnotes":""},"categories":[],"tags":[],"acf":[],"yoast_head":"<!-- This site is optimized with the Yoast SEO plugin v23.0 - https:\/\/yoast.com\/wordpress\/plugins\/seo\/ -->\n<title>Portrait of a Working Mother (Exeter Edition) - Slavic and East European Maternal Studies Network<\/title>\n<meta name=\"robots\" content=\"index, follow, max-snippet:-1, max-image-preview:large, max-video-preview:-1\" \/>\n<link rel=\"canonical\" href=\"https:\/\/sites.exeter.ac.uk\/slavicmaternitystudies\/exhibitions\/portrait-of-a-working-mother-exeter-edition\/\" \/>\n<meta property=\"og:locale\" content=\"en_US\" \/>\n<meta property=\"og:type\" content=\"article\" \/>\n<meta property=\"og:title\" content=\"Portrait of a Working Mother (Exeter Edition) - Slavic and East European Maternal Studies Network\" \/>\n<meta property=\"og:description\" content=\"Welcome to the Exeter Edition of the touring photographing exhibition Portrait of a (Working) Mother, co-created and curated by Lithuanian scholar Dr Egl\u0117 Ka\u010dkut\u0117 (University of Vilnius) and freelance photographer\u00a0Marina Cavazza.\u00a0Previous versions of Portrait have included\u00a0a book (2019) and a touring exhibition of photographs and testimonies, \u00a0and Dr Kackute.\u00a0Portrait\u00a0has previously been reviewed on the\u00a0Make Mothers [&hellip;]\" \/>\n<meta property=\"og:url\" content=\"https:\/\/sites.exeter.ac.uk\/slavicmaternitystudies\/exhibitions\/portrait-of-a-working-mother-exeter-edition\/\" \/>\n<meta property=\"og:site_name\" content=\"Slavic and East European Maternal Studies Network\" \/>\n<meta property=\"og:image\" content=\"http:\/\/blogs.exeter.ac.uk\/slavicmaternitystudies\/files\/2022\/04\/Capture.jpg\" \/>\n<meta name=\"twitter:card\" content=\"summary_large_image\" \/>\n<meta name=\"twitter:label1\" content=\"Est. reading time\" \/>\n\t<meta name=\"twitter:data1\" content=\"1 minute\" \/>\n<script type=\"application\/ld+json\" class=\"yoast-schema-graph\">{\"@context\":\"https:\/\/schema.org\",\"@graph\":[{\"@type\":\"WebPage\",\"@id\":\"https:\/\/sites.exeter.ac.uk\/slavicmaternitystudies\/exhibitions\/portrait-of-a-working-mother-exeter-edition\/\",\"url\":\"https:\/\/sites.exeter.ac.uk\/slavicmaternitystudies\/exhibitions\/portrait-of-a-working-mother-exeter-edition\/\",\"name\":\"Portrait of a Working Mother (Exeter Edition) - Slavic and East European Maternal Studies Network\",\"isPartOf\":{\"@id\":\"https:\/\/sites.exeter.ac.uk\/slavicmaternitystudies\/#website\"},\"primaryImageOfPage\":{\"@id\":\"https:\/\/sites.exeter.ac.uk\/slavicmaternitystudies\/exhibitions\/portrait-of-a-working-mother-exeter-edition\/#primaryimage\"},\"image\":{\"@id\":\"https:\/\/sites.exeter.ac.uk\/slavicmaternitystudies\/exhibitions\/portrait-of-a-working-mother-exeter-edition\/#primaryimage\"},\"thumbnailUrl\":\"https:\/\/sites.exeter.ac.uk\/slavicmaternitystudies\/wp-content\/uploads\/sites\/587\/2022\/04\/Capture.jpg\",\"datePublished\":\"2021-07-20T14:28:02+00:00\",\"dateModified\":\"2021-07-20T14:28:02+00:00\",\"breadcrumb\":{\"@id\":\"https:\/\/sites.exeter.ac.uk\/slavicmaternitystudies\/exhibitions\/portrait-of-a-working-mother-exeter-edition\/#breadcrumb\"},\"inLanguage\":\"en-US\",\"potentialAction\":[{\"@type\":\"ReadAction\",\"target\":[\"https:\/\/sites.exeter.ac.uk\/slavicmaternitystudies\/exhibitions\/portrait-of-a-working-mother-exeter-edition\/\"]}]},{\"@type\":\"ImageObject\",\"inLanguage\":\"en-US\",\"@id\":\"https:\/\/sites.exeter.ac.uk\/slavicmaternitystudies\/exhibitions\/portrait-of-a-working-mother-exeter-edition\/#primaryimage\",\"url\":\"https:\/\/sites.exeter.ac.uk\/slavicmaternitystudies\/wp-content\/uploads\/sites\/587\/2022\/04\/Capture.jpg\",\"contentUrl\":\"https:\/\/sites.exeter.ac.uk\/slavicmaternitystudies\/wp-content\/uploads\/sites\/587\/2022\/04\/Capture.jpg\",\"width\":532,\"height\":593},{\"@type\":\"BreadcrumbList\",\"@id\":\"https:\/\/sites.exeter.ac.uk\/slavicmaternitystudies\/exhibitions\/portrait-of-a-working-mother-exeter-edition\/#breadcrumb\",\"itemListElement\":[{\"@type\":\"ListItem\",\"position\":1,\"name\":\"Home\",\"item\":\"https:\/\/sites.exeter.ac.uk\/slavicmaternitystudies\/\"},{\"@type\":\"ListItem\",\"position\":2,\"name\":\"Exhibitions\",\"item\":\"https:\/\/sites.exeter.ac.uk\/slavicmaternitystudies\/exhibitions\/\"},{\"@type\":\"ListItem\",\"position\":3,\"name\":\"Portrait of a Working Mother (Exeter Edition)\"}]},{\"@type\":\"WebSite\",\"@id\":\"https:\/\/sites.exeter.ac.uk\/slavicmaternitystudies\/#website\",\"url\":\"https:\/\/sites.exeter.ac.uk\/slavicmaternitystudies\/\",\"name\":\"Slavic and East European Maternal Studies Network\",\"description\":\"\",\"potentialAction\":[{\"@type\":\"SearchAction\",\"target\":{\"@type\":\"EntryPoint\",\"urlTemplate\":\"https:\/\/sites.exeter.ac.uk\/slavicmaternitystudies\/?s={search_term_string}\"},\"query-input\":\"required name=search_term_string\"}],\"inLanguage\":\"en-US\"}]}<\/script>\n<!-- \/ Yoast SEO plugin. -->","yoast_head_json":{"title":"Portrait of a Working Mother (Exeter Edition) - Slavic and East European Maternal Studies Network","robots":{"index":"index","follow":"follow","max-snippet":"max-snippet:-1","max-image-preview":"max-image-preview:large","max-video-preview":"max-video-preview:-1"},"canonical":"https:\/\/sites.exeter.ac.uk\/slavicmaternitystudies\/exhibitions\/portrait-of-a-working-mother-exeter-edition\/","og_locale":"en_US","og_type":"article","og_title":"Portrait of a Working Mother (Exeter Edition) - Slavic and East European Maternal Studies Network","og_description":"Welcome to the Exeter Edition of the touring photographing exhibition Portrait of a (Working) Mother, co-created and curated by Lithuanian scholar Dr Egl\u0117 Ka\u010dkut\u0117 (University of Vilnius) and freelance photographer\u00a0Marina Cavazza.\u00a0Previous versions of Portrait have included\u00a0a book (2019) and a touring exhibition of photographs and testimonies, \u00a0and Dr Kackute.\u00a0Portrait\u00a0has previously been reviewed on the\u00a0Make Mothers [&hellip;]","og_url":"https:\/\/sites.exeter.ac.uk\/slavicmaternitystudies\/exhibitions\/portrait-of-a-working-mother-exeter-edition\/","og_site_name":"Slavic and East European Maternal Studies Network","og_image":[{"url":"http:\/\/blogs.exeter.ac.uk\/slavicmaternitystudies\/files\/2022\/04\/Capture.jpg"}],"twitter_card":"summary_large_image","twitter_misc":{"Est. reading time":"1 minute"},"schema":{"@context":"https:\/\/schema.org","@graph":[{"@type":"WebPage","@id":"https:\/\/sites.exeter.ac.uk\/slavicmaternitystudies\/exhibitions\/portrait-of-a-working-mother-exeter-edition\/","url":"https:\/\/sites.exeter.ac.uk\/slavicmaternitystudies\/exhibitions\/portrait-of-a-working-mother-exeter-edition\/","name":"Portrait of a Working Mother (Exeter Edition) - Slavic and East European Maternal Studies Network","isPartOf":{"@id":"https:\/\/sites.exeter.ac.uk\/slavicmaternitystudies\/#website"},"primaryImageOfPage":{"@id":"https:\/\/sites.exeter.ac.uk\/slavicmaternitystudies\/exhibitions\/portrait-of-a-working-mother-exeter-edition\/#primaryimage"},"image":{"@id":"https:\/\/sites.exeter.ac.uk\/slavicmaternitystudies\/exhibitions\/portrait-of-a-working-mother-exeter-edition\/#primaryimage"},"thumbnailUrl":"https:\/\/sites.exeter.ac.uk\/slavicmaternitystudies\/wp-content\/uploads\/sites\/587\/2022\/04\/Capture.jpg","datePublished":"2021-07-20T14:28:02+00:00","dateModified":"2021-07-20T14:28:02+00:00","breadcrumb":{"@id":"https:\/\/sites.exeter.ac.uk\/slavicmaternitystudies\/exhibitions\/portrait-of-a-working-mother-exeter-edition\/#breadcrumb"},"inLanguage":"en-US","potentialAction":[{"@type":"ReadAction","target":["https:\/\/sites.exeter.ac.uk\/slavicmaternitystudies\/exhibitions\/portrait-of-a-working-mother-exeter-edition\/"]}]},{"@type":"ImageObject","inLanguage":"en-US","@id":"https:\/\/sites.exeter.ac.uk\/slavicmaternitystudies\/exhibitions\/portrait-of-a-working-mother-exeter-edition\/#primaryimage","url":"https:\/\/sites.exeter.ac.uk\/slavicmaternitystudies\/wp-content\/uploads\/sites\/587\/2022\/04\/Capture.jpg","contentUrl":"https:\/\/sites.exeter.ac.uk\/slavicmaternitystudies\/wp-content\/uploads\/sites\/587\/2022\/04\/Capture.jpg","width":532,"height":593},{"@type":"BreadcrumbList","@id":"https:\/\/sites.exeter.ac.uk\/slavicmaternitystudies\/exhibitions\/portrait-of-a-working-mother-exeter-edition\/#breadcrumb","itemListElement":[{"@type":"ListItem","position":1,"name":"Home","item":"https:\/\/sites.exeter.ac.uk\/slavicmaternitystudies\/"},{"@type":"ListItem","position":2,"name":"Exhibitions","item":"https:\/\/sites.exeter.ac.uk\/slavicmaternitystudies\/exhibitions\/"},{"@type":"ListItem","position":3,"name":"Portrait of a Working Mother (Exeter Edition)"}]},{"@type":"WebSite","@id":"https:\/\/sites.exeter.ac.uk\/slavicmaternitystudies\/#website","url":"https:\/\/sites.exeter.ac.uk\/slavicmaternitystudies\/","name":"Slavic and East European Maternal Studies Network","description":"","potentialAction":[{"@type":"SearchAction","target":{"@type":"EntryPoint","urlTemplate":"https:\/\/sites.exeter.ac.uk\/slavicmaternitystudies\/?s={search_term_string}"},"query-input":"required name=search_term_string"}],"inLanguage":"en-US"}]}},"jetpack_sharing_enabled":true,"_links":{"self":[{"href":"https:\/\/sites.exeter.ac.uk\/slavicmaternitystudies\/wp-json\/wp\/v2\/pages\/103"}],"collection":[{"href":"https:\/\/sites.exeter.ac.uk\/slavicmaternitystudies\/wp-json\/wp\/v2\/pages"}],"about":[{"href":"https:\/\/sites.exeter.ac.uk\/slavicmaternitystudies\/wp-json\/wp\/v2\/types\/page"}],"author":[{"embeddable":true,"href":"https:\/\/sites.exeter.ac.uk\/slavicmaternitystudies\/wp-json\/wp\/v2\/users\/2393"}],"replies":[{"embeddable":true,"href":"https:\/\/sites.exeter.ac.uk\/slavicmaternitystudies\/wp-json\/wp\/v2\/comments?post=103"}],"version-history":[{"count":0,"href":"https:\/\/sites.exeter.ac.uk\/slavicmaternitystudies\/wp-json\/wp\/v2\/pages\/103\/revisions"}],"up":[{"embeddable":true,"href":"https:\/\/sites.exeter.ac.uk\/slavicmaternitystudies\/wp-json\/wp\/v2\/pages\/98"}],"wp:featuredmedia":[{"embeddable":true,"href":"https:\/\/sites.exeter.ac.uk\/slavicmaternitystudies\/wp-json\/wp\/v2\/media\/255"}],"wp:attachment":[{"href":"https:\/\/sites.exeter.ac.uk\/slavicmaternitystudies\/wp-json\/wp\/v2\/media?parent=103"}],"wp:term":[{"taxonomy":"category","embeddable":true,"href":"https:\/\/sites.exeter.ac.uk\/slavicmaternitystudies\/wp-json\/wp\/v2\/categories?post=103"},{"taxonomy":"post_tag","embeddable":true,"href":"https:\/\/sites.exeter.ac.uk\/slavicmaternitystudies\/wp-json\/wp\/v2\/tags?post=103"}],"curies":[{"name":"wp","href":"https:\/\/api.w.org\/{rel}","templated":true}]}}