{"id":15,"date":"2023-03-09T16:33:47","date_gmt":"2023-03-09T16:33:47","guid":{"rendered":"https:\/\/sites.exeter.ac.uk\/straws\/?page_id=15"},"modified":"2024-07-28T21:51:43","modified_gmt":"2024-07-28T21:51:43","slug":"__trashed","status":"publish","type":"page","link":"https:\/\/sites.exeter.ac.uk\/straws\/","title":{"rendered":"Supporting Teacher&#8217;s Resilience and Wellbeing Slovakia (STRAWS)"},"content":{"rendered":"\n<p>The STRAWS project seeks to improve the mental health of teachers in Slovakia within an experiential training framework. This project emphasises the importance of teachers in a student&#8217;s life and the need for teachers to be better supported in Slovakia. This programme has gone through a rigorous testing phase, from an initial questionnaire to pilot workshops, and is working to have several research pieces published.<\/p>\n\n\n\n<figure class=\"wp-block-gallery has-nested-images columns-default is-cropped wp-block-gallery-1 is-layout-flex wp-block-gallery-is-layout-flex\">\n<figure class=\"wp-block-image size-large\"><img loading=\"lazy\" decoding=\"async\" width=\"1024\" height=\"768\" data-id=\"299\" src=\"https:\/\/sites.exeter.ac.uk\/straws\/wp-content\/uploads\/sites\/149\/2024\/07\/Bratislava-League-Liga-group-2023.png\" alt=\"\" class=\"wp-image-299\" srcset=\"https:\/\/sites.exeter.ac.uk\/straws\/wp-content\/uploads\/sites\/149\/2024\/07\/Bratislava-League-Liga-group-2023.png 1024w, https:\/\/sites.exeter.ac.uk\/straws\/wp-content\/uploads\/sites\/149\/2024\/07\/Bratislava-League-Liga-group-2023-300x225.png 300w, https:\/\/sites.exeter.ac.uk\/straws\/wp-content\/uploads\/sites\/149\/2024\/07\/Bratislava-League-Liga-group-2023-768x576.png 768w\" sizes=\"(max-width: 1024px) 100vw, 1024px\" \/><\/figure>\n<\/figure>\n\n\n\n<p><\/p>\n\n\n\n<p>STRAW_S  Supporting Teachers: Resilience and Wellbeing, Slovakia<\/p>\n\n\n\n<p>Podpora U\u010diteliek\/u\u010dite\u013eov: Psychick\u00e1 Odolnos\u0165 a Du\u0161evn\u00e1 Pohoda, Slovensko<\/p>\n\n\n\n<p><strong><em>V\u0161eobecn\u00e9 inform\u00e1cie<\/em><\/strong><\/p>\n\n\n\n<div class=\"wp-block-group is-vertical is-layout-flex wp-container-core-group-is-layout-1 wp-block-group-is-layout-flex\">\n<p>Cie\u013eom v\u00fdskumn\u00e9ho projektu STRAW_S je<strong> navrhn\u00fa\u0165 a&nbsp;otestova\u0165 \u0161koliaci program<\/strong> pre u\u010dite\u013eky\/u\u010dite\u013eov pre zv\u00fd\u0161enie ich pohody a odolnosti v \u0161kole. Aktu\u00e1lny prieskum zis\u0165uje postrehy o&nbsp;zodpovednosti za du\u0161evn\u00fa pohodu u\u010diteliek\/u\u010dite\u013eov a \u017eiakov\/\u0161tudentov. Tieto postrehy spolu s \u010fal\u0161\u00edmi \u00fadajmi o&nbsp;du\u0161evnej pohode a&nbsp;sk\u00fasenostiach, ktor\u00e9 ju na slovensk\u00fdch \u0161kol\u00e1ch zlep\u0161uj\u00fa, vytvoria z\u00e1klad pre \u0161trukt\u00faru \u0161koliaceho programu pre u\u010dite\u013eov.&nbsp;<\/p>\n\n\n\n<p>\u010eakujeme, \u017ee ste sa rozhodli z\u00fa\u010dastni\u0165 tohto online prieskumu. Pred t\u00fdm, ako vyjadr\u00edte s\u00fahlas s \u00fa\u010das\u0165ou (ak si to \u017eel\u00e1te) za\u0161krtnut\u00edm pol\u00ed\u010dka \u201e\u00e1no\u201c v prieskume, pre\u010d\u00edtajte si pros\u00edm ni\u017e\u0161ie uveden\u00e9 inform\u00e1cie.<\/p>\n\n\n\n<p>Ak m\u00e1te ak\u00e9ko\u013evek ot\u00e1zky predt\u00fdm ako sa rozhodnete z\u00fa\u010dastni\u0165 sa, pros\u00edm kontaktujte v\u00fdskumn\u00edkov (kontakty s\u00fa uveden\u00e9 ni\u017e\u0161ie).<\/p>\n\n\n\n<p>Hlavnou v\u00fdskumnou pracovn\u00ed\u010dkou je Lenka Jan\u00edk Bla\u0161kov\u00e1 PhD <a href=\"mailto:l.janik-blaskova@exeter.ac.uk\">l.janik-blaskova@exeter.ac.uk<\/a>, ktor\u00e1 p\u00f4sob\u00ed na Fakulte humanitn\u00fdch a soci\u00e1lnych vied na Univerzite v&nbsp;Exeteri vo Ve\u013ekej Brit\u00e1nii. Projekt akt\u00edvne podporuje \u010fal\u0161ia sk\u00fasen\u00e1 v\u00fdskumn\u00ed\u010dka Liz Winter PhD. Na v\u00fdskume spolupracuje&nbsp;<a href=\"https:\/\/dusevnezdravie.sk\/\">Liga za du\u0161evn\u00e9 zdravie<\/a>&nbsp;na Slovensku a&nbsp;tie\u017e Soci\u00e1lny a zdravotn\u00fd projekt v \u00cdrskej republike [<a href=\"https:\/\/www.socialandhealth.com\/\">Social and Health Project<\/a>].<\/p>\n\n\n\n<p>V&nbsp;online prieskume odpoviete na ot\u00e1zky s v\u00fdberom z viacer\u00fdch mo\u017enost\u00ed ako aj&nbsp;na otvoren\u00e9 ot\u00e1zky. Malo by to trva\u0165 asi 10 min\u00fat. Prieskum nevy\u017eaduje \u0161peci\u00e1lne znalosti. Zozbieran\u00e9 \u00fadaje zanalyzuj\u00fa v\u00fdskumn\u00ed\u010dky. Posl\u00fa\u017eia ako podklad pre n\u00e1vrh \u0161koliaceho programu zameran\u00e9ho na posilnenie du\u0161evnej pohody a odolnosti slovensk\u00fdch u\u010dite\u013eov. K&nbsp;\u00fapln\u00fdm \u00fadajom bude ma\u0165 pr\u00edstup iba v\u00fdskumn\u00fd t\u00edm.<\/p>\n\n\n\n<p><strong><em>Mus\u00edm sa z\u00fa\u010dastni\u0165?<\/em><\/strong><\/p>\n\n\n\n<p>Nie. Va\u0161a \u00fa\u010das\u0165 je \u00faplne dobrovo\u013en\u00e1. Ak sa rozhodnete z\u00fa\u010dastni\u0165, st\u00e1le budete ma\u0165 mo\u017enos\u0165 pred uveden\u00edm Va\u0161ich odpoved\u00ed kedyko\u013evek z&nbsp;v\u00fdskumu odst\u00fapi\u0165 bez uvedenia d\u00f4vodu t\u00fdm, \u017ee zatvor\u00edte prehliada\u010d. Za Va\u0161u \u00fa\u010das\u0165 V\u00e1m pon\u00fakame (1) zaslanie v\u00fdsledkov prieskumu emailom a&nbsp;(2) mo\u017enos\u0165 by\u0165 informovan\u00e1\/\u00fd o&nbsp;na\u0161ich \u010fal\u0161\u00edch v\u00fdskumn\u00fdch aktivit\u00e1ch v&nbsp;tejto oblasti. Ak sa pre jedno alebo obidve z&nbsp;t\u00fdchto mo\u017enost\u00ed rozhodnete, poskytnite v&nbsp;dotazn\u00edku svoju e-mailov\u00fa adresu. Bude pou\u017eit\u00e1 len na tento \u00fa\u010del.<\/p>\n\n\n\n<p>Ot\u00e1zky v&nbsp;dotazn\u00edku nie s\u00fa povinn\u00e9.<\/p>\n\n\n\n<p><strong><em>Ako bud\u00fa moje \u00fadaje pou\u017eit\u00e9?<\/em><\/strong><\/p>\n\n\n\n<p>Nezbierame \u00fadaje, ktor\u00e9 by V\u00e1s mohli priamo identifikova\u0165, teda pokia\u013e neposkytnete svoju e-mailov\u00fa adresu, aby ste sa boli informovan\u00ed o&nbsp;v\u00fdsledkoch prieskumu a\/alebo na\u0161ich \u010fal\u0161\u00edch v\u00fdskumn\u00fdch aktivit\u00e1ch v&nbsp;r\u00e1mci tohto projektu. V\u00e1\u0161 e-mail nebudeme zdie\u013ea\u0165 externe a&nbsp;bude pou\u017eit\u00fd len za \u00fa\u010delom, na ktor\u00fd ho poskytnete.&nbsp;<\/p>\n\n\n\n<p>Va\u0161a IP adresa nebude ulo\u017een\u00e1. Prijmeme v\u0161etky primeran\u00e9 opatrenia, aby sme zabezpe\u010dili, \u017ee \u00fadaje zostan\u00fa d\u00f4vern\u00e9.<\/p>\n\n\n\n<p>Odpovede, ktor\u00e9 poskytnete, bud\u00fa ulo\u017een\u00e9 v elektronickom s\u00fabore chr\u00e1nenom heslom a v anonymizovanej forme m\u00f4\u017eu by\u0165 pou\u017eit\u00e9 v akademick\u00fdch publik\u00e1ci\u00e1ch. Ak zad\u00e1te svoju e-mailov\u00fa adresu, bude vymazan\u00e1 ihne\u010f, ako prestane by\u0165 potrebn\u00e1 pre v\u00fdskum. \u00dadaje z v\u00fdskumu (vr\u00e1tane z\u00e1znamov o s\u00fahlase) sa bud\u00fa uchov\u00e1va\u0165 tri roky po publikovan\u00ed alebo zverejnen\u00ed v\u00fdstupov z v\u00fdskumu tla\u010dovou spr\u00e1vou.<\/p>\n\n\n\n<p><strong><em>Kto bude ma\u0165 pr\u00edstup k mojim \u00fadajom?<\/em><\/strong><\/p>\n\n\n\n<p>Univerzita v&nbsp;Exeteri, ktor\u00e1 kontroluje pou\u017e\u00edvanie v\u00fdskumn\u00fdch d\u00e1t, vr\u00e1tane Va\u0161ich osobn\u00fdch \u00fadajov, ur\u010duje ako bud\u00fa Va\u0161e \u00fadaje pou\u017eit\u00e9 v \u0161t\u00fadii. Univerzita spracuje Va\u0161e osobn\u00e9 \u00fadaje na \u00fa\u010dely vy\u0161\u0161ie uveden\u00e9ho v\u00fdskumu. Robi\u0165 v\u00fdskum je \u00faloha, ktor\u00fa vykon\u00e1vame vo verejnom z\u00e1ujme. \u010eal\u0161ie inform\u00e1cie o Va\u0161ich pr\u00e1vach v s\u00favislosti s Va\u0161imi osobn\u00fdmi \u00fadajmi s\u00fa dostupn\u00e9 na https:\/\/www.exeter.ac.uk\/ig\/gdpr\/<\/p>\n\n\n\n<p>Vami poskytnut\u00e9 \u00fadaje, okrem emailovej adresy, m\u00f4\u017eu by\u0165 zdie\u013ean\u00e9 so spolupracovn\u00edkmi projektu &#8211; Ligou za du\u0161evn\u00e9 zdravie na Slovensku a&nbsp;Soci\u00e1lnym a zdravotn\u00fdm projektom v \u00cdrskej republike.<\/p>\n\n\n\n<p>Tie\u017e by sme V\u00e1s chceli po\u017eiada\u0165 o povolenie pou\u017ei\u0165 \u00fadaje v bud\u00facich \u0161t\u00fadi\u00e1ch a zdie\u013ea\u0165 \u00fadaje s in\u00fdmi v\u00fdskumn\u00edkmi (napr. v online datab\u00e1zach). \u00dadaje bud\u00fa pred zdie\u013ean\u00edm s in\u00fdmi v\u00fdskumn\u00edkmi alebo zverejnen\u00edm v\u00fdsledkov neidentifikovate\u013en\u00e9, tak\u017ee ich s&nbsp;Vami nikto nespoj\u00ed.<\/p>\n\n\n\n<p>Tento prieskumn\u00fd projekt bude sp\u00edsan\u00fd pre akademick\u00fa publik\u00e1ciu.<\/p>\n\n\n\n<p><strong><em>Kto pos\u00fadil tento projekt?<\/em><\/strong><\/p>\n\n\n\n<p>Tento projekt bol schv\u00e1len\u00fd Etickou komisiou pre v\u00fdskum na Fakulte humanitn\u00fdch a soci\u00e1lnych vied na Univerzite v&nbsp;Exeteri.<\/p>\n\n\n\n<p><strong><em>Na koho sa m\u00e1m obr\u00e1ti\u0165, ak m\u00e1m probl\u00e9m alebo sa chcem s\u0165a\u017eova\u0165?<\/em><\/strong><\/p>\n\n\n\n<p>Ak m\u00e1te ak\u00e9hoko\u013evek obavy oh\u013eadom tejto \u0161t\u00fadie, kontaktujte pros\u00edm Lenku Jan\u00edk Bla\u0161kov\u00fa PhD,&nbsp;<a href=\"mailto:l.janik-blaskova@exeter.ac.uk\">l.janik-blaskova@exeter.ac.uk<\/a>&nbsp;&nbsp;alebo Liz Winter PhD&nbsp;<a href=\"mailto:E.A.Winter@exeter.ac.uk\">E.A.Winter@exeter.ac.uk<\/a>&nbsp;a my sa budeme Va\u0161imi podnetmi zaobera\u0165.&nbsp;&nbsp;Va\u0161u spr\u00e1vu potvrd\u00edme do 10 pracovn\u00fdch dn\u00ed a poskytneme V\u00e1m detaily, ako ju spracujeme. Ak budete na\u010falej nespokojn\u00ed alebo ak budete chcie\u0165 poda\u0165 form\u00e1lnu s\u0165a\u017enos\u0165, obr\u00e1\u0165te sa emailom na predsedov Etickej komisie na Fakulte (FHASS REC), ktor\u00ed sa bud\u00fa sna\u017ei\u0165 t\u00fato z\u00e1le\u017eitos\u0165 \u010do najsk\u00f4r vyrie\u0161i\u0165&nbsp;<a href=\"mailto:fhass-ethics@exeter.ac.uk\">fhass-ethics@exeter.ac.uk<\/a>&nbsp;alebo pr\u00edpadne na Kancel\u00e1riu vedenia v\u00fdskumu a&nbsp;etiky na Univerzite v Exeteri&nbsp;<a href=\"mailto:cgr-reg@exeter.ac.uk\">cgr-reg@exeter.ac.uk<\/a><\/p>\n<\/div>\n","protected":false},"excerpt":{"rendered":"<p>The STRAWS project seeks to improve the mental health of teachers in Slovakia within an experiential training framework. This project emphasises the importance of teachers in a student&#8217;s life and the need for teachers to be better supported in Slovakia. This programme has gone through a rigorous testing phase, from an initial questionnaire to pilot [&hellip;]<\/p>\n","protected":false},"author":431,"featured_media":47,"parent":0,"menu_order":0,"comment_status":"closed","ping_status":"closed","template":"","meta":{"_acf_changed":false,"footnotes":""},"categories":[],"tags":[],"acf":[],"yoast_head":"<!-- This site is optimized with the Yoast SEO plugin v23.0 - https:\/\/yoast.com\/wordpress\/plugins\/seo\/ -->\n<title>Supporting Teacher&#039;s Resilience and Wellbeing Slovakia (STRAWS) - S.T.R.A.W.S. Supporting Teachers: Resilience and Wellbeing in Slovakia<\/title>\n<meta name=\"robots\" content=\"index, follow, max-snippet:-1, max-image-preview:large, max-video-preview:-1\" \/>\n<link rel=\"canonical\" href=\"https:\/\/sites.exeter.ac.uk\/straws\/\" \/>\n<meta property=\"og:locale\" content=\"en_US\" \/>\n<meta property=\"og:type\" content=\"article\" \/>\n<meta property=\"og:title\" content=\"Supporting Teacher&#039;s Resilience and Wellbeing Slovakia (STRAWS) - S.T.R.A.W.S. Supporting Teachers: Resilience and Wellbeing in Slovakia\" \/>\n<meta property=\"og:description\" content=\"The STRAWS project seeks to improve the mental health of teachers in Slovakia within an experiential training framework. This project emphasises the importance of teachers in a student&#8217;s life and the need for teachers to be better supported in Slovakia. This programme has gone through a rigorous testing phase, from an initial questionnaire to pilot [&hellip;]\" \/>\n<meta property=\"og:url\" content=\"https:\/\/sites.exeter.ac.uk\/straws\/\" \/>\n<meta property=\"og:site_name\" content=\"S.T.R.A.W.S. Supporting Teachers: Resilience and Wellbeing in Slovakia\" \/>\n<meta property=\"article:modified_time\" content=\"2024-07-28T21:51:43+00:00\" \/>\n<meta property=\"og:image\" content=\"https:\/\/sites.exeter.ac.uk\/straws\/wp-content\/uploads\/sites\/149\/2023\/03\/STRAWs-partners-logo-horizontal-1.jpg\" \/>\n\t<meta property=\"og:image:width\" content=\"960\" \/>\n\t<meta property=\"og:image:height\" content=\"321\" \/>\n\t<meta property=\"og:image:type\" content=\"image\/jpeg\" \/>\n<meta name=\"twitter:card\" content=\"summary_large_image\" \/>\n<meta name=\"twitter:label1\" content=\"Est. reading time\" \/>\n\t<meta name=\"twitter:data1\" content=\"4 minutes\" \/>\n<script type=\"application\/ld+json\" class=\"yoast-schema-graph\">{\"@context\":\"https:\/\/schema.org\",\"@graph\":[{\"@type\":\"WebPage\",\"@id\":\"https:\/\/sites.exeter.ac.uk\/straws\/\",\"url\":\"https:\/\/sites.exeter.ac.uk\/straws\/\",\"name\":\"Supporting Teacher's Resilience and Wellbeing Slovakia (STRAWS) - S.T.R.A.W.S. Supporting Teachers: Resilience and Wellbeing in Slovakia\",\"isPartOf\":{\"@id\":\"https:\/\/sites.exeter.ac.uk\/straws\/#website\"},\"primaryImageOfPage\":{\"@id\":\"https:\/\/sites.exeter.ac.uk\/straws\/#primaryimage\"},\"image\":{\"@id\":\"https:\/\/sites.exeter.ac.uk\/straws\/#primaryimage\"},\"thumbnailUrl\":\"https:\/\/sites.exeter.ac.uk\/straws\/wp-content\/uploads\/sites\/149\/2023\/03\/STRAWs-partners-logo-horizontal-1.jpg\",\"datePublished\":\"2023-03-09T16:33:47+00:00\",\"dateModified\":\"2024-07-28T21:51:43+00:00\",\"breadcrumb\":{\"@id\":\"https:\/\/sites.exeter.ac.uk\/straws\/#breadcrumb\"},\"inLanguage\":\"en-US\",\"potentialAction\":[{\"@type\":\"ReadAction\",\"target\":[\"https:\/\/sites.exeter.ac.uk\/straws\/\"]}]},{\"@type\":\"ImageObject\",\"inLanguage\":\"en-US\",\"@id\":\"https:\/\/sites.exeter.ac.uk\/straws\/#primaryimage\",\"url\":\"https:\/\/sites.exeter.ac.uk\/straws\/wp-content\/uploads\/sites\/149\/2023\/03\/STRAWs-partners-logo-horizontal-1.jpg\",\"contentUrl\":\"https:\/\/sites.exeter.ac.uk\/straws\/wp-content\/uploads\/sites\/149\/2023\/03\/STRAWs-partners-logo-horizontal-1.jpg\",\"width\":960,\"height\":321},{\"@type\":\"BreadcrumbList\",\"@id\":\"https:\/\/sites.exeter.ac.uk\/straws\/#breadcrumb\",\"itemListElement\":[{\"@type\":\"ListItem\",\"position\":1,\"name\":\"Home\",\"item\":\"https:\/\/sites.exeter.ac.uk\/straws\/\"},{\"@type\":\"ListItem\",\"position\":2,\"name\":\"Supporting Teacher&#8217;s Resilience and Wellbeing Slovakia (STRAWS)\"}]},{\"@type\":\"WebSite\",\"@id\":\"https:\/\/sites.exeter.ac.uk\/straws\/#website\",\"url\":\"https:\/\/sites.exeter.ac.uk\/straws\/\",\"name\":\"S.T.R.A.W.S. Supporting Teachers: Resilience and Wellbeing in Slovakia\",\"description\":\"\",\"potentialAction\":[{\"@type\":\"SearchAction\",\"target\":{\"@type\":\"EntryPoint\",\"urlTemplate\":\"https:\/\/sites.exeter.ac.uk\/straws\/?s={search_term_string}\"},\"query-input\":\"required name=search_term_string\"}],\"inLanguage\":\"en-US\"}]}<\/script>\n<!-- \/ Yoast SEO plugin. -->","yoast_head_json":{"title":"Supporting Teacher's Resilience and Wellbeing Slovakia (STRAWS) - S.T.R.A.W.S. Supporting Teachers: Resilience and Wellbeing in Slovakia","robots":{"index":"index","follow":"follow","max-snippet":"max-snippet:-1","max-image-preview":"max-image-preview:large","max-video-preview":"max-video-preview:-1"},"canonical":"https:\/\/sites.exeter.ac.uk\/straws\/","og_locale":"en_US","og_type":"article","og_title":"Supporting Teacher's Resilience and Wellbeing Slovakia (STRAWS) - S.T.R.A.W.S. Supporting Teachers: Resilience and Wellbeing in Slovakia","og_description":"The STRAWS project seeks to improve the mental health of teachers in Slovakia within an experiential training framework. This project emphasises the importance of teachers in a student&#8217;s life and the need for teachers to be better supported in Slovakia. This programme has gone through a rigorous testing phase, from an initial questionnaire to pilot [&hellip;]","og_url":"https:\/\/sites.exeter.ac.uk\/straws\/","og_site_name":"S.T.R.A.W.S. Supporting Teachers: Resilience and Wellbeing in Slovakia","article_modified_time":"2024-07-28T21:51:43+00:00","og_image":[{"width":960,"height":321,"url":"https:\/\/sites.exeter.ac.uk\/straws\/wp-content\/uploads\/sites\/149\/2023\/03\/STRAWs-partners-logo-horizontal-1.jpg","type":"image\/jpeg"}],"twitter_card":"summary_large_image","twitter_misc":{"Est. reading time":"4 minutes"},"schema":{"@context":"https:\/\/schema.org","@graph":[{"@type":"WebPage","@id":"https:\/\/sites.exeter.ac.uk\/straws\/","url":"https:\/\/sites.exeter.ac.uk\/straws\/","name":"Supporting Teacher's Resilience and Wellbeing Slovakia (STRAWS) - S.T.R.A.W.S. Supporting Teachers: Resilience and Wellbeing in Slovakia","isPartOf":{"@id":"https:\/\/sites.exeter.ac.uk\/straws\/#website"},"primaryImageOfPage":{"@id":"https:\/\/sites.exeter.ac.uk\/straws\/#primaryimage"},"image":{"@id":"https:\/\/sites.exeter.ac.uk\/straws\/#primaryimage"},"thumbnailUrl":"https:\/\/sites.exeter.ac.uk\/straws\/wp-content\/uploads\/sites\/149\/2023\/03\/STRAWs-partners-logo-horizontal-1.jpg","datePublished":"2023-03-09T16:33:47+00:00","dateModified":"2024-07-28T21:51:43+00:00","breadcrumb":{"@id":"https:\/\/sites.exeter.ac.uk\/straws\/#breadcrumb"},"inLanguage":"en-US","potentialAction":[{"@type":"ReadAction","target":["https:\/\/sites.exeter.ac.uk\/straws\/"]}]},{"@type":"ImageObject","inLanguage":"en-US","@id":"https:\/\/sites.exeter.ac.uk\/straws\/#primaryimage","url":"https:\/\/sites.exeter.ac.uk\/straws\/wp-content\/uploads\/sites\/149\/2023\/03\/STRAWs-partners-logo-horizontal-1.jpg","contentUrl":"https:\/\/sites.exeter.ac.uk\/straws\/wp-content\/uploads\/sites\/149\/2023\/03\/STRAWs-partners-logo-horizontal-1.jpg","width":960,"height":321},{"@type":"BreadcrumbList","@id":"https:\/\/sites.exeter.ac.uk\/straws\/#breadcrumb","itemListElement":[{"@type":"ListItem","position":1,"name":"Home","item":"https:\/\/sites.exeter.ac.uk\/straws\/"},{"@type":"ListItem","position":2,"name":"Supporting Teacher&#8217;s Resilience and Wellbeing Slovakia (STRAWS)"}]},{"@type":"WebSite","@id":"https:\/\/sites.exeter.ac.uk\/straws\/#website","url":"https:\/\/sites.exeter.ac.uk\/straws\/","name":"S.T.R.A.W.S. Supporting Teachers: Resilience and Wellbeing in Slovakia","description":"","potentialAction":[{"@type":"SearchAction","target":{"@type":"EntryPoint","urlTemplate":"https:\/\/sites.exeter.ac.uk\/straws\/?s={search_term_string}"},"query-input":"required name=search_term_string"}],"inLanguage":"en-US"}]}},"jetpack_sharing_enabled":true,"_links":{"self":[{"href":"https:\/\/sites.exeter.ac.uk\/straws\/wp-json\/wp\/v2\/pages\/15"}],"collection":[{"href":"https:\/\/sites.exeter.ac.uk\/straws\/wp-json\/wp\/v2\/pages"}],"about":[{"href":"https:\/\/sites.exeter.ac.uk\/straws\/wp-json\/wp\/v2\/types\/page"}],"author":[{"embeddable":true,"href":"https:\/\/sites.exeter.ac.uk\/straws\/wp-json\/wp\/v2\/users\/431"}],"replies":[{"embeddable":true,"href":"https:\/\/sites.exeter.ac.uk\/straws\/wp-json\/wp\/v2\/comments?post=15"}],"version-history":[{"count":7,"href":"https:\/\/sites.exeter.ac.uk\/straws\/wp-json\/wp\/v2\/pages\/15\/revisions"}],"predecessor-version":[{"id":339,"href":"https:\/\/sites.exeter.ac.uk\/straws\/wp-json\/wp\/v2\/pages\/15\/revisions\/339"}],"wp:featuredmedia":[{"embeddable":true,"href":"https:\/\/sites.exeter.ac.uk\/straws\/wp-json\/wp\/v2\/media\/47"}],"wp:attachment":[{"href":"https:\/\/sites.exeter.ac.uk\/straws\/wp-json\/wp\/v2\/media?parent=15"}],"wp:term":[{"taxonomy":"category","embeddable":true,"href":"https:\/\/sites.exeter.ac.uk\/straws\/wp-json\/wp\/v2\/categories?post=15"},{"taxonomy":"post_tag","embeddable":true,"href":"https:\/\/sites.exeter.ac.uk\/straws\/wp-json\/wp\/v2\/tags?post=15"}],"curies":[{"name":"wp","href":"https:\/\/api.w.org\/{rel}","templated":true}]}}