{"id":179,"date":"2024-07-09T11:54:20","date_gmt":"2024-07-09T11:54:20","guid":{"rendered":"https:\/\/sites.exeter.ac.uk\/straws\/?page_id=179"},"modified":"2024-07-09T15:58:23","modified_gmt":"2024-07-09T15:58:23","slug":"the-process","status":"publish","type":"page","link":"https:\/\/sites.exeter.ac.uk\/straws\/the-process\/","title":{"rendered":"The Process"},"content":{"rendered":"\n<p>This project has taken place over a variety of stages and is currently in the process of another. The project began by reaching out to over 1100 teachers in Slovakia with a survey to gain an initial understanding of the issues that they were facing and how this project could support them. This has since been translated into Czech and rolled out there and can be made available in a variety of languages. From this, we engaged with six teacher-researchers to develop an experience-based programme that could be delivered to other teachers. This was done with our partners SHEP in Ireland, who were crucial to this programme. With the kind support of SHEP and our teacher-researchers we were able to develop a workshop which was trialled in Ireland before being delivered in Slovakia. This was delivered to a range of enthusiastic teachers and a handbook was also made to support them after this. Following on from this, we re-interviewed our teacher-researchers so we could continue to tailor the programme to their exact needs. Currently we are working through these to find the priorities for future editing of the programme.&nbsp;<\/p>\n\n\n\n<p><\/p>\n\n\n\n<p>Jan\u00edk Bla\u0161kov\u00e1, L. (2024). Politika du\u0161evn\u00e9ho zdravia na \u0161kol\u00e1ch z poh\u013eadu u\u010dite\u013eov [The politics of mental health at schools from the perspectives of teachers].\u00a0<em>Policy Brief<\/em>. University of Exeter.<\/p>\n\n\n\n\n\n<figure class=\"wp-block-gallery has-nested-images columns-default is-cropped wp-block-gallery-1 is-layout-flex wp-block-gallery-is-layout-flex\">\n<figure class=\"wp-block-image size-large\"><img loading=\"lazy\" decoding=\"async\" width=\"1024\" height=\"768\" data-id=\"299\" src=\"https:\/\/sites.exeter.ac.uk\/straws\/wp-content\/uploads\/sites\/149\/2024\/07\/Bratislava-League-Liga-group-2023.png\" alt=\"\" class=\"wp-image-299\" srcset=\"https:\/\/sites.exeter.ac.uk\/straws\/wp-content\/uploads\/sites\/149\/2024\/07\/Bratislava-League-Liga-group-2023.png 1024w, https:\/\/sites.exeter.ac.uk\/straws\/wp-content\/uploads\/sites\/149\/2024\/07\/Bratislava-League-Liga-group-2023-300x225.png 300w, https:\/\/sites.exeter.ac.uk\/straws\/wp-content\/uploads\/sites\/149\/2024\/07\/Bratislava-League-Liga-group-2023-768x576.png 768w\" sizes=\"(max-width: 1024px) 100vw, 1024px\" \/><\/figure>\n\n\n<\/figure>\n","protected":false},"excerpt":{"rendered":"<p>This project has taken place over a variety of stages and is currently in the process of another. The project began by reaching out to over 1100 teachers in Slovakia with a survey to gain an initial understanding of the issues that they were facing and how this project could support them. This has since [&hellip;]<\/p>\n","protected":false},"author":1999,"featured_media":0,"parent":0,"menu_order":0,"comment_status":"closed","ping_status":"closed","template":"","meta":{"_acf_changed":false,"footnotes":""},"categories":[],"tags":[],"acf":[],"yoast_head":"<!-- This site is optimized with the Yoast SEO plugin v23.0 - https:\/\/yoast.com\/wordpress\/plugins\/seo\/ -->\n<title>The Process - S.T.R.A.W.S. Supporting Teachers: Resilience and Wellbeing in Slovakia<\/title>\n<meta name=\"robots\" content=\"index, follow, max-snippet:-1, max-image-preview:large, max-video-preview:-1\" \/>\n<link rel=\"canonical\" href=\"https:\/\/sites.exeter.ac.uk\/straws\/the-process\/\" \/>\n<meta property=\"og:locale\" content=\"en_US\" \/>\n<meta property=\"og:type\" content=\"article\" \/>\n<meta property=\"og:title\" content=\"The Process - S.T.R.A.W.S. Supporting Teachers: Resilience and Wellbeing in Slovakia\" \/>\n<meta property=\"og:description\" content=\"This project has taken place over a variety of stages and is currently in the process of another. The project began by reaching out to over 1100 teachers in Slovakia with a survey to gain an initial understanding of the issues that they were facing and how this project could support them. This has since [&hellip;]\" \/>\n<meta property=\"og:url\" content=\"https:\/\/sites.exeter.ac.uk\/straws\/the-process\/\" \/>\n<meta property=\"og:site_name\" content=\"S.T.R.A.W.S. Supporting Teachers: Resilience and Wellbeing in Slovakia\" \/>\n<meta property=\"article:modified_time\" content=\"2024-07-09T15:58:23+00:00\" \/>\n<meta property=\"og:image\" content=\"https:\/\/sites.exeter.ac.uk\/straws\/wp-content\/uploads\/sites\/149\/2024\/07\/Bratislava-League-Liga-group-2023.png\" \/>\n<meta name=\"twitter:card\" content=\"summary_large_image\" \/>\n<meta name=\"twitter:label1\" content=\"Est. reading time\" \/>\n\t<meta name=\"twitter:data1\" content=\"1 minute\" \/>\n<script type=\"application\/ld+json\" class=\"yoast-schema-graph\">{\"@context\":\"https:\/\/schema.org\",\"@graph\":[{\"@type\":\"WebPage\",\"@id\":\"https:\/\/sites.exeter.ac.uk\/straws\/the-process\/\",\"url\":\"https:\/\/sites.exeter.ac.uk\/straws\/the-process\/\",\"name\":\"The Process - S.T.R.A.W.S. Supporting Teachers: Resilience and Wellbeing in Slovakia\",\"isPartOf\":{\"@id\":\"https:\/\/sites.exeter.ac.uk\/straws\/#website\"},\"primaryImageOfPage\":{\"@id\":\"https:\/\/sites.exeter.ac.uk\/straws\/the-process\/#primaryimage\"},\"image\":{\"@id\":\"https:\/\/sites.exeter.ac.uk\/straws\/the-process\/#primaryimage\"},\"thumbnailUrl\":\"https:\/\/sites.exeter.ac.uk\/straws\/wp-content\/uploads\/sites\/149\/2024\/07\/Bratislava-League-Liga-group-2023.png\",\"datePublished\":\"2024-07-09T11:54:20+00:00\",\"dateModified\":\"2024-07-09T15:58:23+00:00\",\"breadcrumb\":{\"@id\":\"https:\/\/sites.exeter.ac.uk\/straws\/the-process\/#breadcrumb\"},\"inLanguage\":\"en-US\",\"potentialAction\":[{\"@type\":\"ReadAction\",\"target\":[\"https:\/\/sites.exeter.ac.uk\/straws\/the-process\/\"]}]},{\"@type\":\"ImageObject\",\"inLanguage\":\"en-US\",\"@id\":\"https:\/\/sites.exeter.ac.uk\/straws\/the-process\/#primaryimage\",\"url\":\"https:\/\/sites.exeter.ac.uk\/straws\/wp-content\/uploads\/sites\/149\/2024\/07\/Bratislava-League-Liga-group-2023.png\",\"contentUrl\":\"https:\/\/sites.exeter.ac.uk\/straws\/wp-content\/uploads\/sites\/149\/2024\/07\/Bratislava-League-Liga-group-2023.png\",\"width\":1024,\"height\":768},{\"@type\":\"BreadcrumbList\",\"@id\":\"https:\/\/sites.exeter.ac.uk\/straws\/the-process\/#breadcrumb\",\"itemListElement\":[{\"@type\":\"ListItem\",\"position\":1,\"name\":\"Home\",\"item\":\"https:\/\/sites.exeter.ac.uk\/straws\/\"},{\"@type\":\"ListItem\",\"position\":2,\"name\":\"The Process\"}]},{\"@type\":\"WebSite\",\"@id\":\"https:\/\/sites.exeter.ac.uk\/straws\/#website\",\"url\":\"https:\/\/sites.exeter.ac.uk\/straws\/\",\"name\":\"S.T.R.A.W.S. Supporting Teachers: Resilience and Wellbeing in Slovakia\",\"description\":\"\",\"potentialAction\":[{\"@type\":\"SearchAction\",\"target\":{\"@type\":\"EntryPoint\",\"urlTemplate\":\"https:\/\/sites.exeter.ac.uk\/straws\/?s={search_term_string}\"},\"query-input\":\"required name=search_term_string\"}],\"inLanguage\":\"en-US\"}]}<\/script>\n<!-- \/ Yoast SEO plugin. -->","yoast_head_json":{"title":"The Process - S.T.R.A.W.S. Supporting Teachers: Resilience and Wellbeing in Slovakia","robots":{"index":"index","follow":"follow","max-snippet":"max-snippet:-1","max-image-preview":"max-image-preview:large","max-video-preview":"max-video-preview:-1"},"canonical":"https:\/\/sites.exeter.ac.uk\/straws\/the-process\/","og_locale":"en_US","og_type":"article","og_title":"The Process - S.T.R.A.W.S. Supporting Teachers: Resilience and Wellbeing in Slovakia","og_description":"This project has taken place over a variety of stages and is currently in the process of another. The project began by reaching out to over 1100 teachers in Slovakia with a survey to gain an initial understanding of the issues that they were facing and how this project could support them. This has since [&hellip;]","og_url":"https:\/\/sites.exeter.ac.uk\/straws\/the-process\/","og_site_name":"S.T.R.A.W.S. Supporting Teachers: Resilience and Wellbeing in Slovakia","article_modified_time":"2024-07-09T15:58:23+00:00","og_image":[{"url":"https:\/\/sites.exeter.ac.uk\/straws\/wp-content\/uploads\/sites\/149\/2024\/07\/Bratislava-League-Liga-group-2023.png"}],"twitter_card":"summary_large_image","twitter_misc":{"Est. reading time":"1 minute"},"schema":{"@context":"https:\/\/schema.org","@graph":[{"@type":"WebPage","@id":"https:\/\/sites.exeter.ac.uk\/straws\/the-process\/","url":"https:\/\/sites.exeter.ac.uk\/straws\/the-process\/","name":"The Process - S.T.R.A.W.S. Supporting Teachers: Resilience and Wellbeing in Slovakia","isPartOf":{"@id":"https:\/\/sites.exeter.ac.uk\/straws\/#website"},"primaryImageOfPage":{"@id":"https:\/\/sites.exeter.ac.uk\/straws\/the-process\/#primaryimage"},"image":{"@id":"https:\/\/sites.exeter.ac.uk\/straws\/the-process\/#primaryimage"},"thumbnailUrl":"https:\/\/sites.exeter.ac.uk\/straws\/wp-content\/uploads\/sites\/149\/2024\/07\/Bratislava-League-Liga-group-2023.png","datePublished":"2024-07-09T11:54:20+00:00","dateModified":"2024-07-09T15:58:23+00:00","breadcrumb":{"@id":"https:\/\/sites.exeter.ac.uk\/straws\/the-process\/#breadcrumb"},"inLanguage":"en-US","potentialAction":[{"@type":"ReadAction","target":["https:\/\/sites.exeter.ac.uk\/straws\/the-process\/"]}]},{"@type":"ImageObject","inLanguage":"en-US","@id":"https:\/\/sites.exeter.ac.uk\/straws\/the-process\/#primaryimage","url":"https:\/\/sites.exeter.ac.uk\/straws\/wp-content\/uploads\/sites\/149\/2024\/07\/Bratislava-League-Liga-group-2023.png","contentUrl":"https:\/\/sites.exeter.ac.uk\/straws\/wp-content\/uploads\/sites\/149\/2024\/07\/Bratislava-League-Liga-group-2023.png","width":1024,"height":768},{"@type":"BreadcrumbList","@id":"https:\/\/sites.exeter.ac.uk\/straws\/the-process\/#breadcrumb","itemListElement":[{"@type":"ListItem","position":1,"name":"Home","item":"https:\/\/sites.exeter.ac.uk\/straws\/"},{"@type":"ListItem","position":2,"name":"The Process"}]},{"@type":"WebSite","@id":"https:\/\/sites.exeter.ac.uk\/straws\/#website","url":"https:\/\/sites.exeter.ac.uk\/straws\/","name":"S.T.R.A.W.S. Supporting Teachers: Resilience and Wellbeing in Slovakia","description":"","potentialAction":[{"@type":"SearchAction","target":{"@type":"EntryPoint","urlTemplate":"https:\/\/sites.exeter.ac.uk\/straws\/?s={search_term_string}"},"query-input":"required name=search_term_string"}],"inLanguage":"en-US"}]}},"jetpack_sharing_enabled":true,"_links":{"self":[{"href":"https:\/\/sites.exeter.ac.uk\/straws\/wp-json\/wp\/v2\/pages\/179"}],"collection":[{"href":"https:\/\/sites.exeter.ac.uk\/straws\/wp-json\/wp\/v2\/pages"}],"about":[{"href":"https:\/\/sites.exeter.ac.uk\/straws\/wp-json\/wp\/v2\/types\/page"}],"author":[{"embeddable":true,"href":"https:\/\/sites.exeter.ac.uk\/straws\/wp-json\/wp\/v2\/users\/1999"}],"replies":[{"embeddable":true,"href":"https:\/\/sites.exeter.ac.uk\/straws\/wp-json\/wp\/v2\/comments?post=179"}],"version-history":[{"count":3,"href":"https:\/\/sites.exeter.ac.uk\/straws\/wp-json\/wp\/v2\/pages\/179\/revisions"}],"predecessor-version":[{"id":305,"href":"https:\/\/sites.exeter.ac.uk\/straws\/wp-json\/wp\/v2\/pages\/179\/revisions\/305"}],"wp:attachment":[{"href":"https:\/\/sites.exeter.ac.uk\/straws\/wp-json\/wp\/v2\/media?parent=179"}],"wp:term":[{"taxonomy":"category","embeddable":true,"href":"https:\/\/sites.exeter.ac.uk\/straws\/wp-json\/wp\/v2\/categories?post=179"},{"taxonomy":"post_tag","embeddable":true,"href":"https:\/\/sites.exeter.ac.uk\/straws\/wp-json\/wp\/v2\/tags?post=179"}],"curies":[{"name":"wp","href":"https:\/\/api.w.org\/{rel}","templated":true}]}}