{"id":46,"date":"2020-09-02T15:41:10","date_gmt":"2020-09-02T14:41:10","guid":{"rendered":"http:\/\/blogs.exeter.ac.uk\/thesorcerershandbook\/?page_id=46"},"modified":"2025-02-07T14:25:57","modified_gmt":"2025-02-07T14:25:57","slug":"publications-and-presentations","status":"publish","type":"page","link":"https:\/\/sites.exeter.ac.uk\/thesorcerershandbook\/publications-and-presentations\/","title":{"rendered":"Publications and Presentations"},"content":{"rendered":"\n<p><\/p>\n\n\n\n<p><strong>The Donkey King: Asinine Symbology in Ancient and Medieval Magic<\/strong><\/p>\n\n\n\n<p>Emily Selove<\/p>\n\n\n\n<p>2023, Cambridge Elements Series<\/p>\n\n\n\n<p><a href=\"https:\/\/www.academia.edu\/111319325\/The_Donkey_King_Asinine_Symbology_in_Ancient_and_Medieval_Magic\">View on academia.edu<\/a><\/p>\n\n\n\n<p>_____________________________________<\/p>\n\n\n\n<p>_____________________________________<\/p>\n\n\n\n<h3 class=\"wp-block-heading\">The Sorcerer Scholar: Sir\u0101j al-D\u012bn al-Sakk\u0101k\u012b between Grammar and Grimoire<\/h3>\n\n\n\n<p>Emily Selove<br>2023, <em>Knowledge and Power in Muslim Societies<\/em><\/p>\n\n\n\n<p><em>Approaches in Intellectual History<\/em><\/p>\n\n\n\n<p>Editors: Kazuo Morimoto, Sajjad Rizvi<\/p>\n\n\n\n<p>Gerlach Press<\/p>\n\n\n\n<p><a href=\"https:\/\/www.academia.edu\/104325470\/The_Sorcerer_Scholar_Sir%C4%81j_al_D%C4%ABn_al_Sakk%C4%81k%C4%AB_between_Grammar_and_Grimoire\">View on Academia site<\/a>.<\/p>\n\n\n\n<p><\/p>\n\n\n\n<p>_____________________________________<\/p>\n\n\n\n<p>_____________________________________<\/p>\n\n\n\n<h3 class=\"wp-block-heading\" id=\"swp-tcr--title\">Magic as Poetry, Poetry as Magic: A Fragment of Arabic Spells<\/h3>\n\n\n\n<p>Emily Selove<\/p>\n\n\n\n<p>2020, Magic, Ritual, and Witchcraft<\/p>\n\n\n\n<p><a href=\"https:\/\/www.academia.edu\/43681480\/Magic_as_Poetry_Poetry_as_Magic_A_Fragment_of_Arabic_Spells\">View on academia.edu<\/a><\/p>\n\n\n\n<p>_____________________________________<\/p>\n\n\n\n<p><strong>Theory and Practice of Magic Circles Roundtable<\/strong><\/p>\n\n\n\n<p>Esoterica Channel hosted by Dr. Justin Sledge<\/p>\n\n\n\n<figure class=\"wp-block-embed is-type-video is-provider-youtube wp-block-embed-youtube wp-embed-aspect-16-9 wp-has-aspect-ratio\"><div class=\"wp-block-embed__wrapper\">\n<div class=\"embed-responsive embed-responsive-16by9\"><div class=\"iframe-container\"><iframe loading=\"lazy\" class=\"embed-responsive-item\"  title=\"Theory and Practice of Magic Circles Roundtable feat. Dr. Stephen Skinner\" width=\"500\" height=\"281\" src=\"https:\/\/www.youtube.com\/embed\/Gh-kJf1acN0?feature=oembed\" frameborder=\"0\" allow=\"accelerometer; autoplay; clipboard-write; encrypted-media; gyroscope; picture-in-picture; web-share\" referrerpolicy=\"strict-origin-when-cross-origin\" allowfullscreen><\/iframe><\/div><\/div>\n<\/div><\/figure>\n\n\n\n<p>_____________________________________<\/p>\n\n\n\n<p><strong>Dealing With Sakk\u0101k\u012b&#8217;s Demons: Translation as Conjuration<\/strong><\/p>\n\n\n\n<p>Keynote Address for the GIFcon: Conjuring Creatures and Worlds<\/p>\n\n\n\n<figure class=\"wp-block-embed is-type-video is-provider-youtube wp-block-embed-youtube wp-embed-aspect-16-9 wp-has-aspect-ratio\"><div class=\"wp-block-embed__wrapper\">\n<div class=\"embed-responsive embed-responsive-16by9\"><div class=\"iframe-container\"><iframe loading=\"lazy\" class=\"embed-responsive-item\"  title=\"GIFcon 2024 Keynote 1: Emily Selove\" width=\"500\" height=\"281\" src=\"https:\/\/www.youtube.com\/embed\/7MCno5lPB3s?feature=oembed\" frameborder=\"0\" allow=\"accelerometer; autoplay; clipboard-write; encrypted-media; gyroscope; picture-in-picture; web-share\" referrerpolicy=\"strict-origin-when-cross-origin\" allowfullscreen><\/iframe><\/div><\/div>\n<\/div><\/figure>\n\n\n\n<p><\/p>\n\n\n\n<p>_____________________________________<\/p>\n\n\n\n<p><strong>The Complete Book of Siraj al-Din al-Sakkaki: How to Win Jinn and Influence People<\/strong><\/p>\n\n\n\n<p>Emily Selove<br>Princeton University Near Eastern Studies Seminar, April 4, 2022<br><a href=\"https:\/\/www.kaltura.com\/index.php\/extwidget\/preview\/partner_id\/1449362\/uiconf_id\/14292362\/entry_id\/1_sjd7oy7p\/embed\/dynamic\">https:\/\/www.kaltura.com\/index.php\/extwidget\/preview\/partner_id\/1449362\/uiconf_id\/14292362\/entry_id\/1_sjd7oy7p\/embed\/dynamic<\/a><\/p>\n\n\n\n<p>_____________________________________<\/p>\n\n\n\n<p>_____________________________________<\/p>\n\n\n\n<h3 class=\"wp-block-heading\" id=\"swp-tcr--title\">&#8220;Dangerous Books&#8221; Youtube Video<\/h3>\n\n\n\n<p>Emily Selove<\/p>\n\n\n\n<figure class=\"wp-block-embed is-type-video is-provider-youtube wp-block-embed-youtube wp-embed-aspect-16-9 wp-has-aspect-ratio\"><div class=\"wp-block-embed__wrapper\">\n<div class=\"embed-responsive embed-responsive-16by9\"><div class=\"iframe-container\"><iframe loading=\"lazy\" class=\"embed-responsive-item\"  title=\"dangerousbooks\" width=\"500\" height=\"281\" src=\"https:\/\/www.youtube.com\/embed\/pZbP4By6jI4?feature=oembed\" frameborder=\"0\" allow=\"accelerometer; autoplay; clipboard-write; encrypted-media; gyroscope; picture-in-picture; web-share\" referrerpolicy=\"strict-origin-when-cross-origin\" allowfullscreen><\/iframe><\/div><\/div>\n<\/div><\/figure>\n\n\n\n<p>_____________________________________<\/p>\n\n\n\n<p>_____________________________________<\/p>\n\n\n\n<p><strong>The Secret History of Western Esotericism Podcast<\/strong><\/p>\n\n\n\n<p>Emily Selove and Earl Fontainelle<\/p>\n\n\n\n<p><a href=\"https:\/\/shwep.net\/2020\/05\/08\/emily-selove-on-the-magical-book-of-al-sakkaki\">https:\/\/shwep.net\/2020\/05\/08\/emily-selove-on-the-magical-book-of-al-sakkaki<\/a><\/p>\n\n\n\n<p><\/p>\n\n\n\n<p>_____________________________________<\/p>\n\n\n\n<p><strong>The Cat and the Fat<\/strong><\/p>\n\n\n\n<p>Emily Selove<\/p>\n\n\n\n<p>a translation selection for the Fall 2020 issue of ArabLit Quarterly<\/p>\n\n\n\n<p><a href=\"https:\/\/sites.exeter.ac.uk\/thesorcerershandbook\/wp-content\/uploads\/sites\/349\/2020\/09\/20_spells.pdf\">20_spells<\/a><\/p>\n\n\n\n<p>&nbsp;&#8230;<\/p>\n\n\n\n<figure class=\"wp-block-embed is-type-wp-embed is-provider-arablit-amp-arablit-quarterly wp-block-embed-arablit-amp-arablit-quarterly\"><div class=\"wp-block-embed__wrapper\">\n<blockquote class=\"wp-embedded-content\" data-secret=\"BZzLTdiPW7\"><a href=\"https:\/\/arablit.org\/2020\/09\/21\/launching-today-arablit-quarterly-fall-2020-the-cats-issue\/\">ArabLit Quarterly Fall 2020, the CATS Issue<\/a><\/blockquote><div class=\"iframe-container\"><iframe class=\"embed-responsive-item\"  class=\"wp-embedded-content\" sandbox=\"allow-scripts\" security=\"restricted\" style=\"position: absolute; clip: rect(1px, 1px, 1px, 1px);\" title=\"&#8220;ArabLit Quarterly Fall 2020, the CATS Issue&#8221; &#8212; ARABLIT &amp; ARABLIT QUARTERLY\" src=\"https:\/\/arablit.org\/2020\/09\/21\/launching-today-arablit-quarterly-fall-2020-the-cats-issue\/embed\/#?secret=LX1bGD426x#?secret=BZzLTdiPW7\" data-secret=\"BZzLTdiPW7\" width=\"500\" height=\"282\" frameborder=\"0\" marginwidth=\"0\" marginheight=\"0\" scrolling=\"no\"><\/iframe><\/div>\n<\/div><\/figure>\n\n\n\n<p>_____________________________________<\/p>\n\n\n\n<p>_____________________________________<\/p>\n\n\n\n<p><strong>Thus Spoke Adam: The Sury\u0101niyya Language in Islamic Esotericism<\/strong><\/p>\n\n\n\n<p>Luca Patrizi<\/p>\n\n\n\n<p>a presentation to the Ibn &#8216;Arabi Society<\/p>\n\n\n\n<p><a href=\"https:\/\/www.youtube.com\/watch?fbclid=IwAR2f9_dQeuZL5z7KACKo7fLIfNT9J2bvOVAo4kESupaiHDnrwpfZVRO5XI8&amp;v=wAIgnVkXVSY&amp;feature=youtu.be\">https:\/\/www.youtube.com\/watch?fbclid=IwAR2f9_dQeuZL5z7KACKo7fLIfNT9J2bvOVAo4kESupaiHDnrwpfZVRO5XI8&amp;v=wAIgnVkXVSY&amp;feature=youtu.be<\/a><\/p>\n","protected":false},"excerpt":{"rendered":"<p>The Donkey King: Asinine Symbology in Ancient and Medieval Magic Emily Selove 2023, Cambridge Elements Series View on academia.edu _____________________________________ _____________________________________ The Sorcerer Scholar: Sir\u0101j al-D\u012bn al-Sakk\u0101k\u012b between Grammar and Grimoire Emily Selove2023, Knowledge and Power in Muslim Societies Approaches in Intellectual History Editors: Kazuo Morimoto, Sajjad Rizvi Gerlach Press View on Academia site. _____________________________________ [&hellip;]<\/p>\n","protected":false},"author":1,"featured_media":0,"parent":0,"menu_order":0,"comment_status":"closed","ping_status":"closed","template":"","meta":{"_acf_changed":false,"footnotes":""},"categories":[],"tags":[],"acf":[],"yoast_head":"<!-- This site is optimized with the Yoast SEO plugin v23.0 - https:\/\/yoast.com\/wordpress\/plugins\/seo\/ -->\n<title>Publications and Presentations - The Sorcerer&#039;s Handbook<\/title>\n<meta name=\"robots\" content=\"index, follow, max-snippet:-1, max-image-preview:large, max-video-preview:-1\" \/>\n<link rel=\"canonical\" href=\"https:\/\/sites.exeter.ac.uk\/thesorcerershandbook\/publications-and-presentations\/\" \/>\n<meta property=\"og:locale\" content=\"en_US\" \/>\n<meta property=\"og:type\" content=\"article\" \/>\n<meta property=\"og:title\" content=\"Publications and Presentations - The Sorcerer&#039;s Handbook\" \/>\n<meta property=\"og:description\" content=\"The Donkey King: Asinine Symbology in Ancient and Medieval Magic Emily Selove 2023, Cambridge Elements Series View on academia.edu _____________________________________ _____________________________________ The Sorcerer Scholar: Sir\u0101j al-D\u012bn al-Sakk\u0101k\u012b between Grammar and Grimoire Emily Selove2023, Knowledge and Power in Muslim Societies Approaches in Intellectual History Editors: Kazuo Morimoto, Sajjad Rizvi Gerlach Press View on Academia site. _____________________________________ [&hellip;]\" \/>\n<meta property=\"og:url\" content=\"https:\/\/sites.exeter.ac.uk\/thesorcerershandbook\/publications-and-presentations\/\" \/>\n<meta property=\"og:site_name\" content=\"The Sorcerer&#039;s Handbook\" \/>\n<meta property=\"article:modified_time\" content=\"2025-02-07T14:25:57+00:00\" \/>\n<meta name=\"twitter:card\" content=\"summary_large_image\" \/>\n<meta name=\"twitter:label1\" content=\"Est. reading time\" \/>\n\t<meta name=\"twitter:data1\" content=\"1 minute\" \/>\n<script type=\"application\/ld+json\" class=\"yoast-schema-graph\">{\"@context\":\"https:\/\/schema.org\",\"@graph\":[{\"@type\":\"WebPage\",\"@id\":\"https:\/\/sites.exeter.ac.uk\/thesorcerershandbook\/publications-and-presentations\/\",\"url\":\"https:\/\/sites.exeter.ac.uk\/thesorcerershandbook\/publications-and-presentations\/\",\"name\":\"Publications and Presentations - The Sorcerer's Handbook\",\"isPartOf\":{\"@id\":\"https:\/\/sites.exeter.ac.uk\/thesorcerershandbook\/#website\"},\"datePublished\":\"2020-09-02T14:41:10+00:00\",\"dateModified\":\"2025-02-07T14:25:57+00:00\",\"breadcrumb\":{\"@id\":\"https:\/\/sites.exeter.ac.uk\/thesorcerershandbook\/publications-and-presentations\/#breadcrumb\"},\"inLanguage\":\"en-US\",\"potentialAction\":[{\"@type\":\"ReadAction\",\"target\":[\"https:\/\/sites.exeter.ac.uk\/thesorcerershandbook\/publications-and-presentations\/\"]}]},{\"@type\":\"BreadcrumbList\",\"@id\":\"https:\/\/sites.exeter.ac.uk\/thesorcerershandbook\/publications-and-presentations\/#breadcrumb\",\"itemListElement\":[{\"@type\":\"ListItem\",\"position\":1,\"name\":\"Home\",\"item\":\"https:\/\/sites.exeter.ac.uk\/thesorcerershandbook\/\"},{\"@type\":\"ListItem\",\"position\":2,\"name\":\"Publications and Presentations\"}]},{\"@type\":\"WebSite\",\"@id\":\"https:\/\/sites.exeter.ac.uk\/thesorcerershandbook\/#website\",\"url\":\"https:\/\/sites.exeter.ac.uk\/thesorcerershandbook\/\",\"name\":\"The Sorcerer's Handbook\",\"description\":\"\",\"potentialAction\":[{\"@type\":\"SearchAction\",\"target\":{\"@type\":\"EntryPoint\",\"urlTemplate\":\"https:\/\/sites.exeter.ac.uk\/thesorcerershandbook\/?s={search_term_string}\"},\"query-input\":\"required name=search_term_string\"}],\"inLanguage\":\"en-US\"}]}<\/script>\n<!-- \/ Yoast SEO plugin. -->","yoast_head_json":{"title":"Publications and Presentations - The Sorcerer's Handbook","robots":{"index":"index","follow":"follow","max-snippet":"max-snippet:-1","max-image-preview":"max-image-preview:large","max-video-preview":"max-video-preview:-1"},"canonical":"https:\/\/sites.exeter.ac.uk\/thesorcerershandbook\/publications-and-presentations\/","og_locale":"en_US","og_type":"article","og_title":"Publications and Presentations - The Sorcerer's Handbook","og_description":"The Donkey King: Asinine Symbology in Ancient and Medieval Magic Emily Selove 2023, Cambridge Elements Series View on academia.edu _____________________________________ _____________________________________ The Sorcerer Scholar: Sir\u0101j al-D\u012bn al-Sakk\u0101k\u012b between Grammar and Grimoire Emily Selove2023, Knowledge and Power in Muslim Societies Approaches in Intellectual History Editors: Kazuo Morimoto, Sajjad Rizvi Gerlach Press View on Academia site. _____________________________________ [&hellip;]","og_url":"https:\/\/sites.exeter.ac.uk\/thesorcerershandbook\/publications-and-presentations\/","og_site_name":"The Sorcerer's Handbook","article_modified_time":"2025-02-07T14:25:57+00:00","twitter_card":"summary_large_image","twitter_misc":{"Est. reading time":"1 minute"},"schema":{"@context":"https:\/\/schema.org","@graph":[{"@type":"WebPage","@id":"https:\/\/sites.exeter.ac.uk\/thesorcerershandbook\/publications-and-presentations\/","url":"https:\/\/sites.exeter.ac.uk\/thesorcerershandbook\/publications-and-presentations\/","name":"Publications and Presentations - The Sorcerer's Handbook","isPartOf":{"@id":"https:\/\/sites.exeter.ac.uk\/thesorcerershandbook\/#website"},"datePublished":"2020-09-02T14:41:10+00:00","dateModified":"2025-02-07T14:25:57+00:00","breadcrumb":{"@id":"https:\/\/sites.exeter.ac.uk\/thesorcerershandbook\/publications-and-presentations\/#breadcrumb"},"inLanguage":"en-US","potentialAction":[{"@type":"ReadAction","target":["https:\/\/sites.exeter.ac.uk\/thesorcerershandbook\/publications-and-presentations\/"]}]},{"@type":"BreadcrumbList","@id":"https:\/\/sites.exeter.ac.uk\/thesorcerershandbook\/publications-and-presentations\/#breadcrumb","itemListElement":[{"@type":"ListItem","position":1,"name":"Home","item":"https:\/\/sites.exeter.ac.uk\/thesorcerershandbook\/"},{"@type":"ListItem","position":2,"name":"Publications and Presentations"}]},{"@type":"WebSite","@id":"https:\/\/sites.exeter.ac.uk\/thesorcerershandbook\/#website","url":"https:\/\/sites.exeter.ac.uk\/thesorcerershandbook\/","name":"The Sorcerer's Handbook","description":"","potentialAction":[{"@type":"SearchAction","target":{"@type":"EntryPoint","urlTemplate":"https:\/\/sites.exeter.ac.uk\/thesorcerershandbook\/?s={search_term_string}"},"query-input":"required name=search_term_string"}],"inLanguage":"en-US"}]}},"jetpack_sharing_enabled":true,"_links":{"self":[{"href":"https:\/\/sites.exeter.ac.uk\/thesorcerershandbook\/wp-json\/wp\/v2\/pages\/46"}],"collection":[{"href":"https:\/\/sites.exeter.ac.uk\/thesorcerershandbook\/wp-json\/wp\/v2\/pages"}],"about":[{"href":"https:\/\/sites.exeter.ac.uk\/thesorcerershandbook\/wp-json\/wp\/v2\/types\/page"}],"author":[{"embeddable":true,"href":"https:\/\/sites.exeter.ac.uk\/thesorcerershandbook\/wp-json\/wp\/v2\/users\/1"}],"replies":[{"embeddable":true,"href":"https:\/\/sites.exeter.ac.uk\/thesorcerershandbook\/wp-json\/wp\/v2\/comments?post=46"}],"version-history":[{"count":6,"href":"https:\/\/sites.exeter.ac.uk\/thesorcerershandbook\/wp-json\/wp\/v2\/pages\/46\/revisions"}],"predecessor-version":[{"id":273,"href":"https:\/\/sites.exeter.ac.uk\/thesorcerershandbook\/wp-json\/wp\/v2\/pages\/46\/revisions\/273"}],"wp:attachment":[{"href":"https:\/\/sites.exeter.ac.uk\/thesorcerershandbook\/wp-json\/wp\/v2\/media?parent=46"}],"wp:term":[{"taxonomy":"category","embeddable":true,"href":"https:\/\/sites.exeter.ac.uk\/thesorcerershandbook\/wp-json\/wp\/v2\/categories?post=46"},{"taxonomy":"post_tag","embeddable":true,"href":"https:\/\/sites.exeter.ac.uk\/thesorcerershandbook\/wp-json\/wp\/v2\/tags?post=46"}],"curies":[{"name":"wp","href":"https:\/\/api.w.org\/{rel}","templated":true}]}}