{"id":307,"date":"2019-01-23T13:39:22","date_gmt":"2019-01-23T12:39:22","guid":{"rendered":"http:\/\/sites.exeter.ac.uk\/time\/?page_id=307"},"modified":"2025-06-04T09:16:59","modified_gmt":"2025-06-04T09:16:59","slug":"publications","status":"publish","type":"page","link":"https:\/\/sites.exeter.ac.uk\/time2site\/publications\/","title":{"rendered":"Publications"},"content":{"rendered":"<h3><\/h3>\n<h3><\/h3>\n<h3>2022<\/h3>\n<ul>\n<li><i style=\"font-size: revert;color: initial\">Clinical outcomes in Transient Epileptic Amnesia: a 10-year follow-up study of 47 cases<\/i><span style=\"font-size: revert;color: initial\"> Savage, S.A., Baker, J.<\/span> <span style=\"font-size: revert;color: initial\">Milton, F., Butler<\/span><span style=\"font-size: revert;color: initial\">, C.R., <\/span><span class=\"marki3bkasf20\" data-markjs=\"true\" data-ogac=\"\" data-ogab=\"\" data-ogsc=\"\" data-ogsb=\"\">Zeman, A.Z.J.<\/span><span style=\"font-size: revert;color: initial\">\u00a0Epilepsia 2022;63:1115-1129.<\/span><\/li>\n<\/ul>\n<h3><\/h3>\n<h3>2021<\/h3>\n<ul>\n<li><i style=\"font-size: revert;color: initial\"><span data-olk-copy-source=\"MessageBody\">The Syndrome of Transient Epileptic Amnesia: a combined series of 115 cases and literature review.<\/span><\/i><span style=\"font-size: revert;color: initial\"> Baker, J., Savage, S.A., Milton, F., Butler, C.R., Kapur, N., Hodges, J., <\/span><span class=\"marki3bkasf20\" data-markjs=\"true\" data-ogac=\"\" data-ogab=\"\" data-ogsc=\"\" data-ogsb=\"\">Zeman, A.ZJ.<\/span><span style=\"font-size: revert;color: initial\">\u00a0Brain Communications, 2021, 1-19: doi:10.1093\/braincomms\/fcab038<\/span><\/li>\n<\/ul>\n<ul>\n<li><i style=\"font-size: revert;color: initial\">Electroconvulsive Therapy related Autobiographical Amnesia: a literature review and\u00a0 case report. <\/i><span style=\"font-size: revert;color: initial\">Lomas, M., Rickard, V., Milton, F., Savage, S., Weir, A., <\/span><span class=\"marki3bkasf20\" data-markjs=\"true\" data-ogac=\"\" data-ogab=\"\" data-ogsc=\"\" data-ogsb=\"\">Zeman<\/span>, A.Z.J.<span style=\"font-size: revert;color: initial\">\u00a0Cognitive Neuropsychiatry, 2021:\u00a0<\/span><a style=\"font-size: revert\" title=\"Original URL: https:\/\/doi.org\/10.1080\/13546805.2021.1871889. Click or tap if you trust this link.\" href=\"https:\/\/eur03.safelinks.protection.outlook.com\/?url=https%3A%2F%2Fdoi.org%2F10.1080%2F13546805.2021.1871889&amp;data=05%7C02%7CF.N.Milton%40exeter.ac.uk%7C85435df94bbe4436e56008dd9484db68%7C912a5d77fb984eeeaf321334d8f04a53%7C0%7C0%7C638830020514194286%7CUnknown%7CTWFpbGZsb3d8eyJFbXB0eU1hcGkiOnRydWUsIlYiOiIwLjAuMDAwMCIsIlAiOiJXaW4zMiIsIkFOIjoiTWFpbCIsIldUIjoyfQ%3D%3D%7C0%7C%7C%7C&amp;sdata=pSLCcDiPQMwqNevh6JavtIdxQIa9NzYK1x8J8w9wB%2FE%3D&amp;reserved=0\" target=\"_blank\" rel=\"noopener noreferrer\" data-auth=\"NotApplicable\" data-linkindex=\"0\">https:\/\/doi.org\/10.1080\/13546805.2021.1871889<\/a><\/li>\n<\/ul>\n<h3 class=\"title\">2020<\/h3>\n<ul>\n<li>Georgios P.D. P.D. Argyropoulos, Lauren Moore, Clare Loane, Adriana Roca-Fernandez, Carmen Lage-Martinez, Oana Gurau, Sarosh R. Irani, Adam Zeman, and Christopher Butler\u00a0<em>Pathological tearfulness after limbic encephalitis: a novel disorder and its neural basis<\/em>. Neurology, 2020; 94, e1320-e1335.<\/li>\n<\/ul>\n<h3>2019<\/h3>\n<ul>\n<li>Baker, J., Henley, W., Libretto, T.,\u00a0 Zeman, A. Z. J. <em>The Prevalence and Clinical Features of Epileptic Seizures in a Memory Clinic Population.<\/em> Seizure, 2019, 71: 83-92.<\/li>\n<li>Baker J, Libretto T, Henley, W., <span class=\"marki3bkasf20\" data-markjs=\"true\" data-ogac=\"\" data-ogab=\"\" data-ogsc=\"\" data-ogsb=\"\">Zeman, A.Z.J<\/span><i>.<\/i>\u00a0 <i><span data-olk-copy-source=\"MessageBody\">A Longitudinal Study of Epileptic Seizures in Alzheimer\u2019s Disease.<\/span><\/i>\u00a0\u00a0Frontiers in Neurology, 10: 1266.\u00a0 Doi. 10.3389\/fneur.\u00a0 2019. 01266<\/li>\n<\/ul>\n<ul>\n<li>Atherton, K.E., Filippini, N., Zeman, A.Z.J., Nobre, A.C., Butler, C.R.\u00a0 <em>Encoding-related brain activity and accelerated forgetting in transient epileptic amnesia<\/em>. Cortex, 2019;110:127-140.<\/li>\n<li>Savage, S., Hoefeijzers, S., Milton, F., Streatfield, C., Dewar, M., Zeman, A. Cortex.<em>\u00a0The evolution of accelerated long-term forgetting: Evidence from the TIME study<\/em>. 2019;110:16-36.<\/li>\n<li>Hoefeijzers, S., Zeman, A.Z.J., Della Sala, S., Dewar, M.\u00a0 <em>Capturing real-life forgetting in transient epileptic amnesia via an incidental memory test<\/em>. Cortex, 2019; 110:47-57.<\/li>\n<li>Savage S, Irani S, Leite M, Zeman A.\u00a0<em>NMDA receptor antibody encephalitis presenting as Transient Epileptic Amnesia.<\/em>\u00a0. Journal of Neuroimmunology 2019;327: 41\u201343.<\/li>\n<li>John Baker, Sharon Savage, Adam Zeman\u00a0<em>Transient Epileptic Amnesia.<\/em>\u00a0In: Cases of Amnesia \u2013 Contributions to Understanding Memory and the Brain, ed. Sarah Macpherson &amp; Sergio Della Sala, Psychology Press, 2019.<\/li>\n<\/ul>\n<h3>2018<\/h3>\n<ul>\n<li>Adam Zeman, Marcus Byruck, Peter Tallis, Keith Vossel, Daniel Tranel.\u00a0<em>Touching the void \u2013 first and third person perspectives in two cases of autobiographical amnesia linked to temporal lobe epilepsy<\/em>. Neuropsychologia, 2018;110:55-64.<\/li>\n<\/ul>\n<h3>2017<\/h3>\n<ul>\n<li>Keith Vossel, Maria Carmela Tartaglia, Haakon Nygaard, Adam Zeman, Bruce Miller.\u00a0<em>The spectrum of epileptic activity in Alzheimer\u2019s disease<\/em>. Lancet Neurology, 2017; 16: 311-322.<\/li>\n<li><a href=\"https:\/\/doi.org\/10.1016\/j.yebeh.2016.09.043\">Sharon Savage, Chris Butler, Fraser Milton, Yang Han, Adam Zeman.<em>\u00a0On the nose: olfactory disturbances in Transient Epileptic Amnesia<\/em>. Epilepsy and Behavior, 2017;66:113-119<\/a>.<\/li>\n<li><a href=\"http:\/\/www.springer.com\/gb\/book\/9783319450643\">John Baker &amp; Adam Zeman.\u00a0<em>Accelerated long term forgetting in epilepsy and beyond.<\/em>\u00a0In: Cognitive Neuroscience of Memory Consolidation, ed. Nikolai Axmacher &amp; Bj\u00f6rn Rasch, Springer<\/a>.<\/li>\n<\/ul>\n<h3>2016<\/h3>\n<ul>\n<li><a href=\"https:\/\/doi.org\/10.1016\/j.cortex.2016.08.013\">Kathryn E. Atherton, Anna C. Nobre, Alpar S. Lazar, Katharina Wulff, Roger G. Whittaker, Vandana Dhawan, Zsolt I. Lazar, Adam Z. Zeman and Christopher R. Butler.\u00a0<em>Slow wave sleep and accelerated forgetting<\/em>. Cortex 2016; 84:80-89.<\/a><\/li>\n<li><a href=\"https:\/\/doi.org\/10.1016\/j.seizure.2016.10.022\">Savage S, Butler C, Hodges J, Zeman A.<em>\u00a0Transient Epileptic Amnesia over twenty years: long-term follow-up of a case series with three detailed reports.<\/em>\u00a0Seizure: European Journal of Epilepsy, 2016; 43:48-55.<\/a><\/li>\n<li><a href=\"http:\/\/www.springer.com\/gb\/book\/9783319421889\">Adam Zeman.<em>\u00a0The syndrome of Transient Epileptic Amnesia<\/em>, In: Neuropsychiatry Case Studies, ed Joseph Priller, Hugh Rickards, Springer, 2016.<\/a><\/li>\n<li><a href=\"http:\/\/www.sciencedirect.com\/science\/article\/pii\/S0010945215003561\">Zeman,A., Hoefeijzers, S., Milton, F., Dewar, M., Carr, M., Streatfield, C.The GABAB receptor agonist, baclofen, contributes to three distinct varieties of amnesia in the human brain: a detailed case report. Cortex 2016; 7:9-19<\/a><\/li>\n<\/ul>\n<h3>2015<\/h3>\n<ul>\n<li><a href=\"http:\/\/www.sciencedirect.com\/science\/article\/pii\/S1525505014005927\">Dewar, M., Hoefeijzers, S., Zeman,A., Butler, C &amp; Della Sala, S. Impaired picture recognition in Transient Epileptic Amnesia.\u00a0<em>Epilepsy and Behaviour<\/em>\u00a02015;42:107-116<\/a><\/li>\n<li>Zeman, A. Epilepsy and autobiographical memory.<em>\u00a0<a href=\"http:\/\/www.sciencedirect.com\/science\/article\/pii\/S1525505015003972\">Epilepsy and Behaviour<\/a><\/em><\/li>\n<li><a href=\"http:\/\/psycnet.apa.org\/journals\/neu\/29\/1\/117.html#articleAbstract_d1e257\">Hoefeijzers, S., Dewar, M., Della Sala, S., Butler, C. &amp; Zeman, A. Accelerated long-term forgetting becomes apparent within 3 \u2013 8 hours of wakefulness in patients with Transient Epileptic Amnesia.\u00a0<em>Neuropsychology<\/em>2015;29, 117-126<\/a><\/li>\n<li>Hoefeijzers, S., Zeman, A. Transient Epileptic Amnesia. In: James D. Wright (editor-in-chief),\u00a0<em>International Encyclopedia of the Social &amp; Behavioural Sciences<\/em>, 2015, 2nd edition, Vol 24. Oxford: Elsevier. Pp.554-561<\/li>\n<li>Butler, C. &amp; Zeman, A. Syndromes of Transient Amnesia. In: Stephen Laureys, Giulio Tononi eds,\u00a0<em>The Neurology of Consciousness, Elsevier<\/em>, second Edition, 2015<\/li>\n<\/ul>\n<h3>2014<\/h3>\n<ul>\n<li><a href=\"http:\/\/sites.exeter.ac.uk\/time\/files\/2019\/02\/Atherton-et-al-2014.pdf\">Atherton, K. E., Nobre, A. C., Zeman, A. Z., &amp; Butler, C. R. (2014). Sleep-dependent memory consolidation and accelerated forgetting.\u00a0Cortex,\u00a054, 92-105<\/a><\/li>\n<li>Butler C.R., and Zeman A. (2014) Transient Epileptic Amnesia. In: Aminoff M.J. and Daroff R.B. (eds.)<em>Encyclopedia of the Neurological Sciences<\/em>, 2nd Edition, vol.4, pp.485-488. Oxford: Academic Press<\/li>\n<li><a href=\"http:\/\/jnnp.bmj.com\/content\/85\/2\/143.short\">Warren-Gash, C. &amp; Zeman, A .Is there anything distinctive about epileptic d\u00e9j\u00e0 vu?<em>\u00a0Journal of Neurology, Neurosurgery and Psychiatry<\/em>\u00a02014;85:143-147.<\/a><\/li>\n<\/ul>\n<h3>2013<\/h3>\n<ul>\n<li><a href=\"http:\/\/www.sciencedirect.com\/science\/article\/pii\/S1525505013002345\">Butler, C., Van Erpe, W., Bhaduri, A., Hammers, A,. Heckemann, R., Zeman, A. Magnetic resonance volumetry reveals focal brain atrophy in transient epileptic amnesia.\u00a0<em>Epilepsy and Behaviour<\/em>, 2013;28:363-369.\u00a0<\/a><\/li>\n<li><a href=\"http:\/\/www.sciencedirect.com\/science\/article\/pii\/S0028393213001425\">Accelerated Long-term Forgetting in Transient Epileptic Amnesia: an acquisition or consolidation deficit? Serge Hoefeijzers, Michaela Dewar, Sergio Della Sala, Adam Zeman, Chris Butler.\u00a0<em>Neuropsychologia<\/em>, 2013;51:1549-1555.<\/a><\/li>\n<li><a href=\"http:\/\/www.sciencedirect.com\/science\/article\/pii\/S1525505012005926\">Novel forms of forgetting in temporal lobe epilepsy. Adam Zeman, Chris Butler, Nils Muhlert, Fraser Milton.\u00a0<em>Epilepsy and Behaviour<\/em>, 2013;26:335-342.<\/a><\/li>\n<\/ul>\n<h3>2012<\/h3>\n<ul>\n<li><a href=\"http:\/\/sites.exeter.ac.uk\/time\/files\/2019\/02\/inthebordersofepilepsy.pdf\">Transient global amnesia. Chris Butler, Adam Zeman.\u00a0In The Borderlands of Epilepsy, edited Marcus Reuber, Steven Schacter, Oxford University Press, 2012.<\/a><\/li>\n<li><a href=\"http:\/\/sites.exeter.ac.uk\/time\/files\/2019\/02\/enigmaoflongtermforgetting.pdf\">Muhlert, N. &amp; Zeman, A. (2012). The enigma of long-term forgetting.\u00a0Seizure, 21 (2) 77-78. Doi: 10.1016\/j.seizure.2011.12.011<\/a><\/li>\n<li><a href=\"http:\/\/ukcatalogue.oup.com\/product\/9780199580286.do\">Zeman, A., Kapur, N &amp; Jones-Gotman, M (eds.)\u00a0<em>Epilepsy and Memory<\/em>. Oxford University Press.<\/a><\/li>\n<li><a href=\"http:\/\/jnnp.bmj.com\/content\/83\/10\/e1.35.short\">Milton, F., Butler, C.R., Benattayallah, &amp; Zeman, A. (2012). MP 2 An fMRI study of autobiographical memory deficits in transie<\/a><a href=\"http:\/\/jnnp.bmj.com\/content\/83\/10\/e1.35.short\">nt epileptic amnesia.\u00a0<em>Journal of Neurol. Neurosurg. And Psychiatry<\/em>, 83:e1 Doi:10.1136\/jnnp-2012-303538.6<\/a><\/li>\n<li><a href=\"http:\/\/sites.exeter.ac.uk\/time\/files\/2019\/02\/brazdi_cortex_2012.pdf\">Br\u00e1zdil, M., Mara\u010dek, R., Urb\u00e1naek, R., Ka\u0161p\u00e1rek, R., Mikl, M., Rektor, I., &amp; Zeman, A. (2012). Unveiling the mystery of d\u00e9j\u00e0 vu. The structural anatomy of d\u00e9j\u00e0 vu.\u00a0Cortex, Doi: 10.1016\/j.cortex.2012.03.004<\/a><\/li>\n<\/ul>\n<h3>2011<\/h3>\n<ul>\n<li>Butler, C.R.&amp; Zeman, A. (2011). The causes and consequences of transient epileptic amnesia.\u00a0<em>Behavioural Neurology<\/em>, 24, 4, 299-305.<\/li>\n<li><a href=\"http:\/\/sites.exeter.ac.uk\/time\/files\/2019\/02\/neuralcorrelates.pdf\">Milton, F., Muhlert, N., Butler, C.R., Benattayallah, A., &amp; Zeman, A.Z.J. (2011). The neural correlates of everyday recognition memory,\u00a0Brain and Cognition, volume 76, no. 3, pages 369-381.<\/a><\/li>\n<li><a href=\"http:\/\/www.tandfonline.com\/doi\/abs\/10.1080\/09658211.2011.552185\">Milton, F., Muhlert, N., Butler, C.R., Smith, A., Benattayallah, A., Zeman, A.Z.J. (2011). An fMRI study of long-term everyday memory using SenseCam,\u00a0<em>Memory<\/em>, volume 19, no. 7, pages 733-744.<\/a><\/li>\n<li><a href=\"http:\/\/sites.exeter.ac.uk\/time\/files\/2019\/02\/deja_vu_paper.pdf\">Milton, F., Butler, C.R. &amp; Zeman, A.Z.J. (2011). &#8220;Transient epileptic amnesia: Deja vu heralding recovery of lost memories&#8221;.\u00a0Journal of Neurology, Neurosurgery and Psychiatry., 82: 1178-1179 Doi: 10.1136\/jnnp.2009.200147<\/a><\/li>\n<\/ul>\n<h3>2010<\/h3>\n<ul>\n<li>Benattayallah, A., Milton, F., Muhlert, N., Zeman, A. (2010). The neural correlates of everyday recognition memory, ESMRMB &amp; ISMRM 18th Joint Annual Meeting, Sweden, Stockholm, 1st-7th May 2010.<\/li>\n<li><a title=\"View Publication\" href=\"http:\/\/dx.doi.org\/10.1016\/j.neuropsychologia.2010.07.001\">Mulhert, N., Milton, F., Butler, C.R., Kapura, N. &amp; Zeman, A.Z.J. (2010). &#8220;Accelerated forgetting of real-life events in Transient Epileptic Amnesia&#8221;,\u00a0<em>Neuropsychologica<\/em>, 48, 3235-3244<\/a><\/li>\n<li><a href=\"http:\/\/sites.exeter.ac.uk\/time\/files\/2019\/01\/RemotememorydeficitsinTEA.pdf\">Milton, F., Muhlert, N., Pindus, D., Butler, C.R., Kapur, N., Graham, K.S. &amp; Zeman, A.Z.J. (2010). &#8220;Remote memory deficits in transient epileptic amnesia&#8221;.\u00a0Brain, 133, 1368-1379.<\/a><\/li>\n<li><a href=\"http:\/\/sites.exeter.ac.uk\/time\/files\/2019\/01\/Current_Opinion_2010-1.pdf\">Zeman, A. &amp; Butler, C. (2010). &#8220;Transient epileptic amnesia&#8221;.\u00a0Current Opinion in Neurology, 23, 610-616.<\/a><\/li>\n<\/ul>\n<h3>2009<\/h3>\n<ul>\n<li><a href=\"http:\/\/sites.exeter.ac.uk\/time\/files\/2019\/01\/transient_epileptic_amnesia.pdf\">Butler, C.R., Bhaduri, A., Acosta-Cabronero, J., Nestor, P.J., Kapur, N., Graham, K.S., Hodges, J.R. &amp; Zeman, A,Z. &#8220;Transient Epileptic Amnesia: regional brain atrophy and its relationship to memory deficits&#8221;,\u00a0Brain, 132: 357 &#8211; 368 (2009)<\/a><\/li>\n<\/ul>\n<h3>2008<\/h3>\n<ul>\n<li><a href=\"http:\/\/sites.exeter.ac.uk\/time\/files\/2019\/01\/memory_epilepsy_revision.pdf\">Butler, C.R. and Zeman, A. &#8220;Recent insights into the impairment of memory in epilepsy: a systematic review of transient epileptic amnesia, accelerated long-term forgetting and remote memory impairment&#8221;,\u00a0Brain, 131(9):2243-2263 (2008)<\/a><\/li>\n<li><a href=\"http:\/\/sites.exeter.ac.uk\/time\/files\/2019\/01\/ButlerZeman_ncpneuro_2008.pdf\">Butler, C.R., &amp; Zeman, A. &#8220;A case of transient epileptic amnesia with radiological localization&#8221;,\u00a0Nature Clinical Practice Neurology, 9; 516-521 (2008)<\/a><\/li>\n<\/ul>\n<h3>2007<\/h3>\n<ul>\n<li><a href=\"http:\/\/sites.exeter.ac.uk\/time\/files\/2019\/01\/Butler_SyndromeTEA_Draft_2007.pdf\">Butler, C.R., Graham, K.S., Hodges, J.R., Kapur, N., Wardlaw, J.M., and Zeman, A. &#8220;The Syndrome of Transient Epileptic Amnesia&#8221;,\u00a0Annals of Neurology, 61; 587-598 (2007)<\/a><\/li>\n<li><a href=\"http:\/\/sites.exeter.ac.uk\/time\/files\/2019\/01\/Butler2007TEASyndromeAbstract.pdf\">Butler, C.R, Hodges, J., Wardlaw, J, Kapur, N., Graham, K., &amp; Zeman, A., &#8220;The syndrome of Transient Epileptic Amnesia (abstract)&#8221;,\u00a0Journal of Neurology, Neurosurgery and Psychiatry, 78; 206-220 (2007)<\/a><\/li>\n<\/ul>\n<h3>2006<\/h3>\n<ul>\n<li><a href=\"http:\/\/sites.exeter.ac.uk\/time\/files\/2019\/01\/Butle2006TEA.pdf\">Butler, C.R., &#8220;Transient Epileptic Amnesia&#8221;, Practical Neurology, 6; 368-371 (2006)<\/a><\/li>\n<li><a href=\"http:\/\/sites.exeter.ac.uk\/time\/files\/2019\/01\/acnr_transient_amnesia.pdf\">Butler, C.R., &amp; Zeman, A., &#8220;Transient Amnesic Syndromes&#8221;, Advances in Clinical Neuroscience and Rehabilitation, 6; 13-14 (2006)<\/a><\/li>\n<\/ul>\n<h3>2005<\/h3>\n<ul>\n<li><a href=\"http:\/\/sites.exeter.ac.uk\/time\/files\/2019\/01\/the_beginning_of_time.pdf\">Butler, C.R., &amp; Zeman, A., &#8220;The beginning of TIME: a first year report (abstract)&#8221;,\u00a0Journal of Neurology, Neurosurgery and Psychiatry, 76; 155 (2005)<\/a><\/li>\n<li><a href=\"http:\/\/sites.exeter.ac.uk\/time\/files\/2019\/01\/Zeman2005.pdf\">Zeman, A., &#8220;Tales from the temporal lobes (Perspectives paper)&#8221;,\u00a0New England Journal of Medicine, 352; 119-121 (2005)<\/a><\/li>\n<\/ul>\n<h3>2001<\/h3>\n<ul>\n<li><a href=\"http:\/\/sites.exeter.ac.uk\/time\/files\/2019\/01\/Manes2001.pdf\">Manes, F., Hodges, J.R., Graham, K.S., &amp; Zeman, A., &#8220;Focal autobiographical amnesia in association with transient epileptic amnesia&#8221;,\u00a0Brain, 124; 499-509 (2001)<\/a><\/li>\n<\/ul>\n<h3>2000<\/h3>\n<ul>\n<li><a href=\"http:\/\/www.cambridge.org\/gb\/academic\/subjects\/medicine\/mental-health-psychiatry-and-clinical-psychology\/memory-disorders-psychiatric-practice\">Zeman, A., &amp; Hodges, J., &#8221; Transient global amnesia and transient epileptic amnesia&#8221;, Memory Disorders in\u00a0<em>Psychiatric Practice<\/em>, editors G. Berrios, &amp; J. Hodges. Cambridge University Press (2000)<\/a><\/li>\n<\/ul>\n<h3>1998<\/h3>\n<ul>\n<li><a href=\"http:\/\/sites.exeter.ac.uk\/time\/files\/2019\/01\/ZemanTEA1998.pdf\">Zeman, A., Boniface, S.J., &amp; Hodges, J.R., &#8220;Transient Epileptic Amnesia: A description of the clinical and neuropsychological features in 10 cases and a review of the literature&#8221;,\u00a0J. Neurol. Neurosurg. Psychiatry, 64; 435-443 (1998)<\/a><\/li>\n<\/ul>\n","protected":false},"excerpt":{"rendered":"<p>2022 Clinical outcomes in Transient Epileptic Amnesia: a 10-year follow-up study of 47 cases Savage, S.A., Baker, J. Milton, F., Butler, C.R., Zeman, A.Z.J.\u00a0Epilepsia 2022;63:1115-1129. 2021 The Syndrome of Transient Epileptic Amnesia: a combined series of 115 cases and literature review. Baker, J., Savage, S.A., Milton, F., Butler, C.R., Kapur, N., Hodges, J., Zeman, A.ZJ.\u00a0Brain [&hellip;]<\/p>\n","protected":false},"author":1,"featured_media":0,"parent":0,"menu_order":0,"comment_status":"closed","ping_status":"closed","template":"","meta":{"_acf_changed":false,"footnotes":""},"categories":[],"tags":[],"acf":[],"yoast_head":"<!-- This site is optimized with the Yoast SEO plugin v23.0 - https:\/\/yoast.com\/wordpress\/plugins\/seo\/ -->\n<title>Publications - The TIME project<\/title>\n<meta name=\"robots\" content=\"index, follow, max-snippet:-1, max-image-preview:large, max-video-preview:-1\" \/>\n<link rel=\"canonical\" href=\"https:\/\/sites.exeter.ac.uk\/time2site\/publications\/\" \/>\n<meta property=\"og:locale\" content=\"en_US\" \/>\n<meta property=\"og:type\" content=\"article\" \/>\n<meta property=\"og:title\" content=\"Publications - The TIME project\" \/>\n<meta property=\"og:description\" content=\"2022 Clinical outcomes in Transient Epileptic Amnesia: a 10-year follow-up study of 47 cases Savage, S.A., Baker, J. Milton, F., Butler, C.R., Zeman, A.Z.J.\u00a0Epilepsia 2022;63:1115-1129. 2021 The Syndrome of Transient Epileptic Amnesia: a combined series of 115 cases and literature review. Baker, J., Savage, S.A., Milton, F., Butler, C.R., Kapur, N., Hodges, J., Zeman, A.ZJ.\u00a0Brain [&hellip;]\" \/>\n<meta property=\"og:url\" content=\"https:\/\/sites.exeter.ac.uk\/time2site\/publications\/\" \/>\n<meta property=\"og:site_name\" content=\"The TIME project\" \/>\n<meta property=\"article:modified_time\" content=\"2025-06-04T09:16:59+00:00\" \/>\n<meta name=\"twitter:card\" content=\"summary_large_image\" \/>\n<meta name=\"twitter:label1\" content=\"Est. reading time\" \/>\n\t<meta name=\"twitter:data1\" content=\"7 minutes\" \/>\n<script type=\"application\/ld+json\" class=\"yoast-schema-graph\">{\"@context\":\"https:\/\/schema.org\",\"@graph\":[{\"@type\":\"WebPage\",\"@id\":\"https:\/\/sites.exeter.ac.uk\/time2site\/publications\/\",\"url\":\"https:\/\/sites.exeter.ac.uk\/time2site\/publications\/\",\"name\":\"Publications - The TIME project\",\"isPartOf\":{\"@id\":\"https:\/\/sites.exeter.ac.uk\/time2site\/#website\"},\"datePublished\":\"2019-01-23T12:39:22+00:00\",\"dateModified\":\"2025-06-04T09:16:59+00:00\",\"breadcrumb\":{\"@id\":\"https:\/\/sites.exeter.ac.uk\/time2site\/publications\/#breadcrumb\"},\"inLanguage\":\"en-US\",\"potentialAction\":[{\"@type\":\"ReadAction\",\"target\":[\"https:\/\/sites.exeter.ac.uk\/time2site\/publications\/\"]}]},{\"@type\":\"BreadcrumbList\",\"@id\":\"https:\/\/sites.exeter.ac.uk\/time2site\/publications\/#breadcrumb\",\"itemListElement\":[{\"@type\":\"ListItem\",\"position\":1,\"name\":\"Home\",\"item\":\"https:\/\/sites.exeter.ac.uk\/time2site\/\"},{\"@type\":\"ListItem\",\"position\":2,\"name\":\"Publications\"}]},{\"@type\":\"WebSite\",\"@id\":\"https:\/\/sites.exeter.ac.uk\/time2site\/#website\",\"url\":\"https:\/\/sites.exeter.ac.uk\/time2site\/\",\"name\":\"The TIME project\",\"description\":\"\",\"potentialAction\":[{\"@type\":\"SearchAction\",\"target\":{\"@type\":\"EntryPoint\",\"urlTemplate\":\"https:\/\/sites.exeter.ac.uk\/time2site\/?s={search_term_string}\"},\"query-input\":\"required name=search_term_string\"}],\"inLanguage\":\"en-US\"}]}<\/script>\n<!-- \/ Yoast SEO plugin. -->","yoast_head_json":{"title":"Publications - The TIME project","robots":{"index":"index","follow":"follow","max-snippet":"max-snippet:-1","max-image-preview":"max-image-preview:large","max-video-preview":"max-video-preview:-1"},"canonical":"https:\/\/sites.exeter.ac.uk\/time2site\/publications\/","og_locale":"en_US","og_type":"article","og_title":"Publications - The TIME project","og_description":"2022 Clinical outcomes in Transient Epileptic Amnesia: a 10-year follow-up study of 47 cases Savage, S.A., Baker, J. Milton, F., Butler, C.R., Zeman, A.Z.J.\u00a0Epilepsia 2022;63:1115-1129. 2021 The Syndrome of Transient Epileptic Amnesia: a combined series of 115 cases and literature review. Baker, J., Savage, S.A., Milton, F., Butler, C.R., Kapur, N., Hodges, J., Zeman, A.ZJ.\u00a0Brain [&hellip;]","og_url":"https:\/\/sites.exeter.ac.uk\/time2site\/publications\/","og_site_name":"The TIME project","article_modified_time":"2025-06-04T09:16:59+00:00","twitter_card":"summary_large_image","twitter_misc":{"Est. reading time":"7 minutes"},"schema":{"@context":"https:\/\/schema.org","@graph":[{"@type":"WebPage","@id":"https:\/\/sites.exeter.ac.uk\/time2site\/publications\/","url":"https:\/\/sites.exeter.ac.uk\/time2site\/publications\/","name":"Publications - The TIME project","isPartOf":{"@id":"https:\/\/sites.exeter.ac.uk\/time2site\/#website"},"datePublished":"2019-01-23T12:39:22+00:00","dateModified":"2025-06-04T09:16:59+00:00","breadcrumb":{"@id":"https:\/\/sites.exeter.ac.uk\/time2site\/publications\/#breadcrumb"},"inLanguage":"en-US","potentialAction":[{"@type":"ReadAction","target":["https:\/\/sites.exeter.ac.uk\/time2site\/publications\/"]}]},{"@type":"BreadcrumbList","@id":"https:\/\/sites.exeter.ac.uk\/time2site\/publications\/#breadcrumb","itemListElement":[{"@type":"ListItem","position":1,"name":"Home","item":"https:\/\/sites.exeter.ac.uk\/time2site\/"},{"@type":"ListItem","position":2,"name":"Publications"}]},{"@type":"WebSite","@id":"https:\/\/sites.exeter.ac.uk\/time2site\/#website","url":"https:\/\/sites.exeter.ac.uk\/time2site\/","name":"The TIME project","description":"","potentialAction":[{"@type":"SearchAction","target":{"@type":"EntryPoint","urlTemplate":"https:\/\/sites.exeter.ac.uk\/time2site\/?s={search_term_string}"},"query-input":"required name=search_term_string"}],"inLanguage":"en-US"}]}},"jetpack_sharing_enabled":true,"_links":{"self":[{"href":"https:\/\/sites.exeter.ac.uk\/time2site\/wp-json\/wp\/v2\/pages\/307"}],"collection":[{"href":"https:\/\/sites.exeter.ac.uk\/time2site\/wp-json\/wp\/v2\/pages"}],"about":[{"href":"https:\/\/sites.exeter.ac.uk\/time2site\/wp-json\/wp\/v2\/types\/page"}],"author":[{"embeddable":true,"href":"https:\/\/sites.exeter.ac.uk\/time2site\/wp-json\/wp\/v2\/users\/1"}],"replies":[{"embeddable":true,"href":"https:\/\/sites.exeter.ac.uk\/time2site\/wp-json\/wp\/v2\/comments?post=307"}],"version-history":[{"count":1,"href":"https:\/\/sites.exeter.ac.uk\/time2site\/wp-json\/wp\/v2\/pages\/307\/revisions"}],"predecessor-version":[{"id":479,"href":"https:\/\/sites.exeter.ac.uk\/time2site\/wp-json\/wp\/v2\/pages\/307\/revisions\/479"}],"wp:attachment":[{"href":"https:\/\/sites.exeter.ac.uk\/time2site\/wp-json\/wp\/v2\/media?parent=307"}],"wp:term":[{"taxonomy":"category","embeddable":true,"href":"https:\/\/sites.exeter.ac.uk\/time2site\/wp-json\/wp\/v2\/categories?post=307"},{"taxonomy":"post_tag","embeddable":true,"href":"https:\/\/sites.exeter.ac.uk\/time2site\/wp-json\/wp\/v2\/tags?post=307"}],"curies":[{"name":"wp","href":"https:\/\/api.w.org\/{rel}","templated":true}]}}